{"id":946,"date":"2025-04-15T11:22:29","date_gmt":"2025-04-15T11:22:29","guid":{"rendered":"https:\/\/red-lighttherapy.com\/?post_type=product&#038;p=946"},"modified":"2025-04-15T11:33:47","modified_gmt":"2025-04-15T11:33:47","slug":"maker-lotion-eyebrow-pencil-lipstick-perfume-folding-carton","status":"publish","type":"product","link":"https:\/\/red-lighttherapy.com\/fr_fr\/maker-lotion-eyebrow-pencil-lipstick-perfume-folding-carton\/","title":{"rendered":"Maker Lotion Crayon \u00e0 sourcils Rouge \u00e0 l\u00e8vres Parfum Bo\u00eete pliante"},"content":{"rendered":"<h2 id=\"folding-carton-product-description-customized-packaging-solution-for-lotion-eyebrow-pencil-lipstick-and-perfume\">Description du produit bo\u00eete pliante : Solution d'emballage personnalis\u00e9e pour lotion, crayon \u00e0 sourcils, rouge \u00e0 l\u00e8vres et parfum.<\/h2>\n<h2 id=\"-1-card-box-design-specially-optimized-for-tubular-hand-cream-to-prevent-shaking-during-transportation-\"><strong>1. Bo\u00eete en carton : sp\u00e9cialement optimis\u00e9e pour les cr\u00e8mes \u00e0 main tubulaires afin d'\u00e9viter les secousses pendant le transport.<\/strong><\/h2>\n<p>Adopter\u00a0<strong>structure de la bo\u00eete \u00e0 cartes en une seule pi\u00e8ce<\/strong>Les cloisons int\u00e9rieures sont con\u00e7ues pour s'adapter parfaitement aux diff\u00e9rentes formes de produits tels que les tubes de cr\u00e8me pour les mains, les crayons \u00e0 sourcils, les rouges \u00e0 l\u00e8vres, etc. afin d'\u00e9viter les secousses pendant le transport et les dommages dus aux collisions.\u00a0<strong>Fente pour carte magn\u00e9tique<\/strong>\u00a0est utilis\u00e9 sur le bord du corps de la bo\u00eete pour fixer des objets cylindriques tels que des flacons de parfum afin d'am\u00e9liorer la stabilit\u00e9.<\/p>\n<h2 id=\"-2-high-strength-material-350g-white-cardboard-compression-resistant-structure-\"><strong>2. Mat\u00e9riau tr\u00e8s r\u00e9sistant : carton blanc 350g + structure r\u00e9sistante \u00e0 la compression<\/strong><\/h2>\n<p>Le corps de la bo\u00eete est compos\u00e9 de\u00a0<strong>350 g de carton blanc<\/strong>et est renforc\u00e9e par\u00a0<strong>fond \u00e9tanche + panneaux lat\u00e9raux \u00e0 double couche<\/strong>La capacit\u00e9 de charge est sup\u00e9rieure \u00e0 50 kg, ce qui permet de r\u00e9pondre aux exigences en mati\u00e8re de pression d'empilage.\u00a0<strong>Essai de r\u00e9sistance \u00e0 la compression<\/strong>\u00a0il peut r\u00e9sister \u00e0 un environnement de stockage par empilage de 10 couches afin de garantir que le corps de la bo\u00eete ne se d\u00e9forme pas.<\/p>\n<h2 id=\"-3-surface-lamination-process-moisture-proof-and-anti-fouling-in-line-with-hygiene-standards-\"><strong>3. Processus de laminage de la surface : \u00e9tanche \u00e0 l'humidit\u00e9 et antisalissure, conforme aux normes d'hygi\u00e8ne.<\/strong><\/h2>\n<p>La surface adopte\u00a0<strong>proc\u00e9d\u00e9 de pelliculage mat respectueux de l'environnement<\/strong>\u00a0pour r\u00e9duire le risque d'absorption d'humidit\u00e9 par le carton, tout en passant le test de biocompatibilit\u00e9 ISO 10993, r\u00e9pondant ainsi aux normes d'hygi\u00e8ne pour les emballages de produits cosm\u00e9tiques.\u00a0<strong>Tampon en silicone de qualit\u00e9 alimentaire<\/strong>\u00a0est ajout\u00e9 \u00e0 la couche int\u00e9rieure pour \u00e9viter que les produits cosm\u00e9tiques n'entrent directement en contact avec le carton, ce qui garantit doublement la s\u00e9curit\u00e9 du produit.<\/p>\n<h2 id=\"-4-brand-logo-process-hot-stamping-logo-precision-printing-\"><strong>4. Proc\u00e9d\u00e9 pour le logo de la marque : marquage \u00e0 chaud LOGO + impression de pr\u00e9cision<\/strong><\/h2>\n<p>Le LOGO adopte\u00a0<strong>proc\u00e9d\u00e9 de marquage \u00e0 chaud tridimensionnel<\/strong>La plaque de silicone grav\u00e9e avec pr\u00e9cision (erreur \u22640,1 mm) permet d'obtenir une texture m\u00e9tallique tr\u00e8s brillante et de personnaliser plusieurs couleurs, comme l'or, l'argent et l'or rose. La couche d'impression est trait\u00e9e avec\u00a0<strong>vernis nano UV<\/strong>Les v\u00eatements de la marque sont en acier inoxydable, r\u00e9sistant \u00e0 l'usure et aux rayures, et ne se d\u00e9colorent pas apr\u00e8s un stockage de longue dur\u00e9e, ce qui souligne l'image haut de gamme de la marque.<\/p>\n<h2 id=\"-5-high-degree-of-customization-flexible-adaptation-to-multiple-categories-of-needs-\"><strong>5. Haut degr\u00e9 de personnalisation : adaptation flexible \u00e0 de multiples cat\u00e9gories de besoins<\/strong><\/h2>\n<ul>\n<li><strong>Personnalisation de la taille<\/strong>Il permet d'ajuster la longueur de 5 \u00e0 30 cm et peut accueillir des produits de diff\u00e9rentes sp\u00e9cifications, tels que des flacons de parfum de 30 ml et des crayons \u00e0 sourcils de 15 cm.<\/li>\n<li><strong>Extension de la fonction<\/strong>: La superposition de tiroirs, la fen\u00eatre transparente, le scellement par ruban et d'autres conceptions permettent de r\u00e9pondre aux besoins des cosm\u00e9tiques, des bo\u00eetes-cadeaux pour parfums et d'autres sc\u00e9narios.<\/li>\n<li><strong>Cr\u00e9ation de motifs<\/strong>: Fournir des services complets de conception d'\u00e9tuis, de la structure de la bo\u00eete au motif de marquage \u00e0 chaud, pour une correspondance unique avec le langage visuel de la marque.<\/li>\n<\/ul>\n<h2 id=\"-6-source-factory-support-16-years-of-experience-small-batch-flexible-production-\"><strong>6. Soutien de l'usine source : 16 ans d'exp\u00e9rience, production flexible par petits lots<\/strong><\/h2>\n<p>S'appuyant sur la\u00a0<strong>16 ans d'exp\u00e9rience dans la fabrication d'emballages<\/strong>\u00a0situ\u00e9e dans le Guangdong, en Chine, adopte une machine de d\u00e9coupe enti\u00e8rement automatique et une ligne de production d'estampage \u00e0 chaud, ce qui lui permet de r\u00e9pondre aux besoins de ses clients.\u00a0<strong>Commande minimale de 500 pi\u00e8ces<\/strong>Le d\u00e9lai de livraison est de 7 \u00e0 15 jours. Fournir\u00a0<strong>service d'\u00e9preuvage gratuit<\/strong>\u00a0afin de garantir une correspondance pr\u00e9cise des d\u00e9tails avant la production en s\u00e9rie.<\/p>","protected":false},"excerpt":{"rendered":"<p>Cette bo\u00eete en carton est fabriqu\u00e9e \u00e0 partir de carton blanc de 350g. Le rev\u00eatement de surface permet de r\u00e9duire le risque d'absorption d'humidit\u00e9 par le carton. Il r\u00e9pond aux normes d'hygi\u00e8ne des emballages cosm\u00e9tiques et peut parfaitement s'adapter \u00e0 la forme du tube de cr\u00e8me pour les mains afin d'\u00e9viter les secousses pendant le transport.<\/p>","protected":false},"featured_media":947,"template":"","meta":{"_kad_post_transparent":"default","_kad_post_title":"","_kad_post_layout":"default","_kad_post_sidebar_id":"","_kad_post_content_style":"default","_kad_post_vertical_padding":"default","_kad_post_feature":"","_kad_post_feature_position":"","_kad_post_header":false,"_kad_post_footer":false,"_kad_post_classname":""},"product_brand":[],"product_cat":[15,28,24,17],"product_tag":[357,358,359],"class_list":{"0":"post-946","1":"product","2":"type-product","3":"status-publish","4":"has-post-thumbnail","6":"product_cat-red-light-therapy","7":"product_cat-customize","8":"product_cat-red-light-therapy-bed","9":"product_cat-services","10":"product_tag-eyebrow-pencil-folding-carton","11":"product_tag-lipstick-folding-carton","12":"product_tag-perfume-packaging-boxes","14":"first","15":"instock","16":"shipping-taxable","17":"product-type-simple","18":"entry","19":"content-bg","20":"loop-entry"},"_links":{"self":[{"href":"https:\/\/red-lighttherapy.com\/fr_fr\/wp-json\/wp\/v2\/product\/946","targetHints":{"allow":["GET"]}}],"collection":[{"href":"https:\/\/red-lighttherapy.com\/fr_fr\/wp-json\/wp\/v2\/product"}],"about":[{"href":"https:\/\/red-lighttherapy.com\/fr_fr\/wp-json\/wp\/v2\/types\/product"}],"wp:featuredmedia":[{"embeddable":true,"href":"https:\/\/red-lighttherapy.com\/fr_fr\/wp-json\/wp\/v2\/media\/947"}],"wp:attachment":[{"href":"https:\/\/red-lighttherapy.com\/fr_fr\/wp-json\/wp\/v2\/media?parent=946"}],"wp:term":[{"taxonomy":"product_brand","embeddable":true,"href":"https:\/\/red-lighttherapy.com\/fr_fr\/wp-json\/wp\/v2\/product_brand?post=946"},{"taxonomy":"product_cat","embeddable":true,"href":"https:\/\/red-lighttherapy.com\/fr_fr\/wp-json\/wp\/v2\/product_cat?post=946"},{"taxonomy":"product_tag","embeddable":true,"href":"https:\/\/red-lighttherapy.com\/fr_fr\/wp-json\/wp\/v2\/product_tag?post=946"}],"curies":[{"name":"wp","href":"https:\/\/api.w.org\/{rel}","templated":true}]}}