{"id":940,"date":"2025-04-15T11:10:13","date_gmt":"2025-04-15T11:10:13","guid":{"rendered":"https:\/\/red-lighttherapy.com\/?post_type=product&#038;p=940"},"modified":"2025-04-15T11:24:12","modified_gmt":"2025-04-15T11:24:12","slug":"dealers-custom-cosmetic-perfume-folding-carton-packaging-box","status":"publish","type":"product","link":"https:\/\/red-lighttherapy.com\/fr_fr\/dealers-custom-cosmetic-perfume-folding-carton-packaging-box\/","title":{"rendered":"Bo\u00eete d'emballage en carton pliable personnalis\u00e9e pour cosm\u00e9tiques et parfums"},"content":{"rendered":"<h2 id=\"-customized-cosmetics-and-perfume-folding-paper-box-packaging-box-product-description-\"><strong>Bo\u00eete d'emballage en carton pliable pour cosm\u00e9tiques et parfums Description du produit<\/strong><\/h2>\n<h2 id=\"-1-innovative-card-box-design-folding-structure-combines-beauty-and-practicality-\"><strong>1. Conception innovante de la bo\u00eete \u00e0 cartes : la structure pliante allie beaut\u00e9 et praticit\u00e9.<\/strong><\/h2>\n<p>Cette bo\u00eete pliante en papier adopte une structure de mod\u00e9lisation sans colle, qui permet un pliage rapide et se transforme gr\u00e2ce \u00e0 des techniques de d\u00e9coupe pr\u00e9cises, ce qui am\u00e9liore grandement l'utilisation de l'espace. Elle est exp\u00e9di\u00e9e sous forme plate, ce qui permet d'\u00e9conomiser les co\u00fbts de stockage et de logistique de 30%. La conception de la bo\u00eete contient des \u00e9l\u00e9ments de taille sp\u00e9ciale tels que des panneaux lat\u00e9raux incurv\u00e9s et des surfaces concaves, et elle est associ\u00e9e \u00e0 une structure de scellement magn\u00e9tique ou de scellement en croix, qui non seulement refl\u00e8te la d\u00e9couverte finale des d\u00e9tails de la marque, mais assure \u00e9galement la compression et la r\u00e9sistance aux chocs pendant le transport.<\/p>\n<h2 id=\"-2-white-cardboard-material-lightweight-and-protective-performance-\"><strong>2. Mat\u00e9riau en carton blanc : l\u00e9ger et protecteur<\/strong><\/h2>\n<p>Le carton blanc de 350 g \u00e0 haut grammage est le mat\u00e9riau principal. Sa duret\u00e9 atteint 8,5 N-m\u00b2\/g et sa r\u00e9sistance \u00e0 la d\u00e9chirure d\u00e9passe de 201 TTP4T la norme industrielle, ce qui permet de r\u00e9sister efficacement au risque de collision avec les flacons de parfum. Gr\u00e2ce \u00e0 la conception int\u00e9gr\u00e9e du moulage pour r\u00e9duire les coutures, l'\u00e9paisseur de la bo\u00eete est optimis\u00e9e \u00e0 1,2 mm et le poids est r\u00e9duit de 251 TTP4T par rapport aux bo\u00eetes traditionnelles en carton gris, ce qui permet d'\u00e9conomiser 151 TTP4T sur les co\u00fbts de transport par millier de pi\u00e8ces, \u00e9quilibrant ainsi parfaitement la fonctionnalit\u00e9 et l'\u00e9conomie.<\/p>\n<h2 id=\"-3-high-precision-printing-process-visual-texture-is-upgraded-\"><strong>3. Processus d'impression de haute pr\u00e9cision : la texture visuelle est am\u00e9lior\u00e9e.<\/strong><\/h2>\n<p>Gr\u00e2ce \u00e0 la technologie d'impression en h\u00e9liogravure \u00e0 six couleurs, la pr\u00e9cision minimale des points atteint 175 lignes\/pouce, et l'erreur de bord du texte est contr\u00f4l\u00e9e \u00e0 \u00b10,1 mm. Avec le processus de gla\u00e7age local UV, la saturation rouge du motif de fraise atteint la norme Pantone 185C, et la diff\u00e9rence de couleur \u0394E\u22641,5. Le processus de marquage \u00e0 chaud utilise une feuille d'aluminium \u00e9lectrochimique de 0,08 mm, et l'erreur de positionnement pr\u00e9cise est \u22640,3 mm, ce qui garantit que le LOGO et la texture n'ont pas de bavures et ne d\u00e9bordent pas de l'encre.<\/p>\n<h2 id=\"-4-youthful-visual-design-red-main-tone-and-strawberry-element-fusion-\"><strong>4. Conception visuelle jeune : tonalit\u00e9 principale rouge et fusion d'\u00e9l\u00e9ments de fraise<\/strong><\/h2>\n<p>La bo\u00eete d'emballage est bas\u00e9e sur un rouge cinabre brillant (RVB 230, 0, 50), avec un motif tridimensionnel en relief de fraise, et une stratification tactile est form\u00e9e par la diff\u00e9rence d'\u00e9paisseur de la couche de vernis. Les particules de fruits de la fraise sont imprim\u00e9es avec des points de gradient pour simuler des effets d'ombre et de lumi\u00e8re naturels, ce qui attire l'attention des clientes \u00e2g\u00e9es de 18 \u00e0 35 ans. La doublure de la bo\u00eete utilise un flocage EVA ou des fen\u00eatres transparentes en PET pour renforcer la sensation d'ouverture de la bo\u00eete, tout en formant un lien visuel avec le design du flacon de parfum.<\/p>\n<h2 id=\"-5-environmental-certification-system-green-supply-chain-endorsement-\"><strong>5. Syst\u00e8me de certification environnementale : Approbation de la cha\u00eene d'approvisionnement verte<\/strong><\/h2>\n<p>Les mati\u00e8res premi\u00e8res sont certifi\u00e9es FSC-COC (num\u00e9ro de certificat FSC-C123456) pour garantir que le papier provient de for\u00eats g\u00e9r\u00e9es de mani\u00e8re constante. Le processus de production est conforme au syst\u00e8me de gestion environnementale ISO 14001 et au syst\u00e8me de qualit\u00e9 ISO 9001, l'\u00e9mission de COV de l'encre \u00e0 base d'eau est \u226450MG\/M est IS, et le taux de recyclage des produits finis est de 98%. Le logo de double certification est imprim\u00e9 en bonne place sur la bo\u00eete ext\u00e9rieure pour renforcer la confiance du client final dans la responsabilit\u00e9 sociale de la marque.<\/p>\n<h2 id=\"-6-full-process-quality-control-16-years-of-local-manufacturing-experience-guarantee-\"><strong>6. Contr\u00f4le de la qualit\u00e9 tout au long du processus : 16 ans d'exp\u00e9rience dans la fabrication locale garantissent<\/strong><\/h2>\n<ul>\n<li><strong>Criblage des mati\u00e8res premi\u00e8res<\/strong>: La teneur en humidit\u00e9 du carton blanc est contr\u00f4l\u00e9e \u00e0 4,5%\u00b10,5%, la teneur en cendres \u226412%.<\/li>\n<li><strong>Contr\u00f4le de l'impression<\/strong>: Le colorim\u00e8tre en ligne se calibre automatiquement toutes les 15 minutes pour garantir la coh\u00e9rence des lots.<\/li>\n<li><strong>Essai structurel<\/strong>: Test de vibration de transport simul\u00e9 \u22652000 fois, force d'\u00e9tanch\u00e9it\u00e9 \u226515N\/15mm.<\/li>\n<li><strong>\u00c9chantillonnage des produits finis<\/strong>: NQA 1.0, taux d'interception des produits d\u00e9fectueux 100%<\/li>\n<li><strong>Syst\u00e8me de tra\u00e7abilit\u00e9<\/strong>: Chaque lot poss\u00e8de un code QR ind\u00e9pendant, qui permet de remonter jusqu'\u00e0 la ligne de production et \u00e0 l'op\u00e9rateur concern\u00e9s.<\/li>\n<\/ul>\n<h2 id=\"-manufacturer-advantages-\"><strong>Avantages pour le fabricant<\/strong><\/h2>\n<ul>\n<li><strong>D\u00e9lai de livraison<\/strong>: Commande minimale de 500 pi\u00e8ces, 7-12 jours pour la livraison compl\u00e8te (y compris la confirmation de l'\u00e9preuve).<\/li>\n<li><strong>Service personnalis\u00e9<\/strong>: Prise en charge des fichiers au format AI\/CDR, suggestions gratuites d'optimisation structurelle<\/li>\n<li><strong>Garantie apr\u00e8s-vente<\/strong>: Fournir une reprise inconditionnelle des produits d\u00e9fectueux et un canal de r\u00e9approvisionnement des commandes d'urgence<\/li>\n<\/ul>","protected":false},"excerpt":{"rendered":"<p>Cette bo\u00eete en carton adopte une technologie d'impression de haute pr\u00e9cision. Le motif et le texte sont clairs et d\u00e9licats, sans bavures, et la saturation des couleurs est \u00e9lev\u00e9e. La couleur rouge vif et le motif de fraise fra\u00eeche attirent les jeunes clients. Il a \u00e0 la fois un impact visuel et une tonalit\u00e9 de marque. Il peut \u00eatre pli\u00e9 pour \u00eatre exp\u00e9di\u00e9. Il est \u00e0 la fois esth\u00e9tique et utilise l'espace, montrant ainsi la recherche ultime de la marque pour les d\u00e9tails.<\/p>","protected":false},"featured_media":942,"template":"","meta":{"_kad_post_transparent":"default","_kad_post_title":"","_kad_post_layout":"default","_kad_post_sidebar_id":"","_kad_post_content_style":"default","_kad_post_vertical_padding":"default","_kad_post_feature":"","_kad_post_feature_position":"","_kad_post_header":false,"_kad_post_footer":false,"_kad_post_classname":""},"product_brand":[],"product_cat":[15,28,24,17],"product_tag":[354,356,355],"class_list":{"0":"post-940","1":"product","2":"type-product","3":"status-publish","4":"has-post-thumbnail","6":"product_cat-red-light-therapy","7":"product_cat-customize","8":"product_cat-red-light-therapy-bed","9":"product_cat-services","10":"product_tag-custom-cosmetic-box","11":"product_tag-dealers-cosmetic-perfume-packaging","12":"product_tag-perfume-folding-carton","14":"first","15":"instock","16":"shipping-taxable","17":"product-type-simple","18":"entry","19":"content-bg","20":"loop-entry"},"_links":{"self":[{"href":"https:\/\/red-lighttherapy.com\/fr_fr\/wp-json\/wp\/v2\/product\/940","targetHints":{"allow":["GET"]}}],"collection":[{"href":"https:\/\/red-lighttherapy.com\/fr_fr\/wp-json\/wp\/v2\/product"}],"about":[{"href":"https:\/\/red-lighttherapy.com\/fr_fr\/wp-json\/wp\/v2\/types\/product"}],"wp:featuredmedia":[{"embeddable":true,"href":"https:\/\/red-lighttherapy.com\/fr_fr\/wp-json\/wp\/v2\/media\/942"}],"wp:attachment":[{"href":"https:\/\/red-lighttherapy.com\/fr_fr\/wp-json\/wp\/v2\/media?parent=940"}],"wp:term":[{"taxonomy":"product_brand","embeddable":true,"href":"https:\/\/red-lighttherapy.com\/fr_fr\/wp-json\/wp\/v2\/product_brand?post=940"},{"taxonomy":"product_cat","embeddable":true,"href":"https:\/\/red-lighttherapy.com\/fr_fr\/wp-json\/wp\/v2\/product_cat?post=940"},{"taxonomy":"product_tag","embeddable":true,"href":"https:\/\/red-lighttherapy.com\/fr_fr\/wp-json\/wp\/v2\/product_tag?post=940"}],"curies":[{"name":"wp","href":"https:\/\/api.w.org\/{rel}","templated":true}]}}