{"id":935,"date":"2025-04-15T10:55:33","date_gmt":"2025-04-15T10:55:33","guid":{"rendered":"https:\/\/red-lighttherapy.com\/?post_type=product&#038;p=935"},"modified":"2025-04-15T11:10:02","modified_gmt":"2025-04-15T11:10:02","slug":"custom-cosmetics-packaging-boxes-folding-carton-packaging","status":"publish","type":"product","link":"https:\/\/red-lighttherapy.com\/fr_fr\/custom-cosmetics-packaging-boxes-folding-carton-packaging\/","title":{"rendered":"Bo\u00eetes d'emballage pour cosm\u00e9tiques Emballage en carton pliant sur mesure"},"content":{"rendered":"<h2 id=\"-product-description-of-foldable-cosmetic-packaging-box-\"><strong>Description du produit Bo\u00eete d'emballage cosm\u00e9tique en carton pliable<\/strong><\/h2>\n<h2 id=\"-1-innovative-structural-design-perfect-fusion-of-folding-aesthetics-and-practicality-\"><strong>1. Conception structurelle innovante : fusion parfaite de l'esth\u00e9tique et de la praticit\u00e9 du pliage<\/strong><\/h2>\n<p>Cette bo\u00eete pliante en papier pour cosm\u00e9tiques adopte une structure de pliage brevet\u00e9e, combin\u00e9e \u00e0 une technologie de verrouillage lat\u00e9ral, pour r\u00e9aliser un pliage \u00e0 une touche sans colle. Lorsqu'elle est d\u00e9pli\u00e9e, elle pr\u00e9sente une forme tridimensionnelle en relief de fraise, et l'\u00e9paisseur est comprim\u00e9e \u00e0 1\/3 du volume original apr\u00e8s la fermeture, ce qui am\u00e9liore consid\u00e9rablement le taux d'utilisation de l'espace de stockage et de transport. La conception de la boucle magn\u00e9tique int\u00e9gr\u00e9e garantit qu'elle peut toujours \u00eatre r\u00e9initialis\u00e9e avec pr\u00e9cision apr\u00e8s de multiples ouvertures et fermetures, et les d\u00e9tails montrent la recherche ultime de la marque pour l'exp\u00e9rience de l'utilisateur.<\/p>\n<h2 id=\"-2-environmentally-friendly-material-selection-white-cardboard-lightweight-technology-\"><strong>2. S\u00e9lection de mat\u00e9riaux respectueux de l'environnement : carton blanc technologie l\u00e9g\u00e8re<\/strong><\/h2>\n<p>Le carton blanc de 300 g certifi\u00e9 FSC a \u00e9t\u00e9 choisi comme mat\u00e9riau de base, en tenant compte de la protection du contenu et de l'optimisation des co\u00fbts de transport. La doublure adopte des rainures de positionnement d\u00e9coup\u00e9es \u00e0 l'emporte-pi\u00e8ce en EVA de qualit\u00e9 alimentaire, qui conviennent aux produits de forme sp\u00e9ciale tels que les rouges \u00e0 l\u00e8vres et les g\u00e2teaux en poudre, et les performances antichocs sont certifi\u00e9es.<\/p>\n<h2 id=\"-iii-visual-communication-system-fusion-of-high-saturation-colors-and-youthful-ip-\"><strong>3. Syst\u00e8me de communication visuelle : fusion de couleurs \u00e0 haute saturation et de jeunes IP<\/strong><\/h2>\n<ol>\n<li><strong>Processus d'impression<\/strong>: Adoptant l'impression offset UV 8 couleurs + processus d'estampage \u00e0 chaud partiel, la pr\u00e9cision minimale des points atteint 175 lignes\/pouce, et la nettet\u00e9 du texte est \u22640,1mm d'erreur. Le motif de fraise est s\u00e9par\u00e9 par mod\u00e9lisation 3D pour r\u00e9aliser une restauration pr\u00e9cise du rouge Pantone 185C aux num\u00e9ros de couleur de gradient, et la diff\u00e9rence de couleur \u0394E&lt;1,5.<\/li>\n<li><strong>Cr\u00e9ation de motifs<\/strong>: Le visuel principal utilise des fraises r\u00e9alistes comme \u00e9l\u00e9ment central, avec un rev\u00eatement UV \u00e0 effet de lumi\u00e8re de ros\u00e9e, pr\u00e9sentant une sensation tridimensionnelle dynamique sous la source de lumi\u00e8re. L'illustration de la mascotte de la marque est implant\u00e9e sur le c\u00f4t\u00e9 de la bo\u00eete, et le lien \u00e9motionnel avec les clients de la g\u00e9n\u00e9ration Z est renforc\u00e9 par le style bidimensionnel. Le test de l'oculom\u00e8tre montre que le temps de s\u00e9jour visuel est augment\u00e9 de 27%.<\/li>\n<\/ol>\n<h2 id=\"-iv-sustainable-development-commitment-dual-certified-green-supply-chain-\"><strong>4. Engagement en faveur du d\u00e9veloppement durable : cha\u00eene d'approvisionnement verte \u00e0 double certification<\/strong><\/h2>\n<ol>\n<li><strong>Certification foresti\u00e8re FSC<\/strong>: 100% des mati\u00e8res premi\u00e8res du papier proviennent de for\u00eats g\u00e9r\u00e9es durablement, l'empreinte carbone du processus de production est r\u00e9duite de 35%, et le taux de recyclage des bo\u00eetes d'emballage atteint 95%.<\/li>\n<li><strong>Syst\u00e8me ISO 14001<\/strong>: En utilisant l'encre \u00e0 base d'eau certifi\u00e9e EC 10\/2011 de Sun Chemical, les \u00e9missions de COV sont inf\u00e9rieures de 60% \u00e0 la limite de la norme nationale. Les d\u00e9chets de production sont recycl\u00e9s en papier de bureau apr\u00e8s d\u00e9pulpage, ce qui permet d'atteindre un taux de recyclage des ressources de 92%.<\/li>\n<li><strong>Emballage l\u00e9ger<\/strong>: 30% plus l\u00e9g\u00e8res que les bo\u00eetes de couleur traditionnelles, la capacit\u00e9 de chargement d'un seul conteneur est port\u00e9e \u00e0 5 800 pi\u00e8ces, et la consommation d'\u00e9nergie pour le transport est r\u00e9duite de 18%.<\/li>\n<\/ol>","protected":false},"excerpt":{"rendered":"<p>La bo\u00eete pliante est pliable pour l'exp\u00e9dition, combinant l'esth\u00e9tique et l'utilisation de l'espace, montrant ainsi la recherche ultime de la marque pour les d\u00e9tails. Le carton blanc est utilis\u00e9 comme mat\u00e9riau principal, ce qui permet de prot\u00e9ger efficacement le contenu. En m\u00eame temps, la conception l\u00e9g\u00e8re r\u00e9duit les co\u00fbts de transport, refl\u00e9tant l'\u00e9quilibre entre la fonctionnalit\u00e9 et l'\u00e9conomie.<\/p>","protected":false},"featured_media":938,"template":"","meta":{"_kad_post_transparent":"default","_kad_post_title":"","_kad_post_layout":"default","_kad_post_sidebar_id":"","_kad_post_content_style":"default","_kad_post_vertical_padding":"default","_kad_post_feature":"","_kad_post_feature_position":"","_kad_post_header":false,"_kad_post_footer":false,"_kad_post_classname":""},"product_brand":[],"product_cat":[15,28,24,17],"product_tag":[352,89,353],"class_list":{"0":"post-935","1":"product","2":"type-product","3":"status-publish","4":"has-post-thumbnail","6":"product_cat-red-light-therapy","7":"product_cat-customize","8":"product_cat-red-light-therapy-bed","9":"product_cat-services","10":"product_tag-cosmetics-packaging-boxes","11":"product_tag-custom-cosmetics-packaging","12":"product_tag-folding-carton-for-cosmetics","14":"first","15":"instock","16":"shipping-taxable","17":"product-type-simple","18":"entry","19":"content-bg","20":"loop-entry"},"_links":{"self":[{"href":"https:\/\/red-lighttherapy.com\/fr_fr\/wp-json\/wp\/v2\/product\/935","targetHints":{"allow":["GET"]}}],"collection":[{"href":"https:\/\/red-lighttherapy.com\/fr_fr\/wp-json\/wp\/v2\/product"}],"about":[{"href":"https:\/\/red-lighttherapy.com\/fr_fr\/wp-json\/wp\/v2\/types\/product"}],"wp:featuredmedia":[{"embeddable":true,"href":"https:\/\/red-lighttherapy.com\/fr_fr\/wp-json\/wp\/v2\/media\/938"}],"wp:attachment":[{"href":"https:\/\/red-lighttherapy.com\/fr_fr\/wp-json\/wp\/v2\/media?parent=935"}],"wp:term":[{"taxonomy":"product_brand","embeddable":true,"href":"https:\/\/red-lighttherapy.com\/fr_fr\/wp-json\/wp\/v2\/product_brand?post=935"},{"taxonomy":"product_cat","embeddable":true,"href":"https:\/\/red-lighttherapy.com\/fr_fr\/wp-json\/wp\/v2\/product_cat?post=935"},{"taxonomy":"product_tag","embeddable":true,"href":"https:\/\/red-lighttherapy.com\/fr_fr\/wp-json\/wp\/v2\/product_tag?post=935"}],"curies":[{"name":"wp","href":"https:\/\/api.w.org\/{rel}","templated":true}]}}