{"id":929,"date":"2025-04-15T10:39:22","date_gmt":"2025-04-15T10:39:22","guid":{"rendered":"https:\/\/red-lighttherapy.com\/?post_type=product&#038;p=929"},"modified":"2025-04-15T10:55:24","modified_gmt":"2025-04-15T10:55:24","slug":"vendor-child-proof-empty-510-disposable-vape-pen-packaging","status":"publish","type":"product","link":"https:\/\/red-lighttherapy.com\/fr_fr\/vendor-child-proof-empty-510-disposable-vape-pen-packaging\/","title":{"rendered":"Vendor Child Proof Empty 510 Disposable Vape Pen Packaging"},"content":{"rendered":"<h2 id=\"child-proof-510-disposable-electronic-cigarette-pen-packaging-product-description\">Emballage de stylo \u00e0 vape jetable 510 \u00e0 l'\u00e9preuve des enfants description du produit<\/h2>\n<h2 id=\"1-intelligent-drawer-style-child-proof-opening-and-closing-design-\">1.\u00a0<strong>Ouverture et fermeture intelligentes \u00e0 l'\u00e9preuve des enfants dans le style d'un tiroir<\/strong><\/h2>\n<p>Adoptant une structure push-pull, il peut \u00eatre facilement manipul\u00e9 d'une seule main, et la fonction de protection des enfants est assur\u00e9e par un syst\u00e8me d'amortissement m\u00e9canique. Le rail du tiroir est \u00e9quip\u00e9 d'un m\u00e9canisme \u00e0 double boucle, et un angle et une force sp\u00e9cifiques doivent \u00eatre appliqu\u00e9s pendant le processus de pouss\u00e9e-tirage pour l'ouvrir, ce qui non seulement r\u00e9pond aux besoins des adultes en mati\u00e8re d'acc\u00e8s pratique, mais \u00e9vite aussi efficacement le risque d'ouverture accidentelle ou de glissement des enfants.<\/p>\n<h2 id=\"2-environmentally-friendly-and-durable-coated-paper-material-\">2.\u00a0<strong>Papier couch\u00e9 durable et respectueux de l'environnement<\/strong><\/h2>\n<p>Le corps de la bo\u00eete utilise un substrat en papier couch\u00e9 certifi\u00e9 FSC et la surface est recouverte d'un rev\u00eatement r\u00e9sistant \u00e0 l'usure et antivieillissement. Elle peut r\u00e9sister \u00e0 des ouvertures et fermetures fr\u00e9quentes ainsi qu'\u00e0 l'usure due au transport, et supporter une utilisation r\u00e9p\u00e9t\u00e9e plus de 100 fois. Le traitement mat r\u00e9duit les r\u00e9sidus d'empreintes digitales, associ\u00e9 \u00e0 un design noir pur, convient aux sc\u00e9narios haut de gamme tels que les entreprises et le secteur m\u00e9dical.<\/p>\n<h2 id=\"3-precision-mold-and-integrated-molding-process-\">3.\u00a0<strong>Moule de pr\u00e9cision et processus de moulage int\u00e9gr\u00e9<\/strong><\/h2>\n<p>Gr\u00e2ce \u00e0 la technologie de d\u00e9coupe de haute pr\u00e9cision de \u00b10,01 mm, les bords sont plats et sans bavure, et la structure d'ouverture et de fermeture est sans faille. Le processus de moulage par pliage int\u00e9gr\u00e9 sans colle \u00e9limine les joints et les faiblesses de collage des emballages traditionnels, augmente la r\u00e9sistance globale \u00e0 la compression de 40% et prolonge la dur\u00e9e de vie jusqu'\u00e0 deux fois la norme de l'industrie.<\/p>\n<h2 id=\"4-customized-eva-lining-and-shock-protection-\">4.\u00a0<strong>Doublure EVA personnalis\u00e9e et protection contre les chocs<\/strong><\/h2>\n<p>La doublure blanche en EVA est sculpt\u00e9e par CNC pour former une rainure qui s'adapte au stylo 510, avec une pr\u00e9cision de fixation de \u00b10,5 mm pour \u00e9viter tout d\u00e9placement pendant le transport. La cloison de la doublure permet un ajustement personnalis\u00e9 et est compatible avec diff\u00e9rentes sp\u00e9cifications de cartouches d'encre ou d'accessoires suppl\u00e9mentaires (tels que des c\u00e2bles de chargement, des manuels), et la performance de tamponnage a pass\u00e9 la certification du test de chute de 1,5 m\u00e8tre.<\/p>\n<h2 id=\"5-modular-customization-and-global-compliance-\">5.\u00a0<strong>Personnalisation modulaire et conformit\u00e9 globale<\/strong><\/h2>\n<p>L'emballage permet un ajustement flexible de la taille, de la position d'ouverture et de la partition de la doublure afin de r\u00e9pondre aux exigences de compatibilit\u00e9 des clients pour les produits multi-sp\u00e9cifiques. Le mat\u00e9riau a obtenu la certification de durabilit\u00e9 foresti\u00e8re FSC et est conforme aux r\u00e9glementations environnementales mondiales telles que REACH (UE) et FDA (\u00c9tats-Unis), ce qui aide les entreprises \u00e0 atteindre leurs objectifs en mati\u00e8re de cha\u00eene d'approvisionnement \u00e9cologique.<\/p>","protected":false},"excerpt":{"rendered":"<p>La conception de l'ouverture et de la fermeture de la bo\u00eete \u00e0 s\u00e9curit\u00e9 enfant du tiroir en papier permet de pousser et de tirer facilement les articles d'une seule main tout en \u00e9vitant les glissements accidentels. Le mat\u00e9riau du papier couch\u00e9 est r\u00e9sistant \u00e0 l'usure et au vieillissement, r\u00e9utilisable et conforme aux concepts de protection de l'environnement et d'\u00e9conomie. La bo\u00eete permet un ajustement personnalis\u00e9 de la taille, de la position d'ouverture et de la partition de la doublure afin de r\u00e9pondre aux besoins des diff\u00e9rentes sp\u00e9cifications des cartouches d'encre ou de l'emballage de produits sp\u00e9ciaux.<\/p>","protected":false},"featured_media":930,"template":"","meta":{"_kad_post_transparent":"default","_kad_post_title":"","_kad_post_layout":"default","_kad_post_sidebar_id":"","_kad_post_content_style":"default","_kad_post_vertical_padding":"default","_kad_post_feature":"","_kad_post_feature_position":"","_kad_post_header":false,"_kad_post_footer":false,"_kad_post_classname":""},"product_brand":[],"product_cat":[15,20,40,17],"product_tag":[351,169,350],"class_list":{"0":"post-929","1":"product","2":"type-product","3":"status-publish","4":"has-post-thumbnail","6":"product_cat-red-light-therapy","7":"product_cat-led-face-light-therapy","8":"product_cat-red-light-therapy-panel","9":"product_cat-services","10":"product_tag-empty-vape-cartridge-packaging","11":"product_tag-vape-cartridge-packaging","12":"product_tag-vape-cartridge-packaging-usa","14":"first","15":"instock","16":"shipping-taxable","17":"product-type-simple","18":"entry","19":"content-bg","20":"loop-entry"},"_links":{"self":[{"href":"https:\/\/red-lighttherapy.com\/fr_fr\/wp-json\/wp\/v2\/product\/929","targetHints":{"allow":["GET"]}}],"collection":[{"href":"https:\/\/red-lighttherapy.com\/fr_fr\/wp-json\/wp\/v2\/product"}],"about":[{"href":"https:\/\/red-lighttherapy.com\/fr_fr\/wp-json\/wp\/v2\/types\/product"}],"wp:featuredmedia":[{"embeddable":true,"href":"https:\/\/red-lighttherapy.com\/fr_fr\/wp-json\/wp\/v2\/media\/930"}],"wp:attachment":[{"href":"https:\/\/red-lighttherapy.com\/fr_fr\/wp-json\/wp\/v2\/media?parent=929"}],"wp:term":[{"taxonomy":"product_brand","embeddable":true,"href":"https:\/\/red-lighttherapy.com\/fr_fr\/wp-json\/wp\/v2\/product_brand?post=929"},{"taxonomy":"product_cat","embeddable":true,"href":"https:\/\/red-lighttherapy.com\/fr_fr\/wp-json\/wp\/v2\/product_cat?post=929"},{"taxonomy":"product_tag","embeddable":true,"href":"https:\/\/red-lighttherapy.com\/fr_fr\/wp-json\/wp\/v2\/product_tag?post=929"}],"curies":[{"name":"wp","href":"https:\/\/api.w.org\/{rel}","templated":true}]}}