{"id":923,"date":"2025-04-15T10:22:56","date_gmt":"2025-04-15T10:22:56","guid":{"rendered":"https:\/\/red-lighttherapy.com\/?post_type=product&#038;p=923"},"modified":"2025-04-16T16:38:08","modified_gmt":"2025-04-16T16:38:08","slug":"custom-clamshell-perfume-gift-boxes-packaging-supplies","status":"publish","type":"product","link":"https:\/\/red-lighttherapy.com\/fr_fr\/custom-clamshell-perfume-gift-boxes-packaging-supplies\/","title":{"rendered":"Bo\u00eetes \u00e0 parfum personnalis\u00e9es Fournitures d'emballage"},"content":{"rendered":"<h3 id=\"1-full-dimensional-brand-customization-service-\">1.\u00a0<strong>Service de personnalisation de la marque dans toutes ses dimensions<\/strong><\/h3>\n<p>Nous fournissons des services de personnalisation complets, de la conception \u00e0 la production, et pouvons adapter de mani\u00e8re flexible la taille, la qualit\u00e9 de fabrication, la correspondance des couleurs et la structure de la bo\u00eete d'emballage en fonction du positionnement de la marque, des caract\u00e9ristiques du produit et de la demande du march\u00e9. Qu'il s'agisse d'un style moderne simple, d'\u00e9l\u00e9ments esth\u00e9tiques orientaux ou d'un style d'illustration artistique haut de gamme, il peut correspondre exactement \u00e0 la tonalit\u00e9 de la marque. Par exemple, l'estampage \u00e0 chaud, le gaufrage, l'embossage et d'autres proc\u00e9d\u00e9s permettent d'am\u00e9liorer la superposition visuelle, ou d'int\u00e9grer le LOGO exclusif de la marque et des symboles culturels pour cr\u00e9er une solution d'emballage unique.<\/p>\n<h3 id=\"2-16-year-source-factory-quality-and-cost-double-guarantee-\">2.\u00a0<strong>Usine d'origine depuis 16 ans, double garantie de qualit\u00e9 et de co\u00fbt<\/strong><\/h3>\n<p>En tant qu'usine source ayant 16 ans d'exp\u00e9rience dans l'industrie de l'emballage, nous disposons d'un syst\u00e8me complet de cha\u00eene d'approvisionnement, qui est enti\u00e8rement contr\u00f4lable depuis l'approvisionnement en mati\u00e8res premi\u00e8res jusqu'\u00e0 la production et la transformation. Nous utilisons un mod\u00e8le de production \u00e0 grande \u00e9chelle pour r\u00e9duire les co\u00fbts et contr\u00f4lons strictement des d\u00e9tails tels que le poids du papier et la protection de l'environnement par la colle, afin de garantir que le produit est \u00e0 la fois rentable et durable. Nos clients coop\u00e8rent avec des marques internationales de produits de beaut\u00e9 et des soci\u00e9t\u00e9s de parfums de pointe, et la qualit\u00e9 de nos produits est v\u00e9rifi\u00e9e par le march\u00e9 depuis longtemps.<\/p>\n<h3 id=\"3-design-empowers-brand-value-enhancement-\">3.\u00a0<strong>Le design permet d'accro\u00eetre la valeur de la marque<\/strong><\/h3>\n<p>L'\u00e9quipe de conception d'emballages conna\u00eet bien la logique des emballages de luxe et am\u00e9liore la valeur ajout\u00e9e du produit gr\u00e2ce au contraste des mat\u00e9riaux, \u00e0 la psychologie des couleurs et \u00e0 l'innovation structurelle. Par exemple, la combinaison de carton gris et de carton noir ne met pas seulement en valeur la texture calme, mais permet \u00e9galement d'obtenir un ajustement parfait entre la doublure et le produit gr\u00e2ce \u00e0 la technologie de d\u00e9coupe, v\u00e9hiculant ainsi l'image professionnelle d'une marque haut de gamme. Les cas montrent qu'un design personnalis\u00e9 peut augmenter la sympathie des consommateurs envers la marque de plus de 40%.<\/p>\n<h3 id=\"4-scientific-lining-protection-system-\">4.\u00a0<strong>Syst\u00e8me de protection du rev\u00eatement scientifique<\/strong><\/h3>\n<p>La doublure utilise des mat\u00e9riaux tr\u00e8s amortissants tels que la mousse EVA, le flocage ou l'\u00e9ponge personnalis\u00e9e, et s'adapte pr\u00e9cis\u00e9ment au contour du flacon de parfum gr\u00e2ce \u00e0 une technologie de d\u00e9coupage de pr\u00e9cision afin d'\u00e9viter les secousses et les collisions pendant le transport. La couche int\u00e9rieure de carton gris (1200 GSM) fournit un support de base et la couche ext\u00e9rieure de carton noir (120 GSM) am\u00e9liore la r\u00e9sistance \u00e0 la pression. La double protection garantit l'int\u00e9grit\u00e9 du produit.<\/p>\n<h3 id=\"5-environmentally-friendly-materials-stable-structure-\">5.\u00a0<strong>Mat\u00e9riaux respectueux de l'environnement, structure stable<\/strong><\/h3>\n<p>Les mat\u00e9riaux de base sont le carton gris 1200 GSM et le carton noir 120 GSM, qui sont conformes \u00e0 la directive RoHS et pr\u00e9sentent \u00e0 la fois des avantages en termes de r\u00e9sistance et de l\u00e9g\u00e8ret\u00e9. Le carton gris est trait\u00e9 contre l'humidit\u00e9 pour s'adapter \u00e0 diff\u00e9rents environnements de temp\u00e9rature et d'humidit\u00e9 ; le carton noir a une surface lisse et une forte adh\u00e9rence \u00e0 l'impression, ce qui permet de pr\u00e9senter des effets complexes tels que des d\u00e9grad\u00e9s d\u00e9licats et un marquage \u00e0 chaud, r\u00e9pondant ainsi aux exigences strictes du march\u00e9 haut de gamme en mati\u00e8re de stabilit\u00e9 de l'emballage.<\/p>\n<h3 id=\"6-flip-top-design-practical-and-aesthetic-balance-\">6.\u00a0<strong>Conception \u00e0 rabat, \u00e9quilibre pratique et esth\u00e9tique<\/strong><\/h3>\n<p>La bo\u00eete \u00e0 couvercle rabattable adopte une structure de fermeture magn\u00e9tique ou \u00e0 boucle, qui peut \u00eatre facilement ouverte d'une seule main, et la conception de la fen\u00eatre d'affichage permet de voir le produit d'un seul coup d'\u0153il. Les angles d'ouverture et de fermeture sont optimis\u00e9s d'un point de vue ergonomique et l'acc\u00e8s au produit se fait en douceur. En m\u00eame temps, le flip peut \u00eatre utilis\u00e9 comme un pr\u00e9sentoir ind\u00e9pendant lorsqu'il est \u00e9rig\u00e9, ce qui convient \u00e0 la pr\u00e9sentation sur un comptoir ou \u00e0 des sc\u00e8nes de cadeaux, combinant fonctionnalit\u00e9 et rituel.<\/p>\n<h3 id=\"7-natural-color-matching-exquisite-style-\">7.\u00a0<strong>Couleurs naturelles assorties, style exquis<\/strong><\/h3>\n<p>La palette de couleurs vertes \u00e0 faible saturation fait \u00e9cho au concept de protection de l'environnement, tout en v\u00e9hiculant une image de marque fra\u00eeche et haut de gamme. Les lignes simples en forme de bo\u00eete avec un traitement de surface mat ou nacr\u00e9 \u00e9vitent une d\u00e9coration excessive et transmettent le style de la marque \u00e0 travers la texture du mat\u00e9riau lui-m\u00eame. Des tests r\u00e9els montrent que ce type de design peut prolonger de 30% la dur\u00e9e de vie visuelle du produit en rayon.<\/p>","protected":false},"excerpt":{"rendered":"<p>De la conception cr\u00e9ative \u00e0 la production de masse et \u00e0 la livraison, nous nous appuyons sur 16 ans d'exp\u00e9rience dans le secteur et aidons les marques \u00e0 se d\u00e9marquer de la concurrence f\u00e9roce gr\u00e2ce \u00e0 des solutions personnalis\u00e9es. Qu'il s'agisse de cadeaux pour les f\u00eates, d'exclusivit\u00e9s pour le commerce \u00e9lectronique ou de pr\u00e9sentoirs pour les magasins d'exp\u00e9rience hors ligne, nous pouvons fournir des solutions d'adaptation pour aider \u00e0 am\u00e9liorer les capacit\u00e9s de valorisation des produits.<\/p>","protected":false},"featured_media":924,"template":"","meta":{"_kad_post_transparent":"default","_kad_post_title":"","_kad_post_layout":"default","_kad_post_sidebar_id":"","_kad_post_content_style":"default","_kad_post_vertical_padding":"default","_kad_post_feature":"","_kad_post_feature_position":"","_kad_post_header":false,"_kad_post_footer":false,"_kad_post_classname":""},"product_brand":[],"product_cat":[15,27,17],"product_tag":[348,347,349],"class_list":{"0":"post-923","1":"product","2":"type-product","3":"status-publish","4":"has-post-thumbnail","6":"product_cat-red-light-therapy","7":"product_cat-red-light-therapy-belt","8":"product_cat-services","9":"product_tag-custom-clamshell","10":"product_tag-custom-clamshell-boxes","11":"product_tag-gift-boxes-packaging-supplies","13":"first","14":"instock","15":"shipping-taxable","16":"product-type-simple","17":"entry","18":"content-bg","19":"loop-entry"},"_links":{"self":[{"href":"https:\/\/red-lighttherapy.com\/fr_fr\/wp-json\/wp\/v2\/product\/923","targetHints":{"allow":["GET"]}}],"collection":[{"href":"https:\/\/red-lighttherapy.com\/fr_fr\/wp-json\/wp\/v2\/product"}],"about":[{"href":"https:\/\/red-lighttherapy.com\/fr_fr\/wp-json\/wp\/v2\/types\/product"}],"wp:featuredmedia":[{"embeddable":true,"href":"https:\/\/red-lighttherapy.com\/fr_fr\/wp-json\/wp\/v2\/media\/924"}],"wp:attachment":[{"href":"https:\/\/red-lighttherapy.com\/fr_fr\/wp-json\/wp\/v2\/media?parent=923"}],"wp:term":[{"taxonomy":"product_brand","embeddable":true,"href":"https:\/\/red-lighttherapy.com\/fr_fr\/wp-json\/wp\/v2\/product_brand?post=923"},{"taxonomy":"product_cat","embeddable":true,"href":"https:\/\/red-lighttherapy.com\/fr_fr\/wp-json\/wp\/v2\/product_cat?post=923"},{"taxonomy":"product_tag","embeddable":true,"href":"https:\/\/red-lighttherapy.com\/fr_fr\/wp-json\/wp\/v2\/product_tag?post=923"}],"curies":[{"name":"wp","href":"https:\/\/api.w.org\/{rel}","templated":true}]}}