{"id":900,"date":"2025-04-15T09:58:54","date_gmt":"2025-04-15T09:58:54","guid":{"rendered":"https:\/\/red-lighttherapy.com\/?post_type=product&#038;p=900"},"modified":"2025-04-15T10:16:33","modified_gmt":"2025-04-15T10:16:33","slug":"private-label-child-resistant-drawer-box-for-vape-cartridge","status":"publish","type":"product","link":"https:\/\/red-lighttherapy.com\/fr_fr\/private-label-child-resistant-drawer-box-for-vape-cartridge\/","title":{"rendered":"Bo\u00eete \u00e0 tiroirs \u00e0 s\u00e9curit\u00e9 enfant pour cartouches de vaporisation (Private Label)"},"content":{"rendered":"<h2 id=\"-child-safe-drawer-type-electronic-cigarette-cartridge-box-product-description-\"><strong>Private Label Child Resistant Drawer Box for Vape Cartridge Description du produit<\/strong><\/h2>\n<h2 id=\"1-child-lock-patent-technology-\">1.\u00a0<strong>Technologie brevet\u00e9e de verrouillage des enfants<\/strong><\/h2>\n<p>La conception de la s\u00e9curit\u00e9 enfant m\u00e9canique \u00e0 brancher, accept\u00e9e au niveau international, est adopt\u00e9e. La cartouche doit \u00eatre branch\u00e9e et d\u00e9branch\u00e9e trois fois en deux secondes avant de pouvoir \u00eatre d\u00e9verrouill\u00e9e (l'action de d\u00e9verrouillage se r\u00e9f\u00e8re aux exigences de certification de la norme internationale ISO 8317), ce qui emp\u00eache efficacement les enfants de rester \u00e0 l'\u00e9cart. Le certificat de brevet couvre les principales r\u00e9glementations du march\u00e9, telles que la norme europ\u00e9enne EN 14375 et la norme am\u00e9ricaine ASTM D3475-18, garantissant que le produit est conforme \u00e0 la \"norme nationale obligatoire sur la cigarette \u00e9lectronique\" et aux r\u00e9glementations mondiales en mati\u00e8re de s\u00e9curit\u00e9.<\/p>\n<h2 id=\"2-sealing-and-protection-integration-\">2.\u00a0<strong>Int\u00e9gration de l'\u00e9tanch\u00e9it\u00e9 et de la protection<\/strong><\/h2>\n<p>La bo\u00eete \u00e0 tiroirs adopte une structure \u00e0 double boucle. Lorsqu'elle est ferm\u00e9e, elle forme une barri\u00e8re \u00e9tanche \u00e0 l'air gr\u00e2ce \u00e0 un anneau d'\u00e9tanch\u00e9it\u00e9 en silicone. Les performances en mati\u00e8re de protection contre l'humidit\u00e9 et l'oxydation atteignent le niveau IP54, tout en \u00e9vitant une ouverture accidentelle caus\u00e9e par un impact externe.<\/p>\n<h2 id=\"1-fsc-certified-environmentally-friendly-paper-\">3. <strong>Papier \u00e9cologique certifi\u00e9 FSC<\/strong><\/h2>\n<p>Le corps de la bo\u00eete utilise du papier certifi\u00e9 FSC-C137354, les mati\u00e8res premi\u00e8res proviennent de for\u00eats g\u00e9r\u00e9es durablement et sont conformes au r\u00e8glement sur le bois de l'UE (EUTR) et aux normes environnementales nord-am\u00e9ricaines, et l'impression de l'emballage utilise de l'encre \u00e0 base d'eau, non toxique et d\u00e9gradable.<\/p>\n<h2 id=\"2-visual-identification-system-enhancement-\">4. <strong>Am\u00e9lioration du syst\u00e8me d'identification visuelle<\/strong><\/h2>\n<ul>\n<li><strong>Couleur principale<\/strong>: Base blanche pure, symbolisant la s\u00e9curit\u00e9 et la technologie.<\/li>\n<li><strong>Cr\u00e9ation de motifs<\/strong>: Le motif de nuage en relief sur la surface de la bo\u00eete s'inspire du motif traditionnel oriental de nuage de bon augure et est assorti au processus de marquage \u00e0 chaud du LOGO de la marque afin d'am\u00e9liorer la reconnaissance et la texture haut de gamme.<\/li>\n<\/ul>\n<h2 id=\"1-eva-customized-lining-protection-\">5. <strong>Protection de la doublure personnalis\u00e9e en EVA<\/strong><\/h2>\n<p>Le rev\u00eatement utilise de la mousse EVA haute densit\u00e9 (densit\u00e9 45P, \u00e9paisseur 7 mm), qui a \u00e9t\u00e9 test\u00e9e pour r\u00e9sister \u00e0 une pression statique de 50 kg et \u00e0 un impact de chute de 1,2 m. La cavit\u00e9 int\u00e9rieure est d\u00e9coup\u00e9e au laser en fonction de la forme de la cartouche, adapt\u00e9e \u00e0 diverses sp\u00e9cifications. La cavit\u00e9 int\u00e9rieure est d\u00e9coup\u00e9e au laser en fonction de la forme de la cartouche, ce qui permet de r\u00e9pondre \u00e0 une grande vari\u00e9t\u00e9 de sp\u00e9cifications. Les performances en mati\u00e8re de protection contre les chocs et d'amortissement sont sup\u00e9rieures de 30% \u00e0 la norme de l'industrie.<\/p>\n<h2 id=\"2-fast-modular-design-system-\">6. <strong>Syst\u00e8me de conception modulaire rapide<\/strong><\/h2>\n<ul>\n<li><strong>Livraison dans les 72 heures<\/strong>: Il prend en charge l'importation de dessins CAO, g\u00e9n\u00e8re intelligemment la structure de la bo\u00eete, permet de doubler les moules en deux parties et est compatible avec la personnalisation des cartouches rondes\/ovales (diam\u00e8tre de 20 mm ou plus).<\/li>\n<li><strong>Expansion flexible<\/strong>: Le rail du tiroir peut \u00eatre \u00e9tendu \u00e0 une structure simple\/double couche, adapt\u00e9e aux cigarettes \u00e9lectroniques jetables ou aux ensembles multiar\u00f4mes \u00e0 cartouches changeantes.<\/li>\n<\/ul>\n<h2 id=\"-fourth-compliance-certification-and-after-sales-service-\"><strong>7. Certification de conformit\u00e9 et service apr\u00e8s-vente<\/strong><\/h2>\n<ul>\n<li><strong>Certification internationale<\/strong>: Les tests CE, RoHS et REACH ont \u00e9t\u00e9 pass\u00e9s avec succ\u00e8s. Scannez le code pour v\u00e9rifier le lot de production et le certificat de conformit\u00e9.<\/li>\n<li><strong>Engagement en mati\u00e8re d'assurance qualit\u00e9<\/strong>: Garantie structurelle de 12 mois et aide au recyclage et \u00e0 la mise \u00e0 niveau des anciens bo\u00eetiers.<\/li>\n<\/ul>","protected":false},"excerpt":{"rendered":"<p>Ce produit est fond\u00e9 sur la s\u00e9curit\u00e9, la protection de l'environnement et une grande efficacit\u00e9. Il int\u00e8gre un m\u00e9canisme de s\u00e9curit\u00e9 pour les enfants \u00e0 l'esth\u00e9tique de la marque et r\u00e9pond aux divers besoins des marques mondiales de vapotage en mati\u00e8re de conformit\u00e9, d'exp\u00e9rience utilisateur et d'efficacit\u00e9 de la cha\u00eene d'approvisionnement.<\/p>","protected":false},"featured_media":913,"template":"","meta":{"_kad_post_transparent":"default","_kad_post_title":"","_kad_post_layout":"default","_kad_post_sidebar_id":"","_kad_post_content_style":"default","_kad_post_vertical_padding":"default","_kad_post_feature":"","_kad_post_feature_position":"","_kad_post_header":false,"_kad_post_footer":false,"_kad_post_classname":""},"product_brand":[],"product_cat":[15,20,40,17],"product_tag":[344,345,346],"class_list":{"0":"post-900","1":"product","2":"type-product","3":"status-publish","4":"has-post-thumbnail","6":"product_cat-red-light-therapy","7":"product_cat-led-face-light-therapy","8":"product_cat-red-light-therapy-panel","9":"product_cat-services","10":"product_tag-child-resistant-vape-packaging","11":"product_tag-drawer-box-for-vape-cartridge","12":"product_tag-private-label-vape-cartridge-box","14":"first","15":"instock","16":"shipping-taxable","17":"product-type-simple","18":"entry","19":"content-bg","20":"loop-entry"},"_links":{"self":[{"href":"https:\/\/red-lighttherapy.com\/fr_fr\/wp-json\/wp\/v2\/product\/900","targetHints":{"allow":["GET"]}}],"collection":[{"href":"https:\/\/red-lighttherapy.com\/fr_fr\/wp-json\/wp\/v2\/product"}],"about":[{"href":"https:\/\/red-lighttherapy.com\/fr_fr\/wp-json\/wp\/v2\/types\/product"}],"wp:featuredmedia":[{"embeddable":true,"href":"https:\/\/red-lighttherapy.com\/fr_fr\/wp-json\/wp\/v2\/media\/913"}],"wp:attachment":[{"href":"https:\/\/red-lighttherapy.com\/fr_fr\/wp-json\/wp\/v2\/media?parent=900"}],"wp:term":[{"taxonomy":"product_brand","embeddable":true,"href":"https:\/\/red-lighttherapy.com\/fr_fr\/wp-json\/wp\/v2\/product_brand?post=900"},{"taxonomy":"product_cat","embeddable":true,"href":"https:\/\/red-lighttherapy.com\/fr_fr\/wp-json\/wp\/v2\/product_cat?post=900"},{"taxonomy":"product_tag","embeddable":true,"href":"https:\/\/red-lighttherapy.com\/fr_fr\/wp-json\/wp\/v2\/product_tag?post=900"}],"curies":[{"name":"wp","href":"https:\/\/api.w.org\/{rel}","templated":true}]}}