{"id":894,"date":"2025-04-15T09:42:47","date_gmt":"2025-04-15T09:42:47","guid":{"rendered":"https:\/\/red-lighttherapy.com\/?post_type=product&#038;p=894"},"modified":"2025-04-16T16:37:17","modified_gmt":"2025-04-16T16:37:17","slug":"bespoke-clamshell-gift-box-for-1-gram-concentrate-live-resin","status":"publish","type":"product","link":"https:\/\/red-lighttherapy.com\/fr_fr\/bespoke-clamshell-gift-box-for-1-gram-concentrate-live-resin\/","title":{"rendered":"Bo\u00eete cadeau \u00e0 clapet sur mesure pour 1 gramme de concentr\u00e9 de r\u00e9sine vivante"},"content":{"rendered":"<h2 id=\"-customized-flip-top-gift-box-1g-concentrated-active-resin-exclusive-protection-solution-\"><strong>Bo\u00eete cadeau flip-top personnalis\u00e9e 1g de r\u00e9sine active concentr\u00e9e solution de protection exclusive<\/strong><\/h2>\n<h2 id=\"-1-ergonomic-flip-top-design-one-handed-operation-without-burden-\"><strong>1. Conception ergonomique du couvercle rabattable, utilisation d'une seule main sans contrainte.<\/strong><\/h2>\n<ul>\n<li>Gr\u00e2ce \u00e0 la structure \u00e0 charni\u00e8re de pr\u00e9cision et \u00e0 la double assistance de la boucle magn\u00e9tique, les bo\u00eetes pliantes peuvent \u00eatre ouvertes et ferm\u00e9es en douceur d'une seule main, ce qui permet d'\u00e9viter le probl\u00e8me des bo\u00eetes pliantes traditionnelles qui se coincent ou se d\u00e9tachent facilement.<\/li>\n<li>La dur\u00e9e de vie du flip-top a \u00e9t\u00e9 test\u00e9e pour 10 000 ouvertures et fermetures, et la durabilit\u00e9 a \u00e9t\u00e9 augment\u00e9e de 300%, r\u00e9pondant ainsi aux besoins d'une utilisation \u00e0 haute fr\u00e9quence.<\/li>\n<\/ul>\n<h2 id=\"-2-environmentally-friendly-coated-paper-material-taking-into-account-strength-and-sustainability-\"><strong>2. Mat\u00e9riau de papier couch\u00e9 respectueux de l'environnement, tenant compte de la r\u00e9sistance et de la durabilit\u00e9<\/strong><\/h2>\n<ul>\n<li>Papier couch\u00e9 \u00e9pais certifi\u00e9 FSC s\u00e9lectionn\u00e9 (film mat\/film brillant en option), duret\u00e9 de 400g\/m\u00b2, capacit\u00e9 de charge de plus de 500g, prot\u00e9geant fermement 1g de produits en r\u00e9sine.<\/li>\n<li>Support de l'impression d'encre respectueuse de l'environnement et du processus de rev\u00eatement d\u00e9gradable, conform\u00e9ment aux normes d'acc\u00e8s \u00e0 la protection de l'environnement des march\u00e9s europ\u00e9ens et am\u00e9ricains.<\/li>\n<\/ul>\n<h2 id=\"-3-precision-die-cutting-process-millimeter-level-precision-adaptation-\"><strong>3. Processus de d\u00e9coupe de pr\u00e9cision, adaptation au millim\u00e8tre pr\u00e8s<\/strong><\/h2>\n<ul>\n<li>La technologie de d\u00e9coupe au laser garantit l'absence de bavures sur le bord de la bo\u00eete, la tol\u00e9rance des coutures est \u22640,3mm, le toucher est d\u00e9licat et \u00e9vite le risque de rayures.<\/li>\n<li>La profondeur de la rainure circulaire int\u00e9gr\u00e9e est adapt\u00e9e \u00e0 la taille de concentr\u00e9 de 1 gramme couramment utilis\u00e9e dans l'industrie (diam\u00e8tre de 20 mm\/r\u00e9glable), et la couche tampon EVA de qualit\u00e9 alimentaire utilis\u00e9e est r\u00e9sistante aux chocs et \u00e0 la pression, et ne subit aucun d\u00e9placement pendant le transport.<\/li>\n<\/ul>\n<h2 id=\"-4-minimalist-blank-design-interpreting-high-end-tonality-\"><strong>4. Conception minimaliste et vide, interpr\u00e9tation de la tonalit\u00e9 haut de gamme<\/strong><\/h2>\n<ul>\n<li>La base mate de couleur pure est assortie d'un design vierge sans LOGO, soulignant la valeur du contenu, et prend en charge le marquage \u00e0 chaud, le gaufrage, la surface brillante partielle aux UV et d'autres processus de personnalisation.<\/li>\n<li>En option, une doublure en velours magn\u00e9tique, une plaque m\u00e9tallique ou une fente pour cartes personnalis\u00e9es pour renforcer le sentiment de c\u00e9r\u00e9monie de d\u00e9ballage.<\/li>\n<\/ul>\n<h2 id=\"-customized-service-\"><strong>5. Service personnalis\u00e9<\/strong><\/h2>\n<ul>\n<li><strong>Taille flexible<\/strong>: Permet d'ajuster les rainures d'un diam\u00e8tre de 15 \u00e0 30 mm, s'adaptant ainsi aux formes sp\u00e9ciales des bo\u00eetes de cire ou aux besoins d'emballages multigrilles.<\/li>\n<li><strong>Am\u00e9lioration structurelle<\/strong>: Des scell\u00e9s anti-contrefa\u00e7on, des plateaux int\u00e9rieurs extractibles ou des mod\u00e8les d'empilage \u00e0 double couche peuvent \u00eatre ajout\u00e9s.<\/li>\n<li><strong>Solution d'impression<\/strong>: Les couleurs d'accompagnement Pantone, les couleurs fluorescentes, l'impression en relief et d'autres proc\u00e9d\u00e9s de niche sont fournis, et la personnalisation visuelle de la marque sur toute la surface de la bo\u00eete est prise en charge.<\/li>\n<li><strong>Valeur ajout\u00e9e des accessoires<\/strong>: Avec des outils personnalis\u00e9s (comme des micro-spatules), des notices d'utilisation ou des puces \u00e9lectroniques (tra\u00e7abilit\u00e9 NFC).<\/li>\n<\/ul>\n<h3 id=\"-application-scenarios-\"><strong>6. Sc\u00e9narios d'application<\/strong><\/h3>\n<ul>\n<li>Coffrets cadeaux haut de gamme en r\u00e9sine concentr\u00e9e<\/li>\n<li>Emballage de produits co-marqu\u00e9s en \u00e9dition limit\u00e9e<\/li>\n<li>Stockage scell\u00e9 de principes actifs de qualit\u00e9 m\u00e9dicale<\/li>\n<li>Bo\u00eetes-cadeaux personnalis\u00e9es exclusives pour les membres de la marque<\/li>\n<\/ul>","protected":false},"excerpt":{"rendered":"<p>La bo\u00eete cadeau \u00e0 clapet sp\u00e9cialement con\u00e7ue pour la r\u00e9sine vivante concentr\u00e9e de grande valeur (Live Resin) associe une esth\u00e9tique minimaliste \u00e0 un design fonctionnel, et fait appel \u00e0 un savoir-faire de pr\u00e9cision pour obtenir une triple am\u00e9lioration de la protection du produit, de l'exp\u00e9rience portable et de la texture de la marque. Il convient aux cadeaux haut de gamme, aux \u00e9ditions limit\u00e9es ou aux besoins de personnalisation de niche.<\/p>","protected":false},"featured_media":896,"template":"","meta":{"_kad_post_transparent":"default","_kad_post_title":"","_kad_post_layout":"default","_kad_post_sidebar_id":"","_kad_post_content_style":"default","_kad_post_vertical_padding":"default","_kad_post_feature":"","_kad_post_feature_position":"","_kad_post_header":false,"_kad_post_footer":false,"_kad_post_classname":""},"product_brand":[],"product_cat":[15,27,17],"product_tag":[339,340,338],"class_list":{"0":"post-894","1":"product","2":"type-product","3":"status-publish","4":"has-post-thumbnail","6":"product_cat-red-light-therapy","7":"product_cat-red-light-therapy-belt","8":"product_cat-services","9":"product_tag-bespoke-live-resin-gift-box","10":"product_tag-clamshell-gift-box-for-concentrate","11":"product_tag-gift-box-for-1-gram-concentrate","13":"first","14":"instock","15":"shipping-taxable","16":"product-type-simple","17":"entry","18":"content-bg","19":"loop-entry"},"_links":{"self":[{"href":"https:\/\/red-lighttherapy.com\/fr_fr\/wp-json\/wp\/v2\/product\/894","targetHints":{"allow":["GET"]}}],"collection":[{"href":"https:\/\/red-lighttherapy.com\/fr_fr\/wp-json\/wp\/v2\/product"}],"about":[{"href":"https:\/\/red-lighttherapy.com\/fr_fr\/wp-json\/wp\/v2\/types\/product"}],"wp:featuredmedia":[{"embeddable":true,"href":"https:\/\/red-lighttherapy.com\/fr_fr\/wp-json\/wp\/v2\/media\/896"}],"wp:attachment":[{"href":"https:\/\/red-lighttherapy.com\/fr_fr\/wp-json\/wp\/v2\/media?parent=894"}],"wp:term":[{"taxonomy":"product_brand","embeddable":true,"href":"https:\/\/red-lighttherapy.com\/fr_fr\/wp-json\/wp\/v2\/product_brand?post=894"},{"taxonomy":"product_cat","embeddable":true,"href":"https:\/\/red-lighttherapy.com\/fr_fr\/wp-json\/wp\/v2\/product_cat?post=894"},{"taxonomy":"product_tag","embeddable":true,"href":"https:\/\/red-lighttherapy.com\/fr_fr\/wp-json\/wp\/v2\/product_tag?post=894"}],"curies":[{"name":"wp","href":"https:\/\/api.w.org\/{rel}","templated":true}]}}