{"id":893,"date":"2025-04-15T09:26:53","date_gmt":"2025-04-15T09:26:53","guid":{"rendered":"https:\/\/red-lighttherapy.com\/?post_type=product&#038;p=893"},"modified":"2025-04-16T16:38:38","modified_gmt":"2025-04-16T16:38:38","slug":"customized-clamshell-magnetic-perfume-box-gift-box-sourcing","status":"publish","type":"product","link":"https:\/\/red-lighttherapy.com\/fr_fr\/customized-clamshell-magnetic-perfume-box-gift-box-sourcing\/","title":{"rendered":"Bo\u00eete \u00e0 parfum magn\u00e9tique \u00e0 clapet personnalis\u00e9e Bo\u00eete cadeau Sourcing"},"content":{"rendered":"<h3 id=\"1-material-selection-the-golden-combination-of-coated-paper-and-cardboard-\">1.\u00a0<strong>S\u00e9lection des mat\u00e9riaux : la combinaison id\u00e9ale de papier couch\u00e9 et de carton<\/strong><\/h3>\n<p>Le coffret cadeau utilise\u00a0<strong>papier couch\u00e9<\/strong>\u00a0comme papier de surface. Sa surface est lisse et absorbante. Il peut restituer avec exactitude des motifs de haute pr\u00e9cision et des effets de d\u00e9grad\u00e9 d\u00e9licats. Il est particuli\u00e8rement adapt\u00e9 aux dessins pr\u00e9sentant des textures m\u00e9talliques ou des niveaux d'ombre et de lumi\u00e8re.\u00a0<strong>Carton simple face 1200g<\/strong>\u00a0est utilis\u00e9 pour le fond. L'\u00e9paisseur et la capacit\u00e9 de charge sont strictement mesur\u00e9es pour garantir que le corps de la bo\u00eete est stable et ne se d\u00e9forme pas facilement. Parall\u00e8lement, la conception de la structure interne (telle que le rembourrage en carton alv\u00e9ol\u00e9) est utilis\u00e9e pour am\u00e9liorer la fixation du parfum afin d'\u00e9viter les dommages caus\u00e9s par les secousses pendant le transport.<\/p>\n<h3 id=\"2-appearance-design-deep-purple-tone-and-four-color-spot-color-technology-fusion-\">2.\u00a0<strong>Conception esth\u00e9tique : ton violet profond et fusion de la technologie des quatre couleurs et des couleurs d'accompagnement.<\/strong><\/h3>\n<p>La couleur de base utilise\u00a0<strong>violet fonc\u00e9<\/strong>qui symbolise l'\u00e9l\u00e9gance et le myst\u00e8re, et correspond au positionnement haut de gamme des produits de parfumerie.\u00a0<strong>Impression en quadrichromie (CMYK)<\/strong>\u00a0est utilis\u00e9 pour obtenir une couverture de couleur de base, et\u00a0<strong>impression en tons directs<\/strong>\u00a0(comme la carte de couleurs Pantone) est superpos\u00e9e pour mettre en \u00e9vidence le LOGO de la marque ou une texture sp\u00e9ciale afin de garantir la saturation et la coh\u00e9rence des couleurs. Par exemple, la partie LOGO adopte le processus de couleur sp\u00e9ciale de marquage \u00e0 chaud pour former un point de mire visuel sur le fond mat, et le style g\u00e9n\u00e9ral est \u00e0 la fois simple et luxueux.<\/p>\n<h3 id=\"3-surface-treatment-matt-film-process-improves-practicality-and-protection-\">3.\u00a0<strong>Traitement de surface : Le proc\u00e9d\u00e9 du film mat am\u00e9liore la praticit\u00e9 et la protection<\/strong><\/h3>\n<p>La surface de la bo\u00eete est recouverte de\u00a0<strong>film mat<\/strong>La surface est recouverte d'un film mat pour former une surface mate de haute qualit\u00e9. La surface est recouverte d'un film mat pour former une surface mate de haute qualit\u00e9, qui peut \u00e9viter l'interf\u00e9rence des reflets, et en m\u00eame temps pr\u00e9venir l'\u00e9rosion due \u00e0 l'humidit\u00e9, \u00e0 l'huile et \u00e0 l'alcool, et prolonger la dur\u00e9e de vie de la bo\u00eete \u00e0 cadeaux.<\/p>\n<h3 id=\"4-structural-design-the-convenience-and-aesthetic-balance-of-the-top-and-bottom-box-flap-\">4.\u00a0<strong>Conception structurelle : la commodit\u00e9 et l'\u00e9quilibre esth\u00e9tique du rabat de la bo\u00eete sup\u00e9rieure et de la bo\u00eete inf\u00e9rieure.<\/strong><\/h3>\n<p>Adopter la\u00a0<strong>structure de la bo\u00eete \u00e0 rabats sup\u00e9rieure et inf\u00e9rieure<\/strong>La bo\u00eete sup\u00e9rieure et la bo\u00eete inf\u00e9rieure sont ferm\u00e9es par la structure d'aspiration magn\u00e9tique, et l'angle d'ouverture et de fermeture peut atteindre 180\u00b0, ce qui facilite la prise et la mise en place du parfum. Le rapport entre le couvercle et le corps de la bo\u00eete a \u00e9t\u00e9 optimis\u00e9 sur le plan ergonomique et peut \u00eatre ouvert et ferm\u00e9 d'une seule main, ce qui est simple et rapide et permet d'\u00e9conomiser du temps.<\/p>\n<h3 id=\"5-personalized-customization-flexibly-adapt-to-brand-creative-needs-\">5.\u00a0<strong>Personnalisation : adaptation souple aux besoins cr\u00e9atifs de la marque<\/strong><\/h3>\n<p>La surface de la bo\u00eete supporte\u00a0<strong>impression en pleine largeur<\/strong>et peuvent personnaliser des motifs, des textes et des histoires de marque. Par exemple, la technologie d'impression num\u00e9rique peut \u00eatre utilis\u00e9e pour produire des lots de petite taille avec une grande pr\u00e9cision, ou les processus de gaufrage et d'estampage \u00e0 chaud peuvent \u00eatre combin\u00e9s pour am\u00e9liorer le niveau tactile. Les clients peuvent fournir des \u00e9bauches de conception ou confier \u00e0 des \u00e9quipes professionnelles la r\u00e9alisation de conceptions cr\u00e9atives afin de s'assurer que le coffret cadeau transmet la valeur de la marque, de l'apparence au contenu.<\/p>\n<h3 id=\"6-box-type-adaptation-flexibility-of-multi-scenario-applications-\">6.\u00a0<strong>Adaptation du type de bo\u00eete : flexibilit\u00e9 des applications multi-sc\u00e9narios<\/strong><\/h3>\n<p>En plus des bo\u00eetes sup\u00e9rieures et inf\u00e9rieures standard,\u00a0<strong>type de tiroir, type de pliage, type de boucle magn\u00e9tique<\/strong>\u00a0et d'autres types de bo\u00eetes diversifi\u00e9es sont disponibles. Par exemple, la ligne haut de gamme peut utiliser une structure d'embo\u00eetement \u00e0 double couche pour renforcer l'impression de myst\u00e8re, tandis que l'\u00e9dition limit\u00e9e peut \u00eatre int\u00e9gr\u00e9e \u00e0 une doublure d\u00e9tachable ou \u00e0 un dispositif de test de parfum pour renforcer l'exp\u00e9rience interactive. Tous les types de bo\u00eetes ont pass\u00e9 les tests de r\u00e9sistance \u00e0 la chute et \u00e0 la pression pour garantir la s\u00e9curit\u00e9 du transport.<\/p>\n<h3 id=\"7-capacity-guarantee-full-process-quality-control-of-5320-workshop-\">7.\u00a0<strong>Garantie de capacit\u00e9 : contr\u00f4le de qualit\u00e9 de l'ensemble du processus de l'atelier 5320\u33a1.<\/strong><\/h3>\n<p>Nous avons notre propre\u00a0<strong>5320 m\u00e8tres carr\u00e9s de base de production intelligente<\/strong>L'entreprise est dot\u00e9e d'\u00e9quipements de pointe tels que des machines d'impression Heidelberg \u00e0 six couleurs et des machines de d\u00e9coupe enti\u00e8rement automatiques, ce qui lui permet de contr\u00f4ler l'ensemble du processus, de la conception \u00e0 la livraison. L'entreprise respecte strictement le syst\u00e8me de gestion de la qualit\u00e9 ISO, avec une capacit\u00e9 de production quotidienne de plus de 30 000 pi\u00e8ces, et les commandes urgentes peuvent \u00eatre livr\u00e9es en 7 jours. Le syst\u00e8me de gestion num\u00e9rique contr\u00f4le la temp\u00e9rature, l'humidit\u00e9, la concentration d'encre et d'autres param\u00e8tres en temps r\u00e9el afin de garantir l'homog\u00e9n\u00e9it\u00e9 des produits.<\/p>","protected":false},"excerpt":{"rendered":"<p>Ce coffret cadeau est une innovation collaborative en mati\u00e8re de mat\u00e9riaux, d'artisanat et de design, qui tient compte de la fonctionnalit\u00e9, de l'esth\u00e9tique et de la tonalit\u00e9 de la marque. Il convient aux parfums haut de gamme, aux coffrets cadeaux pour les f\u00eates ou aux produits communs \u00e0 tirage limit\u00e9. Gr\u00e2ce \u00e0 une cha\u00eene d'approvisionnement flexible et \u00e0 un contr\u00f4le de qualit\u00e9 strict, il offre aux clients des solutions personnalis\u00e9es efficaces et fiables.<\/p>","protected":false},"featured_media":920,"template":"","meta":{"_kad_post_transparent":"default","_kad_post_title":"","_kad_post_layout":"default","_kad_post_sidebar_id":"","_kad_post_content_style":"default","_kad_post_vertical_padding":"default","_kad_post_feature":"","_kad_post_feature_position":"","_kad_post_header":false,"_kad_post_footer":false,"_kad_post_classname":""},"product_brand":[],"product_cat":[15,27,17],"product_tag":[341,342,343],"class_list":{"0":"post-893","1":"product","2":"type-product","3":"status-publish","4":"has-post-thumbnail","6":"product_cat-red-light-therapy","7":"product_cat-red-light-therapy-belt","8":"product_cat-services","9":"product_tag-customized-clamshell-box","10":"product_tag-magnetic-perfume-box","11":"product_tag-perfume-gift-box-sourcing","13":"first","14":"instock","15":"shipping-taxable","16":"product-type-simple","17":"entry","18":"content-bg","19":"loop-entry"},"_links":{"self":[{"href":"https:\/\/red-lighttherapy.com\/fr_fr\/wp-json\/wp\/v2\/product\/893","targetHints":{"allow":["GET"]}}],"collection":[{"href":"https:\/\/red-lighttherapy.com\/fr_fr\/wp-json\/wp\/v2\/product"}],"about":[{"href":"https:\/\/red-lighttherapy.com\/fr_fr\/wp-json\/wp\/v2\/types\/product"}],"wp:featuredmedia":[{"embeddable":true,"href":"https:\/\/red-lighttherapy.com\/fr_fr\/wp-json\/wp\/v2\/media\/920"}],"wp:attachment":[{"href":"https:\/\/red-lighttherapy.com\/fr_fr\/wp-json\/wp\/v2\/media?parent=893"}],"wp:term":[{"taxonomy":"product_brand","embeddable":true,"href":"https:\/\/red-lighttherapy.com\/fr_fr\/wp-json\/wp\/v2\/product_brand?post=893"},{"taxonomy":"product_cat","embeddable":true,"href":"https:\/\/red-lighttherapy.com\/fr_fr\/wp-json\/wp\/v2\/product_cat?post=893"},{"taxonomy":"product_tag","embeddable":true,"href":"https:\/\/red-lighttherapy.com\/fr_fr\/wp-json\/wp\/v2\/product_tag?post=893"}],"curies":[{"name":"wp","href":"https:\/\/api.w.org\/{rel}","templated":true}]}}