{"id":877,"date":"2025-04-15T07:02:12","date_gmt":"2025-04-15T07:02:12","guid":{"rendered":"https:\/\/red-lighttherapy.com\/?post_type=product&#038;p=877"},"modified":"2025-04-20T06:04:31","modified_gmt":"2025-04-20T06:04:31","slug":"distributing-magnetic-lid-rigid-box-for-vip-membership-card","status":"publish","type":"product","link":"https:\/\/red-lighttherapy.com\/fr_fr\/distributing-magnetic-lid-rigid-box-for-vip-membership-card\/","title":{"rendered":"Distribuer Bo\u00eete rigide \u00e0 couvercle magn\u00e9tique pour carte de membre VIP"},"content":{"rendered":"<h2 id=\"product-description-of-vip-member-card-magnetic-cover-hard-box-for-distribution\">Description du produit Carte de membre VIP Couvercle magn\u00e9tique Bo\u00eete rigide pour la distribution<\/h2>\n<h2>1.\u00a0<strong>Magn\u00e9tique <\/strong>Couvercle <strong>Type de bo\u00eete : Double am\u00e9lioration de l'utilisation \u00e0 une main et de la perception de la qualit\u00e9<\/strong><\/h2>\n<ul>\n<li><strong>Adsorption magn\u00e9tique de pr\u00e9cision<\/strong>: Adoptant une structure d'aspiration magn\u00e9tique de haute pr\u00e9cision, le couvercle de la bo\u00eete peut \u00eatre ouvert et ferm\u00e9 d'une simple pression, et un \"clic\" net se fait entendre lorsqu'il est ferm\u00e9, ce qui am\u00e9liore la perception intuitive de la qualit\u00e9 par l'utilisateur.<\/li>\n<li><strong>Garantie de durabilit\u00e9<\/strong>: La composante magn\u00e9tique de l'aspiration a \u00e9t\u00e9 test\u00e9e des milliers de fois pour l'ouverture et la fermeture sans att\u00e9nuation, ce qui garantit une stabilit\u00e9 \u00e0 long terme.<\/li>\n<\/ul>\n<h2 id=\"2-display-stand-design-enjoy-the-sense-of-ceremony-as-soon-as-you-open-the-box-\">2.\u00a0<strong>Conception du pr\u00e9sentoir : Profitez du sentiment de c\u00e9r\u00e9monie d\u00e8s l'ouverture de la bo\u00eete<\/strong><\/h2>\n<ul>\n<li><strong>Fonction d'affichage multi-angle<\/strong>: Une fois la bo\u00eete d\u00e9pli\u00e9e, un pr\u00e9sentoir inclin\u00e9 \u00e0 30\u00b0 est form\u00e9, ce qui permet de pr\u00e9senter intuitivement le LOGO marqu\u00e9 \u00e0 chaud ou le processus de gaufrage de la carte VIP, renfor\u00e7ant ainsi le sentiment de dignit\u00e9 et de c\u00e9r\u00e9monie lors de l'ouverture de la bo\u00eete.<\/li>\n<li><strong>Structure de la glissi\u00e8re (en option)<\/strong>: La conception de la glissi\u00e8re de type tiroir am\u00e9liore encore la fluidit\u00e9 du fonctionnement, ce qui r\u00e9pond aux besoins d'efficacit\u00e9 des sc\u00e9narios d'entreprise.<\/li>\n<\/ul>\n<h2 id=\"3-visual-presentation-luxury-aesthetic-language-\">3.\u00a0<strong>Pr\u00e9sentation visuelle : langage esth\u00e9tique du luxe<\/strong><\/h2>\n<ul>\n<li><strong>Couleur principale et ex\u00e9cution<\/strong>: Le corps de la bo\u00eete est blanc mat, avec un marquage partiel \u00e0 chaud\/argent\u00e9, tel que le logo de la marque, le motif du cadre, etc.<\/li>\n<li><strong>S\u00e9lection des mat\u00e9riaux<\/strong>: PVC givr\u00e9, carton nacr\u00e9 ou acrylique respectueux de l'environnement, au toucher d\u00e9licat, r\u00e9sistant aux rayures et \u00e0 l'usure.<\/li>\n<\/ul>\n<h2 id=\"4-inner-lining-design-precise-storage-and-protection-\">4.\u00a0<strong>Conception de la doublure int\u00e9rieure : rangement et protection pr\u00e9cis<\/strong><\/h2>\n<ul>\n<li><strong>Fente pour carte personnalis\u00e9e<\/strong>: La doublure int\u00e9rieure est en \u00e9ponge EVA haute densit\u00e9 ou en flanelle. Elle s'adapte parfaitement \u00e0 la taille des cartes simples\/multiples et est r\u00e9sistante aux chocs et \u00e0 l'usure.<\/li>\n<li><strong>Cloison multifonctionnelle<\/strong>: Des compartiments ind\u00e9pendants peuvent \u00eatre ajout\u00e9s, compatibles avec les cartes de visite, les manuels ou les petits cadeaux, pour r\u00e9pondre aux besoins des sc\u00e8nes de cadeaux d'affaires.<\/li>\n<\/ul>\n<h2 id=\"5-quality-control-standards-strict-scene-adaptability-\">5.\u00a0<strong>Normes de contr\u00f4le de la qualit\u00e9 : strictes adaptabilit\u00e9 de la sc\u00e8ne<\/strong><\/h2>\n<ul>\n<li><strong>Tol\u00e9rance environnementale<\/strong>: Les tests d'ignifugation, de r\u00e9sistance \u00e0 l'humidit\u00e9 et de vieillissement anti-UV ont \u00e9t\u00e9 pass\u00e9s avec succ\u00e8s et les normes d'entreposage et de transport sont celles d'une banque.<\/li>\n<li><strong>D\u00e9tails technologiques<\/strong>: Le bord du corps de la bo\u00eete adopte une technologie de chanfreinage arrondi pour \u00e9viter les rayures.<\/li>\n<\/ul>\n<h2 id=\"-unlimited-customization-service-\"><strong>6. Service de personnalisation illimit\u00e9<\/strong><\/h2>\n<ul>\n<li><strong>Adaptation souple des processus<\/strong>: Elle permet le marquage \u00e0 chaud\/argent, le gaufrage UV, l'impression laser en couleur, la gravure laser et d'autres proc\u00e9d\u00e9s, et peut simultan\u00e9ment personnaliser le LOGO, le num\u00e9ro, le nom du client et d'autres informations personnalis\u00e9es.<\/li>\n<li><strong>Expansion de la taille et de la structure<\/strong>: Compatible avec les cartes standard de 0,76 mm \u00e0 1,2 mm d'\u00e9paisseur, il peut \u00eatre \u00e9tendu aux bo\u00eetes magn\u00e9tiques \u00e0 double couche, aux bo\u00eetes-cadeaux pliantes et \u00e0 d'autres formes, et s'adapter aux cartes de forme sp\u00e9ciale et aux besoins de combinaison de plusieurs cartes.<\/li>\n<li><strong>Garantie de livraison par lots<\/strong>: La commande minimale est de 500 pi\u00e8ces, la livraison est extr\u00eamement rapide (7 \u00e0 14 jours) et des services de confirmation des \u00e9chantillons de couleurs, d'\u00e9preuvage et de r\u00e9vision sont propos\u00e9s tout au long du processus.<\/li>\n<\/ul>\n<h2 id=\"-applicable-scenario-examples-\"><strong>7. Exemples de sc\u00e9narios applicables<\/strong><\/h2>\n<ul>\n<li><strong>Clients de banques priv\u00e9es<\/strong>: Avec les cartes d'or noir et les cartes de diamant, renforcer \"l'identit\u00e9 exclusive des utilisateurs fortun\u00e9s\".<\/li>\n<li><strong>Syst\u00e8me d'adh\u00e9sion haut de gamme<\/strong>: Ce coffret cadeau annuel est accompagn\u00e9 d'un manuel des droits d'adh\u00e9sion et de cartes personnalis\u00e9es pour renforcer la fid\u00e9lit\u00e9 \u00e0 la marque.<\/li>\n<li><strong>Jeu de cartes de visite<\/strong>: Int\u00e9grer des cartes de visite en m\u00e9tal et des bo\u00eetes magn\u00e9tiques pour cr\u00e9er un double point de m\u00e9moire \"toucher + vision\".<\/li>\n<\/ul>","protected":false},"excerpt":{"rendered":"<p>Cette bo\u00eete rigide \u00e0 couvercle magn\u00e9tique est sp\u00e9cialement con\u00e7ue pour les cartes VIP, les cartes de cr\u00e9dit, les cartes bancaires et les cartes de visite haut de gamme. Elle associe un savoir-faire de luxe \u00e0 des fonctions humanis\u00e9es. Avec une ouverture et une fermeture magn\u00e9tiques, un design de pr\u00e9sentoir et un marquage \u00e0 chaud, il s'adapte parfaitement aux besoins des banques, des banques priv\u00e9es, des syst\u00e8mes d'adh\u00e9sion haut de gamme et d'autres sc\u00e9narios, remodelant ainsi l'exp\u00e9rience noble et la valeur de la marque.<\/p>","protected":false},"featured_media":887,"template":"","meta":{"_kad_post_transparent":"default","_kad_post_title":"","_kad_post_layout":"default","_kad_post_sidebar_id":"","_kad_post_content_style":"default","_kad_post_vertical_padding":"default","_kad_post_feature":"","_kad_post_feature_position":"","_kad_post_header":false,"_kad_post_footer":false,"_kad_post_classname":""},"product_brand":[],"product_cat":[15,27,17],"product_tag":[334,333,332],"class_list":{"0":"post-877","1":"product","2":"type-product","3":"status-publish","4":"has-post-thumbnail","6":"product_cat-red-light-therapy","7":"product_cat-red-light-therapy-belt","8":"product_cat-services","9":"product_tag-custom-vip-membership-card-box","10":"product_tag-magnetic-lid-vip-membership-box","11":"product_tag-rigid-box-for-vip-card","13":"first","14":"instock","15":"shipping-taxable","16":"product-type-simple","17":"entry","18":"content-bg","19":"loop-entry"},"_links":{"self":[{"href":"https:\/\/red-lighttherapy.com\/fr_fr\/wp-json\/wp\/v2\/product\/877","targetHints":{"allow":["GET"]}}],"collection":[{"href":"https:\/\/red-lighttherapy.com\/fr_fr\/wp-json\/wp\/v2\/product"}],"about":[{"href":"https:\/\/red-lighttherapy.com\/fr_fr\/wp-json\/wp\/v2\/types\/product"}],"wp:featuredmedia":[{"embeddable":true,"href":"https:\/\/red-lighttherapy.com\/fr_fr\/wp-json\/wp\/v2\/media\/887"}],"wp:attachment":[{"href":"https:\/\/red-lighttherapy.com\/fr_fr\/wp-json\/wp\/v2\/media?parent=877"}],"wp:term":[{"taxonomy":"product_brand","embeddable":true,"href":"https:\/\/red-lighttherapy.com\/fr_fr\/wp-json\/wp\/v2\/product_brand?post=877"},{"taxonomy":"product_cat","embeddable":true,"href":"https:\/\/red-lighttherapy.com\/fr_fr\/wp-json\/wp\/v2\/product_cat?post=877"},{"taxonomy":"product_tag","embeddable":true,"href":"https:\/\/red-lighttherapy.com\/fr_fr\/wp-json\/wp\/v2\/product_tag?post=877"}],"curies":[{"name":"wp","href":"https:\/\/api.w.org\/{rel}","templated":true}]}}