{"id":871,"date":"2025-04-15T06:50:34","date_gmt":"2025-04-15T06:50:34","guid":{"rendered":"https:\/\/red-lighttherapy.com\/?post_type=product&#038;p=871"},"modified":"2025-04-15T07:42:52","modified_gmt":"2025-04-15T07:42:52","slug":"satin-lined-magnetic-closure-box-wigs-hair-extension-online","status":"publish","type":"product","link":"https:\/\/red-lighttherapy.com\/fr_fr\/satin-lined-magnetic-closure-box-wigs-hair-extension-online\/","title":{"rendered":"Satin Lined Magnetic Closure Box Wigs Hair Extension Online"},"content":{"rendered":"<h2 id=\"-satin-magnetic-buckle-wig-hair-extension-magnetic-box-product-description-\"><strong>Satin Magnetic Closure Wig Hair Extension Magnetic Box Description du produit<\/strong><\/h2>\n<h2 id=\"1-magnetic-box-design-quiet-and-convenient-\">1.\u00a0<strong>Conception de la bo\u00eete \u00e0 fermeture magn\u00e9tique, silencieuse et pratique<\/strong><\/h2>\n<p>La technologie innovante de la boucle magn\u00e9tique silencieuse permet une ouverture et une fermeture faciles d'une seule main, ce qui r\u00e9sout compl\u00e8tement les probl\u00e8mes pos\u00e9s par les boucles traditionnelles, qui sont faciles \u00e0 porter et encombrantes \u00e0 utiliser. La structure magn\u00e9tique a \u00e9t\u00e9 test\u00e9e avec pr\u00e9cision pour s'assurer qu'elle conserve une force d'adsorption stable en cas d'utilisation \u00e0 haute fr\u00e9quence. Elle convient aux sc\u00e9narios d'utilisation quotidienne des perruques et des produits d'extension capillaire, ce qui am\u00e9liore consid\u00e9rablement l'exp\u00e9rience de l'utilisateur et l'efficacit\u00e9 du service de la marque.<\/p>\n<h2 id=\"2-hot-stamping-process-and-three-dimensional-pattern-\">2.\u00a0<strong>Processus de marquage \u00e0 chaud et motif tridimensionnel<\/strong><\/h2>\n<p>La surface de la bo\u00eete utilise une technologie de marquage \u00e0 chaud de haute pr\u00e9cision pour pr\u00e9senter le LOGO de la marque ou des motifs tridimensionnels personnalis\u00e9s (tels que des fleurs, des motifs g\u00e9om\u00e9triques, etc.), formant un contraste brillant d\u00e9licat sur le mat\u00e9riau satin\u00e9, renfor\u00e7ant la superposition visuelle et la texture haut de gamme.<\/p>\n<h2 id=\"3-pink-main-color-stimulates-purchasing-desire-\">3.\u00a0<strong>La couleur principale, le rose, stimule le d\u00e9sir d'achat<\/strong><\/h2>\n<p>Le corps de la bo\u00eete est principalement en rose tendre, associ\u00e9 \u00e0 une touche de satin mat, v\u00e9hiculant \u00e9l\u00e9gance et f\u00e9minit\u00e9, correspondant pr\u00e9cis\u00e9ment aux pr\u00e9f\u00e9rences esth\u00e9tiques des consommatrices et stimulant les achats impulsifs.<\/p>\n<h2 id=\"4-replaceable-ribbon-accessory-design-\">4.\u00a0<strong>Conception d'accessoires \u00e0 ruban rempla\u00e7able<\/strong><\/h2>\n<p>Les rubans de satin standard de la m\u00eame couleur permettent de remplacer les accessoires \u00e0 th\u00e8me saisonnier (tels que les rubans brod\u00e9s limit\u00e9s aux f\u00eates, les pendentifs d\u00e9tachables), sans qu'il soit n\u00e9cessaire de remplacer l'ensemble de la bo\u00eete d'emballage, ce qui r\u00e9duit consid\u00e9rablement les co\u00fbts d'it\u00e9ration. Les clients peuvent personnaliser le texte et la couleur du ruban pour r\u00e9pondre aux besoins des activit\u00e9s de marketing.<\/p>\n<h2 id=\"5-eva-impact-resistant-lining-protection-\">5.\u00a0<strong>Doublure EVA r\u00e9sistante aux chocs<\/strong><\/h2>\n<p>La structure en nid d'abeille de la couche tampon en EVA haute densit\u00e9 absorbe les chocs pendant le transport ou la chute afin d'\u00e9viter la d\u00e9formation de la perruque ou l'endommagement des accessoires. La doublure peut \u00eatre retir\u00e9e et nettoy\u00e9e pour prolonger la dur\u00e9e de vie de l'emballage.<\/p>\n<h2 id=\"6-customized-service-and-supply-chain-advantages-\">6.\u00a0<strong>Service personnalis\u00e9 et avantages de la cha\u00eene d'approvisionnement<\/strong><\/h2>\n<ul>\n<li><strong>R\u00e9glage flexible des param\u00e8tres<\/strong>: Possibilit\u00e9 de personnaliser en ligne la taille (adaptable aux cheveux courts et aux ensembles de cheveux longs), la structure de la bo\u00eete (grille\/couche unique), la combinaison des mat\u00e9riaux (cuir recycl\u00e9 respectueux de l'environnement\/papier dur) afin de r\u00e9pondre aux diff\u00e9rents besoins.<\/li>\n<li><strong>Faible quantit\u00e9 minimale de commande<\/strong>: MOQ \u00e0 partir de 500pcs, des commandes de petits lots peuvent \u00e9galement \u00eatre produites pour r\u00e9duire la pression sur les stocks des clients.<\/li>\n<li><strong>Livraison rapide<\/strong>: S'appuyant sur des lignes de production intelligentes, il faut compter 7 \u00e0 15 jours entre la production d'\u00e9chantillons et la production de masse, et coop\u00e9rer avec le r\u00e9seau logistique mondial pour assurer une livraison efficace.<\/li>\n<\/ul>\n<h2 id=\"7-applicable-scenarios-and-brand-value-\">7.\u00a0<strong>Sc\u00e9narios applicables et valeur de la marque<\/strong><\/h2>\n<ul>\n<li><strong>Fin de la consommation<\/strong>: Il peut \u00eatre utilis\u00e9 pour le stockage des perruques personnelles et pour les cadeaux, ce qui renforce le sentiment de c\u00e9r\u00e9monie de d\u00e9ballage des produits ;<\/li>\n<li><strong>Fin d'activit\u00e9<\/strong>: Les salons de beaut\u00e9 et les cha\u00eenes de perruques peuvent renforcer leur image haut de gamme gr\u00e2ce \u00e0 un emballage unifi\u00e9 ;<\/li>\n<li><strong>Concept de protection de l'environnement<\/strong>: Le mat\u00e9riau est certifi\u00e9 FSC, et le ruban et la doublure peuvent \u00eatre r\u00e9utilis\u00e9s, ce qui r\u00e9pond \u00e0 la tendance de la consommation durable.<\/li>\n<\/ul>","protected":false},"excerpt":{"rendered":"<p>Boucle magn\u00e9tique silencieuse permettant une ouverture et une fermeture d'une seule main, \u00e9vitant ainsi le probl\u00e8me de l'usure des boucles traditionnelles. Elle convient \u00e0 l'ouverture et \u00e0 la fermeture \u00e0 haute fr\u00e9quence des perruques et des cheveux, am\u00e9liorant ainsi l'exp\u00e9rience de l'utilisateur et l'efficacit\u00e9 du service de la marque.<\/p>","protected":false},"featured_media":872,"template":"","meta":{"_kad_post_transparent":"default","_kad_post_title":"","_kad_post_layout":"default","_kad_post_sidebar_id":"","_kad_post_content_style":"default","_kad_post_vertical_padding":"default","_kad_post_feature":"","_kad_post_feature_position":"","_kad_post_header":false,"_kad_post_footer":false,"_kad_post_classname":""},"product_brand":[],"product_cat":[15,27,17],"product_tag":[330,322,331],"class_list":{"0":"post-871","1":"product","2":"type-product","3":"status-publish","4":"has-post-thumbnail","6":"product_cat-red-light-therapy","7":"product_cat-red-light-therapy-belt","8":"product_cat-services","9":"product_tag-hair-extension-box","10":"product_tag-magnetic-closure-box-for-wigs","11":"product_tag-wigs-hair-extension-rigid-box-online","13":"first","14":"instock","15":"shipping-taxable","16":"product-type-simple","17":"entry","18":"content-bg","19":"loop-entry"},"_links":{"self":[{"href":"https:\/\/red-lighttherapy.com\/fr_fr\/wp-json\/wp\/v2\/product\/871","targetHints":{"allow":["GET"]}}],"collection":[{"href":"https:\/\/red-lighttherapy.com\/fr_fr\/wp-json\/wp\/v2\/product"}],"about":[{"href":"https:\/\/red-lighttherapy.com\/fr_fr\/wp-json\/wp\/v2\/types\/product"}],"wp:featuredmedia":[{"embeddable":true,"href":"https:\/\/red-lighttherapy.com\/fr_fr\/wp-json\/wp\/v2\/media\/872"}],"wp:attachment":[{"href":"https:\/\/red-lighttherapy.com\/fr_fr\/wp-json\/wp\/v2\/media?parent=871"}],"wp:term":[{"taxonomy":"product_brand","embeddable":true,"href":"https:\/\/red-lighttherapy.com\/fr_fr\/wp-json\/wp\/v2\/product_brand?post=871"},{"taxonomy":"product_cat","embeddable":true,"href":"https:\/\/red-lighttherapy.com\/fr_fr\/wp-json\/wp\/v2\/product_cat?post=871"},{"taxonomy":"product_tag","embeddable":true,"href":"https:\/\/red-lighttherapy.com\/fr_fr\/wp-json\/wp\/v2\/product_tag?post=871"}],"curies":[{"name":"wp","href":"https:\/\/api.w.org\/{rel}","templated":true}]}}