{"id":859,"date":"2025-04-15T06:21:33","date_gmt":"2025-04-15T06:21:33","guid":{"rendered":"https:\/\/red-lighttherapy.com\/?post_type=product&#038;p=859"},"modified":"2025-04-15T07:43:45","modified_gmt":"2025-04-15T07:43:45","slug":"distribute-magnetic-lid-rigid-box-for-lipstick-mini-perfume","status":"publish","type":"product","link":"https:\/\/red-lighttherapy.com\/fr_fr\/distribute-magnetic-lid-rigid-box-for-lipstick-mini-perfume\/","title":{"rendered":"Distribuer Bo\u00eete Rigide \u00e0 Couvercle Magn\u00e9tique pour Rouge \u00e0 L\u00e8vres Mini Parfum"},"content":{"rendered":"<h2 id=\"-product-description-of-magnetic-lid-lipstick-mini-perfume-hard-box-\"><strong>Description du produit Lipstick Mini Perfume Rigid Box \u00e0 couvercle magn\u00e9tique<\/strong><\/h2>\n<h2 id=\"-1-magnetic-lid-design-easy-and-stable-opening-and-closing-\"><strong>1. Couvercle magn\u00e9tique, ouverture et fermeture faciles et stables<\/strong><\/h2>\n<p>Adoptant une structure magn\u00e9tique \u00e0 haute r\u00e9sistance, le couvercle et le corps de la bo\u00eete sont parfaitement reli\u00e9s par des composants magn\u00e9tiques de pr\u00e9cision. L'ouverture et la fermeture se font en douceur et sont fermement absorb\u00e9es apr\u00e8s la fermeture, et la bo\u00eete reste bien ajust\u00e9e m\u00eame apr\u00e8s une utilisation r\u00e9p\u00e9t\u00e9e, sans risque de se desserrer. La force magn\u00e9tique peut \u00eatre personnalis\u00e9e en fonction des exigences de la marque pour s'adapter \u00e0 des contenus de tailles et de poids diff\u00e9rents et garantir la s\u00e9curit\u00e9 pendant le transport et l'utilisation quotidienne.<\/p>\n<h2 id=\"-2-modern-and-simple-box-shape-with-neat-lines-\"><strong>2. Bo\u00eete moderne et simple avec des lignes nettes<\/strong><\/h2>\n<p>Le corps de la bo\u00eete est bas\u00e9 sur une forme g\u00e9om\u00e9trique tridimensionnelle et pr\u00e9sente une esth\u00e9tique industrielle moderne gr\u00e2ce \u00e0 des lignes minimalistes et \u00e0 une conception de surface pli\u00e9e \u00e0 angle droit. Le papier couch\u00e9 conf\u00e8re \u00e0 la caisse un poids l\u00e9ger, tout en offrant une excellente capacit\u00e9 de charge, en tenant compte de la protection de l'environnement et de l'aspect pratique.<\/p>\n<h2 id=\"-3-high-precision-craftsmanship-details-highlight-quality-\"><strong>3. Artisanat de haute pr\u00e9cision, les d\u00e9tails mettent en valeur la qualit\u00e9<\/strong><\/h2>\n<p>Le corps de la bo\u00eete adopte une technologie de d\u00e9coupe et d'indentation au laser, les coutures sont plates et sans bavures, les coins sont nets et non d\u00e9form\u00e9s, ce qui garantit la rectitude et la stabilit\u00e9 de la forme de la bo\u00eete. La doublure est une \u00e9ponge noire \u00e9cologique de haute densit\u00e9, dont les rainures s'adaptent pr\u00e9cis\u00e9ment \u00e0 la forme du rouge \u00e0 l\u00e8vres ou de l'\u00e9chantillon de parfum. Elle fixe fermement le contenu, amortit et r\u00e9siste aux chocs, et \u00e9vite les dommages caus\u00e9s par les secousses pendant le transport.<\/p>\n<h2 id=\"-4-two-color-collision-design-to-enhance-brand-recognition-\"><strong>4. Collision en deux couleurs pour une meilleure reconnaissance de la marque<\/strong><\/h2>\n<ul>\n<li><strong>Conception externe<\/strong>: Le couvercle de la bo\u00eete est recouvert d'un rev\u00eatement UV noir mat, d\u00e9licat au toucher et anti-traces de doigts, qui pr\u00e9sente une texture luxueuse et discr\u00e8te.<\/li>\n<li><strong>Points forts de l'int\u00e9rieur et de la caisse<\/strong>: Les c\u00f4t\u00e9s et l'int\u00e9rieur de la bo\u00eete sont recouverts d'un rev\u00eatement vert brillant, avec une saturation de plus de 95%, formant un fort contraste visuel avec le noir mat, mettant en \u00e9vidence la couleur principale de la marque et renfor\u00e7ant les points de m\u00e9morisation des consommateurs.<\/li>\n<\/ul>\n<h2 id=\"-5-flexible-customization-to-meet-brand-needs-\"><strong>5. Personnalisation flexible pour r\u00e9pondre aux besoins de la marque<\/strong><\/h2>\n<ul>\n<li><strong>Taille et structure<\/strong>: La bo\u00eete peut \u00eatre personnalis\u00e9e en fonction de diverses sp\u00e9cifications, telles qu'un mini rouge \u00e0 l\u00e8vres (diam\u00e8tre de 1,5 \u00e0 2 cm) ou des \u00e9chantillons de parfum (hauteur de 5 \u00e0 8 cm), et le corps de la bo\u00eete peut \u00eatre con\u00e7u comme une structure de cloisonnement \u00e0 une ou plusieurs couches.<\/li>\n<li><strong>Mise \u00e0 niveau technologique<\/strong>: En option : gaufrage du logo, marquage \u00e0 chaud or\/argent ou motif UV local pour renforcer l'exclusivit\u00e9 de la marque.<\/li>\n<li><strong>Certification environnementale<\/strong>: Le papier couch\u00e9 est conforme \u00e0 la certification de gestion foresti\u00e8re FSC, et le rev\u00eatement mat a pass\u00e9 le test de protection environnementale REACH, ce qui est non toxique et inoffensif.<\/li>\n<\/ul>\n<h2 id=\"-applicable-scenarios-\"><strong>Sc\u00e9narios applicables<\/strong><\/h2>\n<p>Con\u00e7u pour les produits de luxe l\u00e9gers tels que les cosm\u00e9tiques haut de gamme, les \u00e9chantillons de parfum, les accessoires de bijouterie, etc., il convient aux comptoirs hors ligne des marques, aux coffrets cadeaux du commerce \u00e9lectronique et \u00e0 l'emballage des produits en \u00e9dition limit\u00e9e, alliant beaut\u00e9 de l'affichage et protection pratique.<\/p>","protected":false},"excerpt":{"rendered":"<p>Gr\u00e2ce \u00e0 la commodit\u00e9 de la fermeture magn\u00e9tique, aux mat\u00e9riaux respectueux de l'environnement et \u00e0 l'impact visuel, la diff\u00e9renciation de la marque est cr\u00e9\u00e9e par des d\u00e9tails artisanaux et des contrastes de couleurs, tout en tenant compte des concepts de protection et de durabilit\u00e9, ce qui permet aux produits de se d\u00e9marquer sur le march\u00e9 des terminaux.<\/p>","protected":false},"featured_media":860,"template":"","meta":{"_kad_post_transparent":"default","_kad_post_title":"","_kad_post_layout":"default","_kad_post_sidebar_id":"","_kad_post_content_style":"default","_kad_post_vertical_padding":"default","_kad_post_feature":"","_kad_post_feature_position":"","_kad_post_header":false,"_kad_post_footer":false,"_kad_post_classname":""},"product_brand":[],"product_cat":[15,28,27,17],"product_tag":[326,324,325],"class_list":{"0":"post-859","1":"product","2":"type-product","3":"status-publish","4":"has-post-thumbnail","6":"product_cat-red-light-therapy","7":"product_cat-customize","8":"product_cat-red-light-therapy-belt","9":"product_cat-services","10":"product_tag-distribute-custom-lipstick-mini-perfume-boxes","11":"product_tag-magnetic-lid-lipstick-box","12":"product_tag-rigid-box-for-perfume","14":"first","15":"instock","16":"shipping-taxable","17":"product-type-simple","18":"entry","19":"content-bg","20":"loop-entry"},"_links":{"self":[{"href":"https:\/\/red-lighttherapy.com\/fr_fr\/wp-json\/wp\/v2\/product\/859","targetHints":{"allow":["GET"]}}],"collection":[{"href":"https:\/\/red-lighttherapy.com\/fr_fr\/wp-json\/wp\/v2\/product"}],"about":[{"href":"https:\/\/red-lighttherapy.com\/fr_fr\/wp-json\/wp\/v2\/types\/product"}],"wp:featuredmedia":[{"embeddable":true,"href":"https:\/\/red-lighttherapy.com\/fr_fr\/wp-json\/wp\/v2\/media\/860"}],"wp:attachment":[{"href":"https:\/\/red-lighttherapy.com\/fr_fr\/wp-json\/wp\/v2\/media?parent=859"}],"wp:term":[{"taxonomy":"product_brand","embeddable":true,"href":"https:\/\/red-lighttherapy.com\/fr_fr\/wp-json\/wp\/v2\/product_brand?post=859"},{"taxonomy":"product_cat","embeddable":true,"href":"https:\/\/red-lighttherapy.com\/fr_fr\/wp-json\/wp\/v2\/product_cat?post=859"},{"taxonomy":"product_tag","embeddable":true,"href":"https:\/\/red-lighttherapy.com\/fr_fr\/wp-json\/wp\/v2\/product_tag?post=859"}],"curies":[{"name":"wp","href":"https:\/\/api.w.org\/{rel}","templated":true}]}}