{"id":853,"date":"2025-04-15T06:10:00","date_gmt":"2025-04-15T06:10:00","guid":{"rendered":"https:\/\/red-lighttherapy.com\/?post_type=product&#038;p=853"},"modified":"2025-04-15T07:44:04","modified_gmt":"2025-04-15T07:44:04","slug":"luxury-brand-manufacturer-magnetic-closure-box-for-hair-wigs","status":"publish","type":"product","link":"https:\/\/red-lighttherapy.com\/fr_fr\/luxury-brand-manufacturer-magnetic-closure-box-for-hair-wigs\/","title":{"rendered":"Bo\u00eete de fermeture magn\u00e9tique pour perruques de cheveux de marque de luxe"},"content":{"rendered":"<h2 id=\"-magnetic-luxury-wig-storage-box-product-description-\"><strong>Bo\u00eete \u00e0 perruques de luxe \u00e0 fermeture magn\u00e9tique Description du produit<\/strong><\/h2>\n<h2 id=\"-i-innovative-magnetic-opening-and-closing-system-guarding-exquisite-art-\"><strong>1. Syst\u00e8me magn\u00e9tique innovant d'ouverture et de fermeture, prot\u00e9geant les \u0153uvres d'art exquises.<\/strong><\/h2>\n<p>Adopter\u00a0<strong>conception d'une bo\u00eete magn\u00e9tique<\/strong>L'ouverture et la fermeture d'une seule main se font \u00e0 l'aide de composants magn\u00e9tiques \u00e0 haute r\u00e9sistance, ce qui facilite le fonctionnement et assure une excellente \u00e9tanch\u00e9it\u00e9. La surface de contact entre le couvercle de la bo\u00eete et le corps de la bo\u00eete est adapt\u00e9e avec pr\u00e9cision, ce qui permet d'isoler efficacement la poussi\u00e8re, l'humidit\u00e9 et la pression externe, de fournir un environnement de stockage \u00e0 temp\u00e9rature et humidit\u00e9 constantes pour les perruques et de prolonger leur dur\u00e9e de vie. La couche de flanelle anti-poussi\u00e8re int\u00e9gr\u00e9e et le film de protection \u00e9lectrostatique \u00e9vitent les dommages caus\u00e9s par le frottement des fibres et garantissent que la forme de la perruque est aussi bonne qu'avant.<\/p>\n<h2 id=\"-ii-visual-language-that-emphasizes-both-aesthetics-and-function-\"><strong>2. Un langage visuel qui met l'accent \u00e0 la fois sur l'esth\u00e9tique et la fonction<\/strong><\/h2>\n<ul>\n<li>Avec\u00a0<strong>composition sym\u00e9trique centr\u00e9e<\/strong>\u00a0Le corps de la bo\u00eete se d\u00e9ploie \u00e0 une vitesse uniforme le long de l'axe central lors de l'ouverture de la bo\u00eete, ce qui conf\u00e8re \u00e0 la bo\u00eete un sens du rituel et des points de m\u00e9moire exclusifs \u00e0 la marque. L'angle d'ouverture du couvercle de la bo\u00eete est pr\u00e9cis\u00e9ment contr\u00f4l\u00e9 \u00e0 90\u00b0, ce qui convient \u00e0 la pr\u00e9sentation en rayon et aux cadeaux, et renforce la tension visuelle de la pr\u00e9sentation du produit.<\/li>\n<li>Le corps de la bo\u00eete adopte\u00a0<strong>technologie de coupe g\u00e9om\u00e9trique nette<\/strong>La structure modulaire empilable permet d'\u00e9conomiser de l'espace de stockage et de r\u00e9duire le taux de perte lors du transport. La structure d'empilage modulaire permet d'\u00e9conomiser 40% d'espace de stockage et de r\u00e9duire les pertes de transport.<\/li>\n<\/ul>\n<h2 id=\"-three-sustainable-materials-and-process-innovation-\"><strong>3. Mat\u00e9riaux durables et innovation en mati\u00e8re de proc\u00e9d\u00e9s<\/strong><\/h2>\n<ul>\n<li>Le mat\u00e9riel principal est\u00a0<strong>Papier couch\u00e9 certifi\u00e9 FSC<\/strong>La technologie de gaufrage composite \u00e0 cinq couches est utilis\u00e9e pour augmenter la r\u00e9sistance \u00e0 la compression de 300%, et la capacit\u00e9 de charge peut atteindre 5 kg sans d\u00e9formation. La conception l\u00e9g\u00e8re du sandwich en nid d'abeille tient compte de la portabilit\u00e9, et le poids d'une seule bo\u00eete n'est que de 280 g.<\/li>\n<li>Le logo de la marque adopte\u00a0<strong>technologie de marquage \u00e0 chaud tridimensionnel de niveau nanom\u00e9trique<\/strong>L'erreur de pr\u00e9cision des bords est de \u22640,1 mm, et la r\u00e9fraction de la lumi\u00e8re pr\u00e9sente un \u00e9clat m\u00e9tallique d\u00e9licat. La couleur noire mate et pure est calme et sobre, et s'harmonise avec l'image de marque de l'entreprise.\u00a0<strong>ruban de satin jaune vif<\/strong>\u00a0qui traverse le corps de la bo\u00eete, formant un fort contraste visuel et am\u00e9liorant la reconnaissance du rayon par 70%.<\/li>\n<\/ul>\n<h2 id=\"-four-humanized-lining-system-\"><strong>4. Syst\u00e8me de rev\u00eatement humanis\u00e9<\/strong><\/h2>\n<ul>\n<li><strong>Support int\u00e9rieur \u00e0 rainure d\u00e9coup\u00e9e<\/strong>\u00a0est personnalis\u00e9 en fonction de l'arc de la perruque, et les cheveux sont fix\u00e9s par une mousse \u00e0 m\u00e9moire de forme EVA et un cadre de support de l'arc pour \u00e9viter l'extrusion et la d\u00e9formation. La surface de la rainure est recouverte d'une doublure en soie respirante afin de maintenir l'\u00e9tat duveteux naturel de la perruque, qui peut \u00eatre port\u00e9e d\u00e8s sa sortie de l'emballage.<\/li>\n<\/ul>\n<h2 id=\"-v-environmental-commitment-and-brand-value-\"><strong>5. Engagement environnemental et valeur de la marque<\/strong><\/h2>\n<ul>\n<li>L'ensemble du processus, depuis les mati\u00e8res premi\u00e8res jusqu'\u00e0 la production, met en \u0153uvre l'approche de l'Union europ\u00e9enne.\u00a0<strong>Norme de cha\u00eene d'approvisionnement verte<\/strong>. L'encre d'emballage adopte une formule v\u00e9g\u00e9tale \u00e0 base d'eau avec un taux de biod\u00e9gradabilit\u00e9 de 98%. Pour chaque produit vendu, 1% des recettes seront revers\u00e9es au projet de protection de la for\u00eat tropicale, soulignant ainsi la responsabilit\u00e9 sociale de la marque.<\/li>\n<\/ul>\n<h2 id=\"-product-parameters-\"><strong>Param\u00e8tres du produit<\/strong><\/h2>\n<table>\n<thead>\n<tr>\n<th>Projet<\/th>\n<th>Sp\u00e9cifications<\/th>\n<\/tr>\n<\/thead>\n<tbody>\n<tr>\n<td>Mat\u00e9riau<\/td>\n<td>Papier couch\u00e9 certifi\u00e9 FSC<\/td>\n<\/tr>\n<tr>\n<td>Doublure<\/td>\n<td>EVA courb\u00e9 personnalis\u00e9 + doublure en soie<\/td>\n<\/tr>\n<tr>\n<td>Composant d'aspiration magn\u00e9tique<\/td>\n<td>Aimant puissant<\/td>\n<\/tr>\n<tr>\n<td>Taille<\/td>\n<td>Personnalisable<\/td>\n<\/tr>\n<\/tbody>\n<\/table>","protected":false},"excerpt":{"rendered":"<p>La conception de la bo\u00eete \u00e0 fermeture magn\u00e9tique permet de l'ouvrir et de la fermer facilement d'une seule main. Elle est facile \u00e0 utiliser et poss\u00e8de de solides propri\u00e9t\u00e9s d'\u00e9tanch\u00e9it\u00e9, prot\u00e9geant la perruque de la poussi\u00e8re et de l'humidit\u00e9. La composition sym\u00e9trique centr\u00e9e met en valeur le corps du produit et renforce le sentiment de c\u00e9r\u00e9monie lors de l'ouverture de la bo\u00eete. Elle convient \u00e0 une pr\u00e9sentation en rayon ou \u00e0 des sc\u00e8nes de cadeaux.<\/p>","protected":false},"featured_media":854,"template":"","meta":{"_kad_post_transparent":"default","_kad_post_title":"","_kad_post_layout":"default","_kad_post_sidebar_id":"","_kad_post_content_style":"default","_kad_post_vertical_padding":"default","_kad_post_feature":"","_kad_post_feature_position":"","_kad_post_header":false,"_kad_post_footer":false,"_kad_post_classname":""},"product_brand":[],"product_cat":[15,27,17],"product_tag":[323,321,322],"class_list":{"0":"post-853","1":"product","2":"type-product","3":"status-publish","4":"has-post-thumbnail","6":"product_cat-red-light-therapy","7":"product_cat-red-light-therapy-belt","8":"product_cat-services","9":"product_tag-brand-manufacturer-hair-wigs-box","10":"product_tag-luxury-box-for-hair","11":"product_tag-magnetic-closure-box-for-wigs","13":"first","14":"instock","15":"shipping-taxable","16":"product-type-simple","17":"entry","18":"content-bg","19":"loop-entry"},"_links":{"self":[{"href":"https:\/\/red-lighttherapy.com\/fr_fr\/wp-json\/wp\/v2\/product\/853","targetHints":{"allow":["GET"]}}],"collection":[{"href":"https:\/\/red-lighttherapy.com\/fr_fr\/wp-json\/wp\/v2\/product"}],"about":[{"href":"https:\/\/red-lighttherapy.com\/fr_fr\/wp-json\/wp\/v2\/types\/product"}],"wp:featuredmedia":[{"embeddable":true,"href":"https:\/\/red-lighttherapy.com\/fr_fr\/wp-json\/wp\/v2\/media\/854"}],"wp:attachment":[{"href":"https:\/\/red-lighttherapy.com\/fr_fr\/wp-json\/wp\/v2\/media?parent=853"}],"wp:term":[{"taxonomy":"product_brand","embeddable":true,"href":"https:\/\/red-lighttherapy.com\/fr_fr\/wp-json\/wp\/v2\/product_brand?post=853"},{"taxonomy":"product_cat","embeddable":true,"href":"https:\/\/red-lighttherapy.com\/fr_fr\/wp-json\/wp\/v2\/product_cat?post=853"},{"taxonomy":"product_tag","embeddable":true,"href":"https:\/\/red-lighttherapy.com\/fr_fr\/wp-json\/wp\/v2\/product_tag?post=853"}],"curies":[{"name":"wp","href":"https:\/\/api.w.org\/{rel}","templated":true}]}}