{"id":847,"date":"2025-04-15T05:57:09","date_gmt":"2025-04-15T05:57:09","guid":{"rendered":"https:\/\/red-lighttherapy.com\/?post_type=product&#038;p=847"},"modified":"2025-04-15T07:44:32","modified_gmt":"2025-04-15T07:44:32","slug":"fabrication-hair-wigs-extension-magnetic-lid-boxes-packaging","status":"publish","type":"product","link":"https:\/\/red-lighttherapy.com\/fr_fr\/fabrication-hair-wigs-extension-magnetic-lid-boxes-packaging\/","title":{"rendered":"Fabrication Perruques Extension de cheveux Couvercle magn\u00e9tique Bo\u00eetes Emballage"},"content":{"rendered":"<h2 id=\"-wig-and-hair-extension-magnetic-cover-box-packaging-product-description-\"><strong>Emballage \u00e0 couvercle magn\u00e9tique pour perruques et extensions de cheveux description du produit<\/strong><\/h2>\n<h2 id=\"1-three-dimensional-structure-design-stability-and-space-efficiency-coexist\">1. Structure tridimensionnelle : stabilit\u00e9 et efficacit\u00e9 de l'espace coexistent<\/h2>\n<p>Cette bo\u00eete de recouvrement magn\u00e9tique adopte une\u00a0<strong>structure de pliage tridimensionnelle<\/strong>L'espace int\u00e9rieur est optimis\u00e9 de mani\u00e8re ergonomique et peut accueillir 1 \u00e0 2 perruques ou produits d'extension capillaire, tout en am\u00e9liorant la stabilit\u00e9 g\u00e9n\u00e9rale gr\u00e2ce \u00e0 la pr\u00e9cision de la serrure et \u00e0 la conception des nervures de soutien. Le\u00a0<strong>proc\u00e9d\u00e9 de renforcement du carton double couche<\/strong>\u00a0est utilis\u00e9 dans les coins du corps de la bo\u00eete, combin\u00e9 au traitement des bords arrondis, pour \u00e9liminer compl\u00e8tement le risque de rayures dues aux bavures, garantissant ainsi la s\u00e9curit\u00e9 et la durabilit\u00e9 pendant le transport et l'utilisation.<\/p>\n<h2 id=\"2-magnetic-opening-and-closing-system-convenience-and-sealing-double-guarantee\">2. Syst\u00e8me d'ouverture et de fermeture magn\u00e9tique : confort et \u00e9tanch\u00e9it\u00e9 doublement garantis<\/h2>\n<p>\u00c9quip\u00e9 d'un\u00a0<strong>module magn\u00e9tique de haute pr\u00e9cision<\/strong>Il peut s'ouvrir et se fermer d'une seule main et peut encore absorber et fermer automatiquement lorsque l'angle d'ouverture et de fermeture atteint 120\u00b0. La conception silencieuse de la glissi\u00e8re rend le processus d'ouverture et de fermeture sans bruit m\u00e9canique et forme une barri\u00e8re de s\u00e9curit\u00e9.\u00a0<strong>structure scell\u00e9e enti\u00e8rement envelopp\u00e9e<\/strong>\u00a0apr\u00e8s la fermeture, ce qui emp\u00eache efficacement l'intrusion de la poussi\u00e8re et l'ouverture accidentelle pendant le transport. Il a \u00e9t\u00e9 test\u00e9 pour r\u00e9sister \u00e0 une pression verticale de 3 kg sans d\u00e9formation.<\/p>\n<h2 id=\"3-environmentally-friendly-materials-and-crafts-fsc-certification-leads-the-green-trend\">3. Mat\u00e9riaux et artisanat respectueux de l'environnement : La certification FSC \u00e0 la pointe de la tendance verte<\/h2>\n<p>Le corps de la bo\u00eete est compos\u00e9 de\u00a0<strong>Papier couch\u00e9 certifi\u00e9 FSC<\/strong>La surface est recouverte d'une encre mate respectueuse de l'environnement et le mat\u00e9riau est 100% recyclable et d\u00e9gradable. La doublure utilise du coton de rembourrage EVA et des cloisons amovibles, ce qui permet non seulement de prot\u00e9ger le produit, mais aussi de r\u00e9organiser l'espace de mani\u00e8re personnalis\u00e9e et de r\u00e9duire les d\u00e9chets d'emballage. L'ensemble du processus de production a \u00e9t\u00e9 certifi\u00e9 par le syst\u00e8me de gestion environnementale ISO14001, et l'empreinte carbone est 40% inf\u00e9rieure \u00e0 celle des emballages traditionnels.<\/p>\n<h2 id=\"4-visual-aesthetics-and-brand-extension\">4. Esth\u00e9tique visuelle et extension de la marque<\/h2>\n<ol>\n<li><strong>Couleur principale de la s\u00e9rie lavande<\/strong>: Inspir\u00e9e du syst\u00e8me de couleurs, la lavande \u00e0 faible saturation pr\u00e9sente une texture haut de gamme et est assortie au processus de rev\u00eatement nacr\u00e9. Il pr\u00e9sente un effet de brillance d\u00e9grad\u00e9 sous la lumi\u00e8re naturelle et la lumi\u00e8re, ce qui renforce l'attrait de la pr\u00e9sentation en rayon.<\/li>\n<li><strong>\u00c9l\u00e9ments visuels de la marque de la m\u00eame couleur<\/strong>:<\/li>\n<li>Le ruban \u00e0 main est en polyester recycl\u00e9, d'une largeur de 2,5 cm et d'une capacit\u00e9 de charge de 8 kg, qui s'harmonise parfaitement avec la couleur du corps de la bo\u00eete.<\/li>\n<li>Le centre du couvercle de la bo\u00eete est incrust\u00e9 d'une\u00a0<strong>bande d\u00e9corative magn\u00e9tique satin\u00e9e<\/strong>Le logo de la marque est imprim\u00e9 et press\u00e9, formant ainsi une continuit\u00e9 visuelle entre l'emballage et le logo de la marque.<\/li>\n<\/ol>\n<h2 id=\"5-professional-manufacturing-and-fast-delivery\">5. Fabrication professionnelle et livraison rapide<\/h2>\n<p>S'appuyer sur\u00a0<strong>16 ans d'exp\u00e9rience dans la fabrication d'emballages<\/strong>L'usine est \u00e9quip\u00e9e d'un syst\u00e8me de gestion intelligent ERP pour assurer le contr\u00f4le num\u00e9rique de l'ensemble du processus, de la conception et de l'\u00e9preuvage \u00e0 la production de masse. Elle prend en charge une commande minimale de 500 pi\u00e8ces, assure la production et la livraison dans un d\u00e9lai de 7 jours, avec une capacit\u00e9 de production quotidienne moyenne de 1 million de pi\u00e8ces et un taux de rendement stable de plus de 99,81 TTP4T.<\/p>\n<h2 id=\"-technical-parameters-\"><strong>Param\u00e8tres techniques<\/strong><\/h2>\n<table>\n<thead>\n<tr>\n<th>Projet<\/th>\n<th>Sp\u00e9cifications<\/th>\n<\/tr>\n<\/thead>\n<tbody>\n<tr>\n<td>Taille de la bo\u00eete ext\u00e9rieure<\/td>\n<td>Personnalisable<\/td>\n<\/tr>\n<tr>\n<td>Force magn\u00e9tique<\/td>\n<td>\u2265800GS<\/td>\n<\/tr>\n<tr>\n<td>Certification environnementale<\/td>\n<td>FSC, RoHS, REACH<\/td>\n<\/tr>\n<tr>\n<td>Cycle de livraison<\/td>\n<td>7 jours (y compris la confirmation de l'\u00e9preuve)<\/td>\n<\/tr>\n<\/tbody>\n<\/table>","protected":false},"excerpt":{"rendered":"<p>La bo\u00eete \u00e0 fermeture magn\u00e9tique permet une utilisation pratique d'une seule main, et le processus d'ouverture et de fermeture est silencieux et sans \u00e0-coups. Elle convient aux marques de perruques haut de gamme, aux coffrets cadeaux des salons de coiffure, aux produits d'extension capillaire du commerce \u00e9lectronique transfrontalier et \u00e0 d'autres sc\u00e9narios, et prend en charge des services personnalis\u00e9s tels que le marquage \u00e0 chaud du LOGO, l'impression UV et la lutte contre la contrefa\u00e7on au laser.<\/p>","protected":false},"featured_media":848,"template":"","meta":{"_kad_post_transparent":"default","_kad_post_title":"","_kad_post_layout":"default","_kad_post_sidebar_id":"","_kad_post_content_style":"default","_kad_post_vertical_padding":"default","_kad_post_feature":"","_kad_post_feature_position":"","_kad_post_header":false,"_kad_post_footer":false,"_kad_post_classname":""},"product_brand":[],"product_cat":[15,27,17],"product_tag":[319,320,318],"class_list":{"0":"post-847","1":"product","2":"type-product","3":"status-publish","4":"has-post-thumbnail","6":"product_cat-red-light-therapy","7":"product_cat-red-light-therapy-belt","8":"product_cat-services","9":"product_tag-custom-wig-packaging-boxes-wholesale","10":"product_tag-notable-wig-packaging","11":"product_tag-wig-boxes","13":"first","14":"instock","15":"shipping-taxable","16":"product-type-simple","17":"entry","18":"content-bg","19":"loop-entry"},"_links":{"self":[{"href":"https:\/\/red-lighttherapy.com\/fr_fr\/wp-json\/wp\/v2\/product\/847","targetHints":{"allow":["GET"]}}],"collection":[{"href":"https:\/\/red-lighttherapy.com\/fr_fr\/wp-json\/wp\/v2\/product"}],"about":[{"href":"https:\/\/red-lighttherapy.com\/fr_fr\/wp-json\/wp\/v2\/types\/product"}],"wp:featuredmedia":[{"embeddable":true,"href":"https:\/\/red-lighttherapy.com\/fr_fr\/wp-json\/wp\/v2\/media\/848"}],"wp:attachment":[{"href":"https:\/\/red-lighttherapy.com\/fr_fr\/wp-json\/wp\/v2\/media?parent=847"}],"wp:term":[{"taxonomy":"product_brand","embeddable":true,"href":"https:\/\/red-lighttherapy.com\/fr_fr\/wp-json\/wp\/v2\/product_brand?post=847"},{"taxonomy":"product_cat","embeddable":true,"href":"https:\/\/red-lighttherapy.com\/fr_fr\/wp-json\/wp\/v2\/product_cat?post=847"},{"taxonomy":"product_tag","embeddable":true,"href":"https:\/\/red-lighttherapy.com\/fr_fr\/wp-json\/wp\/v2\/product_tag?post=847"}],"curies":[{"name":"wp","href":"https:\/\/api.w.org\/{rel}","templated":true}]}}