{"id":836,"date":"2025-04-15T03:39:51","date_gmt":"2025-04-15T03:39:51","guid":{"rendered":"https:\/\/red-lighttherapy.com\/?post_type=product&#038;p=836"},"modified":"2025-04-15T04:18:39","modified_gmt":"2025-04-15T04:18:39","slug":"magnetic-closure-scissors-boxes-packaging-solution-with-eva","status":"publish","type":"product","link":"https:\/\/red-lighttherapy.com\/fr_fr\/magnetic-closure-scissors-boxes-packaging-solution-with-eva\/","title":{"rendered":"Ciseaux \u00e0 fermeture magn\u00e9tique Bo\u00eetes Solution d'emballage avec Eva"},"content":{"rendered":"<h2 id=\"-eva-magnetic-sealing-scissors-box-packaging-solution-\">Ciseaux \u00e0 fermeture magn\u00e9tique Bo\u00eetes Solution d'emballage avec Eva<\/h2>\n<h2 id=\"1-magnetic-flip-cover-structure-one-hand-operation-ultimate-sealing-\">1.\u00a0<strong>Structure du couvercle \u00e0 fermeture magn\u00e9tique : op\u00e9ration d'une seule main, \u00e9tanch\u00e9it\u00e9 parfaite<\/strong><\/h2>\n<p>La conception du couvercle de fermeture magn\u00e9tique est adopt\u00e9e. Lorsqu'il est ferm\u00e9, l'aimant N52 et la t\u00f4le sont parfaitement adapt\u00e9s pour assurer une \u00e9tanch\u00e9it\u00e9 sans faille, qui peut \u00eatre facilement ouverte et ferm\u00e9e d'une seule main. La force d'aspiration magn\u00e9tique a \u00e9t\u00e9 v\u00e9rifi\u00e9e par 5000 tests d'ouverture et de fermeture, et elle maintient toujours une aspiration stable (la force magn\u00e9tique est sup\u00e9rieure \u00e0 14kg\/cm\u00b2), d\u00e9passant de loin la norme industrielle. Le bord du couvercle de la bo\u00eete adopte un processus de transition en arc pour am\u00e9liorer la fluidit\u00e9 de l'ouverture et de la fermeture et \u00e9viter le risque de pincement des mains.<\/p>\n<h2 id=\"2-stepped-eva-sponge-lining-precise-shockproof-suitable-for-high-end-scissors-\">2.\u00a0<strong>Doublure en \u00e9ponge EVA \u00e9tag\u00e9e : protection pr\u00e9cise contre les chocs, adapt\u00e9e aux ciseaux haut de gamme.<\/strong><\/h2>\n<p>La doublure est en EVA haute densit\u00e9 (respectueux de l'environnement et excellente r\u00e9sistance aux chocs), qui est d\u00e9coup\u00e9 avec pr\u00e9cision par le processus d'ouverture du moule en escalier pour s'adapter parfaitement au contour des ciseaux. L'int\u00e9rieur est divis\u00e9 en trois couches : la poign\u00e9e fixe sup\u00e9rieure, la lame tampon interm\u00e9diaire et le support renforc\u00e9 inf\u00e9rieur, afin d'assurer une protection antisismique \u00e0 360\u00b0. La r\u00e9sistance \u00e0 la compression pendant le transport est sup\u00e9rieure \u00e0 50 kg.<\/p>\n<h2 id=\"3-golden-section-box-design-balanced-aesthetics-of-visual-and-function-\">3.\u00a0<strong>Conception de la bo\u00eete du nombre d'or : Esth\u00e9tique \u00e9quilibr\u00e9e de l'aspect visuel et de la fonction<\/strong><\/h2>\n<p>Le rapport entre la longueur, la largeur et la hauteur de la bo\u00eete d'emballage respecte strictement le nombre d'or de 1:0,618, combin\u00e9 \u00e0 la couleur noire principale et \u00e0 la texture mate, soulignant le luxe haut de gamme. Le bord du corps de la bo\u00eete est trait\u00e9 avec des coins arrondis de 5 mm pour am\u00e9liorer le confort de la prise en main, tout en faisant \u00e9cho \u00e0 la logique de l'esth\u00e9tique g\u00e9om\u00e9trique. L'angle d'ouverture du couvercle de la bo\u00eete est de 110\u00b0, ce qui est ergonomique et pr\u00e9sente une posture d'ouverture et de fermeture \u00e9l\u00e9gante lors de la pr\u00e9sentation.<\/p>\n<h2 id=\"4-customized-surface-technology-in-depth-transmission-of-brand-value-\">4.\u00a0<strong>Technologie de surface personnalis\u00e9e : Transmission en profondeur de la valeur de la marque<\/strong><\/h2>\n<ul>\n<li><strong>Gravure au laser<\/strong>: La technologie de gravure laser UV est utilis\u00e9e dans la zone centrale du couvercle de la bo\u00eete, ce qui permet de pr\u00e9senter un LOGO de marque ou une texture avec une pr\u00e9cision de 0,1 mm, et de soutenir l'effet de contraste entre la texture m\u00e9tallique et le mat.<\/li>\n<li><strong>Processus de marquage \u00e0 chaud<\/strong>: Le marquage local \u00e0 chaud or\/argent rehausse le niveau visuel, comme la d\u00e9coration de la ligne ou le texte du slogan sur le bord du couvercle de la bo\u00eete.<\/li>\n<li><strong>Vernis UV<\/strong>: La surface est recouverte d'une encre UV mate, d\u00e9licate et r\u00e9sistante \u00e0 l'usure pour \u00e9viter les traces de doigts.<\/li>\n<\/ul>\n<h2 id=\"5-efficient-production-and-verification-system-48-hour-ultra-fast-proofing-\">5.\u00a0<strong>Syst\u00e8me de production et de v\u00e9rification efficace : \u00c9preuve ultra-rapide en 48 heures<\/strong><\/h2>\n<p>S'appuyant sur une biblioth\u00e8que de bo\u00eetes intelligentes et une ligne de production automatis\u00e9e, elle permet une r\u00e9ponse rapide \u00e0 l'ensemble du processus, de la conception \u00e0 l'\u00e9chantillonnage :<\/p>\n<ul>\n<li><strong>V\u00e9rification structurelle<\/strong>: La mod\u00e9lisation 3D g\u00e9n\u00e8re des animations de pliage et simule les effets d'ouverture et de fermeture en temps r\u00e9el.<\/li>\n<li><strong>Mat\u00e9riau assorti<\/strong>: 10 densit\u00e9s d'EVA (20-60kg\/m\u00b3) et 5 sp\u00e9cifications d'aimants (diam\u00e8tre 5-20mm) sont disponibles.<\/li>\n<li><strong>Impression \u00c9preuve<\/strong>: Gr\u00e2ce \u00e0 l'impression num\u00e9rique et \u00e0 la production d'essais en petites s\u00e9ries, les \u00e9chantillons physiques avec v\u00e9rification du processus sont livr\u00e9s dans les 48 heures.<\/li>\n<\/ul>\n<h2 id=\"-technical-parameters-and-applicable-scenarios-\"><strong>Param\u00e8tres techniques et sc\u00e9narios applicables<\/strong><\/h2>\n<table>\n<thead>\n<tr>\n<th><strong>Projet<\/strong><\/th>\n<th><strong>Sp\u00e9cifications<\/strong><\/th>\n<\/tr>\n<\/thead>\n<tbody>\n<tr>\n<td>Mat\u00e9riau<\/td>\n<td>Bo\u00eete ext\u00e9rieure : carton noir 450g + doublure EVA (\u00e9paisseur 10mm)<\/td>\n<\/tr>\n<tr>\n<td>Configuration de l'aimant<\/td>\n<td>Aimant N52 NdFeB \u00d7 2 (diam\u00e8tre 12mm, \u00e9paisseur 3mm)<\/td>\n<\/tr>\n<tr>\n<td>Processus de surface<\/td>\n<td>UV mat + marquage \u00e0 chaud\/gravure laser (combinaison optionnelle)<\/td>\n<\/tr>\n<tr>\n<td>Taille des ciseaux applicables<\/td>\n<td>Longueur 150-250mm (supporte les grilles personnalis\u00e9es)<\/td>\n<\/tr>\n<tr>\n<td>Niveau de protection<\/td>\n<td>Hauteur anti-chute 1,5 m, charge admissible 50 kg sans d\u00e9formation<\/td>\n<\/tr>\n<\/tbody>\n<\/table>\n<p><strong>Domaines concern\u00e9s<\/strong>Ciseaux domestiques haut de gamme, outils de coiffure professionnels, instruments m\u00e9dicaux chirurgicaux et autres emballages d'outils de pr\u00e9cision.<\/p>\n<h2 id=\"-value-proposition-\"><strong>Proposition de valeur<\/strong><\/h2>\n<ul>\n<li><strong>Marque premium<\/strong>: Le design noir minimaliste est associ\u00e9 \u00e0 une interaction magn\u00e9tique pour cr\u00e9er une exp\u00e9rience haut de gamme : \"ouvrir la bo\u00eete est un sentiment de c\u00e9r\u00e9monie\".<\/li>\n<li><strong>Optimisation des co\u00fbts<\/strong>: Le processus int\u00e9gr\u00e9 de moulage du rev\u00eatement EVA r\u00e9duit les \u00e9tapes d'assemblage et le co\u00fbt de la production de masse est inf\u00e9rieur de 15% \u00e0 celui de la solution traditionnelle en mousse.<\/li>\n<li><strong>Engagement en faveur de la protection de l'environnement<\/strong>: Les mat\u00e9riaux EVA sont recyclables et d\u00e9gradables, et conformes aux normes RoHS de l'UE.<\/li>\n<\/ul>","protected":false},"excerpt":{"rendered":"<p>La structure de fermeture magn\u00e9tique est utilis\u00e9e, ce qui permet de fermer herm\u00e9tiquement sans aucun espace et peut \u00eatre facilement manipul\u00e9 d'une seule main. Le rev\u00eatement interne en \u00e9ponge est moul\u00e9 avec pr\u00e9cision pour r\u00e9pondre aux exigences de r\u00e9sistance aux chocs des produits d'emballage \u00e0 ciseaux.<\/p>","protected":false},"featured_media":837,"template":"","meta":{"_kad_post_transparent":"default","_kad_post_title":"","_kad_post_layout":"default","_kad_post_sidebar_id":"","_kad_post_content_style":"default","_kad_post_vertical_padding":"default","_kad_post_feature":"","_kad_post_feature_position":"","_kad_post_header":false,"_kad_post_footer":false,"_kad_post_classname":""},"product_brand":[],"product_cat":[15,17],"product_tag":[315,316,317],"class_list":{"0":"post-836","1":"product","2":"type-product","3":"status-publish","4":"has-post-thumbnail","6":"product_cat-red-light-therapy","7":"product_cat-services","8":"product_tag-magnetic-closure-boxes-for-scissors","9":"product_tag-scissors-boxes-packaging-solution","10":"product_tag-scissors-packaging-with-eva","12":"first","13":"instock","14":"shipping-taxable","15":"product-type-simple","16":"entry","17":"content-bg","18":"loop-entry"},"_links":{"self":[{"href":"https:\/\/red-lighttherapy.com\/fr_fr\/wp-json\/wp\/v2\/product\/836","targetHints":{"allow":["GET"]}}],"collection":[{"href":"https:\/\/red-lighttherapy.com\/fr_fr\/wp-json\/wp\/v2\/product"}],"about":[{"href":"https:\/\/red-lighttherapy.com\/fr_fr\/wp-json\/wp\/v2\/types\/product"}],"wp:featuredmedia":[{"embeddable":true,"href":"https:\/\/red-lighttherapy.com\/fr_fr\/wp-json\/wp\/v2\/media\/837"}],"wp:attachment":[{"href":"https:\/\/red-lighttherapy.com\/fr_fr\/wp-json\/wp\/v2\/media?parent=836"}],"wp:term":[{"taxonomy":"product_brand","embeddable":true,"href":"https:\/\/red-lighttherapy.com\/fr_fr\/wp-json\/wp\/v2\/product_brand?post=836"},{"taxonomy":"product_cat","embeddable":true,"href":"https:\/\/red-lighttherapy.com\/fr_fr\/wp-json\/wp\/v2\/product_cat?post=836"},{"taxonomy":"product_tag","embeddable":true,"href":"https:\/\/red-lighttherapy.com\/fr_fr\/wp-json\/wp\/v2\/product_tag?post=836"}],"curies":[{"name":"wp","href":"https:\/\/api.w.org\/{rel}","templated":true}]}}