{"id":824,"date":"2025-04-15T03:12:20","date_gmt":"2025-04-15T03:12:20","guid":{"rendered":"https:\/\/red-lighttherapy.com\/?post_type=product&#038;p=824"},"modified":"2025-04-15T03:26:31","modified_gmt":"2025-04-15T03:26:31","slug":"custom-luxury-sliding-drawer-wigs-packaging-boxes-bulk","status":"publish","type":"product","link":"https:\/\/red-lighttherapy.com\/fr_fr\/custom-luxury-sliding-drawer-wigs-packaging-boxes-bulk\/","title":{"rendered":"Bo\u00eete d'emballage pour perruques \u00e0 tiroir coulissant de luxe en vrac"},"content":{"rendered":"<h2 id=\"customized-luxury-sliding-drawer-style-wig-packaging-box-product-description\">Bo\u00eete d'emballage pour perruques \u00e0 tiroir coulissant de luxe Description du produit<\/h2>\n<h2><strong>1. Des s innovants<\/strong>tiroir coulissant <strong>conception de l'ouverture<\/strong><\/h2>\n<p>Adoptant une structure de glissi\u00e8res de pr\u00e9cision, vous pouvez l'ouvrir et le fermer en douceur d'une simple pression, en tenant compte des \u00e9l\u00e9ments suivants\u00a0<strong>sens du rituel et commodit\u00e9<\/strong>. Le design du tiroir s'inspire des bo\u00eetes \u00e0 perruques haut de gamme. Le rail interne a \u00e9t\u00e9 test\u00e9 \u00e0 plusieurs reprises et optimis\u00e9 pour garantir un fonctionnement fluide sans blocage. En m\u00eame temps, la boucle magn\u00e9tique est utilis\u00e9e pour assurer la stabilit\u00e9 de la fermeture et \u00e9viter tout glissement accidentel.<\/p>\n<h2 id=\"-2-scientific-lining-support-system-\"><strong>2. Syst\u00e8me scientifique de soutien au rev\u00eatement<\/strong><\/h2>\n<p>La doublure est constitu\u00e9e d'un mat\u00e9riau composite compos\u00e9 d'une \u00e9ponge EVA haute densit\u00e9 et d'un tissu de flocage. A travers\u00a0<strong>Mod\u00e9lisation 3D pour simuler la forme de la perruque<\/strong>La conception de cloisons personnalis\u00e9es est possible :<\/p>\n<ul>\n<li><strong>Stabilit\u00e9<\/strong>: La taille de la perruque est adapt\u00e9e \u00e0 la courbure de la pi\u00e8ce de cheveux, ce qui \u00e9vite les secousses et l'usure pendant le transport ;<\/li>\n<li><strong>Protection<\/strong>: La surface de flocage r\u00e9duit l'adsorption statique et prolonge la dur\u00e9e de vie de la perruque.<\/li>\n<\/ul>\n<h2 id=\"-three-laser-precision-and-detail-processing-\"><strong>3. Pr\u00e9cision au laser et traitement des d\u00e9tails<\/strong><\/h2>\n<ul>\n<li><strong>D\u00e9coupe sans erreur<\/strong>: Gr\u00e2ce \u00e0 l'\u00e9quipement laser allemand TRUMPF, l'erreur est contr\u00f4l\u00e9e \u00e0 \u00b10,1 mm afin de garantir un arrimage sans faille du corps de la bo\u00eete ;<\/li>\n<li><strong>Un toucher humanis\u00e9<\/strong>: Le bord est trait\u00e9 par un proc\u00e9d\u00e9 de meulage \u00e0 l'angle R, le toucher est d\u00e9licat et sans bavure, et il est conforme \u00e0 l'exp\u00e9rience ergonomique de la prise en main.<\/li>\n<\/ul>\n<h2 id=\"-four-soothing-visual-aesthetic-design-\"><strong>4. Conception esth\u00e9tique visuelle apaisante<\/strong><\/h2>\n<ul>\n<li><strong>Couleur principale<\/strong>: Bas\u00e9 sur le vert, le proc\u00e9d\u00e9 de vernissage UV mat est utilis\u00e9, et la faible saturation de la couleur peut r\u00e9duire la pression visuelle, ce qui correspond \u00e0 la tonalit\u00e9 des marques de perruques haut de gamme ;<\/li>\n<li><strong>\u00c9l\u00e9ments d\u00e9coratifs<\/strong>: Avec un ruban de satin noir, le positionnement pr\u00e9cis de l'ouverture de la bo\u00eete est obtenu gr\u00e2ce \u00e0 des rainures de guidage pr\u00e9\u00e9tablies qui renforcent le sentiment de c\u00e9r\u00e9monie de d\u00e9ballage.<\/li>\n<\/ul>\n<h2 id=\"-v-multi-dimensional-free-customization-solution-\"><strong>5. Solution de personnalisation libre multidimensionnelle<\/strong><\/h2>\n<p>Permet de combiner de mani\u00e8re flexible\u00a0<strong>taille, structure et fonction<\/strong>\u00a0modules :<\/p>\n<ol>\n<li><strong>Adaptation de la taille<\/strong>: 15-60 cm de longueur, 3-15 cm de hauteur, compatible avec les m\u00e8ches courtes et les couvre-chefs ;<\/li>\n<li><strong>Extension de la fonction<\/strong>: Fentes pour cartes r\u00e9sistantes \u00e0 l'humidit\u00e9 en option, couche miroir LED, fente pour carte de marque, etc ;<\/li>\n<li><strong>Am\u00e9lioration structurelle<\/strong>: Fournit des formes d\u00e9riv\u00e9es telles que des couvertures sup\u00e9rieures et inf\u00e9rieures, des portes doubles et des styles pliants.<\/li>\n<\/ol>\n<h2 id=\"-sixth-flexible-supply-chain-service-\"><strong>6. Service de cha\u00eene d'approvisionnement flexible<\/strong><\/h2>\n<ul>\n<li><strong>R\u00e9ponse rapide<\/strong>: \u00c9preuve compl\u00e8te dans les 72 heures, confirmation simultan\u00e9e des rendus 3D et des objets physiques ;<\/li>\n<li><strong>Commande minimale flexible<\/strong>: 500 pi\u00e8ces pour la production par lots, 10 sp\u00e9cifications peuvent \u00eatre m\u00e9lang\u00e9es en un seul lot pour r\u00e9duire la pression des stocks ;<\/li>\n<li><strong>Service \u00e0 valeur ajout\u00e9e<\/strong>: Marque libre VI fusion design, solutions logistiques transfrontali\u00e8res et garantie apr\u00e8s-vente.<\/li>\n<\/ul>\n<h2 id=\"-vii-environmental-protection-and-quality-commitment-\"><strong>7. Protection de l'environnement et engagement en faveur de la qualit\u00e9<\/strong><\/h2>\n<ul>\n<li><strong>Certification des mat\u00e9riaux<\/strong>: Le corps de la bo\u00eete utilise du carton blanc certifi\u00e9 FSC et de la colle \u00e9cologique \u00e0 base d'eau, et a pass\u00e9 le test SGS de d\u00e9tection des m\u00e9taux lourds ;<\/li>\n<li><strong>Garantie de productivit\u00e9<\/strong>: L'usine autonome est \u00e9quip\u00e9e de machines de d\u00e9coupe enti\u00e8rement automatiques et de lignes de production d'impression offset, avec une capacit\u00e9 de production quotidienne moyenne de plus de 10 000 000 pi\u00e8ces.<\/li>\n<\/ul>","protected":false},"excerpt":{"rendered":"<p>La conception de l'ouverture de la bo\u00eete \u00e0 tiroirs en papier permet une utilisation ais\u00e9e d'une seule main, alliant le sens de la c\u00e9r\u00e9monie \u00e0 la commodit\u00e9. La doublure a \u00e9t\u00e9 calcul\u00e9e avec pr\u00e9cision pour soutenir de mani\u00e8re stable des perruques de diff\u00e9rentes tailles afin d'\u00e9viter les secousses et l'usure.<\/p>","protected":false},"featured_media":825,"template":"","meta":{"_kad_post_transparent":"default","_kad_post_title":"","_kad_post_layout":"default","_kad_post_sidebar_id":"","_kad_post_content_style":"default","_kad_post_vertical_padding":"default","_kad_post_feature":"","_kad_post_feature_position":"","_kad_post_header":false,"_kad_post_footer":false,"_kad_post_classname":""},"product_brand":[],"product_cat":[15,20,17],"product_tag":[311,309,310],"class_list":{"0":"post-824","1":"product","2":"type-product","3":"status-publish","4":"has-post-thumbnail","6":"product_cat-red-light-therapy","7":"product_cat-led-face-light-therapy","8":"product_cat-services","9":"product_tag-bulk-wigs-boxes","10":"product_tag-custom-wigs-packaging-boxes","11":"product_tag-luxury-sliding-wigs-boxes","13":"first","14":"instock","15":"shipping-taxable","16":"product-type-simple","17":"entry","18":"content-bg","19":"loop-entry"},"_links":{"self":[{"href":"https:\/\/red-lighttherapy.com\/fr_fr\/wp-json\/wp\/v2\/product\/824","targetHints":{"allow":["GET"]}}],"collection":[{"href":"https:\/\/red-lighttherapy.com\/fr_fr\/wp-json\/wp\/v2\/product"}],"about":[{"href":"https:\/\/red-lighttherapy.com\/fr_fr\/wp-json\/wp\/v2\/types\/product"}],"wp:featuredmedia":[{"embeddable":true,"href":"https:\/\/red-lighttherapy.com\/fr_fr\/wp-json\/wp\/v2\/media\/825"}],"wp:attachment":[{"href":"https:\/\/red-lighttherapy.com\/fr_fr\/wp-json\/wp\/v2\/media?parent=824"}],"wp:term":[{"taxonomy":"product_brand","embeddable":true,"href":"https:\/\/red-lighttherapy.com\/fr_fr\/wp-json\/wp\/v2\/product_brand?post=824"},{"taxonomy":"product_cat","embeddable":true,"href":"https:\/\/red-lighttherapy.com\/fr_fr\/wp-json\/wp\/v2\/product_cat?post=824"},{"taxonomy":"product_tag","embeddable":true,"href":"https:\/\/red-lighttherapy.com\/fr_fr\/wp-json\/wp\/v2\/product_tag?post=824"}],"curies":[{"name":"wp","href":"https:\/\/api.w.org\/{rel}","templated":true}]}}