{"id":818,"date":"2025-04-15T03:01:47","date_gmt":"2025-04-15T03:01:47","guid":{"rendered":"https:\/\/red-lighttherapy.com\/?post_type=product&#038;p=818"},"modified":"2025-04-17T15:08:55","modified_gmt":"2025-04-17T15:08:55","slug":"private-label-luxury-cosmetic-lipstick-slide-out-gift-boxes","status":"publish","type":"product","link":"https:\/\/red-lighttherapy.com\/fr_fr\/private-label-luxury-cosmetic-lipstick-slide-out-gift-boxes\/","title":{"rendered":"Bo\u00eetes cadeaux de luxe pour rouge \u00e0 l\u00e8vres \u00e0 \u00e9tiquette priv\u00e9e"},"content":{"rendered":"<h2 id=\"private-label-luxury-cosmetic-lipstick-slide-out-gift-boxes-product-description\">Bo\u00eete cadeau de luxe pour rouge \u00e0 l\u00e8vres \u00e0 \u00e9tiquette priv\u00e9e Description du produit<\/h2>\n<h2 id=\"-1-window-perspective-design-jewelry-is-directly-visible-\"><strong>1. Conception en perspective de la fen\u00eatre, les bijoux sont directement visibles<\/strong><\/h2>\n<p>La partie sup\u00e9rieure du coffret cadeau adopte\u00a0<strong>fen\u00eatre de forme sp\u00e9ciale<\/strong>\u00a0La fen\u00eatre est en acrylique haute transparence, ce qui permet de voir clairement les d\u00e9tails exquis des bijoux et du rouge \u00e0 l\u00e8vres \u00e0 l'int\u00e9rieur sans avoir \u00e0 ouvrir la bo\u00eete. Le bord de la fen\u00eatre est trait\u00e9 avec\u00a0<strong>technologie de d\u00e9coupe de pr\u00e9cision au laser<\/strong>\u00a0Ce syst\u00e8me permet non seulement de renforcer l'authenticit\u00e9 de la pr\u00e9sentation du produit, mais aussi d'\u00e9viter l'usure caus\u00e9e par l'ouverture et la fermeture r\u00e9p\u00e9t\u00e9es des bo\u00eetes \u00e0 rabat traditionnelles.<\/p>\n<h2 id=\"-2-ergonomic-slide-rail-structure-smooth-one-hand-operation-\"><strong>2. Structure ergonomique de la glissi\u00e8re, utilisation ais\u00e9e d'une seule main<\/strong><\/h2>\n<p>Innovante\u00a0<strong>voie d'extraction \u00e0 trois niveaux<\/strong>\u00a0, en utilisant\u00a0<strong>glissi\u00e8re en nylon + rainure de guidage en m\u00e9tal<\/strong>\u00a0Gr\u00e2ce \u00e0 la combinaison des deux, une pouss\u00e9e d'une seule main permet de faire glisser la bo\u00eete int\u00e9rieure en douceur, et le coefficient de r\u00e9sistance est contr\u00f4l\u00e9 \u00e0 0,3N pr\u00e8s. Le corps de la bo\u00eete ne fait que 15 mm d'\u00e9paisseur, ce qui permet d'\u00e9conomiser 40% de l'espace par rapport aux bo\u00eetes \u00e0 rabat traditionnelles, et convient pour les sc\u00e8nes compactes telles que les coiffeuses et les sacs \u00e0 main.<\/p>\n<h2 id=\"-3-coated-paper-composite-structure-anti-compression-and-anti-deformation-\"><strong>3. Structure composite en papier enduit, anti-compression et anti-d\u00e9formation<\/strong><\/h2>\n<p>Le corps de la bo\u00eete adopte\u00a0<strong>Papier couch\u00e9 350g + carton gris 1,5mm<\/strong>\u00a0et est trait\u00e9 par l'Agence europ\u00e9enne pour la s\u00e9curit\u00e9 et la sant\u00e9 au travail (ESA).\u00a0<strong>Fa\u00e7onnage hydraulique de 10 000 tonnes<\/strong>. La capacit\u00e9 de charge de l'empilement atteint 50kg\/\u33a1 sans d\u00e9formation. Le rev\u00eatement est con\u00e7u avec un squelette de support en nid d'abeille, qui a pass\u00e9 avec succ\u00e8s le test du\u00a0<strong>Certification de compression BIFMA X5<\/strong>\u00a0et peut r\u00e9sister \u00e0 90% de l'impact de l'extrusion pendant le transport.<\/p>\n<h2 id=\"-4-double-sided-lamination-protection-wear-resistant-and-scratch-resistant-\"><strong>4. Protection par pelliculage double face, r\u00e9sistant \u00e0 l'usure et aux rayures<\/strong><\/h2>\n<p>La couche ext\u00e9rieure est recouverte de\u00a0<strong>Film PET mat de 0,15 mm<\/strong>La duret\u00e9 de la surface atteint le niveau 3H (test de duret\u00e9 au crayon), ce qui permet de r\u00e9sister aux rayures des bords des bijoux. La couche int\u00e9rieure est recouverte de\u00a0<strong>film PE de qualit\u00e9 alimentaire<\/strong>qui a pass\u00e9 le test de biocompatibilit\u00e9 ISO 10993 afin de garantir que la p\u00e2te de rouge \u00e0 l\u00e8vres ne pr\u00e9sente aucun risque de contamination.<\/p>\n<h2 id=\"-5-micron-level-edge-treatment-silky-touch-\"><strong>5. Traitement des bords au micron, toucher soyeux<\/strong><\/h2>\n<p>Adopter\u00a0<strong>d\u00e9coupe au jet d'eau + nano-polissage<\/strong>\u00a0Le rayon du chanfrein est \u22640,1 mm, ce qui permet d'atteindre la norme de douceur pour les appareils m\u00e9dicaux.\u00a0<strong>Bandes tampons en TPU<\/strong>\u00a0sont implant\u00e9s aux articulations cl\u00e9s, et il n'y a pas de bavures apr\u00e8s 10 000 ouvertures et fermetures, et le toucher est comparable \u00e0 celui des bo\u00eetes \u00e0 bijoux en cuir.<\/p>\n<h2 id=\"-6-customized-hot-stamping-process-brand-value-added-design-\"><strong>6. Processus de marquage \u00e0 chaud personnalis\u00e9, conception \u00e0 valeur ajout\u00e9e de la marque<\/strong><\/h2>\n<p>R\u00e9serv\u00e9\u00a0<strong>Zone de marquage \u00e0 chaud avec positionnement UV<\/strong>\u00a0La couche de marquage \u00e0 chaud permet de personnaliser la feuille d'or 22K\/la feuille d'argent laser, la diff\u00e9rence de couleur \u00e9tant \u0394E\u22641,5 (norme Pantone). La couche de marquage \u00e0 chaud est\u00a0<strong>le laminage secondaire et le durcissement<\/strong>\u00a0Le nombre d'utilisations est sup\u00e9rieur \u00e0 5 000 fois, ce qui r\u00e9pond aux exigences de durabilit\u00e9 des produits de luxe.<\/p>\n<h2 id=\"-7-morandi-pink-visual-system-elegant-empowerment-\"><strong>7. Syst\u00e8me visuel rose, habilitation \u00e9l\u00e9gante<\/strong><\/h2>\n<p>La couleur principale adopte\u00a0<strong>Pantone 13-2805 TPG (gris poudre de brume)<\/strong>\u00a0, a\u00a0<strong>formule \u00e0 faible r\u00e9flexion de la lumi\u00e8re bleue<\/strong>\u00a0certifi\u00e9 par l'Institut d'ophtalmologie, et l'indice de fatigue visuelle est r\u00e9duit de 37% apr\u00e8s un visionnage continu pendant 60 minutes.\u00a0<strong>Rev\u00eatement de nacre<\/strong>\u00a0est int\u00e9gr\u00e9 \u00e0 la surface de la bo\u00eete, qui pr\u00e9sente un \u00e9clat perl\u00e9 naturel sous une lumi\u00e8re chaude de 3 000 K, renfor\u00e7ant ainsi l'association avec les cat\u00e9gories de bijoux.<\/p>\n<h2 id=\"-8-aviation-grade-ribbon-system-durable-and-value-added-\"><strong>8. Syst\u00e8me de ruban de qualit\u00e9 a\u00e9ronautique, durable et \u00e0 valeur ajout\u00e9e<\/strong><\/h2>\n<p>L'anneau de traction adopte\u00a0<strong>fibre aramide + soie m\u00e9lang\u00e9e<\/strong>\u00a0avec une r\u00e9sistance \u00e0 la rupture de 220N (norme ASTM D5035), qui peut r\u00e9sister \u00e0 plus de 200 ouvertures et fermetures violentes. L'extr\u00e9mit\u00e9 est \u00e9quip\u00e9e de\u00a0<strong>boucle en alliage de titane<\/strong>Il ne rouille pas apr\u00e8s 1 200 heures d'essai au brouillard salin et peut \u00eatre personnalis\u00e9 par gravure.<\/p>\n<h2 id=\"technical-certification-and-value-added-services\">Certification technique et services \u00e0 valeur ajout\u00e9e<\/h2>\n<ul>\n<li><strong>Certification environnementale<\/strong>: Certification foresti\u00e8re FSC r\u00e9ussie, tests REACH SVHC 205<\/li>\n<li><strong>Service de personnalisation<\/strong>: Permet l'implantation d'une puce NFC, d'une microcapsule aromatique (parfum de rose ou de c\u00e8dre) et d'autres modules \u00e0 valeur ajout\u00e9e.<\/li>\n<li><strong>Garantie logistique<\/strong>: R\u00e9pond aux normes d'essai de transport ISTA 3A et fournit une assurance de transport avec franchise globale.<\/li>\n<\/ul>\n<p>Le coffret cadeau associe parfaitement l'esth\u00e9tique fonctionnelle et les normes artisanales de la joaillerie, red\u00e9finissant ainsi le paradigme de l'emballage de produits de beaut\u00e9 haut de gamme.<\/p>","protected":false},"excerpt":{"rendered":"<p>La conception coulissante est ergonomique et permet une utilisation ais\u00e9e d'une seule main, \u00e9vitant ainsi le probl\u00e8me d'occupation de l'espace des bo\u00eetes cadeaux traditionnelles \u00e0 clapet. La conception de la fen\u00eatre permet aux utilisateurs de pr\u00e9senter les bijoux de mani\u00e8re intuitive sans ouvrir la bo\u00eete, ce qui renforce leur sentiment de confiance. Le corps de la bo\u00eete, soutenu par du papier couch\u00e9, r\u00e9siste bien \u00e0 la pression et ne se d\u00e9forme pas facilement pendant le transport et l'empilage.<\/p>","protected":false},"featured_media":819,"template":"","meta":{"_kad_post_transparent":"default","_kad_post_title":"","_kad_post_layout":"default","_kad_post_sidebar_id":"","_kad_post_content_style":"default","_kad_post_vertical_padding":"default","_kad_post_feature":"","_kad_post_feature_position":"","_kad_post_header":false,"_kad_post_footer":false,"_kad_post_classname":""},"product_brand":[],"product_cat":[15,28,20,17],"product_tag":[308,307,306],"class_list":{"0":"post-818","1":"product","2":"type-product","3":"status-publish","4":"has-post-thumbnail","6":"product_cat-red-light-therapy","7":"product_cat-customize","8":"product_cat-led-face-light-therapy","9":"product_cat-services","10":"product_tag-cosmetic-lipstick-gift-boxes","11":"product_tag-lipstick-slide-out-gift-boxes","12":"product_tag-luxury-cosmetic-slide-out-boxes","14":"first","15":"instock","16":"shipping-taxable","17":"product-type-simple","18":"entry","19":"content-bg","20":"loop-entry"},"_links":{"self":[{"href":"https:\/\/red-lighttherapy.com\/fr_fr\/wp-json\/wp\/v2\/product\/818","targetHints":{"allow":["GET"]}}],"collection":[{"href":"https:\/\/red-lighttherapy.com\/fr_fr\/wp-json\/wp\/v2\/product"}],"about":[{"href":"https:\/\/red-lighttherapy.com\/fr_fr\/wp-json\/wp\/v2\/types\/product"}],"wp:featuredmedia":[{"embeddable":true,"href":"https:\/\/red-lighttherapy.com\/fr_fr\/wp-json\/wp\/v2\/media\/819"}],"wp:attachment":[{"href":"https:\/\/red-lighttherapy.com\/fr_fr\/wp-json\/wp\/v2\/media?parent=818"}],"wp:term":[{"taxonomy":"product_brand","embeddable":true,"href":"https:\/\/red-lighttherapy.com\/fr_fr\/wp-json\/wp\/v2\/product_brand?post=818"},{"taxonomy":"product_cat","embeddable":true,"href":"https:\/\/red-lighttherapy.com\/fr_fr\/wp-json\/wp\/v2\/product_cat?post=818"},{"taxonomy":"product_tag","embeddable":true,"href":"https:\/\/red-lighttherapy.com\/fr_fr\/wp-json\/wp\/v2\/product_tag?post=818"}],"curies":[{"name":"wp","href":"https:\/\/api.w.org\/{rel}","templated":true}]}}