{"id":812,"date":"2025-04-15T02:51:47","date_gmt":"2025-04-15T02:51:47","guid":{"rendered":"https:\/\/red-lighttherapy.com\/?post_type=product&#038;p=812"},"modified":"2025-04-15T03:01:39","modified_gmt":"2025-04-15T03:01:39","slug":"bespoke-soft-touch-lamination-match-style-necklaces-box","status":"publish","type":"product","link":"https:\/\/red-lighttherapy.com\/fr_fr\/bespoke-soft-touch-lamination-match-style-necklaces-box\/","title":{"rendered":"Bo\u00eete \u00e0 colliers sur mesure avec pelliculage doux au toucher"},"content":{"rendered":"<h2 id=\"customized-soft-touch-coating-matching-style-necklace-box-product-description\">Bo\u00eete \u00e0 colliers sur mesure avec rev\u00eatement soft touch Description du produit<\/h2>\n<h2 id=\"1-cuboid-drawer-structure-\">1. Papier<strong> structure de la bo\u00eete \u00e0 tiroirs<\/strong><\/h2>\n<ul>\n<li>En adoptant une forme de bo\u00eete rectangulaire calcul\u00e9e avec pr\u00e9cision, le taux d'utilisation de l'espace interne est augment\u00e9 de 30%, ce qui convient \u00e0 la pr\u00e9sentation des bijoux sur le comptoir de la bijouterie et au rangement sur la table de toilette de la maison. La conception en couches du tiroir permet de ranger diff\u00e9rents bijoux tels que des colliers, des bagues, des boucles d'oreilles, etc. par cat\u00e9gories afin d'\u00e9viter l'enchev\u00eatrement et l'usure.<\/li>\n<li>Le corps de la bo\u00eete a \u00e9t\u00e9\u00a0<strong>optimis\u00e9 sur le plan g\u00e9om\u00e9trique<\/strong>Les bords sont trait\u00e9s avec des coins arrondis de 0,5 mm, ce qui permet non seulement de conserver l'aspect tridimensionnel, mais aussi d'am\u00e9liorer la stabilit\u00e9 de l'empilage. Il peut supporter 5 couches de pression superpos\u00e9es pendant le transport et coop\u00e8re avec des mat\u00e9riaux tampons anti-collision (tels que le coton perl\u00e9 EPE) pour assurer une s\u00e9curit\u00e9 de transport totale.<\/li>\n<\/ul>\n<h2 id=\"2-slide-rail-pull-out-one-hand-operation-\">2.\u00a0<strong>Extraction du rail coulissant d'une seule main<\/strong><\/h2>\n<ul>\n<li>\u00c9quip\u00e9 de\u00a0<strong>glissi\u00e8re \u00e0 amortissement silencieux<\/strong>La r\u00e9sistance \u00e0 l'ouverture et \u00e0 la fermeture est \u22641,5N, et il est possible de l'ouvrir en douceur d'une simple pression de la main, ce qui est 40% plus efficace que le fonctionnement traditionnel du flip-top. Le test de dur\u00e9e de vie de la glissi\u00e8re est sup\u00e9rieur \u00e0 100 000 fois, ce qui convient aux sc\u00e9narios d'utilisation \u00e0 haute fr\u00e9quence.<\/li>\n<li>Le tiroir est encastr\u00e9 dans un\u00a0<strong>syst\u00e8me de positionnement magn\u00e9tique<\/strong>\u00a0qui s'aligne automatiquement lorsqu'il est ferm\u00e9 afin d'\u00e9viter tout glissement accidentel d\u00fb aux vibrations.<\/li>\n<\/ul>\n<h2 id=\"-second-surface-technology-and-visual-presentation-\"><strong>3. Technologie de surface et pr\u00e9sentation visuelle<\/strong><\/h2>\n<ol>\n<li><strong>Rev\u00eatement doux au toucher et texture tridimensionnelle<\/strong><\/li>\n<li>Le corps de la bo\u00eete adopte\u00a0<strong>Technologie de rev\u00eatement PU<\/strong>\u00a0La surface est aussi d\u00e9licate que du velours et poss\u00e8de \u00e9galement des propri\u00e9t\u00e9s anti-rayures et anti-traces de doigts. \u00c0 travers\u00a0<strong>Technologie de gaufrage en 3D<\/strong>\u00a0Une texture tridimensionnelle de type diamant\/crocodile est form\u00e9e pour am\u00e9liorer la superposition visuelle et la reconnaissance de la marque.<\/li>\n<\/ol>\n<h2 id=\"4-dark-blue-main-color-and-hot-stamping-luxury-\">4.\u00a0<strong>Couleur principale bleu fonc\u00e9 et marquage \u00e0 chaud de luxe<\/strong><\/h2>\n<ul>\n<li>Le corps de la bo\u00eete est principalement en\u00a0<strong>Pantone 19-4052 bleu fonc\u00e9 classique<\/strong>\u00a0qui symbolise la confiance et l'\u00e9ternit\u00e9, et qui est tr\u00e8s coh\u00e9rent avec le langage visuel des produits de luxe. Avec\u00a0<strong>technologie de marquage \u00e0 chaud partiel<\/strong>\u00a0Les feuilles d'or 24K et la technologie de positionnement au laser sont utilis\u00e9es, la brillance du m\u00e9tal est \u0394E\u22641,5, et la pr\u00e9cision des bords du texte\/logo atteint \u00b10,1 mm, ce qui met en valeur la texture noble.<\/li>\n<\/ul>\n<h2 id=\"5-eva-velvet-composite-inner-support-\">5.\u00a0<strong>Support int\u00e9rieur en composite EVA+velours<\/strong><\/h2>\n<ul>\n<li>La doublure int\u00e9rieure adopte\u00a0<strong>\u00e9ponge EVA haute densit\u00e9<\/strong>\u00a0(duret\u00e9 40\u00b15 Shore C) et\u00a0<strong>Velours 600D<\/strong>\u00a0Structure composite, douce au toucher et tr\u00e8s r\u00e9sistante \u00e0 la pression, prot\u00e9geant les bijoux des chocs.<\/li>\n<li><strong>Conception modulaire de l'emplacement de la carte<\/strong>:<\/li>\n<li><strong>Fente pour collier<\/strong>: Rainure en forme de U d'une profondeur de 15 mm, adapt\u00e9e aux colliers dont la longueur de cha\u00eene est comprise entre 40 et 70 cm ;<\/li>\n<li><strong>Porte-anneau<\/strong>: Position de fixation de l'anneau en silicone r\u00e9glable, compatible avec les anneaux 4-20 ;<\/li>\n<li><strong>Prise pour bijoux d'oreille<\/strong>Le trou d'\u00e9pingle de 2 mm de diam\u00e8tre et la fente de rangement magn\u00e9tique pour les bouchons d'oreille sont combin\u00e9s.<\/li>\n<\/ul>\n<h2 id=\"6-highly-customized-solutions-\">6.\u00a0<strong>Des solutions hautement personnalis\u00e9es<\/strong><\/h2>\n<ul>\n<li><strong>Personnalisation de la taille<\/strong>: Permet d'ajuster la taille des bo\u00eetes de 5cm\u00d75cm \u00e0 30cm\u00d730cm, ce qui convient aux coffrets de mariage, aux bo\u00eetes-cadeaux pour un seul article et \u00e0 d'autres sc\u00e9narios ;<\/li>\n<li><strong>Int\u00e9gration des \u00e9l\u00e9ments de la marque<\/strong>: Peut int\u00e9grer des puces RFID, graver au laser des logos de marque ou ajuster les motifs de gaufrage et les positions de marquage \u00e0 chaud en combinaison avec les syst\u00e8mes VI du client ;<\/li>\n<li><strong>Production de masse et conditionnement<\/strong>: Il prend en charge une commande minimale de 500 pi\u00e8ces et fournit des solutions d'emballage int\u00e9gr\u00e9es telles que des sacs \u00e0 poussi\u00e8re, des bo\u00eetes cadeaux et des palettes de transport.<\/li>\n<\/ul>\n<h2 id=\"7-technical-parameters-and-environmental-standards-\">7.\u00a0<strong>Param\u00e8tres techniques et normes environnementales<\/strong><\/h2>\n<ul>\n<li><strong>Mat\u00e9riau<\/strong>: Substrat en plastique ABS de qualit\u00e9 alimentaire + rev\u00eatement PU respectueux de l'environnement (certifi\u00e9 REACH\/SVHC) ;<\/li>\n<li><strong>Normes de proc\u00e9dure<\/strong>: Syst\u00e8me de gestion de la qualit\u00e9 ISO 9001, pr\u00e9cision de l'estampage \u00e0 chaud \u22640,2mm ;<\/li>\n<li><strong>Sc\u00e9narios applicables<\/strong>: Magasins phares de marques de bijoux, personnalisation de cadeaux haut de gamme, emballage de bijoux de maisons de vente aux ench\u00e8res.<\/li>\n<\/ul>","protected":false},"excerpt":{"rendered":"<p>Cr\u00e9er une solution de tiroir \u00e0 bijoux \u00e0 la fois pratique et artistique, r\u00e9pondant aux besoins des marques de bijoux haut de gamme en mati\u00e8re d'emballage raffin\u00e9, fonctionnel et personnalis\u00e9.<\/p>","protected":false},"featured_media":813,"template":"","meta":{"_kad_post_transparent":"default","_kad_post_title":"","_kad_post_layout":"default","_kad_post_sidebar_id":"","_kad_post_content_style":"default","_kad_post_vertical_padding":"default","_kad_post_feature":"","_kad_post_feature_position":"","_kad_post_header":false,"_kad_post_footer":false,"_kad_post_classname":""},"product_brand":[],"product_cat":[15,20,17],"product_tag":[303,305,304],"class_list":{"0":"post-812","1":"product","2":"type-product","3":"status-publish","4":"has-post-thumbnail","6":"product_cat-red-light-therapy","7":"product_cat-led-face-light-therapy","8":"product_cat-services","9":"product_tag-bespoke-necklaces-box","10":"product_tag-match-style-necklaces-box","11":"product_tag-soft-touch-lamination-necklaces-box","13":"first","14":"instock","15":"shipping-taxable","16":"product-type-simple","17":"entry","18":"content-bg","19":"loop-entry"},"_links":{"self":[{"href":"https:\/\/red-lighttherapy.com\/fr_fr\/wp-json\/wp\/v2\/product\/812","targetHints":{"allow":["GET"]}}],"collection":[{"href":"https:\/\/red-lighttherapy.com\/fr_fr\/wp-json\/wp\/v2\/product"}],"about":[{"href":"https:\/\/red-lighttherapy.com\/fr_fr\/wp-json\/wp\/v2\/types\/product"}],"wp:featuredmedia":[{"embeddable":true,"href":"https:\/\/red-lighttherapy.com\/fr_fr\/wp-json\/wp\/v2\/media\/813"}],"wp:attachment":[{"href":"https:\/\/red-lighttherapy.com\/fr_fr\/wp-json\/wp\/v2\/media?parent=812"}],"wp:term":[{"taxonomy":"product_brand","embeddable":true,"href":"https:\/\/red-lighttherapy.com\/fr_fr\/wp-json\/wp\/v2\/product_brand?post=812"},{"taxonomy":"product_cat","embeddable":true,"href":"https:\/\/red-lighttherapy.com\/fr_fr\/wp-json\/wp\/v2\/product_cat?post=812"},{"taxonomy":"product_tag","embeddable":true,"href":"https:\/\/red-lighttherapy.com\/fr_fr\/wp-json\/wp\/v2\/product_tag?post=812"}],"curies":[{"name":"wp","href":"https:\/\/api.w.org\/{rel}","templated":true}]}}