{"id":806,"date":"2025-04-15T02:36:36","date_gmt":"2025-04-15T02:36:36","guid":{"rendered":"https:\/\/red-lighttherapy.com\/?post_type=product&#038;p=806"},"modified":"2025-04-15T02:51:40","modified_gmt":"2025-04-15T02:51:40","slug":"oem-odm-rigid-slide-drawer-style-jewelry-earring-gift-boxes","status":"publish","type":"product","link":"https:\/\/red-lighttherapy.com\/fr_fr\/oem-odm-rigid-slide-drawer-style-jewelry-earring-gift-boxes\/","title":{"rendered":"OEM ODM Bo\u00eetes \u00e0 tiroirs rigides pour bijoux et boucles d'oreilles"},"content":{"rendered":"<h2><strong>OEM ODM Tiroir \u00e0 glissi\u00e8re rigide <\/strong><strong>Bo\u00eete \u00e0 bijoux pour boucles d'oreilles Description du produit<\/strong><\/h2>\n<h2 id=\"1-classic-box-type-and-slide-rail-nesting-design-\">1.\u00a0<strong>Type de bo\u00eete classique et conception d'embo\u00eetement \u00e0 glissi\u00e8re<\/strong><\/h2>\n<ul>\n<li>Le\u00a0<strong>type de bo\u00eete \u00e0 fond et \u00e0 couvercle inf\u00e9rieur<\/strong>\u00a0Le corps de la bo\u00eete pr\u00e9sente des lignes simples et robustes qui correspondent au ton haut de gamme des produits de bijouterie. Le couvercle de la bo\u00eete et le corps de la bo\u00eete sont imbriqu\u00e9s par l'interm\u00e9diaire de l'embo\u00eetement.\u00a0<strong>syst\u00e8me de glissi\u00e8res de pr\u00e9cision<\/strong>Ils peuvent glisser en douceur lors de l'ouverture et de la fermeture par une simple traction, ce qui permet de gagner de la place et de donner une impression de rituel lors de l'ouverture de la bo\u00eete. La glissi\u00e8re est dot\u00e9e d'une boucle anti-chute qui ne s'est pas desserr\u00e9e apr\u00e8s 5000 essais d'arrachement.<\/li>\n<\/ul>\n<h2 id=\"2-scientific-partition-and-protective-inner-box-\">2.\u00a0<strong>Cloison scientifique et bo\u00eete int\u00e9rieure de protection<\/strong><\/h2>\n<ul>\n<li>La bo\u00eete int\u00e9rieure est fabriqu\u00e9e en EVA haute densit\u00e9 gris clair. La conception de la cloison comprend\u00a0<strong>fentes de fixation des boucles d'oreilles, zone de la tige de suspension du collier et couche plate du bracelet<\/strong>La doublure int\u00e9rieure est recouverte d'une couche de flocage de 0,8 mm d'\u00e9paisseur, qui a une fonction tampon et antistatique. La surface int\u00e9rieure de la doublure est recouverte d'une couche de flocage de 0,8 mm, qui a \u00e0 la fois des fonctions tampon et antistatique, et convient aux mat\u00e9riaux facilement oxydables tels que les bijoux en argent et les pierres pr\u00e9cieuses.<\/li>\n<\/ul>\n<h2 id=\"3-material-and-surface-technology-\">3.\u00a0<strong>Technologie des mat\u00e9riaux et des surfaces<\/strong><\/h2>\n<ul>\n<li>Le corps de la bo\u00eete est compos\u00e9 de\u00a0<strong>papier couch\u00e9 haute densit\u00e9<\/strong>La surface est recouverte d'une couche de poly\u00e9thyl\u00e8ne, d'une grande r\u00e9sistance \u00e0 la compression et d'une certification de s\u00e9curit\u00e9 REACH et RoHS de l'UE. La surface est recouverte de\u00a0<strong>rev\u00eatement nano r\u00e9sistant \u00e0 l'usure<\/strong>qui est aussi d\u00e9licat que le velours, r\u00e9sistant aux rayures et aux traces de doigts, avec une fid\u00e9lit\u00e9 des couleurs de plus de 95% de Pantone.<\/li>\n<li>En option\u00a0<strong>marquage \u00e0 chaud\/embossage\/gravure au laser<\/strong>\u00a0Technologie : le marquage \u00e0 chaud utilise une feuille d'or 24K, la profondeur de gaufrage est de 0,2 mm et la pr\u00e9cision de la gravure au laser est de 0,015 mm, ce qui permet une personnalisation telle que les logos et les motifs de la marque.<\/li>\n<\/ul>\n<h2 id=\"4-ergonomics-and-aesthetic-design-\">4.\u00a0<strong>Ergonomie et esth\u00e9tique<\/strong><\/h2>\n<ul>\n<li><strong>La couleur principale, marron et rose, s'inspire de l'esth\u00e9tique des couleurs nude, et la texture mate transmet une sensation de chaleur et de luxe. La poign\u00e9e adopte\u00a0<\/strong>Tube rond en forme de C**, d'une largeur de \uff1e20cm, convenant aux adultes qui le tiennent avec quatre doigts, avec une force uniforme et une \u00e9conomie de main-d'\u0153uvre, et le confort d'ouverture et de fermeture est augment\u00e9 de 40%. Les coins sont trait\u00e9s R, arrondis et sans bavures, conform\u00e9ment aux normes de contr\u00f4le de la qualit\u00e9 ISO 9001.<\/li>\n<\/ul>\n<h2 id=\"5-flexible-production-and-quality-control-process-\">5.\u00a0<strong>Processus de production et de contr\u00f4le de la qualit\u00e9 flexibles<\/strong><\/h2>\n<ul>\n<li>Soutien\u00a0<strong>Commande minimum de 500 pi\u00e8ces<\/strong>Le cycle de production est de 8 \u00e0 15 jours (dont 4 \u00e0 7 jours pour l'\u00e9preuvage). Le processus de production couvre plus de 20 proc\u00e9d\u00e9s tels que l'estampage de moules, la d\u00e9coupe au laser, le moulage CNC, etc :<\/li>\n<li><strong>Trois contr\u00f4les de qualit\u00e9 manuels<\/strong>: Inspection SGS des mati\u00e8res premi\u00e8res, v\u00e9rification de la structure des produits semi-finis et inspection de l'int\u00e9grit\u00e9 de la surface des produits finis ;<\/li>\n<li><strong>Pulv\u00e9risation d'un rev\u00eatement r\u00e9sistant \u00e0 l'usure<\/strong>: Rev\u00eatement composite polym\u00e8re, test au brouillard salin &gt; 72 heures sans tomber ;<\/li>\n<li><strong>Meulage fin des bords et des angles<\/strong>: Erreur d'angle R \u2264 0,1 mm, par le biais de la d\u00e9tection 3D du projecteur.<\/li>\n<\/ul>\n<h2 id=\"6-environmental-protection-and-compliance-\">6.\u00a0<strong>Protection de l'environnement et conformit\u00e9<\/strong><\/h2>\n<ul>\n<li>Le mat\u00e9riau a obtenu la certification foresti\u00e8re FSC, le processus de laminage utilise des adh\u00e9sifs \u00e0 base d'eau et les \u00e9missions de COV sont inf\u00e9rieures de 50% \u00e0 la limite fix\u00e9e par l'UE.<\/li>\n<\/ul>\n<h2 id=\"-application-scenarios-and-customized-services-\"><strong>Sc\u00e9narios d'application et services personnalis\u00e9s<\/strong><\/h2>\n<ul>\n<li><strong>Sc\u00e9narios applicables<\/strong>: vente au d\u00e9tail de bijoux haut de gamme, cadeaux de marque, coentreprises de luxe, personnalisation de mariages, etc ;<\/li>\n<li><strong>Services \u00e0 valeur ajout\u00e9e<\/strong>Les produits de l'entreprise sont des sacs scell\u00e9s anti-oxydation, des solutions d'adaptation \u00e0 l'humidit\u00e9 constante et des \u00e9tiquettes laser anti-contrefa\u00e7on ;<\/li>\n<li><strong>Normes de livraison<\/strong>Chaque lot est accompagn\u00e9 d'un rapport d'essai des mat\u00e9riaux, ce qui permet de soutenir les services DDP de la logistique mondiale.<\/li>\n<\/ul>\n<h2 id=\"-technical-parameters-\"><strong>Param\u00e8tres techniques<\/strong><\/h2>\n<table>\n<thead>\n<tr>\n<th>Projet<\/th>\n<th>Param\u00e8tres<\/th>\n<\/tr>\n<\/thead>\n<tbody>\n<tr>\n<td>Mat\u00e9riau<\/td>\n<td>Papier couch\u00e9 450g + doublure EVA<\/td>\n<\/tr>\n<tr>\n<td>Taille de la bo\u00eete<\/td>\n<td>240\u00d7160\u00d760mm<\/td>\n<\/tr>\n<tr>\n<td>Capacit\u00e9 de charge<\/td>\n<td>Statique 5kg\/dynamique 2kg<\/td>\n<\/tr>\n<tr>\n<td>Duret\u00e9 de la surface<\/td>\n<td>3H duret\u00e9 du crayon<\/td>\n<\/tr>\n<tr>\n<td>Quantit\u00e9 minimale de commande<\/td>\n<td>500 pi\u00e8ces<\/td>\n<\/tr>\n<tr>\n<td>Cycle de livraison<\/td>\n<td>15 jours pour les mod\u00e8les r\u00e9guliers<\/td>\n<\/tr>\n<\/tbody>\n<\/table>\n<p><strong>Conclusion<\/strong>\u00a0Ce produit prend\u00a0<strong>\"esth\u00e9tique visuelle + protection fonctionnelle<\/strong>\u00a0et fournit aux marques une solution compl\u00e8te, de l'emballage \u00e0 l'exp\u00e9rience de l'utilisateur, gr\u00e2ce \u00e0 une technologie de pr\u00e9cision et \u00e0 un syst\u00e8me de production flexible. Qu'il s'agisse d'un marquage \u00e0 chaud classique ou d'un gaufrage personnalis\u00e9, il peut devenir un moyen silencieux de v\u00e9hiculer la valeur de la marque.<\/p>","protected":false},"excerpt":{"rendered":"<p>Ce coffret cadeau pour boucles d'oreilles est sp\u00e9cialement con\u00e7u pour les marques de bijoux haut de gamme. Il allie une esth\u00e9tique classique \u00e0 un savoir-faire moderne. Bas\u00e9 sur le type de bo\u00eete \u00e0 couvercle sup\u00e9rieur et inf\u00e9rieur, il cr\u00e9e une solution de stockage \u00e0 la fois c\u00e9r\u00e9moniale et pratique gr\u00e2ce \u00e0 des lignes g\u00e9om\u00e9triques nettes et \u00e0 une structure pr\u00e9cise. Le produit a subi huit processus de contr\u00f4le de la qualit\u00e9 et a \u00e9t\u00e9 associ\u00e9 aux normes de s\u00e9curit\u00e9 de l'UE en mati\u00e8re d'emballage afin d'obtenir une assurance qualit\u00e9 totale, des mat\u00e9riaux aux produits finis. Il convient aux besoins personnalis\u00e9s dans les domaines de la bijouterie, de l'horlogerie, des produits de luxe, etc.<\/p>","protected":false},"featured_media":810,"template":"","meta":{"_kad_post_transparent":"default","_kad_post_title":"","_kad_post_layout":"default","_kad_post_sidebar_id":"","_kad_post_content_style":"default","_kad_post_vertical_padding":"default","_kad_post_feature":"","_kad_post_feature_position":"","_kad_post_header":false,"_kad_post_footer":false,"_kad_post_classname":""},"product_brand":[],"product_cat":[15,20,17],"product_tag":[301,300,302],"class_list":{"0":"post-806","1":"product","2":"type-product","3":"status-publish","4":"has-post-thumbnail","6":"product_cat-red-light-therapy","7":"product_cat-led-face-light-therapy","8":"product_cat-services","9":"product_tag-earring-drawer-style-boxes","10":"product_tag-jewelry-gift-boxes","11":"product_tag-oem-odm-rigid-boxes","13":"first","14":"instock","15":"shipping-taxable","16":"product-type-simple","17":"entry","18":"content-bg","19":"loop-entry"},"_links":{"self":[{"href":"https:\/\/red-lighttherapy.com\/fr_fr\/wp-json\/wp\/v2\/product\/806","targetHints":{"allow":["GET"]}}],"collection":[{"href":"https:\/\/red-lighttherapy.com\/fr_fr\/wp-json\/wp\/v2\/product"}],"about":[{"href":"https:\/\/red-lighttherapy.com\/fr_fr\/wp-json\/wp\/v2\/types\/product"}],"wp:featuredmedia":[{"embeddable":true,"href":"https:\/\/red-lighttherapy.com\/fr_fr\/wp-json\/wp\/v2\/media\/810"}],"wp:attachment":[{"href":"https:\/\/red-lighttherapy.com\/fr_fr\/wp-json\/wp\/v2\/media?parent=806"}],"wp:term":[{"taxonomy":"product_brand","embeddable":true,"href":"https:\/\/red-lighttherapy.com\/fr_fr\/wp-json\/wp\/v2\/product_brand?post=806"},{"taxonomy":"product_cat","embeddable":true,"href":"https:\/\/red-lighttherapy.com\/fr_fr\/wp-json\/wp\/v2\/product_cat?post=806"},{"taxonomy":"product_tag","embeddable":true,"href":"https:\/\/red-lighttherapy.com\/fr_fr\/wp-json\/wp\/v2\/product_tag?post=806"}],"curies":[{"name":"wp","href":"https:\/\/api.w.org\/{rel}","templated":true}]}}