{"id":795,"date":"2025-04-14T16:43:08","date_gmt":"2025-04-14T16:43:08","guid":{"rendered":"https:\/\/red-lighttherapy.com\/?post_type=product&#038;p=795"},"modified":"2025-04-15T02:12:49","modified_gmt":"2025-04-15T02:12:49","slug":"customized-child-resistant-rigid-paperboard-slider-box-supplier","status":"publish","type":"product","link":"https:\/\/red-lighttherapy.com\/fr_fr\/customized-child-resistant-rigid-paperboard-slider-box-supplier\/","title":{"rendered":"Bo\u00eete \u00e0 glissi\u00e8re en carton rigide r\u00e9sistante aux enfants Fournisseur"},"content":{"rendered":"<h3 id=\"1-cannabis-e-cigarette-style-design-childproof-buckle-both-safe-and-fashionable-\">1.\u00a0<strong>Style e-cigarette cannabis \u00d7 boucle de s\u00e9curit\u00e9 enfant, \u00e0 la fois s\u00fbre et \u00e0 la mode<\/strong><\/h3>\n<p>La bo\u00eete coulissante adopte le langage de conception classique des e-cigarettes au cannabis (e-cigarettes au CBD), avec des lignes minimalistes et une forme technologique comme noyau, et est \u00e9quip\u00e9e d'un dispositif de boucle de s\u00e9curit\u00e9 pour les enfants, qui non seulement r\u00e9pond aux besoins de protection des enfants, mais transmet \u00e9galement un ton de marque haut de gamme et d'avant-garde. La conception de la boucle \u00e0 l'\u00e9preuve des enfants est conforme aux normes de s\u00e9curit\u00e9 internationales (telles que EN 71-3). Gr\u00e2ce \u00e0 des boucles physiques et \u00e0 des structures de d\u00e9verrouillage cach\u00e9es, elle emp\u00eache efficacement les enfants de la toucher accidentellement, tout en pr\u00e9servant la douceur de l'apparence. L'ensemble des couleurs est domin\u00e9 par le blanc et le vert for\u00eat, simulant l'atmosph\u00e8re fra\u00eeche de la for\u00eat d'origine, transmettant une exp\u00e9rience visuelle naturelle et tranquille, et s'inscrivant dans la tendance d'une consommation saine.<\/p>\n<h3 id=\"2-material-technology-350g-cardboard-1000g-cardboard-enhanced-pull-out-experience-\">2.\u00a0<strong>Technologie des mat\u00e9riaux : carton de 350 g \u00d7 carton de 1000 g, pour une meilleure exp\u00e9rience d'extraction.<\/strong><\/h3>\n<p>La bo\u00eete ext\u00e9rieure utilise un carton de 350 g \u00e0 fort grammage avec un film mat sur la surface, qui est \u00e0 la fois r\u00e9sistant \u00e0 l'usure et d\u00e9licat ; la bo\u00eete int\u00e9rieure utilise un carton \u00e9pais de 1 000 g, qui est assembl\u00e9 sans couture gr\u00e2ce \u00e0 une technologie de d\u00e9coupe de pr\u00e9cision, et la r\u00e9sistance pendant le processus d'extraction est uniforme. Gr\u00e2ce \u00e0 la conception du tampon d'amortissement, il offre une exp\u00e9rience d'utilisation haut de gamme : \"une l\u00e9g\u00e8re pouss\u00e9e pour d\u00e9marrer, un arr\u00eat r\u00e9gulier sans secousse\". Le contraste entre les mat\u00e9riaux internes et externes cr\u00e9e un sentiment de hi\u00e9rarchie et renforce la valeur ajout\u00e9e du produit.<\/p>\n<h3 id=\"3-primitive-forest-theme-visual-design-3d-green-leaf-uv-technology-\">3.\u00a0<strong>Conception visuelle du th\u00e8me de la for\u00eat primitive, feuille verte en 3D Technologie UV<\/strong><\/h3>\n<p>Les \u00e9l\u00e9ments de la feuille verte pr\u00e9sentent un effet de relief tridimensionnel gr\u00e2ce \u00e0 la technologie d'impression UV locale, formant un d\u00e9grad\u00e9 de brillance sous l'effet de la lumi\u00e8re et de l'ombre, simulant la texture et le toucher des vraies feuilles. Les endroits cl\u00e9s du coffret (comme la zone de la serrure et celle du logo de la marque) utilisent la technologie de marquage \u00e0 chaud or\/argent, combin\u00e9e \u00e0 une d\u00e9coupe de haute pr\u00e9cision pour garantir que le motif est clair et r\u00e9sistant \u00e0 l'usure. Le logo de la marque est int\u00e9gr\u00e9 dans le motif de la nervure de la feuille pour renforcer l'image de l'int\u00e9gration de la nature et de la technologie et am\u00e9liorer la reconnaissance.<\/p>\n<h3 id=\"4-flexible-mold-development-capabilities-quick-response-to-customization-needs-\">4.\u00a0<strong>Capacit\u00e9s de d\u00e9veloppement de moules flexibles, r\u00e9ponse rapide aux besoins de personnalisation<\/strong><\/h3>\n<p>Le fournisseur est \u00e9quip\u00e9 d'un syst\u00e8me de d\u00e9veloppement de moules \u00e0 processus complet, qui permet une conversion rapide des dessins 2D en mod\u00e8les 3D, et peut personnaliser des moules de forme sp\u00e9ciale (tels que des pistes incurv\u00e9es, des structures multicouches imbriqu\u00e9es), avec une quantit\u00e9 minimale de commande de 500 pi\u00e8ces. Gr\u00e2ce \u00e0 la conception modulaire, la taille de la bo\u00eete cadeau, la position de la serrure et le contenu de l'impression peuvent \u00eatre ajust\u00e9s de mani\u00e8re flexible, et le cycle de livraison est r\u00e9duit \u00e0 12-15 jours, ce qui r\u00e9pond aux besoins urgents des marques d'e-cigarettes en mati\u00e8re de diff\u00e9renciation de l'emballage.<\/p>\n<h3 id=\"5-industry-technology-frontier-exploration-continuous-innovation-and-upgrading-\">5.\u00a0<strong>Exploration des fronti\u00e8res technologiques de l'industrie, innovation et mise \u00e0 niveau continues<\/strong><\/h3>\n<p>Participer activement aux salons internationaux de l'e-cigarette tels que EVO NXT en Allemagne et InterTabac en Italie, comparer les technologies avec des entreprises de premier plan telles que British American Tobacco et Philip Morris International, et introduire des technologies innovantes telles que les algorithmes de correspondance des couleurs par IA et les vernis biod\u00e9gradables. La solution \"encre UV sans solvant\" lanc\u00e9e en 2024 a obtenu la certification REACH de l'UE, r\u00e9duisant les \u00e9missions de COV de 90% et favorisant la transformation \u00e9cologique de l'industrie.<\/p>\n<h3 id=\"6-full-link-environmentally-friendly-production-system-\">6.\u00a0<strong>Syst\u00e8me de production enti\u00e8rement respectueux de l'environnement<\/strong><\/h3>\n<p>L'usine utilise des \u00e9quipements de rev\u00eatement de films \u00e0 base d'eau import\u00e9s d'Allemagne pour remplacer les proc\u00e9d\u00e9s traditionnels \u00e0 base de solvants, ce qui permet de r\u00e9duire 90% les substances volatiles nocives ; elle met en place un syst\u00e8me de traitement des eaux us\u00e9es en circuit ferm\u00e9 afin de r\u00e9utiliser 95% des ressources en eau. 100% des mat\u00e9riaux d'emballage utilisent de la p\u00e2te \u00e0 papier certifi\u00e9e FSC, et 30% de fibres recycl\u00e9es sont ajout\u00e9es \u00e0 la bo\u00eete int\u00e9rieure, ce qui est conforme au syst\u00e8me de gestion de l'environnement ISO 14001. La certification de l'empreinte carbone a \u00e9t\u00e9 obtenue en 2024 et les \u00e9missions de carbone par bo\u00eete sont inf\u00e9rieures de 40% \u00e0 la moyenne du secteur.<\/p>\n<h3 id=\"7-compliance-and-sustainable-development-dual-drive-\">7.\u00a0<strong>Conformit\u00e9 et d\u00e9veloppement durable : une double impulsion<\/strong><\/h3>\n<p>Les mesures de gestion de la cigarette \u00e9lectronique et la directive europ\u00e9enne TPD sont strictement respect\u00e9es. Tous les produits passent les tests de s\u00e9curit\u00e9 physique m\u00e9canique EN 71-1 et sont certifi\u00e9s par le syst\u00e8me de qualit\u00e9 ISO 9001.<\/p>","protected":false},"excerpt":{"rendered":"<p>En int\u00e9grant l'esth\u00e9tique du design industriel, des normes de s\u00e9curit\u00e9 \u00e9lev\u00e9es et des concepts d'\u00e9conomie circulaire, nous fournissons aux marques de cigarettes \u00e9lectroniques des solutions de produits qui sont \u00e0 la fois comp\u00e9titives sur le march\u00e9 et socialement responsables, en particulier pour les entreprises de cigarettes \u00e9lectroniques CBD qui sont positionn\u00e9es sur le haut de gamme et qui mettent l'accent sur l'image ESG.<\/p>","protected":false},"featured_media":800,"template":"","meta":{"_kad_post_transparent":"default","_kad_post_title":"","_kad_post_layout":"default","_kad_post_sidebar_id":"","_kad_post_content_style":"default","_kad_post_vertical_padding":"default","_kad_post_feature":"","_kad_post_feature_position":"","_kad_post_header":false,"_kad_post_footer":false,"_kad_post_classname":""},"product_brand":[],"product_cat":[15,20,40,17],"product_tag":[295,294,296],"class_list":{"0":"post-795","1":"product","2":"type-product","3":"status-publish","4":"has-post-thumbnail","6":"product_cat-red-light-therapy","7":"product_cat-led-face-light-therapy","8":"product_cat-red-light-therapy-panel","9":"product_cat-services","10":"product_tag-child-resistant-box","11":"product_tag-customized-paperboard-box","12":"product_tag-slider-box-supplier","14":"first","15":"instock","16":"shipping-taxable","17":"product-type-simple","18":"entry","19":"content-bg","20":"loop-entry"},"_links":{"self":[{"href":"https:\/\/red-lighttherapy.com\/fr_fr\/wp-json\/wp\/v2\/product\/795","targetHints":{"allow":["GET"]}}],"collection":[{"href":"https:\/\/red-lighttherapy.com\/fr_fr\/wp-json\/wp\/v2\/product"}],"about":[{"href":"https:\/\/red-lighttherapy.com\/fr_fr\/wp-json\/wp\/v2\/types\/product"}],"wp:featuredmedia":[{"embeddable":true,"href":"https:\/\/red-lighttherapy.com\/fr_fr\/wp-json\/wp\/v2\/media\/800"}],"wp:attachment":[{"href":"https:\/\/red-lighttherapy.com\/fr_fr\/wp-json\/wp\/v2\/media?parent=795"}],"wp:term":[{"taxonomy":"product_brand","embeddable":true,"href":"https:\/\/red-lighttherapy.com\/fr_fr\/wp-json\/wp\/v2\/product_brand?post=795"},{"taxonomy":"product_cat","embeddable":true,"href":"https:\/\/red-lighttherapy.com\/fr_fr\/wp-json\/wp\/v2\/product_cat?post=795"},{"taxonomy":"product_tag","embeddable":true,"href":"https:\/\/red-lighttherapy.com\/fr_fr\/wp-json\/wp\/v2\/product_tag?post=795"}],"curies":[{"name":"wp","href":"https:\/\/api.w.org\/{rel}","templated":true}]}}