{"id":788,"date":"2025-04-14T16:24:13","date_gmt":"2025-04-14T16:24:13","guid":{"rendered":"https:\/\/red-lighttherapy.com\/?post_type=product&#038;p=788"},"modified":"2025-04-15T02:13:05","modified_gmt":"2025-04-15T02:13:05","slug":"custom-child-resistant-boxes-drawer-rigid-box-manufacturer","status":"publish","type":"product","link":"https:\/\/red-lighttherapy.com\/fr_fr\/custom-child-resistant-boxes-drawer-rigid-box-manufacturer\/","title":{"rendered":"Bo\u00eetes de s\u00e9curit\u00e9 pour enfants Bo\u00eetes rigides \u00e0 tiroirs fabriqu\u00e9es sur mesure"},"content":{"rendered":"<h3 id=\"1-selected-high-quality-coated-paper-printing-touch-film-enhances-texture-\">1.\u00a0<strong>Impression sur papier couch\u00e9 de haute qualit\u00e9, le film tactile am\u00e9liore la texture.<\/strong><\/h3>\n<p>Le fabricant utilise du papier couch\u00e9 de haute qualit\u00e9 comme mat\u00e9riau de base, combin\u00e9 au processus de film tactile, pour rendre la surface du coffret cadeau d\u00e9licate et lisse, douce au toucher et r\u00e9sistante aux rayures. Le papier couch\u00e9 utilise l'impression offset, l'impression UV et d'autres technologies pour obtenir une pr\u00e9sentation tr\u00e8s pr\u00e9cise des motifs, tandis que le film tactile peut am\u00e9liorer la superposition visuelle, donnant \u00e0 la bo\u00eete cadeau une texture haut de gamme et une atmosph\u00e8re naturelle.<\/p>\n<h3 id=\"2-traditional-and-modern-elements-are-integrated-and-the-cultural-charm-is-unique-\">2.\u00a0<strong>Les \u00e9l\u00e9ments traditionnels et modernes sont int\u00e9gr\u00e9s et le charme culturel est unique.<\/strong><\/h3>\n<p>L'\u00e9quipe de conception combine des motifs traditionnels (tels que des nuages de bon augure et des lotus) avec des lignes g\u00e9om\u00e9triques modernes, et conserve le charme culturel gr\u00e2ce \u00e0 une simplification abstraite. La couleur utilise des couleurs traditionnelles telles que le rouge chinois, le bleu et le bleu blanc, et incorpore des tendances populaires telles que le d\u00e9grad\u00e9 et les couleurs contrast\u00e9es pour former une expression visuelle qui combine le charme classique et la mode.<\/p>\n<h3 id=\"3-drawer-type-box-structure-both-protection-and-fun-\">3.\u00a0<strong>Structure de la bo\u00eete \u00e0 tiroirs, \u00e0 la fois protectrice et amusante<\/strong><\/h3>\n<p>La cloison interne du tiroir peut \u00eatre personnalis\u00e9e pour s'adapter \u00e0 des cadeaux de tailles diff\u00e9rentes. L'ouverture et la fermeture \u00e9chelonn\u00e9es augmentent le plaisir, comme le d\u00e9clenchement de la lumi\u00e8re ou l'apparition progressive de motifs lorsque le tiroir est ouvert.<\/p>\n<h3 id=\"4-opening-and-closing-ritual-design-\">4.\u00a0<strong>Conception du rituel d'ouverture et de cl\u00f4ture<\/strong><\/h3>\n<p>Optimisez le rail du tiroir et le syst\u00e8me d'amortissement afin de garantir une ouverture et une fermeture l\u00e9g\u00e8res et sans \u00e0-coups. Certains mod\u00e8les sont \u00e9quip\u00e9s de boucles magn\u00e9tiques ou de dispositifs \u00e0 ressort, qui s'accompagnent d'un \"clic\" ou d'un effet de ralentissement au moment de l'ouverture, afin de renforcer la sensation de rituel de d\u00e9ballage. Certains mod\u00e8les haut de gamme peuvent \u00eatre associ\u00e9s \u00e0 des bandes lumineuses LED pour projeter des logos de marque ou des ombres et lumi\u00e8res dynamiques au moment de l'ouverture de la bo\u00eete.<\/p>\n<h3 id=\"5-partial-uv-printing-strengthens-brand-logo-\">5.\u00a0<strong>L'impression UV partielle renforce le logo de la marque<\/strong><\/h3>\n<p>Utilisez la technologie UV locale dans des endroits cl\u00e9s tels que le couvercle de la bo\u00eete et le bord du tiroir pour mettre en \u00e9vidence le LOGO de la marque, la mascotte ou le symbole culturel gr\u00e2ce \u00e0 un rev\u00eatement tridimensionnel tr\u00e8s brillant. L'encre UV est r\u00e9sistante \u00e0 l'usure et aux rayures, ce qui garantit la clart\u00e9 \u00e0 long terme du motif, tout en formant un contraste de texture avec le substrat mat pour renforcer l'impact visuel.<\/p>\n<h3 id=\"6-industry-experience-and-quality-assurance-\">6.\u00a0<strong>Exp\u00e9rience de l'industrie et assurance de la qualit\u00e9<\/strong><\/h3>\n<p>Le fabricant a plus de 16 ans d'exp\u00e9rience dans la personnalisation des emballages, a obtenu la certification ISO 9001 pour son syst\u00e8me de gestion de la qualit\u00e9 et a servi des marques dans de nombreux domaines tels que les soins maternels et infantiles, les produits de beaut\u00e9 et les vaporisateurs \u00e9lectroniques. Il respecte les normes de s\u00e9curit\u00e9 telles que CE et RoHS afin de garantir que les produits r\u00e9pondent aux exigences internationales en mati\u00e8re d'exportation.<\/p>\n<h3 id=\"7-intelligent-production-and-after-sales-service-\">7.\u00a0<strong>Production et service apr\u00e8s-vente intelligents<\/strong><\/h3>\n<p>Le d\u00e9ploiement des syst\u00e8mes ERP et MES permet une gestion num\u00e9rique de l'ensemble du processus de commande, raccourcissant le cycle de la conception et de l'\u00e9preuvage \u00e0 la production de masse par 30%. Fournir des services apr\u00e8s-vente personnalis\u00e9s, y compris des suggestions d'optimisation de la structure de l'emballage, le remplacement des produits endommag\u00e9s et le traitement acc\u00e9l\u00e9r\u00e9 des commandes d'urgence, et prendre en charge le suivi de la logistique mondiale.<\/p>\n<p>&nbsp;<\/p>","protected":false},"excerpt":{"rendered":"<p>Nous cr\u00e9ons une bo\u00eete cadeau fonctionnelle, artistique et s\u00fbre pour la protection des enfants gr\u00e2ce \u00e0 l'innovation mat\u00e9rielle, \u00e0 l'autonomisation culturelle et \u00e0 une production intelligente, afin de r\u00e9pondre aux besoins de la marque en mati\u00e8re d'emballage diff\u00e9renci\u00e9 et d'am\u00e9lioration de l'exp\u00e9rience de l'utilisateur.<\/p>","protected":false},"featured_media":794,"template":"","meta":{"_kad_post_transparent":"default","_kad_post_title":"","_kad_post_layout":"default","_kad_post_sidebar_id":"","_kad_post_content_style":"default","_kad_post_vertical_padding":"default","_kad_post_feature":"","_kad_post_feature_position":"","_kad_post_header":false,"_kad_post_footer":false,"_kad_post_classname":""},"product_brand":[],"product_cat":[15,20,40,17],"product_tag":[292,291,293],"class_list":{"0":"post-788","1":"product","2":"type-product","3":"status-publish","4":"has-post-thumbnail","6":"product_cat-red-light-therapy","7":"product_cat-led-face-light-therapy","8":"product_cat-red-light-therapy-panel","9":"product_cat-services","10":"product_tag-child-resistant-boxes","11":"product_tag-custom-boxes","12":"product_tag-drawer-box-manufacturer","14":"first","15":"instock","16":"shipping-taxable","17":"product-type-simple","18":"entry","19":"content-bg","20":"loop-entry"},"_links":{"self":[{"href":"https:\/\/red-lighttherapy.com\/fr_fr\/wp-json\/wp\/v2\/product\/788","targetHints":{"allow":["GET"]}}],"collection":[{"href":"https:\/\/red-lighttherapy.com\/fr_fr\/wp-json\/wp\/v2\/product"}],"about":[{"href":"https:\/\/red-lighttherapy.com\/fr_fr\/wp-json\/wp\/v2\/types\/product"}],"wp:featuredmedia":[{"embeddable":true,"href":"https:\/\/red-lighttherapy.com\/fr_fr\/wp-json\/wp\/v2\/media\/794"}],"wp:attachment":[{"href":"https:\/\/red-lighttherapy.com\/fr_fr\/wp-json\/wp\/v2\/media?parent=788"}],"wp:term":[{"taxonomy":"product_brand","embeddable":true,"href":"https:\/\/red-lighttherapy.com\/fr_fr\/wp-json\/wp\/v2\/product_brand?post=788"},{"taxonomy":"product_cat","embeddable":true,"href":"https:\/\/red-lighttherapy.com\/fr_fr\/wp-json\/wp\/v2\/product_cat?post=788"},{"taxonomy":"product_tag","embeddable":true,"href":"https:\/\/red-lighttherapy.com\/fr_fr\/wp-json\/wp\/v2\/product_tag?post=788"}],"curies":[{"name":"wp","href":"https:\/\/api.w.org\/{rel}","templated":true}]}}