{"id":782,"date":"2025-04-14T13:27:51","date_gmt":"2025-04-14T13:27:51","guid":{"rendered":"https:\/\/red-lighttherapy.com\/?post_type=product&#038;p=782"},"modified":"2025-04-15T02:36:25","modified_gmt":"2025-04-15T02:36:25","slug":"leatherette-paper-jewelry-earrings-slider-rigid-box-dealer","status":"publish","type":"product","link":"https:\/\/red-lighttherapy.com\/fr_fr\/leatherette-paper-jewelry-earrings-slider-rigid-box-dealer\/","title":{"rendered":"Papier Leatherette Bijoux Boucles d'oreilles Slider Rigid Box Dealer"},"content":{"rendered":"<h2 id=\"-artificial-leather-paper-jewelry-earrings-slide-cover-hard-box-high-end-customized-packaging-solutions-\"><strong>Bo\u00eete rigide en cuir artificiel pour boucles d'oreilles | Solutions d'emballage personnalis\u00e9es haut de gamme<\/strong><\/h2>\n<h2 id=\"-1-seiko-drawer-style-box-design-zero-error-and-anti-slip-rail-\"><strong>1. Bo\u00eete \u00e0 tiroirs en papier Seiko, z\u00e9ro erreur et rail antid\u00e9rapant<\/strong><\/h2>\n<ul>\n<li>La structure d'ouverture et de fermeture du tiroir \u00e0 papier fait appel \u00e0 une technologie de moulage de pr\u00e9cision, combin\u00e9e \u00e0 un syst\u00e8me de rail de haute pr\u00e9cision, pour obtenir une exp\u00e9rience de pouss\u00e9e et de traction en douceur, garantissant l'absence de blocage et d'erreur lors de l'ouverture et de la fermeture.<\/li>\n<li>Le limiteur de course int\u00e9gr\u00e9 emp\u00eache efficacement tout glissement accidentel ou toute traction excessive, garantissant la s\u00e9curit\u00e9 absolue des bijoux pendant leur transport ou leur pr\u00e9sentation.<\/li>\n<\/ul>\n<h2 id=\"-2-humanized-corner-processing-safety-and-toughness-coexist-\"><strong>2. Traitement humanis\u00e9 des angles, s\u00e9curit\u00e9 et robustesse coexistent<\/strong><\/h2>\n<ul>\n<li>Les coins du corps de la bo\u00eete adoptent\u00a0<strong>technologie de chanfreinage par micro-arc<\/strong>Ce syst\u00e8me permet de maximiser l'esth\u00e9tique de l'angle droit tout en \u00e9liminant le danger cach\u00e9 des coins tranchants qui coupent les mains et en am\u00e9liorant le confort de la prise en main.<\/li>\n<li>L'ensemble du corps de la bo\u00eete est recouvert d'un papier en cuir artificiel mat, d\u00e9licat, r\u00e9sistant \u00e0 l'usure et aux taches, qui tient compte de la texture haut de gamme et de l'exp\u00e9rience pratique.<\/li>\n<\/ul>\n<h2 id=\"-3-environmentally-certified-special-paper-substrate-delivering-sustainable-value-\"><strong>3. Substrat de papier sp\u00e9cial certifi\u00e9 pour l'environnement, offrant une valeur durable<\/strong><\/h2>\n<ul>\n<li>Le mat\u00e9riel principal est\u00a0<strong>Papier sp\u00e9cial en simili-cuir certifi\u00e9 FSC<\/strong>Les mati\u00e8res premi\u00e8res proviennent de for\u00eats g\u00e9r\u00e9es durablement et respectent les normes environnementales mondiales.<\/li>\n<li>Gr\u00e2ce \u00e0 des processus de production respectueux de l'environnement, les \u00e9missions de carbone sont r\u00e9duites, ce qui permet aux marques d'\u00e9tablir une image verte, correspondant pr\u00e9cis\u00e9ment aux pr\u00e9f\u00e9rences de consommation durable de la g\u00e9n\u00e9ration Z et des personnes fortun\u00e9es.<\/li>\n<\/ul>\n<h2 id=\"-4-luxurious-hot-stamping-technology-visual-texture-upgraded-\"><strong>4. Technologie luxueuse de marquage \u00e0 chaud, texture visuelle am\u00e9lior\u00e9e<\/strong><\/h2>\n<ul>\n<li>La surface de la bo\u00eete peut \u00eatre personnalis\u00e9e<strong>\u00a0marquage \u00e0 chaud\/argent\/couleur technologie or<\/strong>L'utilisation de la technologie de l'image de marque permet de pr\u00e9senter avec une grande pr\u00e9cision des logos, des motifs ou des textes artistiques, cr\u00e9ant ainsi un effet de relief tridimensionnel.<\/li>\n<li>L'association d'une surface de papier mat et d'un \u00e9clat m\u00e9tallique cr\u00e9e une hi\u00e9rarchie visuelle fortement contrast\u00e9e qui conf\u00e8re \u00e0 l'emballage des attributs de cadeau haut de gamme et une reconnaissance de la marque.<\/li>\n<\/ul>\n<h2 id=\"-5-embedded-eva-anti-seismic-lining-all-round-protection-of-jewelry-\"><strong>5. Doublure antisismique EVA int\u00e9gr\u00e9e, protection int\u00e9grale des bijoux.<\/strong><\/h2>\n<ul>\n<li>Le syst\u00e8me int\u00e9gr\u00e9 de moulage de pr\u00e9cision\u00a0<strong>Doublure tampon int\u00e9gr\u00e9e en EVA<\/strong>\u00a0s'adapte aux contours des bijoux de forme sp\u00e9ciale tels que les boucles d'oreilles et les bracelets afin d'\u00e9viter les secousses, les frottements et l'extrusion pendant le transport.<\/li>\n<li>L'\u00e9paisseur de la doublure est optionnelle (2mm-5mm), et elle permet une conception compartiment\u00e9e et en couches, qui convient aux besoins de stockage de plusieurs cat\u00e9gories de combinaisons de bijoux, garantissant que les produits sont livr\u00e9s intacts aux clients.<\/li>\n<\/ul>\n<h2 id=\"-6-full-dimensional-customized-services-to-meet-brand-differentiation-needs-\"><strong>6. Des services personnalis\u00e9s complets pour r\u00e9pondre aux besoins de diff\u00e9renciation de la marque<\/strong><\/h2>\n<ul>\n<li><strong>Conception flexible de la bo\u00eete<\/strong>: Il prend en charge plusieurs m\u00e9thodes d'ouverture et de fermeture telles que le type de tiroir, le type de bascule, le type d'aspiration magn\u00e9tique, etc., et la taille peut \u00eatre personnalis\u00e9e (minimum 5 cm\u00b3, maximum 30 cm\u00b3).<\/li>\n<li><strong>Correspondance personnalis\u00e9e des m\u00e9tiers d'art<\/strong>: Des proc\u00e9d\u00e9s de surface optionnels tels que le gaufrage, l'impression UV, la s\u00e9rigraphie, la gravure au laser, etc., et des solutions mixtes \u00e0 base de papier, de m\u00e9tal, de tissu et d'autres mat\u00e9riaux.<\/li>\n<li><strong>Impression exclusive de la marque<\/strong>: De l'impression ext\u00e9rieure du corps de la bo\u00eete \u00e0 l'\u00e9tiquette de la doublure, l'implantation profonde des \u00e9l\u00e9ments de la marque VI est soutenue tout au long du processus afin de cr\u00e9er une image de marque int\u00e9gr\u00e9e.<\/li>\n<\/ul>\n<h2 id=\"-application-scenarios-and-customer-value-\"><strong>Sc\u00e9narios d'application et valeur pour le client<\/strong><\/h2>\n<p>\ud83d\udd38\u00a0<strong>Marques de bijoux<\/strong>--Accro\u00eetre la valeur ajout\u00e9e des produits et renforcer le positionnement sur le march\u00e9 du haut de gamme ; \ud83d\udd38\u00a0<strong>Entreprises de personnalisation de cadeaux<\/strong>--Attirer les clients qui font des cadeaux gr\u00e2ce \u00e0 un emballage diff\u00e9renci\u00e9 et augmenter le prix unitaire du client ; \ud83d\udd38 -Am\u00e9liorer la qualit\u00e9 des produits.\u00a0<strong>Canaux de commerce \u00e9lectronique<\/strong>--Optimiser la performance de la protection logistique et r\u00e9duire le taux de perte apr\u00e8s-vente ; \ud83d\udd38 --Optimiser la performance de la protection logistique et r\u00e9duire le taux de perte apr\u00e8s-vente\u00a0<strong>Marques respectueuses de l'environnement<\/strong>--Utiliser des emballages certifi\u00e9s FSC pour v\u00e9hiculer des concepts durables et am\u00e9liorer la reconnaissance des utilisateurs.<\/p>","protected":false},"excerpt":{"rendered":"<p>Cette bo\u00eete rigide en simili-cuir pour bijoux est sp\u00e9cialement con\u00e7ue pour les bijoux exquis tels que les boucles d'oreilles, les bracelets et les bagues. Elle associe des concepts d'artisanat et de protection de l'environnement pour cr\u00e9er une solution d'emballage qui allie protection de la s\u00e9curit\u00e9, esth\u00e9tique luxueuse et personnalisation pouss\u00e9e. Il convient \u00e0 la vente au d\u00e9tail de marques, aux cadeaux haut de gamme et aux sc\u00e9narios de personnalisation priv\u00e9e, donnant \u00e0 vos bijoux une assurance qualit\u00e9 et une tension visuelle de l'int\u00e9rieur vers l'ext\u00e9rieur.<\/p>","protected":false},"featured_media":804,"template":"","meta":{"_kad_post_transparent":"default","_kad_post_title":"","_kad_post_layout":"default","_kad_post_sidebar_id":"","_kad_post_content_style":"default","_kad_post_vertical_padding":"default","_kad_post_feature":"","_kad_post_feature_position":"","_kad_post_header":false,"_kad_post_footer":false,"_kad_post_classname":""},"product_brand":[],"product_cat":[15,20,17],"product_tag":[298,299,297],"class_list":{"0":"post-782","1":"product","2":"type-product","3":"status-publish","4":"has-post-thumbnail","6":"product_cat-red-light-therapy","7":"product_cat-led-face-light-therapy","8":"product_cat-services","9":"product_tag-earrings-slider-rigid-box","10":"product_tag-jewelry-earrings-rigid-box-dealer","11":"product_tag-leatherette-paper-jewelry-box","13":"first","14":"instock","15":"shipping-taxable","16":"product-type-simple","17":"entry","18":"content-bg","19":"loop-entry"},"_links":{"self":[{"href":"https:\/\/red-lighttherapy.com\/fr_fr\/wp-json\/wp\/v2\/product\/782","targetHints":{"allow":["GET"]}}],"collection":[{"href":"https:\/\/red-lighttherapy.com\/fr_fr\/wp-json\/wp\/v2\/product"}],"about":[{"href":"https:\/\/red-lighttherapy.com\/fr_fr\/wp-json\/wp\/v2\/types\/product"}],"wp:featuredmedia":[{"embeddable":true,"href":"https:\/\/red-lighttherapy.com\/fr_fr\/wp-json\/wp\/v2\/media\/804"}],"wp:attachment":[{"href":"https:\/\/red-lighttherapy.com\/fr_fr\/wp-json\/wp\/v2\/media?parent=782"}],"wp:term":[{"taxonomy":"product_brand","embeddable":true,"href":"https:\/\/red-lighttherapy.com\/fr_fr\/wp-json\/wp\/v2\/product_brand?post=782"},{"taxonomy":"product_cat","embeddable":true,"href":"https:\/\/red-lighttherapy.com\/fr_fr\/wp-json\/wp\/v2\/product_cat?post=782"},{"taxonomy":"product_tag","embeddable":true,"href":"https:\/\/red-lighttherapy.com\/fr_fr\/wp-json\/wp\/v2\/product_tag?post=782"}],"curies":[{"name":"wp","href":"https:\/\/api.w.org\/{rel}","templated":true}]}}