{"id":776,"date":"2025-04-14T12:26:14","date_gmt":"2025-04-14T12:26:14","guid":{"rendered":"https:\/\/red-lighttherapy.com\/?post_type=product&#038;p=776"},"modified":"2025-04-14T12:50:33","modified_gmt":"2025-04-14T12:50:33","slug":"china-kraft-paper-folding-carton-for-lip-balm-gloss-eyeliner","status":"publish","type":"product","link":"https:\/\/red-lighttherapy.com\/fr_fr\/china-kraft-paper-folding-carton-for-lip-balm-gloss-eyeliner\/","title":{"rendered":"Carton pliant en papier kraft pour baume \u00e0 l\u00e8vres, gloss et eyeliner en Chine"},"content":{"rendered":"<h2 id=\"-product-description-of-chinese-kraft-paper-folding-carton-\"><strong>Description du produit Bo\u00eete pliante en papier kraft pour baume \u00e0 l\u00e8vres Gloss Eyeliner<\/strong><\/h2>\n<h2 id=\"-1-natural-materials-and-environmental-certification-\"><strong>1. Mat\u00e9riaux naturels et certification environnementale<\/strong><\/h2>\n<p>Ce produit est fabriqu\u00e9 \u00e0 partir de p\u00e2te artisanale naturelle et les mati\u00e8res premi\u00e8res sont obtenues \u00e0 partir de ressources foresti\u00e8res constantes. Le processus de production respecte strictement les normes de certification FSC, qui garantissent la tra\u00e7abilit\u00e9 environnementale de l'ensemble de la gamme, des mati\u00e8res premi\u00e8res aux produits finis. Le papier est r\u00e9sistant et naturellement mat, ce qui permet non seulement de conserver la texture originale du papier kraft, mais aussi de r\u00e9pondre aux exigences de l'UE en mati\u00e8re de recyclabilit\u00e9 et d'absence de r\u00e9sidus de m\u00e9taux lourds dans les mat\u00e9riaux d'emballage.<\/p>\n<h2 id=\"-2-hot-stamping-process-and-visual-presentation-\"><strong>2. Processus de marquage \u00e0 chaud et pr\u00e9sentation visuelle<\/strong><\/h2>\n<p>Afin d'am\u00e9liorer la\u00a0<strong>le luxe et la reconnaissance de la marque<\/strong>\u00a0de l'emballage, nous utilisons\u00a0<strong>processus de marquage \u00e0 chaud personnalis\u00e9<\/strong>. Gr\u00e2ce \u00e0 une technologie pr\u00e9cise de pressage \u00e0 chaud de feuilles m\u00e9talliques, le logo, le motif ou le texte de la marque peuvent \u00eatre pr\u00e9sent\u00e9s sur la surface de la bo\u00eete, ce qui conf\u00e8re au produit un impact visuel de haute qualit\u00e9. La partie estamp\u00e9e \u00e0 chaud est tr\u00e8s r\u00e9sistante \u00e0 l'usure et, avec la texture naturelle du papier kraft, elle cr\u00e9e un effet de contraste discret et \u00e9l\u00e9gant.<\/p>\n<h2 id=\"-3-moisture-proof-performance-and-surface-treatment-\"><strong>3. R\u00e9sistance \u00e0 l'humidit\u00e9 et traitement de surface<\/strong><\/h2>\n<p>La surface de la bo\u00eete d'emballage adopte\u00a0<strong>technologie de laminage respectueuse de l'environnement<\/strong>\u00a0pour former une couche protectrice transparente, qui isole efficacement l'intrusion de l'humidit\u00e9 et garantit que le corps de la bo\u00eete reste droit et ne se d\u00e9forme pas dans un environnement humide (salle de bain, stockage \u00e0 haute temp\u00e9rature, etc.). Le mat\u00e9riau de stratification r\u00e9pond aux normes de s\u00e9curit\u00e9 alimentaire, est non toxique et inoffensif, et am\u00e9liore la r\u00e9sistance aux rayures de la surface de la bo\u00eete.<\/p>\n<h2 id=\"-4-flexible-size-customization-service-\"><strong>4. Service de personnalisation de la taille<\/strong><\/h2>\n<p>Nous soutenons\u00a0<strong>personnalisation en taille r\u00e9elle<\/strong>La bo\u00eete d'emballage peut \u00eatre ajust\u00e9e en diam\u00e8tre int\u00e9rieur et en hauteur en fonction des sp\u00e9cifications du rouge \u00e0 l\u00e8vres ou de l'eye-liner (telles que le diam\u00e8tre et la longueur) fournies par le client. A titre d'exemple :<\/p>\n<ul>\n<li><strong>Bo\u00eete de rouge \u00e0 l\u00e8vres<\/strong>: Gamme de tailles courantes 15<em>15<\/em>80mm \u00e0 25<em>25<\/em>120 mm ;<\/li>\n<li><strong>Bo\u00eete d'eye-liner<\/strong>: Convient aux produits minces, taille 12 recommand\u00e9e<em>12<\/em>130 mm \u00e0 18<em>18<\/em>150 mm.<\/li>\n<\/ul>\n<h2 id=\"-5-diversified-box-type-selection-\"><strong>5. S\u00e9lection diversifi\u00e9e de types de bo\u00eetes<\/strong><\/h2>\n<p>En plus de la bo\u00eete pliante de base, nous proposons les services suivants\u00a0<strong>solutions haut de gamme de type bo\u00eete<\/strong>\u00a0pour r\u00e9pondre aux besoins des diff\u00e9rents positionnements des marques :<\/p>\n<ul>\n<li><strong>Couvercle et bo\u00eete de base<\/strong>: Le design de la partie sup\u00e9rieure et de la partie inf\u00e9rieure de l'emballage donne une forte impression de c\u00e9r\u00e9monie d'ouverture et de fermeture, ce qui convient \u00e0 l'emballage de cadeaux haut de gamme ;<\/li>\n<li><strong>Bo\u00eete \u00e0 tiroirs<\/strong>: La structure \u00e0 tiroirs est dot\u00e9e d'une fente int\u00e9gr\u00e9e pour fixer le produit, ce qui est \u00e0 la fois pratique et int\u00e9ressant ;<\/li>\n<li><strong>Bo\u00eete \u00e0 fermeture magn\u00e9tique<\/strong>: Le couvercle de la bo\u00eete est dot\u00e9 d'un aimant int\u00e9gr\u00e9, qui ferme ferme fermement et est facile \u00e0 ouvrir et \u00e0 fermer, ce qui convient aux sc\u00e9narios de vente au d\u00e9tail fr\u00e9quents. D'autres types de bo\u00eetes sont disponibles en option, comme les bo\u00eetes \u00e0 double insertion, les bo\u00eetes en forme de livre, etc., qui permettent de concevoir des structures d'ouverture et de fermeture sp\u00e9ciales en fonction des besoins.<\/li>\n<\/ul>\n<h2 id=\"-6-comprehensive-advantages-and-applicable-scenarios-\"><strong>6. Avantages globaux et sc\u00e9narios applicables<\/strong><\/h2>\n<ul>\n<li><strong>Protection de l'environnement<\/strong>: 100% mat\u00e9riaux biod\u00e9gradables, conform\u00e9ment aux exigences des plateformes de commerce \u00e9lectronique transfrontalier (telles qu'Amazon et AliExpress) en mati\u00e8re d'emballage durable ;<\/li>\n<li><strong>Renforcement de la marque<\/strong>: L'impression de LOGO, la correspondance Pantone des couleurs d'accompagnement et la technologie UV locale permettent d'am\u00e9liorer l'unit\u00e9 visuelle de la marque ;<\/li>\n<li><strong>Large application<\/strong>: Convient aux comptoirs de cosm\u00e9tiques, au commerce \u00e9lectronique, aux bo\u00eetes-cadeaux pour les f\u00eates et aux emballages de produits en \u00e9dition limit\u00e9e.<\/li>\n<\/ul>","protected":false},"excerpt":{"rendered":"<p>Cette bo\u00eete d'emballage de rouge \u00e0 l\u00e8vres et d'eye-liner en papier kraft est dot\u00e9e d'un traitement de surface qui rend le produit r\u00e9sistant \u00e0 l'humidit\u00e9 et ne se d\u00e9forme pas dans un environnement humide. Le processus de marquage \u00e0 chaud conf\u00e8re \u00e0 l'emballage une pr\u00e9sentation visuelle luxueuse et de haute qualit\u00e9.<\/p>","protected":false},"featured_media":780,"template":"","meta":{"_kad_post_transparent":"default","_kad_post_title":"","_kad_post_layout":"default","_kad_post_sidebar_id":"","_kad_post_content_style":"default","_kad_post_vertical_padding":"default","_kad_post_feature":"","_kad_post_feature_position":"","_kad_post_header":false,"_kad_post_footer":false,"_kad_post_classname":""},"product_brand":[],"product_cat":[15,28,24,17],"product_tag":[288,290,289],"class_list":{"0":"post-776","1":"product","2":"type-product","3":"status-publish","4":"has-post-thumbnail","6":"product_cat-red-light-therapy","7":"product_cat-customize","8":"product_cat-red-light-therapy-bed","9":"product_cat-services","10":"product_tag-cosmetic-packaging-solution","11":"product_tag-custom-lip-gloss-boxes","12":"product_tag-lip-gloss-boxes-bespoke","14":"first","15":"instock","16":"shipping-taxable","17":"product-type-simple","18":"entry","19":"content-bg","20":"loop-entry"},"_links":{"self":[{"href":"https:\/\/red-lighttherapy.com\/fr_fr\/wp-json\/wp\/v2\/product\/776","targetHints":{"allow":["GET"]}}],"collection":[{"href":"https:\/\/red-lighttherapy.com\/fr_fr\/wp-json\/wp\/v2\/product"}],"about":[{"href":"https:\/\/red-lighttherapy.com\/fr_fr\/wp-json\/wp\/v2\/types\/product"}],"wp:featuredmedia":[{"embeddable":true,"href":"https:\/\/red-lighttherapy.com\/fr_fr\/wp-json\/wp\/v2\/media\/780"}],"wp:attachment":[{"href":"https:\/\/red-lighttherapy.com\/fr_fr\/wp-json\/wp\/v2\/media?parent=776"}],"wp:term":[{"taxonomy":"product_brand","embeddable":true,"href":"https:\/\/red-lighttherapy.com\/fr_fr\/wp-json\/wp\/v2\/product_brand?post=776"},{"taxonomy":"product_cat","embeddable":true,"href":"https:\/\/red-lighttherapy.com\/fr_fr\/wp-json\/wp\/v2\/product_cat?post=776"},{"taxonomy":"product_tag","embeddable":true,"href":"https:\/\/red-lighttherapy.com\/fr_fr\/wp-json\/wp\/v2\/product_tag?post=776"}],"curies":[{"name":"wp","href":"https:\/\/api.w.org\/{rel}","templated":true}]}}