{"id":770,"date":"2025-04-14T11:10:04","date_gmt":"2025-04-14T11:10:04","guid":{"rendered":"https:\/\/red-lighttherapy.com\/?post_type=product&#038;p=770"},"modified":"2025-04-14T12:25:23","modified_gmt":"2025-04-14T12:25:23","slug":"vendor-folding-carton-for-bluetooth-earphone-electronics","status":"publish","type":"product","link":"https:\/\/red-lighttherapy.com\/fr_fr\/vendor-folding-carton-for-bluetooth-earphone-electronics\/","title":{"rendered":"Vendor Carton pliant pour \u00e9couteurs Bluetooth \u00c9lectronique"},"content":{"rendered":"<h2 id=\"-1-double-card-box-design-imported-heidelberg-printing-process-\"><strong>1. Conception d'une double bo\u00eete \u00e0 cartes et proc\u00e9d\u00e9 d'impression Heidelberg import\u00e9<\/strong><\/h2>\n<p>La structure innovante de la double bo\u00eete de carton est associ\u00e9e \u00e0 la technologie d'impression de haute pr\u00e9cision de la machine d'impression Heidelberg import\u00e9e d'Allemagne pour garantir que le motif est brillant et vif avec une reproduction \u00e9lev\u00e9e des couleurs. La machine d'impression Heidelberg est connue pour son contr\u00f4le num\u00e9rique, ses points clairs et son volume d'encre pr\u00e9cis, ce qui permet de r\u00e9pondre aux exigences strictes de la marque en mati\u00e8re d'effets visuels de l'emballage et d'am\u00e9liorer de mani\u00e8re significative le style et la reconnaissance du produit.<\/p>\n<h2 id=\"-2-window-film-display-function-\"><strong>2. Fonction d'affichage du film de fen\u00eatre<\/strong><\/h2>\n<p>Le corps de la bo\u00eete est con\u00e7u avec une structure de fen\u00eatre, et un film transparent haute d\u00e9finition (tel que le PVC ou le PET) est attach\u00e9 pour afficher intuitivement l'apparence du produit casque et am\u00e9liorer le premier attrait visuel du consommateur. Le film est \u00e9troitement associ\u00e9 au carton blanc et pr\u00e9sente \u00e0 la fois une r\u00e9sistance aux rayures et une transmission de la lumi\u00e8re. Il convient \u00e0 l'affichage pour le commerce \u00e9lectronique et aux sc\u00e9narios de vente au d\u00e9tail hors ligne afin d'am\u00e9liorer l'exp\u00e9rience de l'utilisateur.<\/p>\n<h2 id=\"-3-350g-white-cardboard-material-process-details-\"><strong>3. Carton blanc de 350 g D\u00e9tails du mat\u00e9riau et du processus<\/strong><\/h2>\n<p>Le corps de la bo\u00eete est fabriqu\u00e9 en carton blanc de 350 g \u00e0 fort grammage, qui pr\u00e9sente une excellente rigidit\u00e9 et une forte r\u00e9sistance \u00e0 la pression, prot\u00e9geant ainsi efficacement les produits internes. La surface du carton blanc est tr\u00e8s lisse et, combin\u00e9e au processus d'impression offset de la presse Heidelberg, elle permet d'obtenir de d\u00e9licats d\u00e9grad\u00e9s de couleurs et des effets de marquage \u00e0 chaud\/argent du LOGO de la marque. La doublure adopte une structure de pliage personnalis\u00e9e, tenant compte \u00e0 la fois de la protection et de l'utilisation de l'espace.<\/p>\n<h2 id=\"-4-card-box-flat-design-cost-optimization-\"><strong>4. Conception de bo\u00eetes en carton plates et optimisation des co\u00fbts<\/strong><\/h2>\n<p>La conception de la bo\u00eete pliante en carton permet une exp\u00e9dition \u00e0 plat, et le taux de compression du volume de transport atteint plus de 70%, ce qui r\u00e9duit consid\u00e9rablement les co\u00fbts logistiques. Le processus de moulage int\u00e9gr\u00e9 r\u00e9duit le processus d'assemblage, et avec la ligne de production automatis\u00e9e (telle que l'impression offset, la d\u00e9coupe et l'\u00e9quipement int\u00e9gr\u00e9 de collage de bo\u00eetes), la capacit\u00e9 de production quotidienne peut atteindre plus de 10 000 pi\u00e8ces, ce qui permet de r\u00e9duire les co\u00fbts \u00e0 grande \u00e9chelle.<\/p>\n<h2 id=\"-5-supply-chain-and-quality-assurance-\"><strong>5. Cha\u00eene d'approvisionnement et assurance qualit\u00e9<\/strong><\/h2>\n<p>Avec 16 ans d'exp\u00e9rience dans les usines sources et un syst\u00e8me de cha\u00eene d'approvisionnement mature, l'ensemble du processus, de l'approvisionnement en papier \u00e0 l'emballage du produit fini, est contr\u00f4lable. L'usine a obtenu la certification ISO et contr\u00f4le strictement les mati\u00e8res premi\u00e8res du carton blanc (comme le carton blanc \u00e0 base de gris ou le papier \u00e0 base de p\u00e2te de bois import\u00e9) et les erreurs d'impression (\u00b10,01 mm) afin de garantir la coh\u00e9rence des lots. Elle prend en charge la personnalisation des petits lots et r\u00e9pond avec souplesse aux besoins des clients.<\/p>\n<h2 id=\"-6-foreign-trade-services-and-one-stop-support-\"><strong>6. Services de commerce ext\u00e9rieur et guichet unique<\/strong><\/h2>\n<p>L'\u00e9quipe professionnelle du commerce ext\u00e9rieur fournit des services multilingues (anglais, espagnol, etc.), couvrant les principaux march\u00e9s tels que l'Europe, l'Am\u00e9rique et l'Asie du Sud-Est. Elle prend en charge les qualifications d'exportation transfrontali\u00e8re et la certification de conformit\u00e9 des plateformes (telles que les exigences d'Amazon et d'eBay en mati\u00e8re d'emballage), et fournit des services complets tels que l'\u00e9preuve de conception, la logistique des d\u00e9clarations en douane et l'indemnisation apr\u00e8s-vente afin de r\u00e9duire la complexit\u00e9 des op\u00e9rations pour les clients.<\/p>\n<h2><strong>7. Services \u00e0 valeur ajout\u00e9e et r\u00e9f\u00e9rences de cas<\/strong><\/h2>\n<ul>\n<li><strong>Soutien \u00e0 la conception<\/strong>: Peut fournir des solutions esth\u00e9tiques simples (comme une bo\u00eete de texture blanche mate, une structure d'ouverture et de fermeture magn\u00e9tique) ou des \u00e9l\u00e9ments technologiques (comme des voyants lumineux semi-transparents) ;<\/li>\n<li><strong>Options de protection de l'environnement<\/strong>: Fournir du papier certifi\u00e9 FSC et de l'encre \u00e0 base d'eau, conform\u00e9ment aux normes de protection de l'environnement de l'UE ;<\/li>\n<li><strong>Coop\u00e9ration en mati\u00e8re d'entreposage<\/strong>: Prise en charge de l'inventaire g\u00e9r\u00e9 et du mode VMI, r\u00e9duisant le cycle de livraison \u00e0 7-10 jours.<\/li>\n<\/ul>","protected":false},"excerpt":{"rendered":"<p>Ce mod\u00e8le est une bo\u00eete de cartes \u00e0 double insertion. L'ensemble de la bo\u00eete est fabriqu\u00e9 en carton blanc de 350 g, qui est rigide et a un bon effet d'impression. La fen\u00eatre et le film permettent de mieux pr\u00e9senter le produit.<\/p>","protected":false},"featured_media":771,"template":"","meta":{"_kad_post_transparent":"default","_kad_post_title":"","_kad_post_layout":"default","_kad_post_sidebar_id":"","_kad_post_content_style":"default","_kad_post_vertical_padding":"default","_kad_post_feature":"","_kad_post_feature_position":"","_kad_post_header":false,"_kad_post_footer":false,"_kad_post_classname":""},"product_brand":[],"product_cat":[15,24,17],"product_tag":[285,286,287],"class_list":{"0":"post-770","1":"product","2":"type-product","3":"status-publish","4":"has-post-thumbnail","6":"product_cat-red-light-therapy","7":"product_cat-red-light-therapy-bed","8":"product_cat-services","9":"product_tag-folding-carton-for-bluetooth","10":"product_tag-folding-carton-for-earphone","11":"product_tag-vendor-folding-carton","13":"first","14":"instock","15":"shipping-taxable","16":"product-type-simple","17":"entry","18":"content-bg","19":"loop-entry"},"_links":{"self":[{"href":"https:\/\/red-lighttherapy.com\/fr_fr\/wp-json\/wp\/v2\/product\/770","targetHints":{"allow":["GET"]}}],"collection":[{"href":"https:\/\/red-lighttherapy.com\/fr_fr\/wp-json\/wp\/v2\/product"}],"about":[{"href":"https:\/\/red-lighttherapy.com\/fr_fr\/wp-json\/wp\/v2\/types\/product"}],"wp:featuredmedia":[{"embeddable":true,"href":"https:\/\/red-lighttherapy.com\/fr_fr\/wp-json\/wp\/v2\/media\/771"}],"wp:attachment":[{"href":"https:\/\/red-lighttherapy.com\/fr_fr\/wp-json\/wp\/v2\/media?parent=770"}],"wp:term":[{"taxonomy":"product_brand","embeddable":true,"href":"https:\/\/red-lighttherapy.com\/fr_fr\/wp-json\/wp\/v2\/product_brand?post=770"},{"taxonomy":"product_cat","embeddable":true,"href":"https:\/\/red-lighttherapy.com\/fr_fr\/wp-json\/wp\/v2\/product_cat?post=770"},{"taxonomy":"product_tag","embeddable":true,"href":"https:\/\/red-lighttherapy.com\/fr_fr\/wp-json\/wp\/v2\/product_tag?post=770"}],"curies":[{"name":"wp","href":"https:\/\/api.w.org\/{rel}","templated":true}]}}