{"id":761,"date":"2025-04-14T09:46:32","date_gmt":"2025-04-14T09:46:32","guid":{"rendered":"https:\/\/red-lighttherapy.com\/?post_type=product&#038;p=761"},"modified":"2025-04-14T12:26:03","modified_gmt":"2025-04-14T12:26:03","slug":"china-custom-printing-folding-cartons-for-candle-products","status":"publish","type":"product","link":"https:\/\/red-lighttherapy.com\/fr_fr\/china-custom-printing-folding-cartons-for-candle-products\/","title":{"rendered":"Bo\u00eetes pliantes \u00e0 impression personnalis\u00e9e pour produits de bougie en Chine"},"content":{"rendered":"<h2 id=\"-1-materials-and-technology-environmentally-friendly-white-cardboard-creates-lightweight-and-high-stiffness-packaging-\"><strong>1. Mat\u00e9riaux et technologie : Le carton blanc respectueux de l'environnement permet de cr\u00e9er des emballages l\u00e9gers et tr\u00e8s rigides.<\/strong><\/h2>\n<ol>\n<li><strong>Mat\u00e9riau de base<\/strong>: Le carton blanc \u00e0 base de p\u00e2te de bois vierge (poids normal 250g-400g) est \u00e0 la fois l\u00e9ger et tr\u00e8s rigide. La surface du carton blanc est lisse et d\u00e9licate, adapt\u00e9e \u00e0 l'impression offset, \u00e0 l'impression UV, au marquage \u00e0 chaud, au gaufrage et \u00e0 d'autres proc\u00e9d\u00e9s, garantissant une grande saturation des couleurs et une forte adh\u00e9rence du motif.<\/li>\n<li><strong>Solution d'augmentation de l'\u00e9paisseur<\/strong>: Si un toucher plus \u00e9pais est n\u00e9cessaire, le \"processus de montage\" est utilis\u00e9 pour empiler plusieurs couches de carton, ce qui permet non seulement de conserver les caract\u00e9ristiques \u00e9cologiques et recyclables, mais aussi d'am\u00e9liorer le sens tridimensionnel et la r\u00e9sistance \u00e0 la pression de la bo\u00eete.<\/li>\n<li><strong>Certification environnementale<\/strong>: L'usine d\u00e9tient la certification internationale de s\u00e9curit\u00e9 alimentaire ISEGA et les qualifications nationales en mati\u00e8re de protection de l'environnement. Le mat\u00e9riau ne contient pas d'azurants fluorescents et est conforme \u00e0 la norme REACH de l'UE. Il peut r\u00e9pondre aux besoins de protection de l'environnement de plusieurs industries telles que l'alimentation, les soins maternels et infantiles et les cadeaux.<\/li>\n<\/ol>\n<h2 id=\"-ii-design-aesthetics-warm-color-vision-and-humanized-structure-\"><strong>2. Esth\u00e9tique de la conception : vision des couleurs chaudes et structure humanis\u00e9e<\/strong><\/h2>\n<ol>\n<li><strong>Strat\u00e9gie de la couleur<\/strong>: Des couleurs chaudes (telles que le rouge-orange, l'or ambr\u00e9 et le rose tendre) sont utilis\u00e9es comme tonalit\u00e9 principale, combin\u00e9es \u00e0 un vernis UV local et \u00e0 une technologie de marquage \u00e0 chaud nacr\u00e9 pour am\u00e9liorer la superposition visuelle et v\u00e9hiculer une atmosph\u00e8re de marque chaleureuse et romantique.<\/li>\n<li><strong>Innovation de type bo\u00eete<\/strong>: Les bo\u00eetes s'ouvrent et se ferment dans les deux sens, horizontalement et verticalement, ce qui rompt avec les restrictions traditionnelles en mati\u00e8re de sens d'ouverture et permet aux consommateurs de pr\u00e9senter les bougies sous diff\u00e9rents angles et de les utiliser facilement. Par exemple, la structure coulissante de type tiroir ou le type de bo\u00eete \u00e0 couvercle sup\u00e9rieur et inf\u00e9rieur peuvent s'adapter de mani\u00e8re flexible \u00e0 diff\u00e9rentes tailles de bougies.<\/li>\n<li><strong>Protection de la doublure int\u00e9rieure<\/strong>: La bo\u00eete est \u00e9quip\u00e9e d'une doublure en carton d\u00e9coup\u00e9, qui fixe pr\u00e9cis\u00e9ment le photophore pour \u00e9viter les vibrations dues au transport ; la doublure peut \u00eatre imprim\u00e9e avec le logo de la marque ou la description du parfum, combinant ainsi la fonctionnalit\u00e9 et la valeur de communication de la marque.<\/li>\n<\/ol>\n<h2 id=\"-iii-production-guarantee-high-end-equipment-and-craftsmanship-\"><strong>3. Garantie de production : \u00e9quipement et artisanat haut de gamme<\/strong><\/h2>\n<ol>\n<li><strong>Pr\u00e9cision de l'impression<\/strong>: L'imprimante UV Heidelberg Speedmaster \u00e0 six couleurs et l'imprimante japonaise Mitsubishi \u00e0 quatre couleurs sont compatibles avec les couleurs d'accompagnement Pantone. Le taux de d\u00e9viation des couleurs est inf\u00e9rieur \u00e0 1%, ce qui garantit une restauration \u00e9lev\u00e9e du logo et du motif de la marque.<\/li>\n<li><strong>D\u00e9tails du processus<\/strong>: Des ma\u00eetres imprimeurs chevronn\u00e9s supervisent l'ensemble du processus, par le biais du pelliculage (film l\u00e9ger\/film mat), du gaufrage, du marquage \u00e0 chaud\/argent et d'autres post-traitements, afin de donner \u00e0 l'emballage une texture tactile et un luxe visuel.<\/li>\n<li><strong>Flexibilit\u00e9 de la personnalisation<\/strong>: La taille permet une personnalisation compl\u00e8te des param\u00e8tres (longueur \u00d7 largeur \u00d7 hauteur illimit\u00e9es), ce qui est compatible avec les conteneurs de bougies cylindriques, carr\u00e9s et de forme sp\u00e9ciale ; la quantit\u00e9 minimale de commande est de 1 000 pi\u00e8ces, et il est possible de traiter des dessins ou des conceptions originales.<\/li>\n<\/ol>\n<h2 id=\"-iv-application-scenarios-and-cases-\"><strong>4. Sc\u00e9narios et cas d'application<\/strong><\/h2>\n<ul>\n<li><strong>March\u00e9 des cadeaux haut de gamme<\/strong>: Convient pour les bo\u00eetes cadeaux de mariage et de vacances, avec des rubans, des fen\u00eatres transparentes en PET et d'autres \u00e9l\u00e9ments pour renforcer l'impression de c\u00e9r\u00e9monie de d\u00e9ballage.<\/li>\n<li><strong>Avantages des pr\u00e9sentoirs de vente au d\u00e9tail<\/strong>: La conception des vitrines (telles que les vitrines recouvertes d'un film mat) permet de pr\u00e9senter directement les mat\u00e9riaux naturels et les d\u00e9tails d\u00e9coratifs des bougies, ce qui incite les consommateurs hors ligne \u00e0 s'arr\u00eater.<\/li>\n<li><strong>Convivialit\u00e9 du commerce \u00e9lectronique<\/strong>: La conception int\u00e9gr\u00e9e des bo\u00eetes de vente par correspondance en papier ondul\u00e9 tient compte \u00e0 la fois de la protection du transport et de l'exp\u00e9rience du d\u00e9ballage, ce qui permet de r\u00e9duire les d\u00e9chets d'emballage secondaires.<\/li>\n<\/ul>","protected":false},"excerpt":{"rendered":"<p>Cette bo\u00eete en carton est con\u00e7ue \u00e0 partir de carton blanc, l\u00e9ger et tr\u00e8s rigide. Il se pr\u00eate \u00e0 diverses m\u00e9thodes d'impression. Le design aux couleurs chaudes rend les sens plus chaleureux et plus en accord avec le ton de la marque. Il attire l'attention.<\/p>","protected":false},"featured_media":766,"template":"","meta":{"_kad_post_transparent":"default","_kad_post_title":"","_kad_post_layout":"default","_kad_post_sidebar_id":"","_kad_post_content_style":"default","_kad_post_vertical_padding":"default","_kad_post_feature":"","_kad_post_feature_position":"","_kad_post_header":false,"_kad_post_footer":false,"_kad_post_classname":""},"product_brand":[],"product_cat":[15,24,17],"product_tag":[284,282,283],"class_list":{"0":"post-761","1":"product","2":"type-product","3":"status-publish","4":"has-post-thumbnail","6":"product_cat-red-light-therapy","7":"product_cat-red-light-therapy-bed","8":"product_cat-services","9":"product_tag-china-candle-products-packaging","10":"product_tag-custom-candle-folding-cartons","11":"product_tag-folding-cartons-for-candle","13":"first","14":"instock","15":"shipping-taxable","16":"product-type-simple","17":"entry","18":"content-bg","19":"loop-entry"},"_links":{"self":[{"href":"https:\/\/red-lighttherapy.com\/fr_fr\/wp-json\/wp\/v2\/product\/761","targetHints":{"allow":["GET"]}}],"collection":[{"href":"https:\/\/red-lighttherapy.com\/fr_fr\/wp-json\/wp\/v2\/product"}],"about":[{"href":"https:\/\/red-lighttherapy.com\/fr_fr\/wp-json\/wp\/v2\/types\/product"}],"wp:featuredmedia":[{"embeddable":true,"href":"https:\/\/red-lighttherapy.com\/fr_fr\/wp-json\/wp\/v2\/media\/766"}],"wp:attachment":[{"href":"https:\/\/red-lighttherapy.com\/fr_fr\/wp-json\/wp\/v2\/media?parent=761"}],"wp:term":[{"taxonomy":"product_brand","embeddable":true,"href":"https:\/\/red-lighttherapy.com\/fr_fr\/wp-json\/wp\/v2\/product_brand?post=761"},{"taxonomy":"product_cat","embeddable":true,"href":"https:\/\/red-lighttherapy.com\/fr_fr\/wp-json\/wp\/v2\/product_cat?post=761"},{"taxonomy":"product_tag","embeddable":true,"href":"https:\/\/red-lighttherapy.com\/fr_fr\/wp-json\/wp\/v2\/product_tag?post=761"}],"curies":[{"name":"wp","href":"https:\/\/api.w.org\/{rel}","templated":true}]}}