{"id":750,"date":"2025-04-14T09:34:38","date_gmt":"2025-04-14T09:34:38","guid":{"rendered":"https:\/\/red-lighttherapy.com\/?post_type=product&#038;p=750"},"modified":"2025-04-14T09:46:20","modified_gmt":"2025-04-14T09:46:20","slug":"custom-recycled-kraft-paper-candle-cardboard-boxes-wholesale","status":"publish","type":"product","link":"https:\/\/red-lighttherapy.com\/fr_fr\/custom-recycled-kraft-paper-candle-cardboard-boxes-wholesale\/","title":{"rendered":"Bo\u00eetes en papier kraft recycl\u00e9 pour bougies Wholesale"},"content":{"rendered":"<h2 id=\"customized-recycled-kraft-paper-candle-packaging-box-products\">Bo\u00eete d'emballage pour bougie en papier kraft recycl\u00e9 personnalis\u00e9e<\/h2>\n<h2 id=\"-1-full-link-eco-friendly-material-degradable-recycled-kraft-paper-card-box-\"><strong>1. Mat\u00e9riau enti\u00e8rement \u00e9cologique : bo\u00eete en papier kraft recycl\u00e9 d\u00e9gradable<\/strong><\/h2>\n<p>Utilisation\u00a0<strong>Papier kraft recycl\u00e9 certifi\u00e9 FSC<\/strong>\u00a0comme mat\u00e9riau de base, les mati\u00e8res premi\u00e8res proviennent de ressources foresti\u00e8res g\u00e9r\u00e9es de mani\u00e8re durable. Le poids du papier est compris entre 250 et 450 g et peut \u00eatre personnalis\u00e9, en tenant compte des propri\u00e9t\u00e9s de r\u00e9sistance et de protection de l'environnement.\u00a0<strong>Impression \u00e0 l'encre \u00e9cologique \u00e0 base d'eau<\/strong>\u00a0est utilis\u00e9 dans le processus de production, sans r\u00e9sidus de m\u00e9taux lourds, conform\u00e9ment aux r\u00e9glementations REACH de l'UE et aux normes de la FDA des \u00c9tats-Unis. Le produit peut \u00eatre compl\u00e8tement d\u00e9grad\u00e9 dans\u00a0<strong>6-12 mois<\/strong>\u00a0dans l'environnement naturel, avec un taux de recyclage de plus de 90%, r\u00e9pondant aux exigences de l'\u00e9conomie circulaire.<\/p>\n<h2 id=\"-2-innovative-window-design-balancing-the-sense-of-ritual-and-trust-\"><strong>2. Conception innovante des fen\u00eatres : \u00e9quilibre entre le sens du rituel et la confiance<\/strong><\/h2>\n<ul>\n<li><strong>Fen\u00eatre visuelle<\/strong>: La technologie d'\u00e9vidage au laser permet de cr\u00e9er une fen\u00eatre de forme sp\u00e9ciale (ronde ou en forme de p\u00e9tale, au choix), recouverte d'une couche d'aluminium.\u00a0<strong>Film transparent en PE d\u00e9gradable<\/strong>En outre, l'ouverture de la bo\u00eete permet non seulement de conserver l'effet de surprise, mais aussi d'observer directement la texture de la bougie et l'int\u00e9grit\u00e9 du corps de la cire.<\/li>\n<\/ul>\n<h2 id=\"-3-natural-aesthetics-presentation-petal-color-jump-process-\"><strong>3. Pr\u00e9sentation esth\u00e9tique naturelle : processus de saut de couleur des p\u00e9tales<\/strong><\/h2>\n<ul>\n<li><strong>Traitement de surface<\/strong>: Par\u00a0<strong>Vitrage local UV + marquage \u00e0 chaud<\/strong>,\u00a0<strong>Morandi color petal pattern<\/strong>\u00a0est superpos\u00e9e \u00e0 la base de couleur naturelle du papier kraft pour simuler la texture naturelle des plantes. La zone de saut de couleur est s\u00e9rigraphi\u00e9e avec de l'encre de soja, et la valeur de la diff\u00e9rence de couleur \u0394E\u22641,5, ce qui renforce l'image naturelle tout en \u00e9vitant la fatigue visuelle.<\/li>\n<li><strong>Am\u00e9lioration tactile<\/strong>: La zone des p\u00e9tales ajoute\u00a0<strong>traitement de micro-embossage<\/strong>Le toucher simule la texture de v\u00e9ritables p\u00e9tales afin d'am\u00e9liorer la valeur de l'exp\u00e9rience sensorielle de l'emballage.<\/li>\n<\/ul>\n<h2 id=\"-4-functional-extension-design-empty-box-transformation-guide-\"><strong>4. Conception d'une extension fonctionnelle : Guide de transformation des bo\u00eetes vides<\/strong><\/h2>\n<p>Fournir\u00a0<strong>Instructions de transformation DIY<\/strong>\u00a0pour guider les consommateurs dans la transformation des bo\u00eetes vides en.. :<\/p>\n<ul>\n<li><strong>Bo\u00eete de rangement<\/strong>: La bo\u00eete est pr\u00e9install\u00e9e avec une cloison amovible (le mat\u00e9riau est le m\u00eame que celui du corps de la bo\u00eete), adapt\u00e9e au rangement de petits objets tels que des bijoux et des articles de papeterie ;<\/li>\n<li><strong>R\u00e9cipient de plantation<\/strong>: Le fond de la bo\u00eete est pr\u00e9d\u00e9coup\u00e9 \u00e0 l'aide d'une ligne de d\u00e9coupe de trous de drainage, et il est associ\u00e9 \u00e0 une bo\u00eete de semences aveugle pour donner une seconde vie \u00e0 l'emballage. Le plan de transformation est li\u00e9 \u00e0 la plateforme interactive de la marque sur les m\u00e9dias sociaux par le biais d'une campagne de communication.\u00a0<strong>Code QR<\/strong>\u00a0pour renforcer la participation des utilisateurs.<\/li>\n<\/ul>\n<h2 id=\"-5-compliance-label-system-meet-the-requirements-of-the-european-and-american-markets-\"><strong>5. Syst\u00e8me d'\u00e9tiquetage de conformit\u00e9 : r\u00e9pond aux exigences des march\u00e9s europ\u00e9en et am\u00e9ricain<\/strong><\/h2>\n<ul>\n<li><strong>\u00c9tiquette d'information<\/strong>: L'impression du corps de la bo\u00eete comprend\u00a0<strong>Marque CE, marque de recyclage (\u267b), ic\u00f4ne de certification FSC<\/strong>et la liste des ingr\u00e9dients (y compris la base de cire, le parfum, la dur\u00e9e de combustion, etc ;)<\/li>\n<li><strong>Attributs personnalis\u00e9s faits \u00e0 la main<\/strong>:\u00a0<strong>Codage des lots de joints de peinture<\/strong>\u00a0+ Chaque produit est marqu\u00e9 d'un num\u00e9ro ind\u00e9pendant (tel que HN-XXXXX-CR) afin de renforcer la sensation de temp\u00e9rature artisanale ;<\/li>\n<li><strong>Instructions multilingues<\/strong>: Les avertissements de s\u00e9curit\u00e9 et les instructions d'utilisation sont indiqu\u00e9s en anglais\/espagnol\/fran\u00e7ais, conform\u00e9ment \u00e0 la directive europ\u00e9enne sur les emballages et les d\u00e9chets d'emballages et aux exigences de la CPSC aux \u00c9tats-Unis.<\/li>\n<\/ul>\n<h2 id=\"-6-efficient-production-and-cost-advantages-\"><strong>6. Production efficace et avantages en termes de co\u00fbts<\/strong><\/h2>\n<ul>\n<li><strong>Conception de la bo\u00eete<\/strong>: Adopter\u00a0<strong>structure de la bo\u00eete \u00e0 cartes en une seule pi\u00e8ce<\/strong>La plaque de d\u00e9coupe est adapt\u00e9e aux plieuses-colleuses automatiques \u00e0 grande vitesse, avec une capacit\u00e9 de production quotidienne de 5 millions de pi\u00e8ces, et une quantit\u00e9 de commande minimale de 500 pi\u00e8ces peut \u00eatre produite ;<\/li>\n<li><strong>Avantage du prix unitaire<\/strong>: Le prix unitaire des commandes de gros volumes (plus d'un million de pi\u00e8ces) peut \u00eatre aussi bas que\u00a0<strong>US$0.1\/piece<\/strong>\u00a0(sur la base d'une bo\u00eete standard en papier kraft de 350 g), avec possibilit\u00e9 de marquage \u00e0 chaud du LOGO, d'ouverture de la fen\u00eatre et d'autres besoins personnalis\u00e9s sans suppl\u00e9ment de prix ;<\/li>\n<li><strong>Optimisation de la logistique<\/strong>: L'\u00e9paisseur du corps de la bo\u00eete \u00e0 l'\u00e9tat d\u00e9pli\u00e9 est \u22643mm, ce qui permet d'\u00e9conomiser 60% d'espace de stockage par rapport \u00e0 l'emballage traditionnel, et convient \u00e0 la livraison directe de petits paquets dans le cadre du commerce \u00e9lectronique transfrontalier.<\/li>\n<\/ul>","protected":false},"excerpt":{"rendered":"<p>La bo\u00eete en carton est fabriqu\u00e9e en papier kraft d\u00e9gradable, facile \u00e0 recycler et parfaitement \u00e9cologique. La conception de la fen\u00eatre conserve le sentiment de surprise lors de l'ouverture de la bo\u00eete tout en r\u00e9solvant le probl\u00e8me de \"confiance visuelle\" du consommateur.<\/p>","protected":false},"featured_media":757,"template":"","meta":{"_kad_post_transparent":"default","_kad_post_title":"","_kad_post_layout":"default","_kad_post_sidebar_id":"","_kad_post_content_style":"default","_kad_post_vertical_padding":"default","_kad_post_feature":"","_kad_post_feature_position":"","_kad_post_header":false,"_kad_post_footer":false,"_kad_post_classname":""},"product_brand":[],"product_cat":[15,24,17],"product_tag":[280,279,281],"class_list":{"0":"post-750","1":"product","2":"type-product","3":"status-publish","4":"has-post-thumbnail","6":"product_cat-red-light-therapy","7":"product_cat-red-light-therapy-bed","8":"product_cat-services","9":"product_tag-candle-cardboard-boxes","10":"product_tag-custom-candle-boxes-wholesale","11":"product_tag-custom-candle-cardboard-boxes","13":"first","14":"instock","15":"shipping-taxable","16":"product-type-simple","17":"entry","18":"content-bg","19":"loop-entry"},"_links":{"self":[{"href":"https:\/\/red-lighttherapy.com\/fr_fr\/wp-json\/wp\/v2\/product\/750","targetHints":{"allow":["GET"]}}],"collection":[{"href":"https:\/\/red-lighttherapy.com\/fr_fr\/wp-json\/wp\/v2\/product"}],"about":[{"href":"https:\/\/red-lighttherapy.com\/fr_fr\/wp-json\/wp\/v2\/types\/product"}],"wp:featuredmedia":[{"embeddable":true,"href":"https:\/\/red-lighttherapy.com\/fr_fr\/wp-json\/wp\/v2\/media\/757"}],"wp:attachment":[{"href":"https:\/\/red-lighttherapy.com\/fr_fr\/wp-json\/wp\/v2\/media?parent=750"}],"wp:term":[{"taxonomy":"product_brand","embeddable":true,"href":"https:\/\/red-lighttherapy.com\/fr_fr\/wp-json\/wp\/v2\/product_brand?post=750"},{"taxonomy":"product_cat","embeddable":true,"href":"https:\/\/red-lighttherapy.com\/fr_fr\/wp-json\/wp\/v2\/product_cat?post=750"},{"taxonomy":"product_tag","embeddable":true,"href":"https:\/\/red-lighttherapy.com\/fr_fr\/wp-json\/wp\/v2\/product_tag?post=750"}],"curies":[{"name":"wp","href":"https:\/\/api.w.org\/{rel}","templated":true}]}}