{"id":744,"date":"2025-04-14T09:22:01","date_gmt":"2025-04-14T09:22:01","guid":{"rendered":"https:\/\/red-lighttherapy.com\/?post_type=product&#038;p=744"},"modified":"2025-04-14T09:34:22","modified_gmt":"2025-04-14T09:34:22","slug":"wholesale-custom-packaging-box-for-cuticle-oil-pen-lip-gloss","status":"publish","type":"product","link":"https:\/\/red-lighttherapy.com\/fr_fr\/wholesale-custom-packaging-box-for-cuticle-oil-pen-lip-gloss\/","title":{"rendered":"Bo\u00eete d'emballage personnalis\u00e9e en gros pour stylo \u00e0 huile pour cuticules Lip Gloss"},"content":{"rendered":"<h2 id=\"-wholesale-custom-packaging-box-products-for-nail-polish-pens-and-lip-gloss-\"><strong>Bo\u00eetes d'emballage personnalis\u00e9es en gros pour stylos \u00e0 ongles et brillants \u00e0 l\u00e8vres<\/strong><\/h2>\n<h2 id=\"-1-innovative-folding-card-box-design-to-optimize-storage-and-logistics-efficiency-\"><strong>1. Conception innovante de la bo\u00eete pliante pour optimiser l'efficacit\u00e9 du stockage et de la logistique<\/strong><\/h2>\n<p>La bo\u00eete de carton pliante peut \u00eatre compl\u00e8tement aplatie lorsqu'elle est vide, avec un taux de compression de plus de 50%, ce qui r\u00e9duit consid\u00e9rablement l'espace de stockage occup\u00e9. Elle est transport\u00e9e \u00e0 plat pendant l'exp\u00e9dition, et la capacit\u00e9 de transport logistique unique est augment\u00e9e de 30%, ce qui permet d'\u00e9conomiser des frais de transport. Le corps de la bo\u00eete optimise la pr\u00e9cision du pliage gr\u00e2ce au processus de combinaison \"ligne de tra\u00e7age + ligne de couteau\" afin de garantir la stabilit\u00e9 de la structure apr\u00e8s le moulage et de s'adapter aux exigences d'emballage \u00e0 grande vitesse de la ligne de production automatis\u00e9e.<\/p>\n<h2 id=\"-2-pink-main-color-and-cherry-elements-convey-the-concept-of-sweet-care-\"><strong>2. La couleur principale rose et les \u00e9l\u00e9ments en forme de cerise \u00e9voquent la notion de douceur.<\/strong><\/h2>\n<p>Le corps de la bo\u00eete est principalement rose d\u00e9grad\u00e9, avec un motif de cerise peint \u00e0 la main, et la pl\u00e9nitude et la douceur du fruit sont mises en valeur par des techniques d'aquarelle. La zone centrale visuelle adopte un\u00a0<strong>un design tr\u00e8s contrast\u00e9<\/strong>La couleur rouge cerise et la couleur de base poudre mate forment une association \u00e9motionnelle de \"sweet care\" et renforcent le point de m\u00e9morisation de la marque. Le c\u00f4t\u00e9 est compl\u00e9t\u00e9 par le LOGO de la marque dor\u00e9 par estampage \u00e0 chaud pour renforcer la texture haut de gamme.<\/p>\n<h2 id=\"-third-layered-information-layout-to-enhance-brand-recognition-\"><strong>3. Mise en page de l'information en couches pour am\u00e9liorer la reconnaissance de la marque<\/strong><\/h2>\n<ul>\n<li><strong>Couche de focalisation visuelle<\/strong>: La zone sup\u00e9rieure 20% se concentre sur l'affichage du nom de la marque et de l'efficacit\u00e9 des produits de base (tels que \"24H colour retention\" et \"plant essence\"), en utilisant la technologie de l'impression en relief tridimensionnelle, qui attire \u00e0 la fois le toucher et la vue ;<\/li>\n<li><strong>Couche de description des fonctions<\/strong>: La partie centrale utilise des ic\u00f4nes simples et un texte court pour pr\u00e9senter les caract\u00e9ristiques de s\u00e9curit\u00e9 et d'imperm\u00e9abilit\u00e9 des ingr\u00e9dients, et la police utilise une police arrondie sans empattement pour am\u00e9liorer la lisibilit\u00e9 ;<\/li>\n<li><strong>Couche d'information r\u00e9glementaire<\/strong>: La date de production, le num\u00e9ro de licence, etc. sont dispos\u00e9s en petits caract\u00e8res dans la partie inf\u00e9rieure, ce qui est conforme aux normes industrielles tout en \u00e9vitant d'interf\u00e9rer avec la vision principale.<\/li>\n<\/ul>\n<h2 id=\"-fourth-matte-film-surface-treatment-taking-into-account-both-texture-and-practicality-\"><strong>4. Traitement de surface par film mat, tenant compte \u00e0 la fois de la texture et de l'aspect pratique.<\/strong><\/h2>\n<p>La surface de la bo\u00eete est recouverte de\u00a0<strong>Film mat BOPP<\/strong>Il est aussi d\u00e9licat que la soie et poss\u00e8de les fonctions suivantes :<\/p>\n<ul>\n<li><strong>Imperm\u00e9able \u00e0 l'eau et \u00e0 l'huile<\/strong>: R\u00e9siste efficacement aux \u00e9claboussures de liquides cosm\u00e9tiques et peut \u00eatre nettoy\u00e9 par essuyage ;<\/li>\n<li><strong>R\u00e9sistant aux rayures et \u00e0 l'usure<\/strong>: La technologie du rev\u00eatement UV r\u00e9duit la perte de friction due au transport et maintient le motif durable et brillant ;<\/li>\n<li><strong>Certification environnementale<\/strong>: Test\u00e9 avec succ\u00e8s selon la norme REACH, non toxique et inoffensif, il peut entrer directement en contact avec la p\u00e2te.<\/li>\n<\/ul>\n<h2 id=\"-v-portable-structure-suitable-for-multiple-categories-of-cosmetics-\"><strong>5. Structure portable adapt\u00e9e \u00e0 de multiples cat\u00e9gories de produits cosm\u00e9tiques<\/strong><\/h2>\n<p>La bo\u00eete est con\u00e7ue avec un couvercle amovible.\u00a0<strong>Doublure en coton perl\u00e9 EPE<\/strong>La partie sup\u00e9rieure est r\u00e9serv\u00e9e \u00e0 la structure magn\u00e9tique encliquetable, qui peut s'ouvrir et se fermer d'une seule main, ce qui convient au transport du maquillage. La partie sup\u00e9rieure est r\u00e9serv\u00e9e \u00e0 la structure magn\u00e9tique encliquetable, qui peut \u00eatre ouverte et ferm\u00e9e d'une seule main, ce qui convient au transport du maquillage.\u00a0<strong>Version d'emballage en petites portions<\/strong>\u00a0(tels que les mini-bo\u00eetes-cadeaux de 4 pi\u00e8ces) sont \u00e9galement fournis pour r\u00e9pondre aux besoins des emballages d'essai des supermarch\u00e9s.<\/p>\n<h2 id=\"-vi-highly-customized-service-empowering-brand-differentiation-\"><strong>6. Un service hautement personnalis\u00e9, qui permet de diff\u00e9rencier les marques<\/strong><\/h2>\n<p>Forts de 16 ann\u00e9es d'exp\u00e9rience dans la production d'emballages, nous fournissons une assistance compl\u00e8te en mati\u00e8re de personnalisation :<\/p>\n<ul>\n<li><strong>S\u00e9lection des mat\u00e9riaux<\/strong>Les substrats peuvent \u00eatre de diff\u00e9rents types : bambou, carton blanc, papier de canne \u00e0 sucre et autres substrats respectueux de l'environnement, d'une duret\u00e9 sup\u00e9rieure \u00e0 300G ;<\/li>\n<li><strong>Mise \u00e0 niveau du processus<\/strong>: Prise en charge de plus de 20 technologies de traitement de surface telles que l'estampage \u00e0 chaud, la s\u00e9rigraphie, le gaufrage au laser, etc ;<\/li>\n<li><strong>Extension de la fonction<\/strong>: Des puces RFID peuvent \u00eatre int\u00e9gr\u00e9es pour assurer la tra\u00e7abilit\u00e9 de la contrefa\u00e7on, ou des rev\u00eatements sensibles \u00e0 la temp\u00e9rature peuvent \u00eatre ajout\u00e9s pour s'adapter au transport dans la cha\u00eene du froid.<\/li>\n<\/ul>\n<h2 id=\"-seven-mature-supply-chain-guarantee-one-stop-delivery-without-worries-\"><strong>7. Garantie d'une cha\u00eene d'approvisionnement mature, livraison \u00e0 guichet unique sans souci<\/strong><\/h2>\n<p>En tant que fabricant professionnel ayant 16 ans d'exp\u00e9rience dans l'industrie, nous avons servi plus de 500 000 marques de produits de beaut\u00e9, et nos principaux produits sont les suivants :<\/p>\n<ul>\n<li><strong>Type de bo\u00eete classique<\/strong>Bo\u00eete cadeau \u00e0 couvercle sup\u00e9rieur et inf\u00e9rieur, bo\u00eete cylindrique, bo\u00eete \u00e0 cartes \u00e0 tiroirs, sac en papier de forme sp\u00e9ciale ;<\/li>\n<li><strong>Avantage en termes de productivit\u00e9<\/strong>: Achever l'\u00e9preuvage dans les 72 heures et r\u00e9aliser une production de masse de 10 000 commandes en 15 jours ;<\/li>\n<li><strong>Assistance apr\u00e8s-vente<\/strong>: Fournir des services de cycle complet tels que des conseils en mati\u00e8re de gestion des couleurs et des solutions d'entreposage \u00e0 l'\u00e9preuve de l'humidit\u00e9.<\/li>\n<\/ul>","protected":false},"excerpt":{"rendered":"<p>Bo\u00eete en carton pliante, exp\u00e9dition \u00e0 plat, permettant d'\u00e9conomiser de l'espace de stockage et des frais d'exp\u00e9dition. Le corps de la bo\u00eete est de couleur rose, avec un motif de cerise, cr\u00e9ant une association \u00e9motionnelle de \"soin doux\" et formant un contraste visuel net. La conception portable convient au transport de produits cosm\u00e9tiques, de rouge \u00e0 l\u00e8vres, d'huile pour cuticules, etc.<\/p>","protected":false},"featured_media":747,"template":"","meta":{"_kad_post_transparent":"default","_kad_post_title":"","_kad_post_layout":"default","_kad_post_sidebar_id":"","_kad_post_content_style":"default","_kad_post_vertical_padding":"default","_kad_post_feature":"","_kad_post_feature_position":"","_kad_post_header":false,"_kad_post_footer":false,"_kad_post_classname":""},"product_brand":[],"product_cat":[15,28,24,17],"product_tag":[278,276,277],"class_list":{"0":"post-744","1":"product","2":"type-product","3":"status-publish","4":"has-post-thumbnail","6":"product_cat-red-light-therapy","7":"product_cat-customize","8":"product_cat-red-light-therapy-bed","9":"product_cat-services","10":"product_tag-custom-cosmetic-packaging-wholesale","11":"product_tag-custom-cuticle-oil-pen-packaging-box","12":"product_tag-lip-gloss-packaging-box","14":"first","15":"instock","16":"shipping-taxable","17":"product-type-simple","18":"entry","19":"content-bg","20":"loop-entry"},"_links":{"self":[{"href":"https:\/\/red-lighttherapy.com\/fr_fr\/wp-json\/wp\/v2\/product\/744","targetHints":{"allow":["GET"]}}],"collection":[{"href":"https:\/\/red-lighttherapy.com\/fr_fr\/wp-json\/wp\/v2\/product"}],"about":[{"href":"https:\/\/red-lighttherapy.com\/fr_fr\/wp-json\/wp\/v2\/types\/product"}],"wp:featuredmedia":[{"embeddable":true,"href":"https:\/\/red-lighttherapy.com\/fr_fr\/wp-json\/wp\/v2\/media\/747"}],"wp:attachment":[{"href":"https:\/\/red-lighttherapy.com\/fr_fr\/wp-json\/wp\/v2\/media?parent=744"}],"wp:term":[{"taxonomy":"product_brand","embeddable":true,"href":"https:\/\/red-lighttherapy.com\/fr_fr\/wp-json\/wp\/v2\/product_brand?post=744"},{"taxonomy":"product_cat","embeddable":true,"href":"https:\/\/red-lighttherapy.com\/fr_fr\/wp-json\/wp\/v2\/product_cat?post=744"},{"taxonomy":"product_tag","embeddable":true,"href":"https:\/\/red-lighttherapy.com\/fr_fr\/wp-json\/wp\/v2\/product_tag?post=744"}],"curies":[{"name":"wp","href":"https:\/\/api.w.org\/{rel}","templated":true}]}}