{"id":738,"date":"2025-04-14T07:36:58","date_gmt":"2025-04-14T07:36:58","guid":{"rendered":"https:\/\/red-lighttherapy.com\/?post_type=product&#038;p=738"},"modified":"2025-04-14T08:09:56","modified_gmt":"2025-04-14T08:09:56","slug":"custom-hair-growth-essential-oil-cardboard-box-suppliers","status":"publish","type":"product","link":"https:\/\/red-lighttherapy.com\/fr_fr\/custom-hair-growth-essential-oil-cardboard-box-suppliers\/","title":{"rendered":"Bo\u00eete en carton d'huile essentielle pour la croissance des cheveux Fournisseurs"},"content":{"rendered":"<h2 id=\"-customized-hair-growth-essential-oil-double-insert-card-box-a-perfect-fusion-of-environmental-aesthetics-and-practical-value-\"><strong>Bo\u00eete en carton d'huile essentielle pour la croissance des cheveux<\/strong><\/h2>\n<h2 id=\"-1-multifunctional-adaptation-interpreting-the-infinite-possibilities-of-packaging-\"><strong>1. Adaptation multifonctionnelle, interpr\u00e9tation des possibilit\u00e9s infinies de l'emballage<\/strong><\/h2>\n<p>La conception de notre bo\u00eete \u00e0 cartes \u00e0 double insertion est bas\u00e9e sur la flexibilit\u00e9 et la compatibilit\u00e9, et peut \u00eatre adapt\u00e9e \u00e0 une vari\u00e9t\u00e9 de types de produits, tels que les huiles essentielles pour la croissance des cheveux, les parfums, les cosm\u00e9tiques et d'autres produits de beaut\u00e9 de grande valeur. La structure interne de la bo\u00eete \u00e0 cartes a \u00e9t\u00e9 scientifiquement optimis\u00e9e, et la conception de la fente r\u00e9glable pour les cartes permet de fixer facilement des bouteilles ou des produits tubulaires de diff\u00e9rentes sp\u00e9cifications, ce qui garantit la s\u00e9curit\u00e9 du transport tout en offrant aux utilisateurs finaux une exp\u00e9rience d'ouverture et de fermeture pratique. Qu'il s'agisse d'un produit unique ou d'un ensemble combin\u00e9, cet emballage peut \u00eatre adapt\u00e9 avec pr\u00e9cision pour aider les marques \u00e0 d\u00e9velopper leurs gammes de produits diversifi\u00e9s.<\/p>\n<h2 id=\"-2-card-box-design-a-low-cost-and-high-efficiency-innovative-solution-\"><strong>2. La conception d'une bo\u00eete \u00e0 cartes : une solution innovante \u00e0 faible co\u00fbt et \u00e0 haut rendement<\/strong><\/h2>\n<p>La structure de la bo\u00eete en carton plat est utilis\u00e9e pour renverser le processus complexe de l'emballage traditionnel. Le corps de la bo\u00eete peut \u00eatre compl\u00e8tement transform\u00e9 en une forme plate pendant le transport, ce qui permet de r\u00e9duire consid\u00e9rablement le taux d'occupation de l'espace de stockage et de logistique, et les co\u00fbts de transport peuvent \u00eatre r\u00e9duits de 40%. Le processus d'assemblage est simple et efficace, et les utilisateurs peuvent r\u00e9aliser l'emballage du produit fini en quelques \u00e9tapes seulement, ce qui am\u00e9liore consid\u00e9rablement l'efficacit\u00e9 de la cha\u00eene d'approvisionnement. En outre, le mat\u00e9riau de la bo\u00eete de carton est s\u00e9lectionn\u00e9 \u00e0 partir de papier l\u00e9ger respectueux de l'environnement, ce qui r\u00e9duit les d\u00e9chets mat\u00e9riels tout en garantissant la r\u00e9sistance \u00e0 la charge et la durabilit\u00e9, et r\u00e9alise v\u00e9ritablement \"la r\u00e9duction des co\u00fbts gr\u00e2ce \u00e0 la conception et l'am\u00e9lioration de l'efficacit\u00e9 gr\u00e2ce \u00e0 l'innovation\".<\/p>\n<h2 id=\"-three-minimalist-aesthetic-design-conveying-brand-style-with-visual-rhythm-\"><strong>3. Conception esth\u00e9tique minimaliste : transmettre le style de la marque avec un rythme visuel<\/strong><\/h2>\n<p>Le design de la bo\u00eete suit le concept minimaliste du \"moins c'est plus\", avec une couleur de base rose doux comme note principale, et une texture verticale blanche d\u00e9licate, formant un rythme visuel \u00e9l\u00e9gant. La bande verticale s'inspire de la forme des cheveux qui poussent naturellement, faisant \u00e9cho \u00e0 l'attrait principal de l'huile essentielle pour cheveux en bonne sant\u00e9, tout en transmettant le ton l\u00e9ger et pur de la marque. Le processus de traitement de surface de la texture mate conf\u00e8re \u00e0 l'emballage un temp\u00e9rament discret et luxueux, permettant au produit de se d\u00e9marquer dans les rayons et d'atteindre avec pr\u00e9cision les groupes de consommateurs de milieu et de haut de gamme qui m\u00e8nent une vie raffin\u00e9e.<\/p>\n<h2 id=\"-four-deep-brand-customization-full-chain-empowerment-from-packaging-to-value-\"><strong>4. Personnalisation approfondie de la marque : autonomisation de l'ensemble de la cha\u00eene, de l'emballage \u00e0 la valeur ajout\u00e9e<\/strong><\/h2>\n<p>Nous ne sommes pas seulement un fournisseur, mais aussi un co-constructeur d'image de marque. Gr\u00e2ce \u00e0 des lignes de production flexibles et \u00e0 des syst\u00e8mes de conception num\u00e9rique, nous pouvons vous fournir des services de personnalisation d'un bout \u00e0 l'autre, depuis les bo\u00eetes \u00e0 cartes et les bo\u00eetes-cadeaux jusqu'\u00e0 l'emballage complet des produits :<\/p>\n<ul>\n<li><strong>Symboles visuels exclusifs<\/strong>: Int\u00e9grer le LOGO de la marque, la couleur et les \u00e9l\u00e9ments naturels (tels que les totems v\u00e9g\u00e9taux et les textures d'encre) dans la conception de la bo\u00eete afin de cr\u00e9er un syst\u00e8me de symboles de sant\u00e9 et de beaut\u00e9 diff\u00e9renci\u00e9 ;<\/li>\n<li><strong>Mise \u00e0 niveau flexible des processus<\/strong>: Prise en charge de plus de 20 combinaisons de processus tels que le marquage \u00e0 chaud, le gaufrage et les fen\u00eatres creuses pour r\u00e9pondre aux besoins des \u00e9ditions limit\u00e9es, des coffrets cadeaux pour les f\u00eates, etc ;<\/li>\n<li><strong>S\u00e9lection de mat\u00e9riaux durables<\/strong>: Proposer des options respectueuses de l'environnement telles que du papier certifi\u00e9 FSC et de l'encre d\u00e9gradable pour renforcer l'image verte de la marque.<\/li>\n<\/ul>\n<h2 id=\"-v-natural-inspiration-and-environmental-protection-concept-let-packaging-become-the-narrator-of-brand-stories-\"><strong>5. Inspiration naturelle et concept de protection de l'environnement : Faire de l'emballage le narrateur de l'histoire de la marque<\/strong><\/h2>\n<p>Avec la \"symbiose naturelle\" comme philosophie de conception, la texture et la couleur du corps de la bo\u00eete sont extraites d'images naturelles telles que les veines de croissance des plantes et l'\u00e9clat de la ros\u00e9e du matin, et un symbole cognitif complet de sant\u00e9 et de beaut\u00e9 est construit par le biais d'un langage de conception abstrait. En termes de mat\u00e9riaux, nous insistons sur l'utilisation de ressources renouvelables pour garantir que l'emballage respecte les normes de recyclage \u00e0 faible \u00e9mission de carbone, de la production \u00e0 l'\u00e9limination, ce qui est conforme au concept de protection de l'environnement des \"ingr\u00e9dients naturels\" et des \"soins capillaires sans charge\" des huiles essentielles pour la croissance des cheveux, aidant ainsi les marques \u00e0 v\u00e9hiculer des valeurs de responsabilit\u00e9 sociale.<\/p>\n<h2 id=\"-why-choose-us-\"><strong>Pourquoi nous choisir ?<\/strong><\/h2>\n<ul>\n<li><strong>Une riche exp\u00e9rience dans l'industrie<\/strong>: 10 ans d'exp\u00e9rience approfondie dans le domaine de l'emballage des produits de beaut\u00e9 et de soins personnels, au service de plus de 50 000 marques dans le monde entier ;<\/li>\n<li><strong>Service de liaison int\u00e9grale<\/strong>: De l'analyse de la demande \u00e0 la production en s\u00e9rie et \u00e0 la livraison, en passant par la conception structurelle, un suivi professionnel personnalis\u00e9 est assur\u00e9 tout au long du processus ;<\/li>\n<li><strong>Contr\u00f4le strict de la qualit\u00e9<\/strong>: La certification ISO 9001 du syst\u00e8me de qualit\u00e9 garantit que chaque bo\u00eete r\u00e9pond aux normes de qualit\u00e9 les plus strictes.<\/li>\n<\/ul>","protected":false},"excerpt":{"rendered":"<p>\u00c0 l'\u00e8re de la modernisation de la consommation et de la sensibilisation \u00e0 l'environnement, un emballage qui allie valeur esth\u00e9tique, fonctions pratiques et concepts durables deviendra un point de contact cl\u00e9 pour les marques afin d'entrer en contact avec l'esprit des utilisateurs. Choisissez notre solution de bo\u00eete en carton \u00e0 double insertion pour obtenir des primes plus \u00e9lev\u00e9es \u00e0 moindre co\u00fbt, en faisant de chaque produit un support qui transmet la chaleur de la marque.<\/p>","protected":false},"featured_media":739,"template":"","meta":{"_kad_post_transparent":"default","_kad_post_title":"","_kad_post_layout":"default","_kad_post_sidebar_id":"","_kad_post_content_style":"default","_kad_post_vertical_padding":"default","_kad_post_feature":"","_kad_post_feature_position":"","_kad_post_header":false,"_kad_post_footer":false,"_kad_post_classname":""},"product_brand":[],"product_cat":[15,28,24,17],"product_tag":[275,273,274],"class_list":{"0":"post-738","1":"product","2":"type-product","3":"status-publish","4":"has-post-thumbnail","6":"product_cat-red-light-therapy","7":"product_cat-customize","8":"product_cat-red-light-therapy-bed","9":"product_cat-services","10":"product_tag-custom-cosmetic-paper-boxes","11":"product_tag-custom-hair-oil-cardboard-box","12":"product_tag-growth-essential-oil-box-suppliers","14":"first","15":"instock","16":"shipping-taxable","17":"product-type-simple","18":"entry","19":"content-bg","20":"loop-entry"},"_links":{"self":[{"href":"https:\/\/red-lighttherapy.com\/fr_fr\/wp-json\/wp\/v2\/product\/738","targetHints":{"allow":["GET"]}}],"collection":[{"href":"https:\/\/red-lighttherapy.com\/fr_fr\/wp-json\/wp\/v2\/product"}],"about":[{"href":"https:\/\/red-lighttherapy.com\/fr_fr\/wp-json\/wp\/v2\/types\/product"}],"wp:featuredmedia":[{"embeddable":true,"href":"https:\/\/red-lighttherapy.com\/fr_fr\/wp-json\/wp\/v2\/media\/739"}],"wp:attachment":[{"href":"https:\/\/red-lighttherapy.com\/fr_fr\/wp-json\/wp\/v2\/media?parent=738"}],"wp:term":[{"taxonomy":"product_brand","embeddable":true,"href":"https:\/\/red-lighttherapy.com\/fr_fr\/wp-json\/wp\/v2\/product_brand?post=738"},{"taxonomy":"product_cat","embeddable":true,"href":"https:\/\/red-lighttherapy.com\/fr_fr\/wp-json\/wp\/v2\/product_cat?post=738"},{"taxonomy":"product_tag","embeddable":true,"href":"https:\/\/red-lighttherapy.com\/fr_fr\/wp-json\/wp\/v2\/product_tag?post=738"}],"curies":[{"name":"wp","href":"https:\/\/api.w.org\/{rel}","templated":true}]}}