{"id":732,"date":"2025-04-14T07:23:02","date_gmt":"2025-04-14T07:23:02","guid":{"rendered":"https:\/\/red-lighttherapy.com\/?post_type=product&#038;p=732"},"modified":"2025-04-14T07:35:30","modified_gmt":"2025-04-14T07:35:30","slug":"custom-makeup-beauty-blender-sponge-packaging-boxes-factory","status":"publish","type":"product","link":"https:\/\/red-lighttherapy.com\/fr_fr\/custom-makeup-beauty-blender-sponge-packaging-boxes-factory\/","title":{"rendered":"Bo\u00eetes d'emballage personnalis\u00e9es pour \u00e9ponge de maquillage et de beaut\u00e9 Factory"},"content":{"rendered":"<h2 id=\"customized-makeup-egg-sponge-packaging-box\">Bo\u00eete d'emballage d'\u0153ufs de maquillage personnalis\u00e9s<\/h2>\n<h2 id=\"1-high-quality-materials-and-transparent-display-design-\">1.\u00a0<strong>Mat\u00e9riaux de haute qualit\u00e9 et \u00e9cran transparent<\/strong><\/h2>\n<p>Ce produit est fabriqu\u00e9 en carton blanc de 350 g \u00e0 fort grammage. Le papier est \u00e9pais et croustillant, il est \u00e0 la fois r\u00e9sistant \u00e0 la pression et esth\u00e9tique. La face avant de la bo\u00eete est con\u00e7ue de mani\u00e8re innovante avec\u00a0<strong>technologie des films pour l'ouverture des fen\u00eatres<\/strong>Un film PVC ou PET \u00e0 haute transparence est utilis\u00e9, ce qui permet non seulement d'afficher clairement la forme et la couleur de l'\u0153uf de maquillage interne, mais aussi de jouer un r\u00f4le dans la pr\u00e9vention de la poussi\u00e8re et de l'humidit\u00e9. Le bord de la fen\u00eatre est d\u00e9coup\u00e9 avec pr\u00e9cision afin de garantir un ajustement parfait sans bavures, d'am\u00e9liorer l'attrait de la pr\u00e9sentation des produits et de faciliter la s\u00e9lection intuitive des clients.<\/p>\n<h2 id=\"2-high-end-printing-technology-empowers-brand-image-\">2.\u00a0<strong>La technologie d'impression haut de gamme renforce l'image de marque<\/strong><\/h2>\n<p>L'impression de la surface de la bo\u00eete adopte\u00a0<strong>machine d'impression Heidelberg import\u00e9e<\/strong>Le syst\u00e8me d'impression est \u00e9quip\u00e9 d'un syst\u00e8me de gestion des couleurs enti\u00e8rement automatique \u00e0 quatre couleurs, qui permet de restaurer avec pr\u00e9cision le logo de la marque, les motifs et les couleurs d\u00e9grad\u00e9es. L'encre d'impression a pass\u00e9 la certification de protection de l'environnement SGS, avec des couleurs riches et sans odeur irritante. Gr\u00e2ce au proc\u00e9d\u00e9 de gla\u00e7age UV local, il est possible de combiner la brillance miroir et la texture mate, ce qui conf\u00e8re \u00e0 la bo\u00eete d'emballage une superposition visuelle de haut niveau. La pr\u00e9cision du contr\u00f4le de la diff\u00e9rence de couleur atteint \u0394E\u22641,5, assurant la coh\u00e9rence de la production par lots et contribuant au positionnement haut de gamme de la marque.<\/p>\n<h2 id=\"3-environmentally-friendly-lining-and-efficient-structural-design-\">3.\u00a0<strong>Rev\u00eatement respectueux de l'environnement et conception structurelle efficace<\/strong><\/h2>\n<p>La doublure adopte\u00a0<strong>technologie de d\u00e9coupe de cartes en papier respectueuse de l'environnement<\/strong>L'\u0153uf de beaut\u00e9 est ensuite pli\u00e9 avec pr\u00e9cision pour former une structure de support en nid d'abeille qui le maintient fermement en place afin d'\u00e9viter qu'il ne soit secou\u00e9 pendant le transport. La carte en papier utilise du carton \u00e0 base de p\u00e2te brute certifi\u00e9 FSC, qui peut \u00eatre enti\u00e8rement recycl\u00e9 et d\u00e9grad\u00e9, rempla\u00e7ant ainsi la doublure en mousse traditionnelle, et est conforme aux normes de protection de l'environnement REACH de l'UE. L'ensemble de l'emballage\u00a0<strong>bo\u00eete \u00e0 cartes design plat<\/strong>\u00a0Il s'agit d'une forme de pliage en une seule pi\u00e8ce lorsqu'elle n'est pas assembl\u00e9e, ce qui r\u00e9duit consid\u00e9rablement l'occupation de l'espace de stockage et de transport, ainsi que les co\u00fbts logistiques de plus de 30%. Apr\u00e8s r\u00e9ception des marchandises, les clients peuvent rapidement les assembler \u00e0 la main sans l'aide de colle, ce qui est pratique.<\/p>\n<h2 id=\"4-source-factory-guarantee-and-full-link-service-\">4.\u00a0<strong>Garantie d'usine \u00e0 la source et service complet<\/strong><\/h2>\n<p>S'appuyer sur\u00a0<strong>16 ans d'exp\u00e9rience dans la fabrication d'emballages<\/strong>L'usine est \u00e9quip\u00e9e de machines de d\u00e9coupe enti\u00e8rement automatiques, de machines \u00e0 coller les bo\u00eetes et de lignes d'inspection de la qualit\u00e9, ce qui lui permet d'atteindre une capacit\u00e9 de production quotidienne de plus de 100 000 bo\u00eetes standard, et le cycle de livraison est r\u00e9duit \u00e0 7-10 jours ouvrables. La cha\u00eene d'approvisionnement int\u00e8gre des ressources en amont telles que le papier, le film et l'encre, avec des co\u00fbts 15%-20% inf\u00e9rieurs \u00e0 la moyenne du march\u00e9, et permet une production flexible avec une commande minimale de 1 000 pi\u00e8ces. Le syst\u00e8me de gestion de la qualit\u00e9 ISO9001 a \u00e9t\u00e9 certifi\u00e9. L'inspection de la qualit\u00e9 couvre l'entr\u00e9e des mati\u00e8res premi\u00e8res jusqu'\u00e0 l'exp\u00e9dition des produits finis, et le taux de d\u00e9faut est contr\u00f4l\u00e9 \u00e0 0,3%.<\/p>\n<h2 id=\"5-integrated-foreign-trade-service-solution-\">5.\u00a0<strong>Solution int\u00e9gr\u00e9e de services de commerce ext\u00e9rieur<\/strong><\/h2>\n<p>L'\u00e9quipe professionnelle du commerce ext\u00e9rieur fournit\u00a0<strong>un guichet unique pour les services transfrontaliers<\/strong>L'entreprise est en mesure d'offrir des services de conseil et d'assistance \u00e0 la client\u00e8le, couvrant la validation de la conception, les d\u00e9clarations douani\u00e8res \u00e0 l'exportation, la logistique internationale et l'assistance apr\u00e8s-vente. Elle prend en charge l'arrimage commercial multilingue en anglais, espagnol, arabe, etc. et conna\u00eet les normes d'acc\u00e8s au march\u00e9 en Europe, aux \u00c9tats-Unis, au Moyen-Orient et en Asie du Sud-Est (telles que la certification FDA, CE). Il peut aider les clients \u00e0 r\u00e9aliser l'implantation de la marque VI, les \u00e9tiquettes anti-contrefa\u00e7on personnalis\u00e9es et l'optimisation de l'emballage en fonction de la conformit\u00e9 de la plateforme de commerce \u00e9lectronique transfrontali\u00e8re, ce qui contribue \u00e0 l'implantation mondiale de la marque.<\/p>\n<h2 id=\"-summary-of-core-advantages-\"><strong>R\u00e9sum\u00e9 des principaux avantages<\/strong><\/h2>\n<ul>\n<li><strong>Optimisation des co\u00fbts<\/strong>: Structure plate + approvisionnement direct \u00e0 partir de la source, r\u00e9duisant les co\u00fbts globaux de 25%<\/li>\n<li><strong>Respect de l'environnement<\/strong>: Mat\u00e9riaux biod\u00e9gradables tout au long du processus, audits de responsabilit\u00e9 sociale BSCI et Sedex r\u00e9ussis.<\/li>\n<li><strong>Assurance qualit\u00e9<\/strong>: Impression Heidelberg + ligne de production automatis\u00e9e, la pr\u00e9cision des couleurs atteint la correspondance Pantone 99%.<\/li>\n<li><strong>Service agile<\/strong>: Les projets de conception en 3D sont fournis dans un d\u00e9lai de 48 heures et les \u00e9preuves sont r\u00e9alis\u00e9es dans un d\u00e9lai de 72 heures.<\/li>\n<\/ul>","protected":false},"excerpt":{"rendered":"<p>La bo\u00eete en carton est compos\u00e9e d'un carton blanc de 350 g, ce qui permet de r\u00e9duire les co\u00fbts tout en permettant des exp\u00e9ditions \u00e0 plat, r\u00e9duisant ainsi consid\u00e9rablement les frais de transport. La fen\u00eatre munie d'un film permet de mieux pr\u00e9senter le produit, et la doublure int\u00e9rieure est con\u00e7ue avec des cartes en papier, ce qui est pratique pour fixer le produit et plus respectueux de l'environnement.<\/p>","protected":false},"featured_media":733,"template":"","meta":{"_kad_post_transparent":"default","_kad_post_title":"","_kad_post_layout":"default","_kad_post_sidebar_id":"","_kad_post_content_style":"default","_kad_post_vertical_padding":"default","_kad_post_feature":"","_kad_post_feature_position":"","_kad_post_header":false,"_kad_post_footer":false,"_kad_post_classname":""},"product_brand":[],"product_cat":[15,28,24,17],"product_tag":[272,271,270],"class_list":{"0":"post-732","1":"product","2":"type-product","3":"status-publish","4":"has-post-thumbnail","6":"product_cat-red-light-therapy","7":"product_cat-customize","8":"product_cat-red-light-therapy-bed","9":"product_cat-services","10":"product_tag-custom-beauty-sponge-packaging-factory","11":"product_tag-custom-blender-packaging","12":"product_tag-makeup-beauty-packaging-boxes","14":"first","15":"instock","16":"shipping-taxable","17":"product-type-simple","18":"entry","19":"content-bg","20":"loop-entry"},"_links":{"self":[{"href":"https:\/\/red-lighttherapy.com\/fr_fr\/wp-json\/wp\/v2\/product\/732","targetHints":{"allow":["GET"]}}],"collection":[{"href":"https:\/\/red-lighttherapy.com\/fr_fr\/wp-json\/wp\/v2\/product"}],"about":[{"href":"https:\/\/red-lighttherapy.com\/fr_fr\/wp-json\/wp\/v2\/types\/product"}],"wp:featuredmedia":[{"embeddable":true,"href":"https:\/\/red-lighttherapy.com\/fr_fr\/wp-json\/wp\/v2\/media\/733"}],"wp:attachment":[{"href":"https:\/\/red-lighttherapy.com\/fr_fr\/wp-json\/wp\/v2\/media?parent=732"}],"wp:term":[{"taxonomy":"product_brand","embeddable":true,"href":"https:\/\/red-lighttherapy.com\/fr_fr\/wp-json\/wp\/v2\/product_brand?post=732"},{"taxonomy":"product_cat","embeddable":true,"href":"https:\/\/red-lighttherapy.com\/fr_fr\/wp-json\/wp\/v2\/product_cat?post=732"},{"taxonomy":"product_tag","embeddable":true,"href":"https:\/\/red-lighttherapy.com\/fr_fr\/wp-json\/wp\/v2\/product_tag?post=732"}],"curies":[{"name":"wp","href":"https:\/\/api.w.org\/{rel}","templated":true}]}}