{"id":725,"date":"2025-04-14T07:08:40","date_gmt":"2025-04-14T07:08:40","guid":{"rendered":"https:\/\/red-lighttherapy.com\/?post_type=product&#038;p=725"},"modified":"2025-04-14T07:22:23","modified_gmt":"2025-04-14T07:22:23","slug":"custom-skin-care-beauty-oil-folding-cartons-box-wholesale","status":"publish","type":"product","link":"https:\/\/red-lighttherapy.com\/fr_fr\/custom-skin-care-beauty-oil-folding-cartons-box-wholesale\/","title":{"rendered":"Bo\u00eete en carton pliante personnalis\u00e9e pour huile de soin de la peau Wholesale"},"content":{"rendered":"<h2 id=\"customized-skin-care-beauty-oil-folding-carton-wholesale-product-description\">Bo\u00eete pliante pour huile de soin de la peau personnalis\u00e9e Wholesale<\/h2>\n<h2 id=\"1-visual-aesthetics-platinum-minimalist-color-matching-strengthening-brand-tone-\">1.\u00a0<strong>Esth\u00e9tique visuelle : Correspondance minimaliste des couleurs de platine, renforcement de la tonalit\u00e9 de la marque<\/strong><\/h2>\n<ul>\n<li><strong>Couleur principale Design<\/strong>: Le corps de la bo\u00eete adopte un substrat de papier sp\u00e9cial blanc pur, avec une technologie de marquage \u00e0 chaud partiel, par le contraste de l'\u00e9clat m\u00e9tallique et de la texture mate, transmet une image de marque haut de gamme et pure. Des \u00e9l\u00e9ments de marquage \u00e0 chaud peuvent \u00eatre appliqu\u00e9s au LOGO de la marque, \u00e0 des lignes g\u00e9om\u00e9triques ou \u00e0 des motifs abstraits pour renforcer la hi\u00e9rarchie visuelle et les points de m\u00e9moire tactiles.<\/li>\n<li><strong>Visualisation des fen\u00eatres<\/strong>: La partie sup\u00e9rieure ou lat\u00e9rale de la bo\u00eete est dot\u00e9e d'une fen\u00eatre creuse, recouverte d'un film transparent respectueux de l'environnement. Les utilisateurs peuvent voir directement le flacon d'huile essentielle ou le compte-gouttes sans ouvrir la bo\u00eete, ce qui renforce l'attrait de la pr\u00e9sentation en rayon et r\u00e9pond \u00e0 la demande des consommateurs en mati\u00e8re de transparence des produits.<\/li>\n<\/ul>\n<h2 id=\"2-environmental-certification-fsc-sustainable-paper-practice-green-concept-\">2.\u00a0<strong>Certification environnementale : Papier durable FSC, Practice Green Concept<\/strong><\/h2>\n<ul>\n<li>La bo\u00eete adopte du papier certifi\u00e9 FSC pour garantir que les mati\u00e8res premi\u00e8res proviennent de for\u00eats g\u00e9r\u00e9es durablement, ce qui r\u00e9pond aux normes environnementales de l'UE et aux exigences des plateformes de commerce \u00e9lectronique transfrontali\u00e8res en mati\u00e8re d'emballage \u00e9cologique.<\/li>\n<li>Soutenir l'impression d'encres respectueuses de l'environnement et la technologie des vernis UV afin de r\u00e9duire les \u00e9missions de COV, ce qui est conforme aux objectifs strat\u00e9giques ESG de la marque.<\/li>\n<\/ul>\n<h2 id=\"3-technology-innovation-self-locking-folding-structure-efficient-cost-reduction-\">3.\u00a0<strong>Innovation technologique : structure de pliage autobloquante, r\u00e9duction efficace des co\u00fbts<\/strong><\/h2>\n<ul>\n<li><strong>Technologie de d\u00e9coupe de pr\u00e9cision<\/strong>: Gr\u00e2ce \u00e0 la conception d'une ligne de rainage \u00e0 l'emporte-pi\u00e8ce de haute pr\u00e9cision (erreur \u22641mm), la fonction d'auto-verrouillage du pliage du corps de la bo\u00eete est r\u00e9alis\u00e9e. Le couvercle inf\u00e9rieur et le couvercle sup\u00e9rieur adoptent une structure de crochet de verrouillage encliquetable, qui peut \u00eatre fermement form\u00e9 sans collage, ce qui r\u00e9duit les co\u00fbts d'assemblage manuel et la pollution par les adh\u00e9sifs.<\/li>\n<li><strong>Adaptabilit\u00e9 du prototypage rapide<\/strong>: Permet le pliage par lots de lignes de production automatis\u00e9es, avec une production quotidienne pouvant atteindre 50 000 000 pi\u00e8ces, r\u00e9pondant ainsi aux besoins de livraison rapide de grandes quantit\u00e9s de marchandises.<\/li>\n<\/ul>\n<h2 id=\"4-tactile-upgrade-combination-of-hot-stamping-technology-and-special-paper-\">4.\u00a0<strong>Am\u00e9lioration tactile : Combinaison de la technologie de marquage \u00e0 chaud et de papier sp\u00e9cial<\/strong><\/h2>\n<ul>\n<li>Le processus de marquage \u00e0 chaud de la surface utilise une feuille d'aluminium \u00e9lectrochimique et forme un effet de miroir m\u00e9tallique par gaufrage \u00e0 haute temp\u00e9rature afin d'am\u00e9liorer la superposition tactile de l'emballage. Le gaufrage UV local ou le processus de gaufrage peut \u00eatre personnalis\u00e9 pour former une surface mate et brillante contrastant avec la zone de marquage \u00e0 chaud, ce qui renforce le sentiment de c\u00e9r\u00e9monie lors de l'ouverture de la bo\u00eete.<\/li>\n<\/ul>\n<h2 id=\"-production-and-customization-services-\"><strong>5. Services de production et de personnalisation<\/strong><\/h2>\n<ul>\n<li><strong>Avantages de l'usine source<\/strong>: 16 ans d'exp\u00e9rience professionnelle dans la fabrication d'emballages, \u00e9quip\u00e9s de cha\u00eenes de production compl\u00e8tes telles que l'impression offset, le marquage \u00e0 chaud, l'impression UV, etc. Nous fournissons des \u00e9preuves gratuites (livraison conventionnelle en 3 jours) et des suggestions d'optimisation de la conception pour garantir que le produit est parfaitement conforme \u00e0 la marque VI.<\/li>\n<li><strong>Avantage en termes de co\u00fbts<\/strong>: Approvisionnement \u00e0 grande \u00e9chelle en papier certifi\u00e9 FSC et processus de production automatis\u00e9s, avec une quantit\u00e9 minimale de commande de 500 pi\u00e8ces et un prix unitaire aussi bas que US$0.10\/pi\u00e8ce, ce qui constitue une option rentable pour les petites et moyennes marques.<\/li>\n<li><strong>Services \u00e0 valeur ajout\u00e9e<\/strong>: La fourniture d\u00e9di\u00e9e \u00e0 l'exportation transfrontali\u00e8re, la personnalisation du plateau int\u00e9rieur \u00e0 l'\u00e9preuve de l'humidit\u00e9 et des chocs (comme le plateau papier ou la doublure EVA) et l'impression manuelle multilingue sont possibles.<\/li>\n<\/ul>\n<h2 id=\"-technical-parameters-\"><strong>6. Param\u00e8tres techniques<\/strong><\/h2>\n<table>\n<thead>\n<tr>\n<th>Projet<\/th>\n<th>Sp\u00e9cifications<\/th>\n<\/tr>\n<\/thead>\n<tbody>\n<tr>\n<td>Mat\u00e9riau<\/td>\n<td>Carton blanc certifi\u00e9 FSC\/papier double cuivre carton gris<\/td>\n<\/tr>\n<tr>\n<td>Processus<\/td>\n<td>Marquage \u00e0 chaud + impression UV + d\u00e9coupe autobloquante<\/td>\n<\/tr>\n<tr>\n<td>Diam\u00e8tre int\u00e9rieur<\/td>\n<td>Personnalisable<\/td>\n<\/tr>\n<tr>\n<td>Cycle de production<\/td>\n<td>3 jours pour l'\u00e9preuvage, 7-14 jours pour le vrac<\/td>\n<\/tr>\n<tr>\n<td>Quantit\u00e9 minimale de commande<\/td>\n<td>500 pi\u00e8ces (pour les commandes d'essai en petits lots)<\/td>\n<\/tr>\n<tr>\n<td>Certification environnementale<\/td>\n<td>Double certification FSC-COC\/PEFC<\/td>\n<\/tr>\n<\/tbody>\n<\/table>\n<h2 id=\"-application-scenarios-\"><strong>Sc\u00e9narios d'application<\/strong><\/h2>\n<p>Applicable aux huiles essentielles de soins de la peau haut de gamme, aux parfums, aux essences et \u00e0 d'autres cat\u00e9gories, elle est largement utilis\u00e9e pour la livraison directe en ligne, la pr\u00e9sentation au comptoir hors ligne et la combinaison de coffrets-cadeaux, aidant les marques \u00e0 fa\u00e7onner une image de luxe l\u00e9ger et \u00e0 transmettre des propositions de valeur en mati\u00e8re de protection de l'environnement.<\/p>","protected":false},"excerpt":{"rendered":"<p>Cette bo\u00eete pliante pour huile de soin de la peau est con\u00e7ue pour les marques de soin de la peau haut de gamme. Elle utilise une base blanche avec une feuille d'or minimaliste, int\u00e9grant des concepts de protection de l'environnement et une technologie innovante pour cr\u00e9er une solution d'emballage qui allie texture luxueuse et praticit\u00e9. Produite par une usine vieille de 16 ans, qui s'appuie sur une technologie mature et des avantages de production \u00e0 grande \u00e9chelle, elle fournit des services personnalis\u00e9s rentables pour aider les marques \u00e0 am\u00e9liorer leur comp\u00e9titivit\u00e9 sur le march\u00e9.<\/p>","protected":false},"featured_media":727,"template":"","meta":{"_kad_post_transparent":"default","_kad_post_title":"","_kad_post_layout":"default","_kad_post_sidebar_id":"","_kad_post_content_style":"default","_kad_post_vertical_padding":"default","_kad_post_feature":"","_kad_post_feature_position":"","_kad_post_header":false,"_kad_post_footer":false,"_kad_post_classname":""},"product_brand":[],"product_cat":[15,28,24,17],"product_tag":[269,267,268],"class_list":{"0":"post-725","1":"product","2":"type-product","3":"status-publish","4":"has-post-thumbnail","6":"product_cat-red-light-therapy","7":"product_cat-customize","8":"product_cat-red-light-therapy-bed","9":"product_cat-services","10":"product_tag-custom-face-oil-boxes","11":"product_tag-custom-skin-care-cartons-box","12":"product_tag-custom-skincare-oil-boxes-wholesale","14":"first","15":"instock","16":"shipping-taxable","17":"product-type-simple","18":"entry","19":"content-bg","20":"loop-entry"},"_links":{"self":[{"href":"https:\/\/red-lighttherapy.com\/fr_fr\/wp-json\/wp\/v2\/product\/725","targetHints":{"allow":["GET"]}}],"collection":[{"href":"https:\/\/red-lighttherapy.com\/fr_fr\/wp-json\/wp\/v2\/product"}],"about":[{"href":"https:\/\/red-lighttherapy.com\/fr_fr\/wp-json\/wp\/v2\/types\/product"}],"wp:featuredmedia":[{"embeddable":true,"href":"https:\/\/red-lighttherapy.com\/fr_fr\/wp-json\/wp\/v2\/media\/727"}],"wp:attachment":[{"href":"https:\/\/red-lighttherapy.com\/fr_fr\/wp-json\/wp\/v2\/media?parent=725"}],"wp:term":[{"taxonomy":"product_brand","embeddable":true,"href":"https:\/\/red-lighttherapy.com\/fr_fr\/wp-json\/wp\/v2\/product_brand?post=725"},{"taxonomy":"product_cat","embeddable":true,"href":"https:\/\/red-lighttherapy.com\/fr_fr\/wp-json\/wp\/v2\/product_cat?post=725"},{"taxonomy":"product_tag","embeddable":true,"href":"https:\/\/red-lighttherapy.com\/fr_fr\/wp-json\/wp\/v2\/product_tag?post=725"}],"curies":[{"name":"wp","href":"https:\/\/api.w.org\/{rel}","templated":true}]}}