{"id":719,"date":"2025-04-14T06:56:26","date_gmt":"2025-04-14T06:56:26","guid":{"rendered":"https:\/\/red-lighttherapy.com\/?post_type=product&#038;p=719"},"modified":"2025-04-14T07:08:31","modified_gmt":"2025-04-14T07:08:31","slug":"luxury-custom-cosmetic-face-serum-cream-folding-mailer-box","status":"publish","type":"product","link":"https:\/\/red-lighttherapy.com\/fr_fr\/luxury-custom-cosmetic-face-serum-cream-folding-mailer-box\/","title":{"rendered":"Bo\u00eete postale pliante de luxe personnalis\u00e9e pour cr\u00e8me de s\u00e9rum pour le visage"},"content":{"rendered":"<h2 id=\"product-description-of-luxury-customized-cosmetics-facial-essence-cream-folding-mailing-box\">Description du produit Luxury Customized Cosmetics Facial Essence Cream Folding Mailing Box<\/h2>\n<h2 id=\"-1-folding-airplane-box-structure-efficient-and-convenient-innovation-\"><strong>1. Structure de la bo\u00eete pliante : innovation efficace et pratique<\/strong><\/h2>\n<ol>\n<li><strong>Processus de pliage pr\u00e9cis, assemblage rapide<\/strong> La bo\u00eete d'emballage adopte la conception classique de la bo\u00eete postale pliante, avec des plis clairs pr\u00e9-press\u00e9s sur le bord, sans l'aide de colle ou d'outils, et peut r\u00e9aliser un moulage tridimensionnel en 30 secondes. La structure unique de type verrou assure la stabilit\u00e9 du corps de la bo\u00eete, \u00e9vite les dispersions accidentelles pendant le transport et tient compte \u00e0 la fois de la protection de l'environnement et de l'efficacit\u00e9.<\/li>\n<li><strong>Division scientifique de l'entrep\u00f4t, adaptation flexible<\/strong>\u00a0L'espace int\u00e9rieur peut \u00eatre personnalis\u00e9 avec des cloisons superpos\u00e9es en fonction des besoins du client (par exemple, des fentes ind\u00e9pendantes pour les flacons de cr\u00e8me essentielle, les bo\u00eetes \u00e0 cils ou les pinceaux de maquillage) afin d'\u00e9viter les collisions entre les produits. La taille peut \u00eatre ajust\u00e9e de mani\u00e8re personnalis\u00e9e, le minimum pouvant \u00eatre adapt\u00e9 \u00e0 10cm\u00d75cm (kit de cils portable), et le maximum pouvant \u00eatre \u00e9tendu \u00e0 30cm\u00d720cm (combinaison de bo\u00eetes-cadeaux multi-pi\u00e8ces), s'adaptant ainsi aux diff\u00e9rents besoins.<\/li>\n<\/ol>\n<h2 id=\"-second-luxurious-appearance-matte-black-and-gold-aesthetics-\"><strong>2. Aspect luxueux : noir mat et esth\u00e9tique dor\u00e9e<\/strong><\/h2>\n<ol>\n<li><strong>Traitement de surface textur\u00e9<\/strong>\u00a0Le corps de la bo\u00eete est constitu\u00e9 d'une base en carton noir mat de 320 g, aussi d\u00e9licat que du velours, et est \u00e9quip\u00e9 d'une technologie de laminage UV, qui est imperm\u00e9able, antisalissure et r\u00e9sistante \u00e0 l'usure. La surface est orn\u00e9e du logo de la marque ou d'un motif personnalis\u00e9 par estampage \u00e0 chaud, et les lignes dor\u00e9es se dessinent sur le fond mat, cr\u00e9ant un impact visuel discret et luxueux.<\/li>\n<li><strong>Am\u00e9lioration du logo de la marque<\/strong>\u00a0Il est possible d'ajouter une technologie de relief (telle que des motifs concaves et convexes pour simuler la texture de la peau) ou d'int\u00e9grer des codes QR invisibles en combinaison avec la technologie AR pour renforcer le sentiment d'interaction et les attributs technologiques, ce qui est conforme \u00e0 la recherche d'une \"exp\u00e9rience immersive\" par les utilisateurs haut de gamme.<\/li>\n<\/ol>\n<h2 id=\"-three-double-protection-double-protection-of-materials-and-structure-\"><strong>3. Double protection : double protection des mat\u00e9riaux et de la structure<\/strong><\/h2>\n<ol>\n<li><strong>Couche tampon en papier ondul\u00e9 naturel<\/strong>\u00a0Le corps de la bo\u00eete adopte un carton ondul\u00e9 double couche de type AB (\u00e9paisseur 3 mm), et la structure en nid d'abeille peut absorber plus de 80% de la force d'impact externe. M\u00eame en cas de transport violent, le produit int\u00e9rieur reste intact. Le mat\u00e9riau est certifi\u00e9 FSC et 100% d\u00e9gradable, ce qui est conforme au concept de luxe durable.<\/li>\n<li><strong>Technologie de renforcement des angles<\/strong>\u00a0Les coins sont fabriqu\u00e9s \u00e0 partir d'une technologie de laminage de papier double couche, avec des bandes anti-compression int\u00e9gr\u00e9es pour le renforcement, et la capacit\u00e9 de charge atteint 5 kg, ce qui r\u00e9siste efficacement \u00e0 la d\u00e9formation de l'empilage. Des bandes d'\u00e9ponge anti-vibration sont ajout\u00e9es aux joints entre le couvercle et le corps de la bo\u00eete afin d'isoler davantage les vibrations et l'humidit\u00e9, ce qui convient au transport transfrontalier sur de longues distances.<\/li>\n<\/ol>\n<h2 id=\"-technical-parameters-\"><strong>Param\u00e8tres techniques<\/strong><\/h2>\n<table>\n<thead>\n<tr>\n<th>Projet<\/th>\n<th>Sp\u00e9cifications<\/th>\n<\/tr>\n<\/thead>\n<tbody>\n<tr>\n<td>Mat\u00e9riau<\/td>\n<td>Papier ondul\u00e9 double couche AB (certifi\u00e9 FSC)<\/td>\n<\/tr>\n<tr>\n<td>Technologie de surface<\/td>\n<td>Vernis UV mat + marquage \u00e0 chaud \/ gaufrage partiel<\/td>\n<\/tr>\n<tr>\n<td>Capacit\u00e9 de charge<\/td>\n<td>\u22645kg<\/td>\n<\/tr>\n<tr>\n<td>Certification environnementale<\/td>\n<td>SGS, REACH, RoHS<\/td>\n<\/tr>\n<tr>\n<td>Quantit\u00e9 minimale de commande<\/td>\n<td>500 pi\u00e8ces (diff\u00e9rentes tailles disponibles)<\/td>\n<\/tr>\n<\/tbody>\n<\/table>\n<h2 id=\"-applicable-scenarios-\"><strong>Sc\u00e9narios applicables<\/strong><\/h2>\n<ul>\n<li><strong>Livraison sp\u00e9ciale de produits de luxe pour la peau<\/strong>Les produits de consommation courante : tels que la cr\u00e8me \u00e0 base d'essence, les ampoules et d'autres articles \u00e0 prix \u00e9lev\u00e9 ;<\/li>\n<li><strong>Coffret cadeau limit\u00e9<\/strong>Le prix d'un produit : combinaison inter-cat\u00e9gorie (essence + cr\u00e8me pour les yeux + outils personnalis\u00e9s) ;<\/li>\n<li><strong>Service d'abonnement beaut\u00e9<\/strong>: solutions personnalis\u00e9es de soins de la peau livr\u00e9es sur une base mensuelle.<\/li>\n<\/ul>","protected":false},"excerpt":{"rendered":"<p>Cette bo\u00eete postale pliante est sp\u00e9cialement con\u00e7ue pour les produits cosm\u00e9tiques personnalis\u00e9s haut de gamme. Elle s'inspire de l'\"esth\u00e9tique minimaliste\" et de la \"protection scientifique\" et combine parfaitement le sens artistique et la fonctionnalit\u00e9. Sa conception s'inspire de la tendance mondiale en mati\u00e8re d'emballage personnalis\u00e9, combin\u00e9e au concept de protection de qualit\u00e9 a\u00e9ronautique, afin d'offrir une protection compl\u00e8te aux produits de beaut\u00e9 exquis tels que les produits de soin de la peau de luxe, les cr\u00e8mes d'essence pour le visage, les cils, etc., tout en donnant une impression de c\u00e9r\u00e9monie de d\u00e9ballage et d'exp\u00e9rience exclusive de la marque.<\/p>","protected":false},"featured_media":720,"template":"","meta":{"_kad_post_transparent":"default","_kad_post_title":"","_kad_post_layout":"default","_kad_post_sidebar_id":"","_kad_post_content_style":"default","_kad_post_vertical_padding":"default","_kad_post_feature":"","_kad_post_feature_position":"","_kad_post_header":false,"_kad_post_footer":false,"_kad_post_classname":""},"product_brand":[],"product_cat":[15,28,17],"product_tag":[186,265,266],"class_list":{"0":"post-719","1":"product","2":"type-product","3":"status-publish","4":"has-post-thumbnail","6":"product_cat-red-light-therapy","7":"product_cat-customize","8":"product_cat-services","9":"product_tag-cosmetic-boxes-supplies","10":"product_tag-custom-face-serum-folding-mailer-box","11":"product_tag-face-cream-mailer-boxes","13":"first","14":"instock","15":"shipping-taxable","16":"product-type-simple","17":"entry","18":"content-bg","19":"loop-entry"},"_links":{"self":[{"href":"https:\/\/red-lighttherapy.com\/fr_fr\/wp-json\/wp\/v2\/product\/719","targetHints":{"allow":["GET"]}}],"collection":[{"href":"https:\/\/red-lighttherapy.com\/fr_fr\/wp-json\/wp\/v2\/product"}],"about":[{"href":"https:\/\/red-lighttherapy.com\/fr_fr\/wp-json\/wp\/v2\/types\/product"}],"wp:featuredmedia":[{"embeddable":true,"href":"https:\/\/red-lighttherapy.com\/fr_fr\/wp-json\/wp\/v2\/media\/720"}],"wp:attachment":[{"href":"https:\/\/red-lighttherapy.com\/fr_fr\/wp-json\/wp\/v2\/media?parent=719"}],"wp:term":[{"taxonomy":"product_brand","embeddable":true,"href":"https:\/\/red-lighttherapy.com\/fr_fr\/wp-json\/wp\/v2\/product_brand?post=719"},{"taxonomy":"product_cat","embeddable":true,"href":"https:\/\/red-lighttherapy.com\/fr_fr\/wp-json\/wp\/v2\/product_cat?post=719"},{"taxonomy":"product_tag","embeddable":true,"href":"https:\/\/red-lighttherapy.com\/fr_fr\/wp-json\/wp\/v2\/product_tag?post=719"}],"curies":[{"name":"wp","href":"https:\/\/api.w.org\/{rel}","templated":true}]}}