{"id":714,"date":"2025-04-14T06:40:13","date_gmt":"2025-04-14T06:40:13","guid":{"rendered":"https:\/\/red-lighttherapy.com\/?post_type=product&#038;p=714"},"modified":"2025-04-14T06:56:17","modified_gmt":"2025-04-14T06:56:17","slug":"wholesale-underclothes-bikini-brief-sports-shorts-mailer-box","status":"publish","type":"product","link":"https:\/\/red-lighttherapy.com\/fr_fr\/wholesale-underclothes-bikini-brief-sports-shorts-mailer-box\/","title":{"rendered":"Wholesale Underclothes Bikini Brief Sports Shorts Mailer Box"},"content":{"rendered":"<h2 id=\"-1-visual-impact-classic-red-and-blue-contrast-design-\"><strong>1. Impact visuel : contraste classique entre le rouge et le bleu<\/strong><\/h2>\n<p>La bo\u00eete d'emballage utilise une combinaison de couleurs contrastantes rouge haute st\u00e9rilisation et bleu marine fonc\u00e9 pour cr\u00e9er un fort effet visuel oppos\u00e9. Le rouge est un symbole d'enthousiasme et de vitalit\u00e9 de la marque, le bleu exprime le professionnalisme et la conviction, et la combinaison avec la technologie de d\u00e9chirement des tapis permet non seulement d'\u00e9viter les sentiments de r\u00e9flexion bon march\u00e9, mais aussi d'accro\u00eetre la stabilit\u00e9 des couleurs. Cette conception convient au march\u00e9 des v\u00eatements de sport, accro\u00eet l'attrait des performances des rayons et exprime avec pr\u00e9cision la tonalit\u00e9 jeune et \u00e9nergique de la marque.<\/p>\n<h2 id=\"-2-structural-innovation-embedded-opening-and-closing-airplane-box-shape-\"><strong>2. Innovation structurelle : ouverture et fermeture int\u00e9gr\u00e9es de la bo\u00eete d'avion<\/strong><\/h2>\n<p>Le corps de la bo\u00eete adopte la forme standard d'une bo\u00eete d'avion, et les coins sont arrondis pour \u00e9viter le risque de dommages caus\u00e9s par le frottement pendant le transport. Le couvercle de la bo\u00eete est con\u00e7u comme une structure d'ouverture et de fermeture int\u00e9gr\u00e9e, et la fermeture sans couture est obtenue gr\u00e2ce \u00e0 une d\u00e9coupe pr\u00e9cise \u00e0 l'emporte-pi\u00e8ce :<\/p>\n<ul>\n<li><strong>Scellement<\/strong>: La boucle int\u00e9gr\u00e9e garantit que le couvercle de la bo\u00eete est bien ajust\u00e9 pour emp\u00eacher la poussi\u00e8re ou la vapeur d'eau de s'infiltrer ;<\/li>\n<li><strong>Commodit\u00e9<\/strong>: Aucun outil n'est n\u00e9cessaire pour l'ouverture et la fermeture, et il peut \u00eatre facilement actionn\u00e9 d'une seule main, ce qui permet aux clients d'inspecter ou de r\u00e9emballer rapidement ;<\/li>\n<li><strong>Durabilit\u00e9<\/strong>: Les bords et les coins sont \u00e9paissis et renforc\u00e9s, et peuvent \u00eatre r\u00e9utilis\u00e9s 3 \u00e0 5 fois, ce qui r\u00e9duit les co\u00fbts de perte d'emballage.<\/li>\n<\/ul>\n<h2 id=\"-3-material-science-lightweight-and-compression-resistance-\"><strong>3. Science des mat\u00e9riaux : L\u00e9g\u00e8ret\u00e9 et r\u00e9sistance \u00e0 la compression<\/strong><\/h2>\n<p>Le corps de la bo\u00eete adopte une structure en papier ondul\u00e9, le papier de surface est du papier kraft haute r\u00e9sistance de 200 g, et le papier central est de la p\u00e2te \u00e0 papier recycl\u00e9e respectueuse de l'environnement :<\/p>\n<ul>\n<li><strong>Test de compression<\/strong>: La capacit\u00e9 de charge statique peut atteindre 50 kg, et le test de chute dynamique permet de franchir une hauteur de 1,2 m ;<\/li>\n<li><strong>Certification environnementale<\/strong>: Le mat\u00e9riau a obtenu la certification FSC et peut \u00eatre recycl\u00e9 et d\u00e9grad\u00e9, r\u00e9pondant ainsi aux exigences d'emballage \u00e9cologique du commerce \u00e9lectronique transfrontalier.<\/li>\n<\/ul>\n<h2 id=\"-4-warehousing-optimization-expandable-flat-design-\"><strong>4. Optimisation de l'entreposage : conception plate extensible<\/strong><\/h2>\n<p>La bo\u00eete d'emballage adopte une structure enfichable sans colle, qui permet une expansion compl\u00e8te dans une forme plate, et le taux de compression du volume pendant le transport est aussi \u00e9lev\u00e9 que 80%.<\/p>\n<ul>\n<li><strong>Sc\u00e9nario d'entreposage<\/strong>: 1 m\u00e8tre cube d'espace peut accueillir 2 000 bo\u00eetes plates, ce qui permet d'\u00e9conomiser 60% d'espace de stockage par rapport aux bo\u00eetes tridimensionnelles ;<\/li>\n<li><strong>Sc\u00e9nario de transport<\/strong>: S'adapter aux palettes logistiques standard, permettre l'emballage et le transport s\u00e9par\u00e9s des produits et r\u00e9duire les co\u00fbts logistiques ;<\/li>\n<li><strong>Efficacit\u00e9 de l'assemblage<\/strong>: Le client final peut le plier et le fa\u00e7onner manuellement en 10 secondes sans l'aide de ruban adh\u00e9sif ou d'outils.<\/li>\n<\/ul>\n<h2 id=\"-5-brand-empowerment-customized-logo-and-printing-process-\"><strong>5. Renforcement de la marque : LOGO et processus d'impression personnalis\u00e9s<\/strong><\/h2>\n<p>Le corps de la bo\u00eete dispose d'une zone r\u00e9serv\u00e9e \u00e0 l'impression UV haute brillance, qui permet la personnalisation du LOGO de la marque, du slogan ou du code QR :<\/p>\n<ul>\n<li><strong>S\u00e9lection du processus<\/strong>Les produits de la collection sont disponibles en plusieurs versions : marquage \u00e0 chaud, s\u00e9rigraphie, gaufrage et autres proc\u00e9d\u00e9s, adapt\u00e9s aux exigences des marques de sous-v\u00eatements haut de gamme en mati\u00e8re de texture ;<\/li>\n<li><strong>Transmission d'informations<\/strong>: La colonne d'information sur le produit est con\u00e7ue au dos, et le tableau des tailles, les instructions de lavage ou la d\u00e9claration de protection de l'environnement peuvent \u00eatre imprim\u00e9s ;<\/li>\n<li><strong>Fonction anti-contrefa\u00e7on<\/strong>: L'encre fluorescente invisible ou le marquage laser anti-contrefa\u00e7on permettent de prot\u00e9ger les droits de propri\u00e9t\u00e9 intellectuelle de la marque.<\/li>\n<\/ul>\n<h2 id=\"-6-flexible-customization-adapt-to-multiple-market-positioning-\"><strong>6. Personnalisation flexible : adaptation \u00e0 de multiples positionnements sur le march\u00e9<\/strong><\/h2>\n<p>Pour les diff\u00e9rentes lignes de produits et strat\u00e9gies de march\u00e9, nous proposons une gamme compl\u00e8te de services de personnalisation :<\/p>\n<ul>\n<li><strong>S\u00e9lection du type de bo\u00eete<\/strong>Les produits sont disponibles en plusieurs versions : bo\u00eete avion de base, bo\u00eete \u00e0 tiroir, bo\u00eete vitrine (adapt\u00e9e \u00e0 l'emballage des bikinis transparents) ;<\/li>\n<li><strong>Am\u00e9lioration des mat\u00e9riaux<\/strong>La ligne haut de gamme peut choisir le papier micro ondul\u00e9 de type E (1,5 mm) ou ajouter un rev\u00eatement imperm\u00e9able ;<\/li>\n<li><strong>Adaptation de l'impression<\/strong>:<\/li>\n<li><strong>Grand public<\/strong>: L'impression en quadrichromie CMYK est adopt\u00e9e et le co\u00fbt est contr\u00f4lable ;<\/li>\n<li><strong>Ligne de luxe l\u00e9g\u00e8re<\/strong>: Couleur d'accompagnement Pantone + UV local, am\u00e9liorant le niveau visuel ;<\/li>\n<li><strong>S\u00e9rie sur la protection de l'environnement<\/strong>: Utiliser de l'encre de soja pour l'impression, soulignant ainsi le concept de d\u00e9veloppement durable.<\/li>\n<\/ul>\n<h2 id=\"-applicable-scenarios-and-market-value-\"><strong>Sc\u00e9narios applicables et valeur de march\u00e9<\/strong><\/h2>\n<p>Cette s\u00e9rie de bo\u00eetes d'emballage est con\u00e7ue pour les v\u00eatements de sport, les sous-v\u00eatements en gros et le commerce \u00e9lectronique transfrontalier :<\/p>\n<ul>\n<li><strong>Ventes directes de marques<\/strong>: Am\u00e9liorer l'exp\u00e9rience de d\u00e9ballage des clients gr\u00e2ce \u00e0 un emballage hautement reconnaissable et augmenter le taux de r\u00e9achat ;<\/li>\n<li><strong>Canaux de distribution<\/strong>: Le transport plat r\u00e9duit le co\u00fbt des liaisons interm\u00e9diaires et s'adapte aux besoins des agences \u00e0 plusieurs niveaux ;<\/li>\n<li><strong>March\u00e9s d'outre-mer<\/strong>: Gr\u00e2ce \u00e0 sa structure r\u00e9sistante \u00e0 la pression et \u00e0 sa conception l\u00e9g\u00e8re, il r\u00e9pond aux normes strictes de la logistique transfrontali\u00e8re.<\/li>\n<\/ul>\n<p>Gr\u00e2ce \u00e0 l'int\u00e9gration profonde de la conception structurelle scientifique, des mat\u00e9riaux respectueux de l'environnement et de la vision de la marque, la s\u00e9rie de bo\u00eetes d'emballage \"Red and Blue Vitality\" deviendra un double outil pour am\u00e9liorer l'efficacit\u00e9 de votre cha\u00eene d'approvisionnement et apporter de la valeur \u00e0 votre marque.<\/p>","protected":false},"excerpt":{"rendered":"<p>Pour r\u00e9pondre aux besoins des grossistes et des transporteurs en mati\u00e8re de v\u00eatements l\u00e9gers tels que les soutiens-gorge de sport, les bikinis, les slips et les shorts de sport, nous avons lanc\u00e9 une nouvelle s\u00e9rie de bo\u00eetes d'exp\u00e9dition sp\u00e9ciales \"Red and Blue Vitality\". Ce produit est fonctionnel \u00e0 la base, int\u00e9grant l'esth\u00e9tique de la marque et les concepts de protection de l'environnement, contribuant \u00e0 am\u00e9liorer l'image de la marque et \u00e0 optimiser l'efficacit\u00e9 de la cha\u00eene d'approvisionnement.<\/p>","protected":false},"featured_media":716,"template":"","meta":{"_kad_post_transparent":"default","_kad_post_title":"","_kad_post_layout":"default","_kad_post_sidebar_id":"","_kad_post_content_style":"default","_kad_post_vertical_padding":"default","_kad_post_feature":"","_kad_post_feature_position":"","_kad_post_header":false,"_kad_post_footer":false,"_kad_post_classname":""},"product_brand":[],"product_cat":[15,30,17],"product_tag":[263,264,262],"class_list":{"0":"post-714","1":"product","2":"type-product","3":"status-publish","4":"has-post-thumbnail","6":"product_cat-red-light-therapy","7":"product_cat-dropshipping","8":"product_cat-services","9":"product_tag-custom-sports-shorts-mailer-box","10":"product_tag-underclothes-packaging","11":"product_tag-wholesale-bikini-mailer-box","13":"first","14":"instock","15":"shipping-taxable","16":"product-type-simple","17":"entry","18":"content-bg","19":"loop-entry"},"_links":{"self":[{"href":"https:\/\/red-lighttherapy.com\/fr_fr\/wp-json\/wp\/v2\/product\/714","targetHints":{"allow":["GET"]}}],"collection":[{"href":"https:\/\/red-lighttherapy.com\/fr_fr\/wp-json\/wp\/v2\/product"}],"about":[{"href":"https:\/\/red-lighttherapy.com\/fr_fr\/wp-json\/wp\/v2\/types\/product"}],"wp:featuredmedia":[{"embeddable":true,"href":"https:\/\/red-lighttherapy.com\/fr_fr\/wp-json\/wp\/v2\/media\/716"}],"wp:attachment":[{"href":"https:\/\/red-lighttherapy.com\/fr_fr\/wp-json\/wp\/v2\/media?parent=714"}],"wp:term":[{"taxonomy":"product_brand","embeddable":true,"href":"https:\/\/red-lighttherapy.com\/fr_fr\/wp-json\/wp\/v2\/product_brand?post=714"},{"taxonomy":"product_cat","embeddable":true,"href":"https:\/\/red-lighttherapy.com\/fr_fr\/wp-json\/wp\/v2\/product_cat?post=714"},{"taxonomy":"product_tag","embeddable":true,"href":"https:\/\/red-lighttherapy.com\/fr_fr\/wp-json\/wp\/v2\/product_tag?post=714"}],"curies":[{"name":"wp","href":"https:\/\/api.w.org\/{rel}","templated":true}]}}