{"id":709,"date":"2025-04-14T06:16:33","date_gmt":"2025-04-14T06:16:33","guid":{"rendered":"https:\/\/red-lighttherapy.com\/?post_type=product&#038;p=709"},"modified":"2025-04-14T06:39:50","modified_gmt":"2025-04-14T06:39:50","slug":"factory-custom-apparel-shoe-sweater-bra-clothes-mailer-box","status":"publish","type":"product","link":"https:\/\/red-lighttherapy.com\/fr_fr\/factory-custom-apparel-shoe-sweater-bra-clothes-mailer-box\/","title":{"rendered":"Bo\u00eete postale personnalis\u00e9e pour v\u00eatements chaussures pull-over soutien-gorge"},"content":{"rendered":"<h2 id=\"-rainbow-gradient-series-clothing-transport-box-products-\">Bo\u00eete postale personnalis\u00e9e pour v\u00eatements chaussures pull-over soutien-gorge<\/h2>\n<h2 id=\"-i-appearance-design-fusion-of-rainbow-gradient-aesthetics-and-brand-imprint-\"><strong>1. Conception de l'apparence : fusion de l'esth\u00e9tique du d\u00e9grad\u00e9 de l'arc-en-ciel et de l'empreinte de la marque<\/strong><\/h2>\n<ol>\n<li><strong>Bo\u00eete en d\u00e9grad\u00e9 d'arc-en-ciel<\/strong>\u00a0Le corps de la bo\u00eete utilise une technologie d'impression de haute pr\u00e9cision pour cr\u00e9er un d\u00e9grad\u00e9 de couleurs, qui passe naturellement des couleurs chaudes aux couleurs froides, comme la lueur du matin qui teinte le ciel. Le syst\u00e8me de couleurs d\u00e9grad\u00e9es correspond aux pr\u00e9f\u00e9rences esth\u00e9tiques des jeunes groupes de consommateurs, transmet la vitalit\u00e9, la cr\u00e9ativit\u00e9 et l'attitude de la mode, et forme un \u00e9cho visuel avec les diff\u00e9rents styles de v\u00eatements, de chaussures et d'autres produits.<\/li>\n<li><strong>LOGO de la marque design fusion dynamique<\/strong>\u00a0Le logo de la marque utilise le proc\u00e9d\u00e9 de l'\"encre optique \u00e0 couleur changeante\". La couleur du LOGO change en fonction de l'angle de la lumi\u00e8re et se fond naturellement dans la couche d\u00e9grad\u00e9e de l'arri\u00e8re-plan, comme la lumi\u00e8re qui appara\u00eet et dispara\u00eet dans la lumi\u00e8re du matin. Cette conception d\u00e9passe les limites des logos monochromes traditionnels, am\u00e9liore la superposition visuelle et les points de m\u00e9moire, et r\u00e9alise la liaison profonde entre les symboles de la marque et l'esth\u00e9tique de l'emballage.<\/li>\n<\/ol>\n<h2 id=\"-second-structural-optimization-efficient-assembly-and-durable-protection-\"><strong>2. Optimisation structurelle : assemblage efficace et protection durable<\/strong><\/h2>\n<ol>\n<li><strong>Structure de pliage rapide en forme de bo\u00eete d'avion<\/strong>\u00a0Gr\u00e2ce \u00e0 la conception brevet\u00e9e des plis, le corps de la bo\u00eete peut \u00eatre assembl\u00e9 par pliage le long de la marque pr\u00e9imprim\u00e9e, sans colle ni outils. Le temps d'assemblage d'une seule bo\u00eete est de \u226415 secondes, ce qui est 60% plus efficace que l'emballage traditionnel, r\u00e9duisant consid\u00e9rablement les co\u00fbts de main-d'\u0153uvre et de stockage.<\/li>\n<li><strong>Syst\u00e8me de protection de la bo\u00eete \u00e0 double couche<\/strong><\/li>\n<li><strong>Bo\u00eete ext\u00e9rieure<\/strong>: La surface est recouverte d'un film r\u00e9sistant \u00e0 l'usure en polyur\u00e9thane \u00e0 base d'eau de 0,2 mm d'\u00e9paisseur (processus respectueux de l'environnement), avec une r\u00e9sistance aux rayures de duret\u00e9 5H et un degr\u00e9 d'\u00e9tanch\u00e9it\u00e9 IPX4, qui peut r\u00e9sister aux frottements et aux environnements humides dans les domaines de la logistique et du transport.<\/li>\n<li><strong>Bo\u00eete int\u00e9rieure<\/strong>: Doublure en carton dur blanc pur de qualit\u00e9 alimentaire, sans impuret\u00e9s ni diff\u00e9rences de couleur, permettant de se concentrer sur le corps du produit au moment du d\u00e9ballage. Une structure tampon en nid d'abeille est ajout\u00e9e \u00e0 la paroi int\u00e9rieure, avec une capacit\u00e9 de charge de 8 kg, ce qui convient aux exigences de r\u00e9sistance \u00e0 la pression de diff\u00e9rentes cat\u00e9gories telles que les pulls et les chaussures.<\/li>\n<\/ol>\n<h2 id=\"-iii-environmental-qualification-and-production-guarantee-\"><strong>3. Qualification environnementale et garantie de production<\/strong><\/h2>\n<ol>\n<li><strong>Certification foresti\u00e8re FSC et gestion de la qualit\u00e9 ISO<\/strong>\u00a0100% des mati\u00e8res premi\u00e8res du corps de la bo\u00eete ont obtenu la certification de la cha\u00eene de production et de supervision des ventes FSC-COC, et l'encre d'impression est conforme aux normes de protection de l'environnement REACH de l'UE. L'usine est certifi\u00e9e ISO 9001 (syst\u00e8me de gestion de la qualit\u00e9) et ISO 14001 (syst\u00e8me de gestion de l'environnement). 16 ans d'exp\u00e9rience de production garantissent que la tol\u00e9rance de diff\u00e9rence de couleur de chaque lot d'emballage est \u22645% et que le taux de livraison \u00e0 temps est \u226598%.<\/li>\n<li><strong>Extension du service sur mesure<\/strong>\u00a0Soutenir les options de mise \u00e0 niveau personnalis\u00e9es :<\/li>\n<li><strong>Extension de la fonction<\/strong>Le syst\u00e8me d'\u00e9clairage est compos\u00e9 d'un panneau de s\u00e9paration int\u00e9gr\u00e9 et d'un crochet pour le sac \u00e0 poussi\u00e8re ;<\/li>\n<li><strong>Mise \u00e0 niveau du processus<\/strong>Les produits de cette cat\u00e9gorie sont les suivants : texture estamp\u00e9e \u00e0 chaud\/emboss\u00e9e, structure d'ouverture et de fermeture magn\u00e9tique ;<\/li>\n<li><strong>Adaptation de la taille<\/strong>: Fournit une biblioth\u00e8que de plus de 20 tailles standard, prend en charge la personnalisation non standard (erreur \u00b11mm).<\/li>\n<\/ol>\n<h2 id=\"-fourth-application-scenarios-and-value-empowerment-\"><strong>4. Sc\u00e9narios d'application et autonomisation des valeurs<\/strong><\/h2>\n<p>Cette s\u00e9rie d'emballages convient aux marques l\u00e9g\u00e8res de luxe ou de mode rapide, telles que les v\u00eatements, les sous-v\u00eatements, les chaussures, les pulls, etc :<\/p>\n<ul>\n<li><strong>Publipostage pour le commerce \u00e9lectronique<\/strong>: Le d\u00e9grad\u00e9 arc-en-ciel augmente le taux d'unboxing dans les m\u00e9dias sociaux ;<\/li>\n<li><strong>Affichage en magasin<\/strong>: Le syst\u00e8me visuel unifi\u00e9 de la marque renforce l'image du terminal ;<\/li>\n<li><strong>Co-marquage limit\u00e9<\/strong>: La conception dynamique du LOGO s'adapte aux besoins de coop\u00e9ration transfrontali\u00e8re en mati\u00e8re de propri\u00e9t\u00e9 intellectuelle.<\/li>\n<\/ul>","protected":false},"excerpt":{"rendered":"<p>Ce type de bo\u00eete postale peut \u00eatre rapidement pli\u00e9 et assembl\u00e9 en suivant simplement les plis, ce qui permet d'\u00e9conomiser les co\u00fbts de transport et de stockage. Le corps de la bo\u00eete adopte un d\u00e9grad\u00e9 de couleurs arc-en-ciel pour pr\u00e9senter un effet visuel \u00e0 la mode et vibrant, ce qui est en accord avec le positionnement cr\u00e9atif. Le rev\u00eatement de surface est r\u00e9sistant \u00e0 l'usure et \u00e0 l'humidit\u00e9, ce qui convient au transport et \u00e0 la protection des produits vestimentaires.<\/p>","protected":false},"featured_media":710,"template":"","meta":{"_kad_post_transparent":"default","_kad_post_title":"","_kad_post_layout":"default","_kad_post_sidebar_id":"","_kad_post_content_style":"default","_kad_post_vertical_padding":"default","_kad_post_feature":"","_kad_post_feature_position":"","_kad_post_header":false,"_kad_post_footer":false,"_kad_post_classname":""},"product_brand":[],"product_cat":[15,30,17],"product_tag":[259,260,261],"class_list":{"0":"post-709","1":"product","2":"type-product","3":"status-publish","4":"has-post-thumbnail","6":"product_cat-red-light-therapy","7":"product_cat-dropshipping","8":"product_cat-services","9":"product_tag-custom-apparel-clothes-mailer-box","10":"product_tag-mailer-box-for-shoe","11":"product_tag-sweater-bra-packaging-boxes","13":"first","14":"instock","15":"shipping-taxable","16":"product-type-simple","17":"entry","18":"content-bg","19":"loop-entry"},"_links":{"self":[{"href":"https:\/\/red-lighttherapy.com\/fr_fr\/wp-json\/wp\/v2\/product\/709","targetHints":{"allow":["GET"]}}],"collection":[{"href":"https:\/\/red-lighttherapy.com\/fr_fr\/wp-json\/wp\/v2\/product"}],"about":[{"href":"https:\/\/red-lighttherapy.com\/fr_fr\/wp-json\/wp\/v2\/types\/product"}],"wp:featuredmedia":[{"embeddable":true,"href":"https:\/\/red-lighttherapy.com\/fr_fr\/wp-json\/wp\/v2\/media\/710"}],"wp:attachment":[{"href":"https:\/\/red-lighttherapy.com\/fr_fr\/wp-json\/wp\/v2\/media?parent=709"}],"wp:term":[{"taxonomy":"product_brand","embeddable":true,"href":"https:\/\/red-lighttherapy.com\/fr_fr\/wp-json\/wp\/v2\/product_brand?post=709"},{"taxonomy":"product_cat","embeddable":true,"href":"https:\/\/red-lighttherapy.com\/fr_fr\/wp-json\/wp\/v2\/product_cat?post=709"},{"taxonomy":"product_tag","embeddable":true,"href":"https:\/\/red-lighttherapy.com\/fr_fr\/wp-json\/wp\/v2\/product_tag?post=709"}],"curies":[{"name":"wp","href":"https:\/\/api.w.org\/{rel}","templated":true}]}}