{"id":704,"date":"2025-04-14T06:06:17","date_gmt":"2025-04-14T06:06:17","guid":{"rendered":"https:\/\/red-lighttherapy.com\/?post_type=product&#038;p=704"},"modified":"2025-04-14T06:16:05","modified_gmt":"2025-04-14T06:16:05","slug":"supplier-custom-luxury-mailer-packaging-for-champagne-wine","status":"publish","type":"product","link":"https:\/\/red-lighttherapy.com\/fr_fr\/supplier-custom-luxury-mailer-packaging-for-champagne-wine\/","title":{"rendered":"Fournisseur Emballages postaux de luxe personnalis\u00e9s pour le vin de Champagne"},"content":{"rendered":"<h2 id=\"-customized-luxury-mailing-packaging-solution-for-champagne-\"><strong>Emballage de luxe personnalis\u00e9 pour le champagne<\/strong><\/h2>\n<h2 id=\"-1-structured-padding-system-the-perfect-balance-of-precise-protection-and-surprise-when-unboxing-\"><strong>1. Syst\u00e8me de rembourrage structur\u00e9 : l'\u00e9quilibre parfait entre protection pr\u00e9cise et surprise au moment du d\u00e9ballage.<\/strong><\/h2>\n<p>La structure brevet\u00e9e de la doublure ondul\u00e9e pliante est utilis\u00e9e pour fixer pr\u00e9cis\u00e9ment la bouteille gr\u00e2ce \u00e0 un support m\u00e9canique multidimensionnel :<\/p>\n<ul>\n<li><strong>Conception tridimensionnelle du verrouillage<\/strong>: La fente en nid d'abeille est personnalis\u00e9e en fonction de la courbure de la bouteille de champagne, combin\u00e9e au dispositif de support de l'arc sup\u00e9rieur pour assurer la stabilit\u00e9 verticale de la bouteille, et il n'y a aucun risque de d\u00e9placement m\u00eame si elle est renvers\u00e9e ou secou\u00e9e violemment.<\/li>\n<li><strong>Double couche tampon<\/strong>: La doublure adopte un carton composite cannelure E + cannelure B (\u00e9paisseur r\u00e9glable de 1,5 \u00e0 2,5 mm) et absorbe l'\u00e9nergie de l'impact gr\u00e2ce \u00e0 la couche interm\u00e9diaire en nid d'abeille. Des tests en laboratoire montrent qu'elle peut r\u00e9sister \u00e0 une chute de 1,2 m\u00e8tre (conform\u00e9ment aux normes ISTA 3A).<\/li>\n<li><strong>Rituel de d\u00e9ballage<\/strong>: Le design minimaliste de l'ouverture pliante permet aux utilisateurs de d\u00e9plier la doublure en tirant l\u00e9g\u00e8rement sur le ruban lat\u00e9ral. La bouteille s'\u00e9l\u00e8ve naturellement sous l'effet de la gravit\u00e9 et est recouverte d'un papier translucide \u00e0 base d'acide sulfurique pour cr\u00e9er la surprise visuelle d'une \"pr\u00e9sentation flottante\".<\/li>\n<\/ul>\n<h2 id=\"-second-smart-airplane-box-structure-3-second-molding-efficiency-revolution-\"><strong>2. Structure de bo\u00eete d'avion intelligente : moulage en 3 secondes, r\u00e9volution de l'efficacit\u00e9<\/strong><\/h2>\n<p>Le syst\u00e8me de pliage sans colle, bas\u00e9 sur le principe du m\u00e9canisme de liaison \u00e0 quatre barres, bouleverse le processus d'emballage traditionnel :<\/p>\n<ul>\n<li><strong>Assemblage sans outil<\/strong>: Le carton ondul\u00e9 pr\u00e9indent\u00e9 peut \u00eatre form\u00e9 automatiquement en appuyant sur le verrou inf\u00e9rieur, et le temps d'assemblage d'une seule bo\u00eete est \u22645 secondes, ce qui augmente l'efficacit\u00e9 de 300%.<\/li>\n<li><strong>Compatibilit\u00e9 modulaire<\/strong>: Les ailes lat\u00e9rales de la bo\u00eete sont dot\u00e9es de boucles magn\u00e9tiques int\u00e9gr\u00e9es, qui sont renforc\u00e9es et faciles \u00e0 ouvrir et \u00e0 fermer pour une nouvelle inspection.<\/li>\n<li><strong>Une logistique mondiale conviviale<\/strong>: L'\u00e9paisseur apr\u00e8s pliage n'est que de 3 cm, ce qui r\u00e9duit l'espace de stockage et de transport occup\u00e9, et la capacit\u00e9 de chargement du conteneur unitaire est augment\u00e9e de 40%.<\/li>\n<\/ul>\n<h2 id=\"-third-environmental-protection-performance-and-artistic-details-a-comprehensive-upgrade-from-function-to-aesthetics-\"><strong>3. Performance en mati\u00e8re de protection de l'environnement et d\u00e9tails artistiques : une am\u00e9lioration globale de la fonction \u00e0 l'esth\u00e9tique<\/strong><\/h2>\n<ol>\n<li><strong>Mat\u00e9riaux respectueux de l'environnement<\/strong>:<\/li>\n<li>100% papier ondul\u00e9 recyclable certifi\u00e9 FSC, le rev\u00eatement de surface \u00e0 base d'eau est imperm\u00e9able \u00e0 l'humidit\u00e9 et r\u00e9sistant \u00e0 la pression.<\/li>\n<li>L'empreinte carbone est inf\u00e9rieure de 62% \u00e0 celle d'un emballage en mousse traditionnel, ce qui r\u00e9pond aux exigences de la r\u00e9glementation EPR de l'UE.<\/li>\n<li><strong>Conception artistique<\/strong>:<\/li>\n<li><strong>\u0152uf de dessous<\/strong>: La gravure au laser d'une silhouette abstraite de chat noir forme un lien narratif et renforce la m\u00e9moire de la marque.<\/li>\n<li><strong>Langage visuel minimaliste<\/strong>: La bo\u00eete ext\u00e9rieure ne conserve que le LOGO de la marque et le code QR de tra\u00e7abilit\u00e9 du vignoble, ce qui permet d'interpr\u00e9ter le luxe discret.<\/li>\n<\/ol>\n<h2 id=\"-fourth-full-link-customization-service-a-one-stop-solution-from-design-to-delivery-\"><strong>4. Service de personnalisation complet : une solution unique de la conception \u00e0 la livraison<\/strong><\/h2>\n<ol>\n<li><strong>Des options de personnalisation pouss\u00e9es<\/strong>:<\/li>\n<li><strong>Adaptation du type de bouteille<\/strong>: Prise en charge de la mise en correspondance de la base de donn\u00e9es de plus de 20 types de bouteilles sp\u00e9ciales, telles que les bouteilles de champagne standard, les bouteilles de ros\u00e9 \u00e0 goulot \u00e9troit, les grandes bouteilles de Magnum, etc.<\/li>\n<li><strong>Implantation de la marque<\/strong>: Permet le marquage \u00e0 chaud, la s\u00e9rigraphie, le gaufrage et d'autres processus multiples de personnalisation du LOGO, et prend en charge la correspondance des couleurs d'accompagnement Pantone.<\/li>\n<li><strong>Extension de la fonction<\/strong>: Les modules intelligents optionnels, tels que les \u00e9tiquettes de d\u00e9tection de temp\u00e9rature et les puces anti-contrefa\u00e7on NFC, peuvent r\u00e9pondre aux besoins des clients haut de gamme.<\/li>\n<li><strong>Soutien aux professionnels du commerce ext\u00e9rieur<\/strong>:<\/li>\n<li><strong>Certification de conformit\u00e9 globale<\/strong>: A pass\u00e9 avec succ\u00e8s les tests REACH et FDA sur les mat\u00e9riaux en contact avec les aliments, et supporte les termes commerciaux tels que DDP\/DAP.<\/li>\n<li><strong>Cha\u00eene d'approvisionnement agile<\/strong>: Base de production en Chine (Guangdong), r\u00e9ponse sous 48 heures, quantit\u00e9 minimale de commande de 500 pi\u00e8ces, prise en charge de l'exp\u00e9dition directe transfrontali\u00e8re pour le commerce \u00e9lectronique.<\/li>\n<\/ol>","protected":false},"excerpt":{"rendered":"<p>Le type de bo\u00eete postale ne n\u00e9cessite pas de colle et peut \u00eatre form\u00e9 en quelques secondes, ce qui am\u00e9liore consid\u00e9rablement l'efficacit\u00e9 de l'emballage. Le rembourrage structur\u00e9 \u00e0 l'int\u00e9rieur de la bo\u00eete fixe pr\u00e9cis\u00e9ment la bouteille de vin pour garantir la s\u00e9curit\u00e9 du transport. Le design simple peut ajouter un sentiment de surprise \u00e0 l'emballage de votre bouteille de vin lorsqu'elle est ouverte. Le fond de la bo\u00eete est astucieusement d\u00e9cor\u00e9 d'un motif abstrait de silhouette de chaton noir, qui forme un \u00e9cho int\u00e9ressant avec le nom du produit.<\/p>","protected":false},"featured_media":705,"template":"","meta":{"_kad_post_transparent":"default","_kad_post_title":"","_kad_post_layout":"default","_kad_post_sidebar_id":"","_kad_post_content_style":"default","_kad_post_vertical_padding":"default","_kad_post_feature":"","_kad_post_feature_position":"","_kad_post_header":false,"_kad_post_footer":false,"_kad_post_classname":""},"product_brand":[],"product_cat":[15,17],"product_tag":[256,257,258],"class_list":{"0":"post-704","1":"product","2":"type-product","3":"status-publish","4":"has-post-thumbnail","6":"product_cat-red-light-therapy","7":"product_cat-services","8":"product_tag-custom-champagne-packaging","9":"product_tag-luxury-wine-mailer-packaging","10":"product_tag-supplier-custom-champagne-wine-packaging","12":"first","13":"instock","14":"shipping-taxable","15":"product-type-simple","16":"entry","17":"content-bg","18":"loop-entry"},"_links":{"self":[{"href":"https:\/\/red-lighttherapy.com\/fr_fr\/wp-json\/wp\/v2\/product\/704","targetHints":{"allow":["GET"]}}],"collection":[{"href":"https:\/\/red-lighttherapy.com\/fr_fr\/wp-json\/wp\/v2\/product"}],"about":[{"href":"https:\/\/red-lighttherapy.com\/fr_fr\/wp-json\/wp\/v2\/types\/product"}],"wp:featuredmedia":[{"embeddable":true,"href":"https:\/\/red-lighttherapy.com\/fr_fr\/wp-json\/wp\/v2\/media\/705"}],"wp:attachment":[{"href":"https:\/\/red-lighttherapy.com\/fr_fr\/wp-json\/wp\/v2\/media?parent=704"}],"wp:term":[{"taxonomy":"product_brand","embeddable":true,"href":"https:\/\/red-lighttherapy.com\/fr_fr\/wp-json\/wp\/v2\/product_brand?post=704"},{"taxonomy":"product_cat","embeddable":true,"href":"https:\/\/red-lighttherapy.com\/fr_fr\/wp-json\/wp\/v2\/product_cat?post=704"},{"taxonomy":"product_tag","embeddable":true,"href":"https:\/\/red-lighttherapy.com\/fr_fr\/wp-json\/wp\/v2\/product_tag?post=704"}],"curies":[{"name":"wp","href":"https:\/\/api.w.org\/{rel}","templated":true}]}}