{"id":698,"date":"2025-04-14T05:57:18","date_gmt":"2025-04-14T05:57:18","guid":{"rendered":"https:\/\/red-lighttherapy.com\/?post_type=product&#038;p=698"},"modified":"2025-04-14T06:06:07","modified_gmt":"2025-04-14T06:06:07","slug":"hot-selling-mailer-baseball-hat-shipping-boxes-suppliers","status":"publish","type":"product","link":"https:\/\/red-lighttherapy.com\/fr_fr\/hot-selling-mailer-baseball-hat-shipping-boxes-suppliers\/","title":{"rendered":"Hot Selling Mailer Baseball Hat Shipping Boxes Suppliers"},"content":{"rendered":"<h2 id=\"-macaron-color-baseball-cap-transport-box-product-description-\"><strong>Macaron Color Hot Selling Mailer Baseball Cap Shipping Box Description du produit<\/strong><\/h2>\n<h2 id=\"-1-macaron-color-visual-aesthetics-\"><strong>1. Esth\u00e9tique visuelle de la couleur du macaron<\/strong><\/h2>\n<p>Le corps de la bo\u00eete utilise des\u00a0<strong>vert clair (vert menthe)<\/strong>\u00a0et\u00a0<strong>bleu clair (bleu de soude)<\/strong>\u00a0comme couleurs principales, inspir\u00e9es de la nature et de l'oc\u00e9an, pour transmettre une exp\u00e9rience visuelle rafra\u00eechissante et \u00e9l\u00e9gante. La correspondance des couleurs fait r\u00e9f\u00e9rence aux tendances internationales, et le design \u00e0 faible saturation \u00e9vite la fatigue visuelle, ce qui convient aux sports, aux loisirs, \u00e0 la consommation f\u00e9minine et \u00e0 d'autres marques.<\/p>\n<h2 id=\"-2-single-material-environmentally-friendly-structure-\"><strong>2. Structure mono-mat\u00e9riau respectueuse de l'environnement<\/strong><\/h2>\n<p>Utilisation\u00a0<strong>100% carton ondul\u00e9 recyclable<\/strong>\u00a0(mod\u00e8le de fl\u00fbte A\/B\/E),\u00a0<strong>Proc\u00e9d\u00e9 de fabrication de composites \u00e0 base de polyol\u00e9fines<\/strong>\u00a0La structure \u00e0 mat\u00e9riau unique permet d'\u00e9viter les probl\u00e8mes de recyclage et de tri caus\u00e9s par les mat\u00e9riaux composites traditionnels (tels que les feuilles d'aluminium et le PET). Cette conception est conforme aux normes de l'UE en mati\u00e8re d'\u00e9conomie circulaire des emballages et peut \u00eatre directement int\u00e9gr\u00e9e dans le flux de recyclage du papier, r\u00e9duisant ainsi les \u00e9missions de carbone et le gaspillage des ressources.<\/p>\n<h2 id=\"-3-interesting-lining-and-minimalist-appearance-\"><strong>3. Doublure int\u00e9ressante et aspect minimaliste<\/strong><\/h2>\n<ul>\n<li><strong>Bo\u00eete ext\u00e9rieure<\/strong>: Surface mate minimaliste avec logo de la marque imprim\u00e9 sur les deux faces, sans d\u00e9coration superflue, soulignant le concept de protection de l'environnement.<\/li>\n<li><strong>Doublure int\u00e9rieure<\/strong>: Sur mesure\u00a0<strong>points color\u00e9s\/motifs g\u00e9om\u00e9triques<\/strong>\u00a0(couleurs contrastantes orange, rose et jaune en option), imprim\u00e9es avec une encre \u00e0 base d'eau respectueuse de l'environnement, cr\u00e9ant un contraste visuel surprenant au moment du d\u00e9ballage, am\u00e9liorant ainsi l'exp\u00e9rience interactive du consommateur.<\/li>\n<\/ul>\n<h2 id=\"-4-double-sided-printing-and-efficient-use-of-paper-\"><strong>4. Impression recto-verso et utilisation efficace du papier<\/strong><\/h2>\n<p>L'impression recto-verso est possible gr\u00e2ce \u00e0\u00a0<strong>Impression offset CMYK + technologie d'impression flexographique<\/strong>Gr\u00e2ce \u00e0 cette technologie, le motif de la couche int\u00e9rieure et les informations sur la marque de la couche ext\u00e9rieure sont pr\u00e9sent\u00e9s simultan\u00e9ment, ce qui permet d'augmenter le taux d'utilisation du papier de 30%. Le processus d'impression est conforme aux normes de certification foresti\u00e8re FSC, et l'encre a pass\u00e9 le test RoHS sans m\u00e9taux lourds pour garantir la s\u00e9curit\u00e9 et la protection de l'environnement.<\/p>\n<h2 id=\"-5-foldable-reusable-opening-and-closing-structure-\"><strong>5. Structure d'ouverture et de fermeture pliable et r\u00e9utilisable<\/strong><\/h2>\n<ul>\n<li><strong>Conception de l'ouverture et de la fermeture<\/strong>: Le couvercle de la bo\u00eete adopte\u00a0<strong>boucle int\u00e9gr\u00e9e + bande magn\u00e9tique<\/strong>Il n'est pas n\u00e9cessaire de le fixer avec du ruban adh\u00e9sif et il peut \u00eatre d\u00e9mont\u00e9 et assembl\u00e9 plus de 10 fois, ce qui convient au stockage des consommateurs, aux cadeaux et \u00e0 d'autres besoins de r\u00e9utilisation multi-sc\u00e8nes.<\/li>\n<li><strong>R\u00e9sistance \u00e0 la compression<\/strong>: Le corps de la bo\u00eete peut supporter une charge allant jusqu'\u00e0 15 kg, et les coins sont renforc\u00e9s pour \u00e9viter l'extrusion et la d\u00e9formation dues au transport, ce qui convient aux normes internationales de livraison express.<\/li>\n<\/ul>\n<h2 id=\"-6-waterproof-material-and-multi-functional-adaptation-\"><strong>6. Mat\u00e9riau imperm\u00e9able et adaptation multifonctionnelle<\/strong><\/h2>\n<ul>\n<li><strong>Traitement imperm\u00e9able \u00e0 l'eau<\/strong>: La surface du carton est enduite de\u00a0<strong>film brillant\/vernis mat<\/strong>Il est parfaitement adapt\u00e9 aux maillots de bain, aux chaussures de sport et \u00e0 d'autres cat\u00e9gories.<\/li>\n<li><strong>Taille flexible<\/strong>: La personnalisation est possible (taille standard de r\u00e9f\u00e9rence 38,9\u00d727,8\u00d710,2cm), l'intercalaire EVA ou la fen\u00eatre PVC peuvent \u00eatre install\u00e9s \u00e0 l'int\u00e9rieur pour r\u00e9pondre aux besoins des transports mixtes de plusieurs cat\u00e9gories.<\/li>\n<\/ul>\n<h2 id=\"-technical-parameters-and-certification-\"><strong>Param\u00e8tres techniques et certification<\/strong><\/h2>\n<table>\n<thead>\n<tr>\n<th>Attributs<\/th>\n<th>D\u00e9tails des param\u00e8tres<\/th>\n<\/tr>\n<\/thead>\n<tbody>\n<tr>\n<td><strong>Mat\u00e9riau<\/strong><\/td>\n<td>Papier ondul\u00e9 \u00e0 haute r\u00e9sistance (cannelure de type C, quantitatif 300g\/\u33a1).<\/td>\n<\/tr>\n<tr>\n<td><strong>Processus d'impression<\/strong><\/td>\n<td>Impression offset recto-verso + couleur d'accompagnement Pantone, gaufrage\/effet local UV en option<\/td>\n<\/tr>\n<tr>\n<td><strong>Certification environnementale<\/strong><\/td>\n<td>FSC, ISO14021, RoHS, REACH<\/td>\n<\/tr>\n<tr>\n<td><strong>Quantit\u00e9 minimale de commande<\/strong><\/td>\n<td>500 pi\u00e8ces (personnalisation des \u00e9chantillons possible, livraison en 7 jours ouvrables)<\/td>\n<\/tr>\n<\/tbody>\n<\/table>","protected":false},"excerpt":{"rendered":"<p>Cette bo\u00eete de transport pour casquettes de baseball est con\u00e7ue pour les produits de luxe l\u00e9gers tels que les v\u00eatements de sport, les maillots de bain, les chaussures et les chapeaux. Elle int\u00e8gre des concepts de protection de l'environnement et de cr\u00e9ativit\u00e9 esth\u00e9tique, avec des couleurs fra\u00eeches de macaron, des mat\u00e9riaux recyclables et une structure humanis\u00e9e comme principaux arguments de vente, en tenant compte de la praticit\u00e9 et de la durabilit\u00e9, aidant la marque \u00e0 v\u00e9hiculer une attitude verte et \u00e0 la mode.<\/p>","protected":false},"featured_media":699,"template":"","meta":{"_kad_post_transparent":"default","_kad_post_title":"","_kad_post_layout":"default","_kad_post_sidebar_id":"","_kad_post_content_style":"default","_kad_post_vertical_padding":"default","_kad_post_feature":"","_kad_post_feature_position":"","_kad_post_header":false,"_kad_post_footer":false,"_kad_post_classname":""},"product_brand":[],"product_cat":[15,30,17],"product_tag":[255,253,254],"class_list":{"0":"post-698","1":"product","2":"type-product","3":"status-publish","4":"has-post-thumbnail","6":"product_cat-red-light-therapy","7":"product_cat-dropshipping","8":"product_cat-services","9":"product_tag-baseball-hat-boxes-suppliers","10":"product_tag-baseball-hat-shipping-boxes","11":"product_tag-hot-selling-hat-shipping-boxes","13":"first","14":"instock","15":"shipping-taxable","16":"product-type-simple","17":"entry","18":"content-bg","19":"loop-entry"},"_links":{"self":[{"href":"https:\/\/red-lighttherapy.com\/fr_fr\/wp-json\/wp\/v2\/product\/698","targetHints":{"allow":["GET"]}}],"collection":[{"href":"https:\/\/red-lighttherapy.com\/fr_fr\/wp-json\/wp\/v2\/product"}],"about":[{"href":"https:\/\/red-lighttherapy.com\/fr_fr\/wp-json\/wp\/v2\/types\/product"}],"wp:featuredmedia":[{"embeddable":true,"href":"https:\/\/red-lighttherapy.com\/fr_fr\/wp-json\/wp\/v2\/media\/699"}],"wp:attachment":[{"href":"https:\/\/red-lighttherapy.com\/fr_fr\/wp-json\/wp\/v2\/media?parent=698"}],"wp:term":[{"taxonomy":"product_brand","embeddable":true,"href":"https:\/\/red-lighttherapy.com\/fr_fr\/wp-json\/wp\/v2\/product_brand?post=698"},{"taxonomy":"product_cat","embeddable":true,"href":"https:\/\/red-lighttherapy.com\/fr_fr\/wp-json\/wp\/v2\/product_cat?post=698"},{"taxonomy":"product_tag","embeddable":true,"href":"https:\/\/red-lighttherapy.com\/fr_fr\/wp-json\/wp\/v2\/product_tag?post=698"}],"curies":[{"name":"wp","href":"https:\/\/api.w.org\/{rel}","templated":true}]}}