{"id":693,"date":"2025-04-14T05:47:06","date_gmt":"2025-04-14T05:47:06","guid":{"rendered":"https:\/\/red-lighttherapy.com\/?post_type=product&#038;p=693"},"modified":"2025-04-14T05:56:47","modified_gmt":"2025-04-14T05:56:47","slug":"order-custom-cosmetic-skin-care-box-beauty-packaging-factory","status":"publish","type":"product","link":"https:\/\/red-lighttherapy.com\/fr_fr\/order-custom-cosmetic-skin-care-box-beauty-packaging-factory\/","title":{"rendered":"Commande de bo\u00eetes de soins cosm\u00e9tiques sur mesure Emballage de beaut\u00e9 Factory"},"content":{"rendered":"<h2 id=\"-product-description-of-customized-skin-care-gift-box-series-\"><strong>Description du produit Commande de bo\u00eetes de soins cosm\u00e9tiques personnalis\u00e9es Usine d'emballage de produits de beaut\u00e9<\/strong><\/h2>\n<h2 id=\"-i-environmental-protection-and-quality-are-equally-important-defining-a-new-standard-of-luxury-\"><strong>1. La protection de l'environnement et la qualit\u00e9 sont tout aussi importantes, ce qui d\u00e9finit une nouvelle norme de luxe.<\/strong><\/h2>\n<p>Ce coffret cadeau utilise du papier dur \u00e9cologique certifi\u00e9 FSC et les mati\u00e8res premi\u00e8res sont issues de for\u00eats g\u00e9r\u00e9es de mani\u00e8re durable, en tenant compte \u00e0 la fois de la responsabilit\u00e9 \u00e9cologique et de l'excellence des performances. Le carton est renforc\u00e9 par un processus composite multicouche et la r\u00e9sistance \u00e0 la compression est augment\u00e9e de 40%. Il peut r\u00e9sister \u00e0 une force externe de plus de 5 kg pendant le transport, ce qui garantit que le contenu n'est pas endommag\u00e9. La structure de la bo\u00eete incorpore la technologie du papier alv\u00e9ol\u00e9 et le rembourrage est am\u00e9lior\u00e9 par le support tridimensionnel hexagonal. Avec un cadre en panneau de fibres \u00e0 densit\u00e9 moyenne, elle atteint un \u00e9quilibre parfait entre \"l\u00e9g\u00e8ret\u00e9\" et \"robustesse\", offrant une protection de type forteresse aux produits de soin de la peau.<\/p>\n<h2 id=\"-ii-the-integration-of-color-aesthetics-and-minimalist-design-\"><strong>2. L'int\u00e9gration de l'esth\u00e9tique des couleurs et du design minimaliste<\/strong><\/h2>\n<p>L'apparence de la bo\u00eete cadeau adopte des tons roses et orange d\u00e9grad\u00e9s de macaron, bas\u00e9s sur la couleur populaire annuelle de Pantone, et pr\u00e9sente une transition naturelle de l'aube au cr\u00e9puscule gr\u00e2ce \u00e0 la technologie d'impression num\u00e9rique en d\u00e9grad\u00e9. La surface est recouverte d'un film mat de qualit\u00e9 alimentaire, aussi d\u00e9licat que du velours, qui r\u00e9siste efficacement aux rayures et \u00e9limine les r\u00e9sidus d'empreintes digitales, et conserve longtemps sa puret\u00e9 visuelle. Le couvercle s'ouvre et se ferme \u00e0 l'aide d'une boucle magn\u00e9tique et d'une charni\u00e8re \u00e0 chute lente. Il se referme automatiquement lorsque l'angle d'ouverture atteint 110\u00b0. Le miroir int\u00e9gr\u00e9 et le produit peuvent \u00eatre pr\u00e9sent\u00e9s de mani\u00e8re stable d'une seule main, ce qui allie rituel et commodit\u00e9.<\/p>\n<h2 id=\"-three-modular-lining-system-unlocking-multiple-scenarios-\"><strong>3. Syst\u00e8me de rev\u00eatement modulaire, d\u00e9bloquant de multiples sc\u00e9narios<\/strong><\/h2>\n<p>La conception innovante de la doublure rempla\u00e7able \u00e0 double couche, avec l'\u00e9ponge de flocage EVA comme mat\u00e9riau de base, permet trois sch\u00e9mas d'adaptation :<\/p>\n<ol>\n<li><strong>Zone de combinaison multi-bouteilles<\/strong>Le syst\u00e8me de fixation des bouteilles et des canettes de 30 \u00e0 100 ml se caract\u00e9rise par une division personnalis\u00e9e en nid d'abeille et un d\u00e9placement anti-collision ;<\/li>\n<li><strong>Zone de pr\u00e9sentation d'un seul produit<\/strong>Les cloisons amovibles permettent d'ajuster librement l'espace et s'adaptent aux emballages de forme sp\u00e9ciale tels que les masques et les essences pour le visage ;<\/li>\n<li><strong>Couche de stockage des outils<\/strong>La doublure est reli\u00e9e au corps de la bo\u00eete par une fente, et peut \u00eatre remplac\u00e9e en 3 secondes, r\u00e9pondant ainsi aux besoins de multiples sc\u00e9narios tels que les cadeaux de vacances, les kits de voyage et les nouveaux essais. La doublure est reli\u00e9e au corps de la bo\u00eete par une fente, et peut \u00eatre remplac\u00e9e en 3 secondes, r\u00e9pondant ainsi aux besoins de multiples sc\u00e9narios tels que les cadeaux de vacances, les coffrets de voyage et les essais de nouveaux produits.<\/li>\n<\/ol>\n<h2 id=\"-fourth-details-empower-the-experience-craftsmanship-runs-through-the-whole-process-\"><strong>4. Les d\u00e9tails renforcent l'exp\u00e9rience, le savoir-faire est pr\u00e9sent tout au long du processus.<\/strong><\/h2>\n<ul>\n<li><strong>Cha\u00eene de traitement respectueuse de l'environnement<\/strong>: De l'impression \u00e0 l'encre \u00e0 base d'eau au moulage par pressage \u00e0 chaud sans colle, 0 plastique est utilis\u00e9 tout au long du processus, et la certification biod\u00e9gradable SGS est obtenue ;<\/li>\n<li><strong>Interaction humanis\u00e9e<\/strong>: Le couvercle de la bo\u00eete est dot\u00e9 d'un arbre amortisseur int\u00e9gr\u00e9, qui s'ouvre et se ferme silencieusement et avec une force uniforme, \u00e9vitant ainsi la sensation de brusquerie des bo\u00eetes \u00e0 ressorts traditionnelles ;<\/li>\n<li><strong>Extension de la valeur de la marque<\/strong>: Permet la personnalisation du LOGO au laser, l'estampage \u00e0 chaud en option, le gaufrage ou la technologie de gaufrage UV pour am\u00e9liorer la reconnaissance de la marque.<\/li>\n<\/ul>\n<h2 id=\"-technical-parameters-\"><strong>Param\u00e8tres techniques<\/strong><\/h2>\n<table>\n<thead>\n<tr>\n<th>Projet<\/th>\n<th>Sp\u00e9cifications<\/th>\n<\/tr>\n<\/thead>\n<tbody>\n<tr>\n<td>Mat\u00e9riau<\/td>\n<td>Carton mixte certifi\u00e9 FSC (\u00e9paisseur 2,5 mm)<\/td>\n<\/tr>\n<tr>\n<td>Technologie de surface<\/td>\n<td>Pelliculage mat de qualit\u00e9 alimentaire (r\u00e9sistance \u00e0 la temp\u00e9rature -20\u2103~80\u2103).<\/td>\n<\/tr>\n<tr>\n<td>Capacit\u00e9 de charge<\/td>\n<td>R\u00e9sistance \u00e0 la compression statique 5kg\/dynamique 8G<\/td>\n<\/tr>\n<tr>\n<td>Compatibilit\u00e9 de la doublure<\/td>\n<td>Prise en charge de 3 types de modules\/chargements d'une seule bo\u00eete jusqu'\u00e0 12 pi\u00e8ces<\/td>\n<\/tr>\n<tr>\n<td>Quantit\u00e9 minimale de commande<\/td>\n<td>500 jeux (pour l'\u00e9preuvage de petits lots)<\/td>\n<\/tr>\n<\/tbody>\n<\/table>","protected":false},"excerpt":{"rendered":"<p>Il s'agit d'une bo\u00eete postale con\u00e7ue pour les produits de soins de la peau haut de gamme. Elle est fabriqu\u00e9e en papier dur respectueux de l'environnement. Le corps de la bo\u00eete est de couleur macaron d\u00e9grad\u00e9 rose et orange, ce qui est conforme \u00e0 la tendance esth\u00e9tique de la mode moderne. Elle utilise du papier \u00e9cologique certifi\u00e9 FSC avec une structure de compression solide.<\/p>","protected":false},"featured_media":694,"template":"","meta":{"_kad_post_transparent":"default","_kad_post_title":"","_kad_post_layout":"default","_kad_post_sidebar_id":"","_kad_post_content_style":"default","_kad_post_vertical_padding":"default","_kad_post_feature":"","_kad_post_feature_position":"","_kad_post_header":false,"_kad_post_footer":false,"_kad_post_classname":""},"product_brand":[],"product_cat":[15,28,17],"product_tag":[252,250,251],"class_list":{"0":"post-693","1":"product","2":"type-product","3":"status-publish","4":"has-post-thumbnail","6":"product_cat-red-light-therapy","7":"product_cat-customize","8":"product_cat-services","9":"product_tag-beauty-packaging-factory","10":"product_tag-cosmetic-packaging-factory","11":"product_tag-custom-skin-care-box","13":"first","14":"instock","15":"shipping-taxable","16":"product-type-simple","17":"entry","18":"content-bg","19":"loop-entry"},"_links":{"self":[{"href":"https:\/\/red-lighttherapy.com\/fr_fr\/wp-json\/wp\/v2\/product\/693","targetHints":{"allow":["GET"]}}],"collection":[{"href":"https:\/\/red-lighttherapy.com\/fr_fr\/wp-json\/wp\/v2\/product"}],"about":[{"href":"https:\/\/red-lighttherapy.com\/fr_fr\/wp-json\/wp\/v2\/types\/product"}],"wp:featuredmedia":[{"embeddable":true,"href":"https:\/\/red-lighttherapy.com\/fr_fr\/wp-json\/wp\/v2\/media\/694"}],"wp:attachment":[{"href":"https:\/\/red-lighttherapy.com\/fr_fr\/wp-json\/wp\/v2\/media?parent=693"}],"wp:term":[{"taxonomy":"product_brand","embeddable":true,"href":"https:\/\/red-lighttherapy.com\/fr_fr\/wp-json\/wp\/v2\/product_brand?post=693"},{"taxonomy":"product_cat","embeddable":true,"href":"https:\/\/red-lighttherapy.com\/fr_fr\/wp-json\/wp\/v2\/product_cat?post=693"},{"taxonomy":"product_tag","embeddable":true,"href":"https:\/\/red-lighttherapy.com\/fr_fr\/wp-json\/wp\/v2\/product_tag?post=693"}],"curies":[{"name":"wp","href":"https:\/\/api.w.org\/{rel}","templated":true}]}}