{"id":688,"date":"2025-04-14T05:37:12","date_gmt":"2025-04-14T05:37:12","guid":{"rendered":"https:\/\/red-lighttherapy.com\/?post_type=product&#038;p=688"},"modified":"2025-04-20T06:02:45","modified_gmt":"2025-04-20T06:02:45","slug":"custom-chocolate-cookie-candy-mailer-box-manufacturer","status":"publish","type":"product","link":"https:\/\/red-lighttherapy.com\/fr_fr\/custom-chocolate-cookie-candy-mailer-box-manufacturer\/","title":{"rendered":"Bo\u00eete postale personnalis\u00e9e pour biscuits au chocolat Fabricant de bo\u00eetes postales pour biscuits au chocolat"},"content":{"rendered":"<h2 id=\"-1-visual-impact-design-the-vibrant-collision-of-red-white-and-blue-with-the-lollipop-pattern-\"><strong>1. Conception de l'impact visuel : la collision vibrante du rouge, du blanc et du bleu avec le motif de la sucette.<\/strong><\/h2>\n<ul>\n<li><strong>Langage de couleur<\/strong>: Le rouge, le blanc et le bleu sont les couleurs principales. Le rouge symbolise la passion et la douceur, le blanc transmet la puret\u00e9 et la sensation de haut de gamme, et le bleu ajoute une vitalit\u00e9 moderne. La combinaison des trois couleurs forme un contraste visuel fort, attirant l'attention des consommateurs au premier coup d'\u0153il.<\/li>\n<li><strong>Cr\u00e9ativit\u00e9 des mod\u00e8les<\/strong>: La surface de la bo\u00eete adopte un motif de sucette tridimensionnel et la texture cristalline des bonbons est pr\u00e9sent\u00e9e gr\u00e2ce \u00e0 une technologie d'impression quadrichromique de haute pr\u00e9cision, avec un effet de brillance en d\u00e9grad\u00e9, ce qui renforce l'\"association d\u00e9licieuse\" du produit et stimule l'app\u00e9tit et le d\u00e9sir d'achat des consommateurs.<\/li>\n<\/ul>\n<h2 id=\"-2-convenient-and-practical-airplane-box-structure-fast-packaging-and-display-integration-\"><strong>2. Structure de bo\u00eete d'avion commode et pratique : int\u00e9gration rapide de l'emballage et de la pr\u00e9sentation.<\/strong><\/h2>\n<ul>\n<li><strong>Conception de l'ouverture et de la fermeture<\/strong>: La structure brevet\u00e9e de la bo\u00eete d'avion n'a besoin que d'\u00eatre pli\u00e9e le long du pli pr\u00e9d\u00e9fini pour compl\u00e9ter l'emballage. Aucune colle ni aucun outil n'est n\u00e9cessaire. L'assemblage peut \u00eatre r\u00e9alis\u00e9 en 10 secondes, ce qui am\u00e9liore consid\u00e9rablement l'efficacit\u00e9 de l'emballage.<\/li>\n<li><strong>Convivialit\u00e9 de l'affichage<\/strong>: Le couvercle de la bo\u00eete peut s'ouvrir \u00e0 180\u00b0, avec une fen\u00eatre transparente int\u00e9gr\u00e9e ou un couvercle rabattable enti\u00e8rement ouvert, ce qui est pratique pour l'affichage intuitif du contenu lors de la pr\u00e9sentation des marchandises. Il convient aux rayons des supermarch\u00e9s, aux \u00e9missions de commerce \u00e9lectronique en direct et \u00e0 d'autres sc\u00e8nes.<\/li>\n<\/ul>\n<h2 id=\"-3-high-end-materials-and-craftsmanship-white-cardboard-enhances-product-premium-perception-\"><strong>3. Mat\u00e9riaux et savoir-faire haut de gamme : Le carton blanc renforce la perception de la qualit\u00e9 sup\u00e9rieure du produit<\/strong><\/h2>\n<ul>\n<li><strong>Avantages des mat\u00e9riaux<\/strong>: Carton blanc de qualit\u00e9 alimentaire s\u00e9lectionn\u00e9 (poids sup\u00e9rieur \u00e0 350 g), avec une surface lisse et d\u00e9licate, une forte r\u00e9sistance \u00e0 la pression, et ayant pass\u00e9 les tests et la certification SGS pour garantir la s\u00e9curit\u00e9 en cas de contact direct avec les aliments.<\/li>\n<li><strong>Processus d'impression<\/strong>: Encre \u00e0 base d'eau respectueuse de l'environnement + proc\u00e9d\u00e9 UV local, le motif est plein de couleurs et r\u00e9sistant \u00e0 l'usure, et permet des processus personnalis\u00e9s tels que le marquage \u00e0 chaud et le gaufrage pour am\u00e9liorer l'identit\u00e9 et la texture de la marque.<\/li>\n<\/ul>\n<h2 id=\"-4-minimalist-inner-box-design-make-the-product-the-focus-\"><strong>4. Conception minimaliste de la bo\u00eete int\u00e9rieure : Mettre l'accent sur le produit<\/strong><\/h2>\n<ul>\n<li><strong>Doublure non imprim\u00e9e<\/strong>: La bo\u00eete adopte un design blanc pur sans impression pour \u00e9viter les interf\u00e9rences visuelles, faisant ressortir la couleur et la forme des produits tels que le chocolat et les biscuits, ce qui est conforme au concept esth\u00e9tique \"moins c'est plus\" pour les cadeaux haut de gamme.<\/li>\n<li><strong>Structure du tampon<\/strong>: Les plateaux int\u00e9rieurs en EVA ou en carton ondul\u00e9 peuvent \u00eatre personnalis\u00e9s pour positionner et fixer les produits avec pr\u00e9cision afin d'\u00e9viter les secousses et les dommages pendant le transport, tout en conservant le sens de la c\u00e9r\u00e9monie du d\u00e9ballage.<\/li>\n<\/ul>\n<h2 id=\"-5-all-round-customization-service-flexible-adaptation-to-diverse-needs-\"><strong>5. Service de personnalisation complet : adaptation flexible aux diff\u00e9rents besoins<\/strong><\/h2>\n<ul>\n<li><strong>Personnalisation du type de bo\u00eete<\/strong>Le logiciel de gestion des bo\u00eetes : prend en charge plus de 20 types de bo\u00eetes, telles que les bo\u00eetes d'avion, les bo\u00eetes \u00e0 tiroirs, les bo\u00eetes en forme de livre, etc., d'une taille comprise entre 5 cm\u00b3 et 50 cm\u00b3, r\u00e9pondant ainsi aux besoins d'emballage des mini-bonbons et des g\u00e2teaux \u00e0 plusieurs couches.<\/li>\n<li><strong>Mod\u00e8le de coop\u00e9ration approfondie<\/strong>Le service client\u00e8le exclusif r\u00e9pond dans les 48 heures, de l'implantation du LOGO \u00e0 la mise \u00e0 niveau du mat\u00e9riel en passant par la mise en page graphique. Tous les ajustements sont effectu\u00e9s \u00e0 la demande afin de garantir que l'emballage est parfaitement coh\u00e9rent avec le ton de la marque.<\/li>\n<\/ul>\n<h2 id=\"-6-source-factory-advantage-dual-guarantee-of-quality-and-cost-\"><strong>6. Avantage de l'usine source : double garantie de qualit\u00e9 et de co\u00fbt<\/strong><\/h2>\n<ul>\n<li><strong>16 ans d'exp\u00e9rience<\/strong>L'entreprise, qui s'appuie sur une cha\u00eene d'approvisionnement mature et une ligne de production automatis\u00e9e, peut assurer une exp\u00e9dition ultra-rapide en 72 heures, avec une capacit\u00e9 de production quotidienne moyenne d'un million de pi\u00e8ces, ce qui permet de r\u00e9aliser des commandes d'essai par petits lots et des approvisionnements stables par grands lots.<\/li>\n<li><strong>Avantage tarifaire<\/strong>Le prix d'une qualit\u00e9 similaire est 30% inf\u00e9rieur \u00e0 celui du march\u00e9, avec une commande minimum de 500 pi\u00e8ces, et une remise \u00e9chelonn\u00e9e pour les grandes quantit\u00e9s.<\/li>\n<li><strong>Engagement en mati\u00e8re d'inspection de la qualit\u00e9<\/strong>: Certifi\u00e9 par le syst\u00e8me de gestion de la qualit\u00e9 ISO9001, chaque lot de produits subit 12 tests tels que la r\u00e9sistance \u00e0 la compression, la r\u00e9sistance \u00e0 l'humidit\u00e9, la diff\u00e9rence de couleur, etc. afin de garantir une livraison qualifi\u00e9e de 100%.<\/li>\n<\/ul>","protected":false},"excerpt":{"rendered":"<p>En tant qu'usine chinoise ayant 16 ans d'exp\u00e9rience dans le domaine de l'emballage alimentaire, nous nous concentrons sur la fourniture de solutions d'emballage personnalis\u00e9es alliant esth\u00e9tique et fonctionnalit\u00e9 pour le chocolat, les biscuits, les bonbons, les g\u00e2teaux et autres sucreries.<\/p>","protected":false},"featured_media":692,"template":"","meta":{"_kad_post_transparent":"default","_kad_post_title":"","_kad_post_layout":"default","_kad_post_sidebar_id":"","_kad_post_content_style":"default","_kad_post_vertical_padding":"default","_kad_post_feature":"","_kad_post_feature_position":"","_kad_post_header":false,"_kad_post_footer":false,"_kad_post_classname":""},"product_brand":[],"product_cat":[15,17],"product_tag":[248,249,247],"class_list":{"0":"post-688","1":"product","2":"type-product","3":"status-publish","4":"has-post-thumbnail","6":"product_cat-red-light-therapy","7":"product_cat-services","8":"product_tag-cookie-box-manufacturer","9":"product_tag-custom-candy-mailer-box","10":"product_tag-custom-chocolate-mailer-box","12":"first","13":"instock","14":"shipping-taxable","15":"product-type-simple","16":"entry","17":"content-bg","18":"loop-entry"},"_links":{"self":[{"href":"https:\/\/red-lighttherapy.com\/fr_fr\/wp-json\/wp\/v2\/product\/688","targetHints":{"allow":["GET"]}}],"collection":[{"href":"https:\/\/red-lighttherapy.com\/fr_fr\/wp-json\/wp\/v2\/product"}],"about":[{"href":"https:\/\/red-lighttherapy.com\/fr_fr\/wp-json\/wp\/v2\/types\/product"}],"wp:featuredmedia":[{"embeddable":true,"href":"https:\/\/red-lighttherapy.com\/fr_fr\/wp-json\/wp\/v2\/media\/692"}],"wp:attachment":[{"href":"https:\/\/red-lighttherapy.com\/fr_fr\/wp-json\/wp\/v2\/media?parent=688"}],"wp:term":[{"taxonomy":"product_brand","embeddable":true,"href":"https:\/\/red-lighttherapy.com\/fr_fr\/wp-json\/wp\/v2\/product_brand?post=688"},{"taxonomy":"product_cat","embeddable":true,"href":"https:\/\/red-lighttherapy.com\/fr_fr\/wp-json\/wp\/v2\/product_cat?post=688"},{"taxonomy":"product_tag","embeddable":true,"href":"https:\/\/red-lighttherapy.com\/fr_fr\/wp-json\/wp\/v2\/product_tag?post=688"}],"curies":[{"name":"wp","href":"https:\/\/api.w.org\/{rel}","templated":true}]}}