{"id":683,"date":"2025-04-14T05:19:50","date_gmt":"2025-04-14T05:19:50","guid":{"rendered":"https:\/\/red-lighttherapy.com\/?post_type=product&#038;p=683"},"modified":"2025-04-14T05:48:46","modified_gmt":"2025-04-14T05:48:46","slug":"custom-printed-face-cream-skincare-packaging-box-factory","status":"publish","type":"product","link":"https:\/\/red-lighttherapy.com\/fr_fr\/custom-printed-face-cream-skincare-packaging-box-factory\/","title":{"rendered":"Bo\u00eete d'emballage de cr\u00e8me de soin du visage imprim\u00e9e sur mesure Factory"},"content":{"rendered":"<h2 id=\"1-blue-and-orange-contrast-and-animal-pattern-fusion-\">1.\u00a0<strong>Contraste bleu et orange et fusion de motifs animaux<\/strong><\/h2>\n<p>En utilisant une combinaison de couleurs compl\u00e9mentaires bleu et orange (distance de teinte 180\u00b0), avec un bleu cobalt tr\u00e8s satur\u00e9 et un orange vibrant pour cr\u00e9er un impact visuel, avec des textures abstraites de z\u00e8bre ou de gu\u00e9pard, une tension visuelle dynamique se forme sur la surface de la bo\u00eete d'emballage. L'image principale est d\u00e9coup\u00e9e et dispos\u00e9e avec des blocs de couleur irr\u00e9guliers, et une sensation de lumi\u00e8re tridimensionnelle est pr\u00e9sent\u00e9e gr\u00e2ce \u00e0 la superposition de couleurs d\u00e9grad\u00e9es et \u00e0 la technologie de vernissage UV local. Par exemple, l'avant de la bo\u00eete utilise des motifs bleus \u00e0 base d'orange pour simuler la lumi\u00e8re et l'ombre de la jungle au coucher du soleil, et le c\u00f4t\u00e9 utilise des motifs orange \u00e0 base de bleu pour faire \u00e9cho, traduisant la collision entre la beaut\u00e9 sauvage et la mode urbaine.<\/p>\n<h2 id=\"2-asymmetric-patches-and-stripes-design-\">2.\u00a0<strong>Motif asym\u00e9trique \u00e0 patchs et rayures<\/strong><\/h2>\n<p>Rompant avec la composition sym\u00e9trique traditionnelle, la surface de la bo\u00eete est parsem\u00e9e de taches d\u00e9chir\u00e9es et de rayures obliques, combin\u00e9es \u00e0 la technologie du gaufrage pour am\u00e9liorer la superposition tactile. Par exemple, la partie sup\u00e9rieure du couvercle de la bo\u00eete utilise la technologie de gravure au laser pour pr\u00e9senter des creux g\u00e9om\u00e9triques irr\u00e9guliers, r\u00e9v\u00e9lant le papier de fond orange fluorescent, formant ainsi un \u0153uf de P\u00e2ques visuel \"cach\u00e9\". Le bord est con\u00e7u avec une structure de couteau \u00e0 dents ondul\u00e9es, qui non seulement fait \u00e9cho \u00e0 l'image des marques de griffes d'animaux, mais renforce \u00e9galement la r\u00e9sistance \u00e0 la compression du corps de la bo\u00eete.<\/p>\n<h2 id=\"3-logo-high-frequency-repetition-and-three-dimensional-presentation-\">3.\u00a0<strong>LOGO r\u00e9p\u00e9tition \u00e0 haute fr\u00e9quence et pr\u00e9sentation tridimensionnelle<\/strong><\/h2>\n<p>Le LOGO de la marque adopte un design de r\u00e9p\u00e9tition \u00e0 haute fr\u00e9quence : le logo principal est centr\u00e9 sur le couvercle de la bo\u00eete gr\u00e2ce \u00e0 la technologie de l'argent chaud, le c\u00f4t\u00e9 est dispos\u00e9 dans une matrice de LOGO miniature (r\u00e9p\u00e9t\u00e9 tous les 10 cm), et le fond est incrust\u00e9 d'un LOGO fluorescent invisible (d\u00e9velopp\u00e9 sous la lumi\u00e8re ultraviolette) avec un processus de coloration en creux. La surface du logo combine les technologies de gaufrage et d'estampage de feuilles d'or, avec une \u00e9paisseur de 0,3 mm, un toucher tridimensionnel et une augmentation de la r\u00e9sistance \u00e0 l'usure de 40%.<\/p>\n<h2 id=\"4-foldable-airplane-box-structure-\">4.\u00a0<strong>Structure pliable de la bo\u00eete d'avion<\/strong><\/h2>\n<p>La norme internationale 0421 relative \u00e0 la conception des bo\u00eetes d'avion est adopt\u00e9e, avec une taille d\u00e9pli\u00e9e de 200\u00d7150\u00d750 mm et une \u00e9paisseur de seulement 15 mm apr\u00e8s le pliage, ce qui permet d'\u00e9conomiser 85% d'espace de stockage. Les panneaux lat\u00e9raux de la caisse sont en carton ondul\u00e9 \u00e0 trois couches (structure composite cannelure B + cannelure C), avec une r\u00e9sistance \u00e0 la compression verticale de 5000N\/m\u00b2, qui peut supporter un transport par empilage de 5 couches. L'ouverture et la fermeture sont con\u00e7ues avec un joint de couteau \u00e0 dents destructeur, et les consommateurs peuvent l'ouvrir en le d\u00e9chirant le long de la ligne pr\u00e9d\u00e9finie, ce qui est \u00e0 la fois antivol et pratique.<\/p>\n<h2 id=\"5-lightweight-and-high-strength-corrugated-paper-\">5.\u00a0<strong>Papier ondul\u00e9 l\u00e9ger et tr\u00e8s r\u00e9sistant<\/strong><\/h2>\n<p>Le papier kraft de qualit\u00e9 AA (quantit\u00e9 220g\/m\u00b2) et le papier ondul\u00e9 \u00e0 haute r\u00e9sistance (indice de pression annulaire \u22658,5N-m\/g) sont s\u00e9lectionn\u00e9s. Gr\u00e2ce \u00e0 l'optimisation de la forme d'onde ondul\u00e9e de type UV, la performance de tamponnage est am\u00e9lior\u00e9e de 30% par rapport aux bo\u00eetes en papier traditionnelles. La surface est recouverte d'un film mat respectueux de l'environnement, le coefficient anti-friction est de 0,6 et le taux de perte de transport peut \u00eatre contr\u00f4l\u00e9 \u00e0 0,5%.<\/p>\n<h2 id=\"6-high-definition-printing-and-functional-coating-\">6.\u00a0<strong>Impression haute d\u00e9finition et rev\u00eatement fonctionnel<\/strong><\/h2>\n<p>Une presse offset Heidelberg cinq couleurs (r\u00e9solution 4800dpi) est utilis\u00e9e pour atteindre une pr\u00e9cision de ligne de 0,1 mm, et la diff\u00e9rence bleu-orange \u0394E\u22641,5 (norme ISO 12647). La zone du motif cl\u00e9 est superpos\u00e9e avec une s\u00e9rigraphie locale, l'\u00e9paisseur de la couche d'encre est de 0,15 mm et la saturation des couleurs est augment\u00e9e par 20%. Le rev\u00eatement antibact\u00e9rien est imprim\u00e9 sur la paroi int\u00e9rieure de la bo\u00eete (conform\u00e9ment aux normes FDA 21CFR) afin d'emp\u00eacher efficacement la croissance des micro-organismes.<\/p>\n<h2 id=\"7-customized-service-agile-response-cooperation-process-\">7.\u00a0<strong>\u3010Service personnalis\u00e9 R\u00e9ponse agile \u3011Processus de coop\u00e9ration<\/strong><\/h2>\n<ul>\n<li><strong>V\u00e9rification de la conception<\/strong>: Fournir des rendus 3D et des \u00e9preuves physiques dans un d\u00e9lai de 3 jours ouvrables (prise en charge des fichiers AI, adaptation automatique du type de bo\u00eete).<\/li>\n<li><strong>Cycle de production de masse<\/strong>: Commande minimale de 500 pi\u00e8ces, livraison sous 5 \u00e0 7 jours (service acc\u00e9l\u00e9r\u00e9 sous 72 heures)<\/li>\n<li><strong>Optimisation des co\u00fbts<\/strong>: Gr\u00e2ce \u00e0 la technologie de pr\u00e9-impression, 6 types de bo\u00eetes peuvent \u00eatre m\u00e9lang\u00e9s dans le m\u00eame lot, et le taux d'utilisation du carton atteint 95%.<\/li>\n<\/ul>","protected":false},"excerpt":{"rendered":"<p>Cette bo\u00eete postale d'emballage de cr\u00e8me pour le visage utilise le bleu et l'orange comme couleurs principales. Le fort contraste peut rapidement attirer l'attention des consommateurs. Le motif irr\u00e9gulier peut donner \u00e0 la marque un label visuel avant-gardiste et personnalis\u00e9.<\/p>","protected":false},"featured_media":686,"template":"","meta":{"_kad_post_transparent":"default","_kad_post_title":"","_kad_post_layout":"default","_kad_post_sidebar_id":"","_kad_post_content_style":"default","_kad_post_vertical_padding":"default","_kad_post_feature":"","_kad_post_feature_position":"","_kad_post_header":false,"_kad_post_footer":false,"_kad_post_classname":""},"product_brand":[],"product_cat":[15,28,17],"product_tag":[245,244,246],"class_list":{"0":"post-683","1":"product","2":"type-product","3":"status-publish","4":"has-post-thumbnail","6":"product_cat-red-light-therapy","7":"product_cat-customize","8":"product_cat-services","9":"product_tag-custom-skincare-packaging","10":"product_tag-face-cream-packaging-box","11":"product_tag-face-cream-skincare-box-factory","13":"first","14":"instock","15":"shipping-taxable","16":"product-type-simple","17":"entry","18":"content-bg","19":"loop-entry"},"_links":{"self":[{"href":"https:\/\/red-lighttherapy.com\/fr_fr\/wp-json\/wp\/v2\/product\/683","targetHints":{"allow":["GET"]}}],"collection":[{"href":"https:\/\/red-lighttherapy.com\/fr_fr\/wp-json\/wp\/v2\/product"}],"about":[{"href":"https:\/\/red-lighttherapy.com\/fr_fr\/wp-json\/wp\/v2\/types\/product"}],"wp:featuredmedia":[{"embeddable":true,"href":"https:\/\/red-lighttherapy.com\/fr_fr\/wp-json\/wp\/v2\/media\/686"}],"wp:attachment":[{"href":"https:\/\/red-lighttherapy.com\/fr_fr\/wp-json\/wp\/v2\/media?parent=683"}],"wp:term":[{"taxonomy":"product_brand","embeddable":true,"href":"https:\/\/red-lighttherapy.com\/fr_fr\/wp-json\/wp\/v2\/product_brand?post=683"},{"taxonomy":"product_cat","embeddable":true,"href":"https:\/\/red-lighttherapy.com\/fr_fr\/wp-json\/wp\/v2\/product_cat?post=683"},{"taxonomy":"product_tag","embeddable":true,"href":"https:\/\/red-lighttherapy.com\/fr_fr\/wp-json\/wp\/v2\/product_tag?post=683"}],"curies":[{"name":"wp","href":"https:\/\/api.w.org\/{rel}","templated":true}]}}