{"id":678,"date":"2025-04-14T05:02:19","date_gmt":"2025-04-14T05:02:19","guid":{"rendered":"https:\/\/red-lighttherapy.com\/?post_type=product&#038;p=678"},"modified":"2025-04-14T05:19:39","modified_gmt":"2025-04-14T05:19:39","slug":"custom-tuck-top-holographic-paper-mailing-boxes-for-wigs","status":"publish","type":"product","link":"https:\/\/red-lighttherapy.com\/fr_fr\/custom-tuck-top-holographic-paper-mailing-boxes-for-wigs\/","title":{"rendered":"Bo\u00eetes d'exp\u00e9dition en papier holographique pour perruques"},"content":{"rendered":"<h2 id=\"1-multifunctional-integrated-mailer-box-structural-design-mailer-box-structural-optimization-\">1. Conception structurelle de la bo\u00eete aux lettres int\u00e9gr\u00e9e multifonctionnelle<\/h2>\n<p>Le corps principal du paquet adopte la structure innovante de la bo\u00eete postale, et le couvercle qui s'ouvre et se ferme peut \u00eatre d\u00e9pli\u00e9 \u00e0 180\u00b0 gr\u00e2ce \u00e0 des plis pr\u00e9cis, en tenant compte du sens rituel de la perruque et de la praticit\u00e9 du transport. Le corps de la bo\u00eete est con\u00e7u par calcul m\u00e9canique, et les \u00e9l\u00e9ments de bordures m\u00e9talliques sont int\u00e9gr\u00e9s dans les coins, ce qui non seulement am\u00e9liore la r\u00e9sistance \u00e0 la compression, mais ajoute \u00e9galement des d\u00e9tails de luxe l\u00e9gers. Une fois d\u00e9pli\u00e9, l'int\u00e9rieur du couvercle peut \u00eatre utilis\u00e9 comme un espace d'extension visuelle pour la marque. Apr\u00e8s le pliage, l'\u00e9paisseur est r\u00e9duite de 60%, ce qui est parfaitement adapt\u00e9 \u00e0 la logistique du commerce \u00e9lectronique.<\/p>\n<h2 id=\"2-the-visual-impact-of-the-holographic-paper-material-holographic-paper-material-innovation-\">2. L'impact visuel du papier holographique<\/h2>\n<p>La doublure int\u00e9rieure du couvercle utilise un papier holographique de grande largeur (papier holographique), et l'effet dynamique de lumi\u00e8re arc-en-ciel est obtenu gr\u00e2ce \u00e0 une technologie de laminage \u00e0 nano-r\u00e9seaux. Lorsque les consommateurs ouvrent le couvercle, le mat\u00e9riau pr\u00e9sente un d\u00e9grad\u00e9 de lumi\u00e8re bleu\/violet\/rose en fonction de l'angle, simulant l'effet de flux d'une aurore, ce qui est tout \u00e0 fait conforme aux attributs de mode de la perruque. Le mat\u00e9riau est sp\u00e9cialement dot\u00e9 d'un rev\u00eatement anti-rayures pour garantir que l'effet color\u00e9 reste intact pendant le transport, et le taux de conversion au moment du d\u00e9ballage est 2,3 fois sup\u00e9rieur \u00e0 la r\u00e9f\u00e9rence de l'industrie.<\/p>\n<h2 id=\"3-deep-black-visual-identity-system\">3. Syst\u00e8me d'identit\u00e9 visuelle \"Deep black<\/h2>\n<p>Le corps de la bo\u00eete adopte la couleur noire standard, et le noir ultime est obtenu par le processus de surimpression, ce qui correspond parfaitement aux pr\u00e9f\u00e9rences esth\u00e9tiques des perruquiers cibles.<\/p>\n<h2 id=\"4-silver-hot-stamping-foil-technology\">4. Technologie de marquage \u00e0 chaud de l'argent<\/h2>\n<p>Le logo de la marque utilise le film de marquage \u00e0 chaud argent\u00e9 allemand Kurz, qui est fix\u00e9 avec pr\u00e9cision. La nettet\u00e9 du bord de la police est \u00e9lev\u00e9e, ce qui produit un effet d'immersion au clair de lune sur le fond noir.<\/p>\n<h3 id=\"5-smart-folding-engineering\">5. Ing\u00e9nierie de pliage intelligente<\/h3>\n<p>Il peut \u00eatre pli\u00e9 plusieurs fois et l'exp\u00e9rience de l'op\u00e9ration \"former en une seconde\" fait que la dur\u00e9e de vie du pliage d\u00e9passe 50 tests de cycle, ce qui convient aux besoins de diff\u00e9rentes combinaisons de produits. Apr\u00e8s le pliage, le volume est comprim\u00e9 \u00e0 22% de l'\u00e9tat d'origine, et avec la ligne d'emballage automatis\u00e9e, il peut atteindre une vitesse d'emballage de 60 bo\u00eetes par minute.<\/p>","protected":false},"excerpt":{"rendered":"<p>Cette bo\u00eete postale est fabriqu\u00e9e en papier ondul\u00e9, ce qui permet d'amortir efficacement les chocs pendant le transport et de prot\u00e9ger l'emballage de votre perruque. Le papier holographique pr\u00e9sente un attrait visuel extr\u00eame et renforce la m\u00e9moire de la marque.<\/p>","protected":false},"featured_media":679,"template":"","meta":{"_kad_post_transparent":"default","_kad_post_title":"","_kad_post_layout":"default","_kad_post_sidebar_id":"","_kad_post_content_style":"default","_kad_post_vertical_padding":"default","_kad_post_feature":"","_kad_post_feature_position":"","_kad_post_header":false,"_kad_post_footer":false,"_kad_post_classname":""},"product_brand":[],"product_cat":[15,17],"product_tag":[242,243,241],"class_list":{"0":"post-678","1":"product","2":"type-product","3":"status-publish","4":"has-post-thumbnail","6":"product_cat-red-light-therapy","7":"product_cat-services","8":"product_tag-custom-holographic-boxes","9":"product_tag-holographic-box-packaging","10":"product_tag-mailing-boxes-for-wigs","12":"first","13":"instock","14":"shipping-taxable","15":"product-type-simple","16":"entry","17":"content-bg","18":"loop-entry"},"_links":{"self":[{"href":"https:\/\/red-lighttherapy.com\/fr_fr\/wp-json\/wp\/v2\/product\/678","targetHints":{"allow":["GET"]}}],"collection":[{"href":"https:\/\/red-lighttherapy.com\/fr_fr\/wp-json\/wp\/v2\/product"}],"about":[{"href":"https:\/\/red-lighttherapy.com\/fr_fr\/wp-json\/wp\/v2\/types\/product"}],"wp:featuredmedia":[{"embeddable":true,"href":"https:\/\/red-lighttherapy.com\/fr_fr\/wp-json\/wp\/v2\/media\/679"}],"wp:attachment":[{"href":"https:\/\/red-lighttherapy.com\/fr_fr\/wp-json\/wp\/v2\/media?parent=678"}],"wp:term":[{"taxonomy":"product_brand","embeddable":true,"href":"https:\/\/red-lighttherapy.com\/fr_fr\/wp-json\/wp\/v2\/product_brand?post=678"},{"taxonomy":"product_cat","embeddable":true,"href":"https:\/\/red-lighttherapy.com\/fr_fr\/wp-json\/wp\/v2\/product_cat?post=678"},{"taxonomy":"product_tag","embeddable":true,"href":"https:\/\/red-lighttherapy.com\/fr_fr\/wp-json\/wp\/v2\/product_tag?post=678"}],"curies":[{"name":"wp","href":"https:\/\/api.w.org\/{rel}","templated":true}]}}