{"id":673,"date":"2025-04-14T04:06:29","date_gmt":"2025-04-14T04:06:29","guid":{"rendered":"https:\/\/red-lighttherapy.com\/?post_type=product&#038;p=673"},"modified":"2025-04-14T05:02:07","modified_gmt":"2025-04-14T05:02:07","slug":"eco-friendly-cosmetic-perfume-shipping-packaging-suppliers","status":"publish","type":"product","link":"https:\/\/red-lighttherapy.com\/fr_fr\/eco-friendly-cosmetic-perfume-shipping-packaging-suppliers\/","title":{"rendered":"Emballage d'exp\u00e9dition \u00e9cologique pour cosm\u00e9tiques et parfums Fournisseurs"},"content":{"rendered":"<h2 id=\"environmentally-friendly-cosmetics-and-perfume-transportation-packaging-solutions\">Emballage d'exp\u00e9dition \u00e9cologique pour cosm\u00e9tiques et parfums Fournisseurs<\/h2>\n<h2 id=\"-1-glue-free-packaging-technology-ultra-fast-packaging-experience-\"><strong>1. Technologie d'emballage sans colle, exp\u00e9rience d'emballage ultra-rapide<\/strong><\/h2>\n<p>La structure brevet\u00e9e de la bo\u00eete d'avion encliquetable est adopt\u00e9e, et la conception pr\u00e9cise des plis ainsi que le dispositif d'encliquetage autobloquant sont utilis\u00e9s pour obtenir le r\u00e9sultat suivant : \"pas besoin de colle, un pli et une fermeture\", et l'emballage peut \u00eatre r\u00e9alis\u00e9 en seulement 30 secondes, ce qui est plus de 60% plus efficace que l'emballage traditionnel \u00e0 l'aide d'un ruban adh\u00e9sif. Cette technologie permet non seulement d'\u00e9liminer la pollution due au ruban adh\u00e9sif, mais aussi de r\u00e9aliser l'exp\u00e9rience de d\u00e9ballage pratique \"une traction et une ouverture\" gr\u00e2ce \u00e0 la conception de la ligne de d\u00e9chirure antivol, qui est parfaitement adapt\u00e9e aux sc\u00e9narios de livraison \u00e0 haute fr\u00e9quence du commerce \u00e9lectronique.<\/p>\n<h2 id=\"-2-high-strength-corrugated-paper-materials-triple-protection-system-\"><strong>2. Mat\u00e9riaux en papier ondul\u00e9 \u00e0 haute r\u00e9sistance, syst\u00e8me de triple protection<\/strong><\/h2>\n<p>Le carton ondul\u00e9 composite A\/B\/C s\u00e9lectionn\u00e9 (quantit\u00e9 280-360g\/m\u00b2), et la force d'impact est dispers\u00e9e \u00e0 travers la structure ondul\u00e9e UV. Les donn\u00e9es de laboratoire montrent que la structure ondul\u00e9e \u00e0 cinq couches peut r\u00e9sister \u00e0 une force de compression verticale de 5000N\/m\u00b2, ce qui \u00e9quivaut \u00e0 supporter une pression d'un poids d'une demi-tonne sur une surface d'un m\u00e8tre carr\u00e9. Le processus de rev\u00eatement de surface am\u00e9liore la r\u00e9sistance \u00e0 l'humidit\u00e9 (tol\u00e9rance \u00e0 l'humidit\u00e9 \u2265 85%RH), et la couche tampon interne en nid d'abeille absorbe efficacement les vibrations du transport, garantissant que le flacon de parfum en verre n'est pas endommag\u00e9 lors du test de chute de 1,2 m\u00e8tre.<\/p>\n<h2 id=\"-3-flat-folding-storage-space-utilization-increased-by-70-\"><strong>3. Rangement pliant \u00e0 plat, utilisation de l'espace augment\u00e9e de 70%<\/strong><\/h2>\n<p>La taille d\u00e9pli\u00e9e est de 1200\u00d7800 mm, et l'\u00e9paisseur apr\u00e8s pliage n'est que de 3,2 cm, ce qui permet une densit\u00e9 de stockage de 200 pi\u00e8ces\/m\u00e8tre cube. La conception unique de la ligne de pliage en \"Z\" permet un d\u00e9pliage invers\u00e9 et peut \u00eatre remise \u00e0 plat sans d\u00e9montage pendant le recyclage, ce qui r\u00e9duit le co\u00fbt global de l'entreposage et de la logistique. Par rapport aux emballages traditionnels, la capacit\u00e9 de stockage requise pour la m\u00eame quantit\u00e9 de marchandises est r\u00e9duite de 45%, ce qui est particuli\u00e8rement adapt\u00e9 aux besoins de stockage flexible des produits chauds saisonniers ou des promotions \u00e0 dur\u00e9e limit\u00e9e.<\/p>\n<h2 id=\"-4-full-chain-environmental-certification-controllable-degradation-cycle-\"><strong>4. Certification environnementale de la cha\u00eene compl\u00e8te, cycle de d\u00e9gradation contr\u00f4lable<\/strong><\/h2>\n<p>Le mat\u00e9riau a obtenu la certification foresti\u00e8re FSC et utilise une encre \u00e0 base d'eau et un adh\u00e9sif \u00e0 base d'amidon de ma\u00efs pour garantir un taux de d\u00e9gradation naturelle de plus de 95% dans les 180 jours. L'analyse du cycle de vie (ACV) de l'emballage montre que l'empreinte carbone de l'ensemble du processus, de la collecte des mati\u00e8res premi\u00e8res au traitement des d\u00e9chets, est inf\u00e9rieure de 82% \u00e0 celle d'un emballage en plastique PE. Gr\u00e2ce \u00e0 la m\u00eame technologie d'emballage sans colle que celle de la marque ON&amp;DO, il est possible de r\u00e9aliser un circuit ferm\u00e9 sans pollution par la colle, de la production au recyclage.<\/p>\n<h2 id=\"-5-soft-pink-visual-system-awakening-emotional-resonance-\"><strong>5. Syst\u00e8me visuel rose tendre, \u00e9veillant la r\u00e9sonance \u00e9motionnelle<\/strong><\/h2>\n<p>12 niveaux de couleurs personnalis\u00e9es, de Pantone 13-2807TCX \"First Love Pink\" \u00e0 14-1312TCX \"Rose Quartz Pink\", utilisant la technologie de pelliculage mat pour pr\u00e9senter le \"toucher chaud de la peau\" d\u00e9crit \u00e0 la page 4. Il peut \u00eatre associ\u00e9 \u00e0 un marquage \u00e0 chaud en relief, \u00e0 des UV partiels et \u00e0 d'autres proc\u00e9d\u00e9s pour imprimer des textures florales ou le logo de la marque sur la bo\u00eete. Des \u00e9tudes empiriques montrent que le taux de conversion au d\u00e9ballage des parfums dont l'emballage est rose est 23% plus \u00e9lev\u00e9 que celui des couleurs neutres, ce qui est particuli\u00e8rement adapt\u00e9 aux n\u0153uds marketing \u00e9motionnels tels que la Saint-Valentin et la f\u00eate des m\u00e8res.<\/p>\n<h2 id=\"-6-flexible-customization-service-empowering-brand-differentiation-\"><strong>6. Service de personnalisation flexible, permettant de diff\u00e9rencier les marques<\/strong><\/h2>\n<p>Elle prend en charge la personnalisation de l'ensemble du processus, de la conception \u00e0 la mise en \u0153uvre :<\/p>\n<ul>\n<li><strong>Innovation de type bo\u00eete<\/strong>Les structures de forme sp\u00e9ciale, telles que les prismes hexagonaux et les formes de c\u0153ur, peuvent \u00eatre d\u00e9velopp\u00e9es.<\/li>\n<li><strong>Extension de la fonction<\/strong>Le syst\u00e8me d'information sur les cartes de cr\u00e9dit est compos\u00e9 d'un couvercle magn\u00e9tique int\u00e9gr\u00e9 et d'un logement pour carte de cr\u00e9dit amovible.<\/li>\n<li><strong>Int\u00e9gration intelligente<\/strong>Les produits de l'UE sont des produits de consommation courante : \u00e9quip\u00e9s d'une puce NFC pour assurer la tra\u00e7abilit\u00e9 de la contrefa\u00e7on, ou combin\u00e9s \u00e0 la technologie AR pour pr\u00e9senter des histoires de parfums dynamiques.<\/li>\n<li><strong>Adaptation de la sc\u00e8ne<\/strong>: La gamme de produits couvre tous les formats, de l'emballage d'essai de 5 ml \u00e0 la bo\u00eete cadeau de 1 000 ml, et r\u00e9pond aux besoins de multiples sc\u00e9narios tels que le publipostage pour le commerce \u00e9lectronique, les pr\u00e9sentoirs de comptoir, le transport transfrontalier, etc.<\/li>\n<\/ul>\n<h2 id=\"-technical-parameters-\"><strong>Param\u00e8tres techniques<\/strong><\/h2>\n<table>\n<thead>\n<tr>\n<th>Objet<\/th>\n<th>Valeur standard<\/th>\n<th>Base de test<\/th>\n<\/tr>\n<\/thead>\n<tbody>\n<tr>\n<td>R\u00e9sistance \u00e0 la compression<\/td>\n<td>\u2265485kgf (pleine charge)<\/td>\n<td>GB\/T 6546-2021<\/td>\n<\/tr>\n<tr>\n<td>Teneur en eau<\/td>\n<td>8,5\u00b11,2%<\/td>\n<td>ISO 287:2017<\/td>\n<\/tr>\n<tr>\n<td>Cycle de d\u00e9gradation<\/td>\n<td>\u2264180 jours en terre<\/td>\n<td>ASTM D6400<\/td>\n<\/tr>\n<tr>\n<td>Pr\u00e9cision de l'impression<\/td>\n<td>175 lignes de points haute d\u00e9finition<\/td>\n<td>Certification des couleurs G7<\/td>\n<\/tr>\n<\/tbody>\n<\/table>\n<h2 id=\"-cooperation-process-\"><strong>Processus de coop\u00e9ration<\/strong><\/h2>\n<ol>\n<li><strong>Diagnostic de la demande<\/strong>: Fournir un rapport sur la strat\u00e9gie d'emballage dans les 48 heures (y compris une analyse des produits concurrents et des suggestions d'optimisation des co\u00fbts).<\/li>\n<li><strong>V\u00e9rification des \u00e9preuves<\/strong>: Fournir des dessins de structure en 3D et des bo\u00eetes d'\u00e9chantillons physiques dans un d\u00e9lai de 5 jours ouvrables.<\/li>\n<li><strong>Garantie de production de masse<\/strong>: Propre usine \u00e9quip\u00e9e d'une presse d'impression Heidelberg \u00e0 7 couleurs, capable de r\u00e9pondre \u00e0 500 000-500 000 commandes flexibles.<\/li>\n<li><strong>Suivi apr\u00e8s-vente<\/strong>: Fournir une assurance qualit\u00e9 de 12 mois et un plan d'indemnisation des dommages.<\/li>\n<\/ol>","protected":false},"excerpt":{"rendered":"<p>Cette bo\u00eete postale est fabriqu\u00e9e en papier ondul\u00e9, ce qui permet d'amortir efficacement les chocs pendant le transport et de prot\u00e9ger vos parfums et produits de beaut\u00e9. Lorsqu'elle est pli\u00e9e, elle devient une plaque plate, ce qui prend peu de place et r\u00e9duit les co\u00fbts de stockage.<\/p>","protected":false},"featured_media":674,"template":"","meta":{"_kad_post_transparent":"default","_kad_post_title":"","_kad_post_layout":"default","_kad_post_sidebar_id":"","_kad_post_content_style":"default","_kad_post_vertical_padding":"default","_kad_post_feature":"","_kad_post_feature_position":"","_kad_post_header":false,"_kad_post_footer":false,"_kad_post_classname":""},"product_brand":[],"product_cat":[15,28,17],"product_tag":[240,238,239],"class_list":{"0":"post-673","1":"product","2":"type-product","3":"status-publish","4":"has-post-thumbnail","6":"product_cat-red-light-therapy","7":"product_cat-customize","8":"product_cat-services","9":"product_tag-cosmetic-perfume-shipping-boxes","10":"product_tag-eco-friendly-cosmetic-packaging","11":"product_tag-perfume-packaging-suppliers","13":"first","14":"instock","15":"shipping-taxable","16":"product-type-simple","17":"entry","18":"content-bg","19":"loop-entry"},"_links":{"self":[{"href":"https:\/\/red-lighttherapy.com\/fr_fr\/wp-json\/wp\/v2\/product\/673","targetHints":{"allow":["GET"]}}],"collection":[{"href":"https:\/\/red-lighttherapy.com\/fr_fr\/wp-json\/wp\/v2\/product"}],"about":[{"href":"https:\/\/red-lighttherapy.com\/fr_fr\/wp-json\/wp\/v2\/types\/product"}],"wp:featuredmedia":[{"embeddable":true,"href":"https:\/\/red-lighttherapy.com\/fr_fr\/wp-json\/wp\/v2\/media\/674"}],"wp:attachment":[{"href":"https:\/\/red-lighttherapy.com\/fr_fr\/wp-json\/wp\/v2\/media?parent=673"}],"wp:term":[{"taxonomy":"product_brand","embeddable":true,"href":"https:\/\/red-lighttherapy.com\/fr_fr\/wp-json\/wp\/v2\/product_brand?post=673"},{"taxonomy":"product_cat","embeddable":true,"href":"https:\/\/red-lighttherapy.com\/fr_fr\/wp-json\/wp\/v2\/product_cat?post=673"},{"taxonomy":"product_tag","embeddable":true,"href":"https:\/\/red-lighttherapy.com\/fr_fr\/wp-json\/wp\/v2\/product_tag?post=673"}],"curies":[{"name":"wp","href":"https:\/\/api.w.org\/{rel}","templated":true}]}}