{"id":668,"date":"2025-04-14T03:52:12","date_gmt":"2025-04-14T03:52:12","guid":{"rendered":"https:\/\/red-lighttherapy.com\/?post_type=product&#038;p=668"},"modified":"2025-04-14T04:06:16","modified_gmt":"2025-04-14T04:06:16","slug":"custom-cosmetics-lip-gloss-mailer-packaging-boxes-wholesale","status":"publish","type":"product","link":"https:\/\/red-lighttherapy.com\/fr_fr\/custom-cosmetics-lip-gloss-mailer-packaging-boxes-wholesale\/","title":{"rendered":"Bo\u00eetes d'emballage personnalis\u00e9es pour cosm\u00e9tiques et brillants \u00e0 l\u00e8vres Wholesale"},"content":{"rendered":"<h2 id=\"customized-cosmetic-lip-gloss-mailing-box-mailer-box-product-description\">Bo\u00eete postale personnalis\u00e9e pour gloss \u00e0 l\u00e8vres Description du produit<\/h2>\n<h2 id=\"-1-integrated-folding-design-environmentally-friendly-and-efficient-\"><strong>1. Conception de pliage int\u00e9gr\u00e9e, respectueuse de l'environnement et efficace<\/strong><\/h2>\n<p>Adoption d'une structure innovante de caisson d'avion,\u00a0<strong>moulage par pliage int\u00e9gr\u00e9<\/strong>\u00a0L'assemblage auxiliaire ne n\u00e9cessite ni colle ni clous et peut \u00eatre r\u00e9alis\u00e9 en 3 secondes. La conception du corps de la bo\u00eete tient compte \u00e0 la fois de la stabilit\u00e9 structurelle et de la facilit\u00e9 d'assemblage, ce qui am\u00e9liore l'efficacit\u00e9 de l'emballage et r\u00e9duit les co\u00fbts de main-d'\u0153uvre. Le mat\u00e9riau utilis\u00e9 est le carton ondul\u00e9 recycl\u00e9 100%, qui est conforme aux tendances mondiales en mati\u00e8re de protection de l'environnement et r\u00e9pond aux exigences r\u00e9glementaires en mati\u00e8re d'emballage \u00e9cologique au Moyen-Orient.<\/p>\n<h2 id=\"-2-high-strength-pressure-resistant-material-all-round-protection-\"><strong>2. Mat\u00e9riau r\u00e9sistant \u00e0 la pression, protection int\u00e9grale<\/strong><\/h2>\n<p>Le corps de la bo\u00eete est compos\u00e9 de <strong>carton ondul\u00e9<\/strong>La structure composite de la cannelure A\/B\/C (la cannelure A a une forte r\u00e9sistance aux chocs, la cannelure B a une excellente r\u00e9sistance \u00e0 la pression \u00e0 plat), et la r\u00e9sistance \u00e0 la compression atteint le niveau le plus \u00e9lev\u00e9 de l'industrie. Gr\u00e2ce \u00e0\u00a0<strong>Technologie d'int\u00e9gration des c\u00f4tes<\/strong>\u00a0(telles que des fibres de bambou ou des nervures m\u00e9talliques) et un renforcement de la couche de fibres en forme de grille, il peut r\u00e9sister \u00e0 la pression d'empilage et aux chocs pendant le transport, et prot\u00e9ger efficacement les parties vuln\u00e9rables telles que les flacons de gloss et les t\u00eates de pinceau.<\/p>\n<h2 id=\"-3-middle-eastern-style-geometric-pattern-design-to-enhance-brand-recognition-\"><strong>3. Motif g\u00e9om\u00e9trique de style moyen-oriental pour renforcer la reconnaissance de la marque<\/strong><\/h2>\n<p>L'impression de surface incorpore\u00a0<strong>\u00c9l\u00e9ments esth\u00e9tiques g\u00e9om\u00e9triques islamiques<\/strong>Les motifs de la mosa\u00efque, tels que les \u00e9toiles octogonales, les motifs sym\u00e9triques hexagonaux et les lignes de calligraphie arabe, combin\u00e9s \u00e0 l'inspiration des carreaux de mosa\u00efque traditionnels, ont permis de cr\u00e9er un design \u00e0 la fois profond et moderne. La palette de couleurs se r\u00e9f\u00e8re aux pr\u00e9f\u00e9rences du march\u00e9 du Moyen-Orient, en utilisant des carreaux de mosa\u00efque traditionnels.\u00a0<strong>or chaud, brun fonc\u00e9, bordeaux<\/strong>\u00a0et d'autres tons luxueux, avec un vernis UV partiellement mat pour souligner le positionnement haut de gamme du produit.<\/p>\n<h2 id=\"-4-double-sided-printing-technology-environmental-protection-and-functionality-\"><strong>4. Technologie d'impression recto-verso, protection de l'environnement et fonctionnalit\u00e9<\/strong><\/h2>\n<p>Soutien\u00a0<strong>impression recto-verso en quadrichromie<\/strong>La couche int\u00e9rieure peut \u00eatre imprim\u00e9e avec des informations sur la marque, des instructions d'utilisation ou des \u00e9tiquettes multilingues, tandis que la couche ext\u00e9rieure affiche les informations essentielles et les motifs visuels du produit afin de maximiser l'utilisation de l'espace de l'emballage.\u00a0<strong>Encre \u00e0 base d'eau<\/strong>\u00a0et\u00a0<strong>rev\u00eatement \u00e9cologique \u00e0 base de soja<\/strong>\u00a0sont utilis\u00e9s pour se conformer aux normes environnementales REACH de l'UE. En m\u00eame temps,\u00a0<strong>technologie d'impression num\u00e9rique<\/strong>\u00a0est utilis\u00e9 pour s'assurer que le motif ne pr\u00e9sente pas de diff\u00e9rence de couleur, que les bords sont clairs et que la saturation des couleurs est augment\u00e9e de 30%.<\/p>\n<h2 id=\"-5-high-definition-printing-technology-to-enhance-visual-communication-\"><strong>5. Technologie d'impression haute d\u00e9finition pour am\u00e9liorer la communication visuelle<\/strong><\/h2>\n<p>Utilisation\u00a0<strong>technologie d'impression offset + estampage \u00e0 froid<\/strong>\u00a0pour obtenir des motifs d'une pr\u00e9cision de 0,1 mm, tels que le logo \u00e0 texture m\u00e9tallique, l'effet brillant \u00e0 l\u00e8vres d\u00e9grad\u00e9, etc. Gr\u00e2ce \u00e0\u00a0<strong>\u00c9talonnage des cartes de couleurs Pantone<\/strong>\u00a0et la technologie de surimpression en quadrichromie, garantissent que le num\u00e9ro de couleur de la marque (comme le rouge rose, l'orange corail) reste coh\u00e9rent dans les diff\u00e9rents lots afin d'\u00e9viter les probl\u00e8mes de diff\u00e9rence de couleur. La surface peut \u00eatre trait\u00e9e avec\u00a0<strong>gaufrage, UV local, gla\u00e7age<\/strong>afin d'am\u00e9liorer l'exp\u00e9rience tactile et l'attrait du rayon.<\/p>\n<h2 id=\"-6-in-depth-customized-service-flexible-adaptation-needs-\"><strong>6. Un service personnalis\u00e9 approfondi, des besoins d'adaptation flexibles<\/strong><\/h2>\n<ul>\n<li><strong>Personnalisation du type de bo\u00eete<\/strong>: Fournir une bo\u00eete d'avion standard, un type de tiroir, un couvercle sup\u00e9rieur et inf\u00e9rieur et d'autres structures, soutenir la conception de la fen\u00eatre de forme sp\u00e9ciale pour afficher le num\u00e9ro de couleur de la l\u00e8vre.<\/li>\n<li><strong>Adaptation de la taille<\/strong>: La hauteur de 105 \u00e0 200 mm peut \u00eatre personnalis\u00e9e en fonction des sp\u00e9cifications du gloss (tube fin de 10 ml ou flacon gras de 30 ml) afin d'optimiser l'utilisation de l'espace de transport.<\/li>\n<li><strong>Am\u00e9lioration des mat\u00e9riaux<\/strong>: En option, film d'aluminium, carton r\u00e9sistant \u00e0 l'humidit\u00e9 ou fibre de canne \u00e0 sucre, mat\u00e9riau respectueux de l'environnement pour s'adapter aux temp\u00e9ratures \u00e9lev\u00e9es et \u00e0 l'humidit\u00e9 du climat du Moyen-Orient.<\/li>\n<li><strong>Combinaison artisanale<\/strong>: Le marquage \u00e0 chaud, la s\u00e9rigraphie, le gaufrage et la superposition d'autres techniques permettent de r\u00e9pondre aux besoins particuliers des coffrets cadeaux en \u00e9dition limit\u00e9e ou pour les f\u00eates de fin d'ann\u00e9e.<\/li>\n<\/ul>\n<h2 id=\"-7-cooperation-process-\"><strong>7. Processus de coop\u00e9ration<\/strong>:<\/h2>\n<ol>\n<li><strong>Confirmation de la demande<\/strong>: Fournir la taille du produit, l'avant-projet et la quantit\u00e9, obtenir un diagramme de structure en 3D et un \u00e9chantillon de mat\u00e9riau.<\/li>\n<li><strong>Test d'\u00e9preuve<\/strong>: Livraison d'une bo\u00eete d'\u00e9chantillons physiques dans un d\u00e9lai de 7 jours ouvrables, y compris un rapport sur le test de chute et la r\u00e9sistance \u00e0 la compression.<\/li>\n<li><strong>Production de masse<\/strong>: Commande minimale de 1 000 pi\u00e8ces, papier certifi\u00e9 FSC et service de tra\u00e7abilit\u00e9 de l'empreinte carbone.<\/li>\n<\/ol>\n<h2 id=\"-8-core-advantages-\"><strong>8. Avantages principaux<\/strong>:<\/h2>\n<ul>\n<li><strong>Optimisation des co\u00fbts<\/strong>: La structure int\u00e9gr\u00e9e r\u00e9duit les consommables 20%, et la conception sans colle r\u00e9duit le risque de pollution du stockage.<\/li>\n<li><strong>Adaptation culturelle<\/strong>: L'\u00e9quipe de conception localis\u00e9e au Moyen-Orient veille \u00e0 ce que les motifs et les couleurs respectent les tabous religieux et esth\u00e9tiques.<\/li>\n<li><strong>Garantie de la cha\u00eene d'approvisionnement<\/strong>: Notre propre usine a obtenu la certification ISO 9001\/BSCI.<\/li>\n<\/ul>","protected":false},"excerpt":{"rendered":"<p>Cette bo\u00eete postale adopte une conception de pliage int\u00e9gr\u00e9e, ne n\u00e9cessite pas de colle et se forme en 3 secondes. Le mat\u00e9riau en carton ondul\u00e9 tr\u00e8s r\u00e9sistant a une bonne r\u00e9sistance \u00e0 la compression pour prot\u00e9ger vos produits contre les dommages. Elle convient parfaitement \u00e0 l'emballage des huiles essentielles, des masques pour le visage, des brillants \u00e0 l\u00e8vres et autres produits cosm\u00e9tiques.<\/p>","protected":false},"featured_media":669,"template":"","meta":{"_kad_post_transparent":"default","_kad_post_title":"","_kad_post_layout":"default","_kad_post_sidebar_id":"","_kad_post_content_style":"default","_kad_post_vertical_padding":"default","_kad_post_feature":"","_kad_post_feature_position":"","_kad_post_header":false,"_kad_post_footer":false,"_kad_post_classname":""},"product_brand":[],"product_cat":[15,28,17],"product_tag":[89,237,236],"class_list":{"0":"post-668","1":"product","2":"type-product","3":"status-publish","4":"has-post-thumbnail","6":"product_cat-red-light-therapy","7":"product_cat-customize","8":"product_cat-services","9":"product_tag-custom-cosmetics-packaging","10":"product_tag-custom-lip-gloss-boxes-wholesale","11":"product_tag-lip-gloss-mailer-boxes","13":"first","14":"instock","15":"shipping-taxable","16":"product-type-simple","17":"entry","18":"content-bg","19":"loop-entry"},"_links":{"self":[{"href":"https:\/\/red-lighttherapy.com\/fr_fr\/wp-json\/wp\/v2\/product\/668","targetHints":{"allow":["GET"]}}],"collection":[{"href":"https:\/\/red-lighttherapy.com\/fr_fr\/wp-json\/wp\/v2\/product"}],"about":[{"href":"https:\/\/red-lighttherapy.com\/fr_fr\/wp-json\/wp\/v2\/types\/product"}],"wp:featuredmedia":[{"embeddable":true,"href":"https:\/\/red-lighttherapy.com\/fr_fr\/wp-json\/wp\/v2\/media\/669"}],"wp:attachment":[{"href":"https:\/\/red-lighttherapy.com\/fr_fr\/wp-json\/wp\/v2\/media?parent=668"}],"wp:term":[{"taxonomy":"product_brand","embeddable":true,"href":"https:\/\/red-lighttherapy.com\/fr_fr\/wp-json\/wp\/v2\/product_brand?post=668"},{"taxonomy":"product_cat","embeddable":true,"href":"https:\/\/red-lighttherapy.com\/fr_fr\/wp-json\/wp\/v2\/product_cat?post=668"},{"taxonomy":"product_tag","embeddable":true,"href":"https:\/\/red-lighttherapy.com\/fr_fr\/wp-json\/wp\/v2\/product_tag?post=668"}],"curies":[{"name":"wp","href":"https:\/\/api.w.org\/{rel}","templated":true}]}}