{"id":663,"date":"2025-04-14T03:37:04","date_gmt":"2025-04-14T03:37:04","guid":{"rendered":"https:\/\/red-lighttherapy.com\/?post_type=product&#038;p=663"},"modified":"2025-04-14T03:51:59","modified_gmt":"2025-04-14T03:51:59","slug":"supplies-premium-quality-mailer-boxes-for-underwear-t-shirt","status":"publish","type":"product","link":"https:\/\/red-lighttherapy.com\/fr_fr\/supplies-premium-quality-mailer-boxes-for-underwear-t-shirt\/","title":{"rendered":"Fournitures Bo\u00eetes postales de premi\u00e8re qualit\u00e9 pour sous-v\u00eatements T-Shirt"},"content":{"rendered":"<h2 id=\"-foldable-double-sided-hot-stamping-custom-airplane-box-\"><strong>Foldable Supplies Bo\u00eetes postales de qualit\u00e9 sup\u00e9rieure pour sous-v\u00eatements T-Shirt<\/strong><\/h2>\n<h2 id=\"-1-sustainable-folding-design-new-experience-of-recycling-\"><strong>1. Conception de pliage durable Nouvelle exp\u00e9rience de recyclage<\/strong><\/h2>\n<p>Cette bo\u00eete d'avion adopte une structure pliable brevet\u00e9e, gr\u00e2ce \u00e0 une boucle de pr\u00e9cision et \u00e0 une conception modulaire des plis, elle peut \u00eatre pli\u00e9e et r\u00e9utilis\u00e9e plus de 10 fois sans dommage. Une fois d\u00e9pli\u00e9e, c'est une bo\u00eete tridimensionnelle (compatible avec la taille standard de 32<em>25<\/em>10cm), et le volume est r\u00e9duit \u00e0 1\/4 de la taille originale apr\u00e8s le pliage, ce qui \u00e9conomise consid\u00e9rablement l'espace de stockage (r\u00e9duction des co\u00fbts de stockage de 60% par rapport \u00e0 l'emballage traditionnel). Avec le mat\u00e9riau du carton d'exportation \u00e0 cinq couches de qualit\u00e9 AA, la r\u00e9sistance \u00e0 la compression atteint 2000 Newtons, et il n'y a pas de d\u00e9formation apr\u00e8s les tests d'environnement extr\u00eame de -40\u2103 \u00e0 80\u2103, ce qui convient \u00e0 divers sc\u00e9narios de transport tels que le transport maritime et a\u00e9rien.<\/p>\n<h2 id=\"-2-low-cost-and-efficient-production-intelligent-supply-chain-optimization-\"><strong>2. Production efficace et \u00e0 faible co\u00fbt Optimisation intelligente de la cha\u00eene d'approvisionnement<\/strong><\/h2>\n<ul>\n<li><strong>Adaptation de la ligne de production automatis\u00e9e<\/strong>: Adoptant un \u00e9quipement int\u00e9gr\u00e9 de d\u00e9coupe et de pliage enti\u00e8rement automatique, la capacit\u00e9 de production quotidienne atteint 200 000 pi\u00e8ces, et le co\u00fbt de la main-d'\u0153uvre est r\u00e9duit de 45% ;<\/li>\n<li><strong>Mode inventaire z\u00e9ro<\/strong>: Le cycle de production personnalis\u00e9 sur demande est de 3 \u00e0 7 jours, avec une quantit\u00e9 de commande minimale de 500 pi\u00e8ces, ce qui permet d'all\u00e9ger la pression financi\u00e8re.<\/li>\n<\/ul>\n<h2 id=\"-three-double-sided-printing-hot-stamping-technology-brand-visual-upgrade-\"><strong>3. Impression recto-verso + technologie de marquage \u00e0 chaud Am\u00e9lioration de l'aspect visuel de la marque<\/strong><\/h2>\n<ul>\n<li><strong>Impression recto-verso haute d\u00e9finition<\/strong>: Utilisant le syst\u00e8me de couleurs CMYK\/Pantone et la technologie de laminage UV, la r\u00e9solution atteint 300 dpi, ce qui permet de r\u00e9aliser le LOGO, les param\u00e8tres du produit, les illustrations artistiques et d'autres combinaisons d'\u00e9l\u00e9ments ;<\/li>\n<li><strong>Technologie de marquage \u00e0 chaud tridimensionnel<\/strong>: En utilisant la feuille d'aluminium \u00e9lectrochimique \u00e9cologique German Kurz, la r\u00e9sistance \u00e0 l'usure du texte\/motif local marqu\u00e9 \u00e0 chaud est multipli\u00e9e par 3, la r\u00e9flectivit\u00e9 de la lumi\u00e8re atteint 90%, et l'impact visuel est comparable \u00e0 celui d'un emballage de produits de luxe ;<\/li>\n<li><strong>Fonction intelligente de lutte contre la contrefa\u00e7on<\/strong>: Les \u00e9tiquettes de marquage \u00e0 chaud \u00e0 couleur changeante sensibles \u00e0 la temp\u00e9rature ou l'int\u00e9gration d'une puce NFC peuvent am\u00e9liorer l'exp\u00e9rience interactive du consommateur.<\/li>\n<\/ul>\n<h2 id=\"-fourth-macaron-aesthetics-humanized-details-\"><strong>4. Esth\u00e9tique macaron + d\u00e9tails humanis\u00e9s<\/strong><\/h2>\n<ul>\n<li><strong>Conception de la couleur principale<\/strong>La couleur principale est la brume lavande \u00e0 faible saturation, et l'\u00e9chelle de gris 5% est int\u00e9gr\u00e9e pour cr\u00e9er une texture brumeuse. L'attrait visuel mesur\u00e9 est augment\u00e9 par 37% ;<\/li>\n<li><strong>Coins arrondis de s\u00e9curit\u00e9<\/strong>: Les bords sont arrondis + processus de laminage mat, et la r\u00e9sistance aux rayures est augment\u00e9e par 50%, ce qui est conforme aux normes de s\u00e9curit\u00e9 des enfants de l'UE ;<\/li>\n<li><strong>Structure d'ouverture et de fermeture pratique<\/strong>L'ouverture et la fermeture d'une seule main ne prennent que 0,5 seconde, et la satisfaction des utilisateurs a atteint 92%.<\/li>\n<\/ul>\n<h2 id=\"-v-customized-services-for-the-entire-industry-flexible-adaptation-scenarios-\"><strong>5. Services personnalis\u00e9s pour l'ensemble de l'industrie - Sc\u00e9narios d'adaptation flexibles<\/strong><\/h2>\n<table>\n<thead>\n<tr>\n<th><strong>Adaptation de l'industrie<\/strong><\/th>\n<th><strong>Dimensions personnalis\u00e9es<\/strong><\/th>\n<th><strong>Pr\u00e9sentoir de caisse<\/strong><\/th>\n<\/tr>\n<\/thead>\n<tbody>\n<tr>\n<td>Marque de sous-v\u00eatements<\/td>\n<td>Barri\u00e8re anti-humidit\u00e9 int\u00e9gr\u00e9e + trous respirants<\/td>\n<td>Position fixe du lacet + doublure antibact\u00e9rienne<\/td>\n<\/tr>\n<tr>\n<td>V\u00eatements de sport<\/td>\n<td>Structure renforc\u00e9e r\u00e9sistante \u00e0 la pression<\/td>\n<td>Cloison de rangement pliante pour les v\u00eatements de yoga<\/td>\n<\/tr>\n<tr>\n<td>Beaut\u00e9 et soins personnels<\/td>\n<td>Mini format + bo\u00eete int\u00e9rieure avec miroir<\/td>\n<td>Fente en coton perl\u00e9 antichoc pour rouge \u00e0 l\u00e8vres<\/td>\n<\/tr>\n<tr>\n<td>Personnalisation des cadeaux<\/td>\n<td>Fen\u00eatre de forme sp\u00e9ciale + trou pour ruban<\/td>\n<td>Holiday limited hot stamping embossed pattern (motif de marquage \u00e0 chaud limit\u00e9 aux vacances)<\/td>\n<\/tr>\n<\/tbody>\n<\/table>\n<p><strong>Engagement environnemental<\/strong>: Gr\u00e2ce au papier certifi\u00e9 FSC et \u00e0 la technologie des encres \u00e0 base d'eau, l'empreinte carbone est r\u00e9duite de 42% par rapport \u00e0 un emballage traditionnel, et permet un recyclage biod\u00e9gradable de 100%.<\/p>\n<p><strong>Personnaliser maintenant<\/strong>: Nous proposons des modifications gratuites des projets de conception, un \u00e9preuvage sous 48 heures et des services logistiques DDP mondiaux, faisant ainsi de l'emballage de votre marque un ambassadeur de vente silencieux !<\/p>","protected":false},"excerpt":{"rendered":"<p>Cette bo\u00eete postale, dont la couleur principale est la brume de lavande macaron, peut \u00eatre pli\u00e9e et r\u00e9utilis\u00e9e plusieurs fois, ce qui r\u00e9duit la consommation d'emballages jetables. Son prix unitaire est faible pendant la production de masse, ce qui permet d'\u00e9conomiser de l'espace de stockage et des co\u00fbts de transport. L'op\u00e9ration de pliage est simple et permet d'\u00e9conomiser de la main d'\u0153uvre.<\/p>","protected":false},"featured_media":664,"template":"","meta":{"_kad_post_transparent":"default","_kad_post_title":"","_kad_post_layout":"default","_kad_post_sidebar_id":"","_kad_post_content_style":"default","_kad_post_vertical_padding":"default","_kad_post_feature":"","_kad_post_feature_position":"","_kad_post_header":false,"_kad_post_footer":false,"_kad_post_classname":""},"product_brand":[],"product_cat":[15,30,17],"product_tag":[233,235,234],"class_list":{"0":"post-663","1":"product","2":"type-product","3":"status-publish","4":"has-post-thumbnail","6":"product_cat-red-light-therapy","7":"product_cat-dropshipping","8":"product_cat-services","9":"product_tag-premium-quality-mailer-boxes","10":"product_tag-supplies-shipping-t-shirt","11":"product_tag-underwear-mailer-boxes","13":"first","14":"instock","15":"shipping-taxable","16":"product-type-simple","17":"entry","18":"content-bg","19":"loop-entry"},"_links":{"self":[{"href":"https:\/\/red-lighttherapy.com\/fr_fr\/wp-json\/wp\/v2\/product\/663","targetHints":{"allow":["GET"]}}],"collection":[{"href":"https:\/\/red-lighttherapy.com\/fr_fr\/wp-json\/wp\/v2\/product"}],"about":[{"href":"https:\/\/red-lighttherapy.com\/fr_fr\/wp-json\/wp\/v2\/types\/product"}],"wp:featuredmedia":[{"embeddable":true,"href":"https:\/\/red-lighttherapy.com\/fr_fr\/wp-json\/wp\/v2\/media\/664"}],"wp:attachment":[{"href":"https:\/\/red-lighttherapy.com\/fr_fr\/wp-json\/wp\/v2\/media?parent=663"}],"wp:term":[{"taxonomy":"product_brand","embeddable":true,"href":"https:\/\/red-lighttherapy.com\/fr_fr\/wp-json\/wp\/v2\/product_brand?post=663"},{"taxonomy":"product_cat","embeddable":true,"href":"https:\/\/red-lighttherapy.com\/fr_fr\/wp-json\/wp\/v2\/product_cat?post=663"},{"taxonomy":"product_tag","embeddable":true,"href":"https:\/\/red-lighttherapy.com\/fr_fr\/wp-json\/wp\/v2\/product_tag?post=663"}],"curies":[{"name":"wp","href":"https:\/\/api.w.org\/{rel}","templated":true}]}}