{"id":658,"date":"2025-04-14T03:25:35","date_gmt":"2025-04-14T03:25:35","guid":{"rendered":"https:\/\/red-lighttherapy.com\/?post_type=product&#038;p=658"},"modified":"2025-04-14T03:36:55","modified_gmt":"2025-04-14T03:36:55","slug":"custom-mailer-boxes-for-shirt-dress-underwear-shirt-package","status":"publish","type":"product","link":"https:\/\/red-lighttherapy.com\/fr_fr\/custom-mailer-boxes-for-shirt-dress-underwear-shirt-package\/","title":{"rendered":"Bo\u00eetes postales personnalis\u00e9es pour l'emballage de chemises, de robes et de sous-v\u00eatements"},"content":{"rendered":"<h2 id=\"summer-holiday-series-customized-packaging-box-product-description\">Bo\u00eetes postales personnalis\u00e9es pour les vacances d'\u00e9t\u00e9 pour les chemises, les sous-v\u00eatements et les paquets de chemises<\/h2>\n<h2 id=\"1-innovative-structure-and-convenient-design\">1. Structure innovante et conception pratique<\/h2>\n<ol>\n<li><strong>Pliage int\u00e9gr\u00e9 Formage<\/strong>\u00a0Cette bo\u00eete d'avion adopte une conception brevet\u00e9e de pliage int\u00e9gr\u00e9, qui ne n\u00e9cessite ni colle ni clous, et peut \u00eatre rapidement assembl\u00e9e gr\u00e2ce \u00e0 des structures de plis et de boucles pr\u00e9-imprim\u00e9es. Les utilisateurs peuvent r\u00e9aliser un moulage tridimensionnel en seulement 10 secondes, ce qui est particuli\u00e8rement adapt\u00e9 aux besoins de tri et d'emballage efficaces du commerce \u00e9lectronique et des marques de v\u00eatements. Une fois la bo\u00eete d\u00e9pli\u00e9e, elle forme une structure stable \u00e0 six c\u00f4t\u00e9s, et l'espace int\u00e9rieur est divis\u00e9 de mani\u00e8re scientifique, ce qui permet d'accueillir parfaitement des marchandises de diff\u00e9rentes tailles, telles que des chemises et des robes.<\/li>\n<li><strong>Stockage l\u00e9ger et transport efficace<\/strong>\u00a0L'\u00e9paisseur n'est que de 5 mm \u00e0 l'\u00e9tat plat, et le taux de compression du volume est de 80%, ce qui r\u00e9duit consid\u00e9rablement les co\u00fbts d'entreposage et de logistique. Apr\u00e8s le transport par pliage et empilage, plus de 50% d'espace peuvent \u00eatre \u00e9conomis\u00e9s, ce qui est particuli\u00e8rement adapt\u00e9 aux besoins de stockage flexible du commerce \u00e9lectronique transfrontalier et aux produits saisonniers \u00e0 forte vente.<\/li>\n<\/ol>\n<h2 id=\"2-visual-aesthetics-and-brand-impression\">2. Esth\u00e9tique visuelle et impression de marque<\/h2>\n<ol>\n<li><strong>Conception visuelle du th\u00e8me de l'\u00e9t\u00e9<\/strong>\u00a0La couleur principale du corps de la bo\u00eete est un rose clair vaporeux, avec des grappes de citrons jaune vif, des branches et des feuilles en d\u00e9grad\u00e9 vert fonc\u00e9 et des motifs floraux blancs, inspir\u00e9s par le style des vacances m\u00e9diterran\u00e9ennes. Le c\u00f4t\u00e9 ext\u00e9rieur adopte la technologie d'impression double face, et les feuilles simulent l'effet d'ombre et de lumi\u00e8re gr\u00e2ce \u00e0 un d\u00e9grad\u00e9 de vert fonc\u00e9, donnant \u00e0 l'emballage une impression dynamique en trois dimensions ; la grappe de citrons adopte une impression par points de haute pr\u00e9cision pour pr\u00e9senter une texture transparente sous le soleil.<\/li>\n<li><strong>Fusion des informations et des illustrations de la couche int\u00e9rieure<\/strong>\u00a0La face int\u00e9rieure de la bo\u00eete est imprim\u00e9e d'une illustration minimaliste de boissons, combin\u00e9e au LOGO de la marque, aux instructions de lavage et aux slogans de protection de l'environnement, v\u00e9hiculant intelligemment la culture de la marque. L'illustration utilise des tons peu satur\u00e9s pour former un \u00e9quilibre visuel avec le motif \u00e0 fort contraste de l'ext\u00e9rieur, ce qui procure aux utilisateurs une double surprise au moment du d\u00e9ballage.<\/li>\n<\/ol>\n<h2 id=\"3-protection-performance-and-environmentally-friendly-materials\">3. Performance en mati\u00e8re de protection et mat\u00e9riaux respectueux de l'environnement<\/h2>\n<ol>\n<li><strong>Structure tampon tr\u00e8s r\u00e9sistante<\/strong>\u00a0Le carton ondul\u00e9 composite utilis\u00e9 a une r\u00e9sistance \u00e0 la compression de 8 000 N\/m\u00b2, ce qui lui permet de r\u00e9sister \u00e0 l'impact de la compression et de la chute pendant le transport. Des nervures de renforcement en nid d'abeille sont ajout\u00e9es \u00e0 l'int\u00e9rieur de la bo\u00eete, combin\u00e9es au processus d'emballage en arc de cercle pour mieux r\u00e9partir la pression et r\u00e9duire le risque de plis ou d'endommagement du produit.<\/li>\n<li><strong>Mat\u00e9riaux \u00e9cologiques et recyclables<\/strong>\u00a0Le carton est certifi\u00e9 FSC et imprim\u00e9 avec une encre \u00e0 base d'eau, qui r\u00e9pond aux normes de s\u00e9curit\u00e9 alimentaire. La bo\u00eete vide peut \u00eatre 100% recycl\u00e9e et d\u00e9grad\u00e9e, et peut \u00e9galement \u00eatre r\u00e9utilis\u00e9e comme bo\u00eete de rangement, ce qui s'inscrit dans la tendance des emballages verts.<\/li>\n<\/ol>\n<h2 id=\"iv-personalized-customization-service\">4. Service de personnalisation<\/h2>\n<ol>\n<li><strong>Personnalisation flexible en toutes dimensions<\/strong>\u00a0Permet une personnalisation pouss\u00e9e de la taille, du type de bo\u00eete et du motif :<\/li>\n<li><strong>Adaptation de la taille<\/strong>: Concevoir une doublure exclusive en fonction de param\u00e8tres tels que la circonf\u00e9rence du col de la chemise et la longueur de la robe afin d'\u00e9viter que le produit ne tremble ;<\/li>\n<li><strong>Extension de la fonction<\/strong>: Des fen\u00eatres transparentes (mat\u00e9riau PET), des poign\u00e9es en ruban ou des fermetures magn\u00e9tiques peuvent \u00eatre ajout\u00e9es pour renforcer le sentiment de c\u00e9r\u00e9monie de d\u00e9ballage ;<\/li>\n<li><strong>Implantation d'un \u00e9l\u00e9ment de marque<\/strong>: Support de l'estampage \u00e0 chaud, du gaufrage UV, de l'\u00e9vidage au laser et d'autres processus pour am\u00e9liorer la reconnaissance de la marque.<\/li>\n<\/ol>\n<h2 id=\"v-applicable-scenarios-and-user-value\">5. Sc\u00e9narios applicables et valeur pour l'utilisateur<\/h2>\n<ul>\n<li><strong>Logistique du commerce \u00e9lectronique<\/strong>: R\u00e9duire le fret en une seule pi\u00e8ce gr\u00e2ce \u00e0 une conception l\u00e9g\u00e8re, et une structure tr\u00e8s r\u00e9sistante adapt\u00e9e au transport transfrontalier sur de longues distances ;<\/li>\n<li><strong>Affichage en magasin<\/strong>: Le design de l'int\u00e9rieur et de l'ext\u00e9rieur peut \u00eatre directement pr\u00e9sent\u00e9 comme une bo\u00eete cadeau, ce qui permet de r\u00e9duire les d\u00e9chets d'emballage secondaires ;<\/li>\n<li><strong>Exp\u00e9rience de l'utilisateur<\/strong>: En ouvrant la bo\u00eete, le motif du citron et l'illustration de la boisson forment une association \"boisson de vacances\", ce qui renforce le point de m\u00e9morisation de la marque.<\/li>\n<\/ul>","protected":false},"excerpt":{"rendered":"<p>Cette bo\u00eete postale adopte un concept de pliage int\u00e9gr\u00e9 et peut \u00eatre assembl\u00e9e en quelques secondes sans colle ni clous. Elle est de petite taille lorsqu'elle est pos\u00e9e \u00e0 plat, ce qui la rend facile \u00e0 stocker et \u00e0 transporter. Elle forme une structure tridimensionnelle stable lorsqu'elle est d\u00e9pli\u00e9e. Il convient parfaitement \u00e0 l'emballage des chemises, des robes, des sous-v\u00eatements et des chemises.<\/p>","protected":false},"featured_media":659,"template":"","meta":{"_kad_post_transparent":"default","_kad_post_title":"","_kad_post_layout":"default","_kad_post_sidebar_id":"","_kad_post_content_style":"default","_kad_post_vertical_padding":"default","_kad_post_feature":"","_kad_post_feature_position":"","_kad_post_header":false,"_kad_post_footer":false,"_kad_post_classname":""},"product_brand":[],"product_cat":[15,30,17],"product_tag":[231,230,232],"class_list":{"0":"post-658","1":"product","2":"type-product","3":"status-publish","4":"has-post-thumbnail","6":"product_cat-red-light-therapy","7":"product_cat-dropshipping","8":"product_cat-services","9":"product_tag-custom-shipping-dress-boxes","10":"product_tag-mailer-boxes-for-shirt","11":"product_tag-underwear-shirt-packaging-boxes","13":"first","14":"instock","15":"shipping-taxable","16":"product-type-simple","17":"entry","18":"content-bg","19":"loop-entry"},"_links":{"self":[{"href":"https:\/\/red-lighttherapy.com\/fr_fr\/wp-json\/wp\/v2\/product\/658","targetHints":{"allow":["GET"]}}],"collection":[{"href":"https:\/\/red-lighttherapy.com\/fr_fr\/wp-json\/wp\/v2\/product"}],"about":[{"href":"https:\/\/red-lighttherapy.com\/fr_fr\/wp-json\/wp\/v2\/types\/product"}],"wp:featuredmedia":[{"embeddable":true,"href":"https:\/\/red-lighttherapy.com\/fr_fr\/wp-json\/wp\/v2\/media\/659"}],"wp:attachment":[{"href":"https:\/\/red-lighttherapy.com\/fr_fr\/wp-json\/wp\/v2\/media?parent=658"}],"wp:term":[{"taxonomy":"product_brand","embeddable":true,"href":"https:\/\/red-lighttherapy.com\/fr_fr\/wp-json\/wp\/v2\/product_brand?post=658"},{"taxonomy":"product_cat","embeddable":true,"href":"https:\/\/red-lighttherapy.com\/fr_fr\/wp-json\/wp\/v2\/product_cat?post=658"},{"taxonomy":"product_tag","embeddable":true,"href":"https:\/\/red-lighttherapy.com\/fr_fr\/wp-json\/wp\/v2\/product_tag?post=658"}],"curies":[{"name":"wp","href":"https:\/\/api.w.org\/{rel}","templated":true}]}}