{"id":652,"date":"2025-04-14T03:15:00","date_gmt":"2025-04-14T03:15:00","guid":{"rendered":"https:\/\/red-lighttherapy.com\/?post_type=product&#038;p=652"},"modified":"2025-04-14T03:25:26","modified_gmt":"2025-04-14T03:25:26","slug":"elegant-custom-bracelets-necklace-packaging-boxes-wholesale","status":"publish","type":"product","link":"https:\/\/red-lighttherapy.com\/fr_fr\/elegant-custom-bracelets-necklace-packaging-boxes-wholesale\/","title":{"rendered":"Bo\u00eetes d'emballage \u00e9l\u00e9gantes et personnalis\u00e9es pour bracelets et colliers Wholesale"},"content":{"rendered":"<h2><strong>Description du produit Elegant Customized Jewelry Bracelets Necklace Boxes Packaging Boxes Wholesale<\/strong><\/h2>\n<p>Dans l'industrie de la bijouterie, l'emballage n'est pas seulement un contenant pour les bijoux, mais aussi une extension du style de la marque et de l'exp\u00e9rience de l'utilisateur. L'emballage <strong>bo\u00eete \u00e0 bijoux minimaliste avec couvercle et base<\/strong>\u00a0que nous avons cr\u00e9\u00e9e avec le plus grand soin est centr\u00e9e sur l'artisanat et le design esth\u00e9tique, parfaitement adapt\u00e9e \u00e0 de multiples cat\u00e9gories de bijoux tels que les bracelets, les colliers et les boucles d'oreilles, ce qui conf\u00e8re \u00e0 vos produits une plus grande valeur ajout\u00e9e.<\/p>\n<h2 id=\"-1-minimalist-shape-universal-adaptation-\"><strong>1. Forme minimaliste, adaptation universelle<\/strong><\/h2>\n<p>La bo\u00eete classique avec couvercle et dessus est con\u00e7ue avec des lignes simples et nettes, sans d\u00e9corations superflues, et convient \u00e0 des bijoux de tailles et de formes diff\u00e9rentes. Les couvercles sup\u00e9rieur et inf\u00e9rieur s'embo\u00eetent avec pr\u00e9cision, et l'espace d'ouverture et de fermeture t\u00e9moigne d'un sens du rituel. La conception du couvercle inclin\u00e9 est pratique pour l'exposition, qu'il s'agisse d'une exposition au comptoir ou d'une exposition en ligne, elle peut pr\u00e9senter intuitivement les d\u00e9tails \u00e9blouissants des bijoux.<\/p>\n<h2 id=\"-2-color-aesthetics-classic-eye-catching-\"><strong>2. Esth\u00e9tique des couleurs, accroche classique<\/strong><\/h2>\n<p>Le corps de la bo\u00eete est principalement compos\u00e9 de beige et d'or clair, avec un luxe discret, doux et \u00e9l\u00e9gant, qui compl\u00e8te l'\u00e9clat m\u00e9tallique des bijoux. Le ruban rouge est utilis\u00e9 comme touche finale, ce qui non seulement perp\u00e9tue le sens du rituel de la bo\u00eete-cadeau traditionnelle, mais renforce \u00e9galement l'impact visuel gr\u00e2ce au contraste des couleurs. Le ruban peut \u00eatre personnalis\u00e9 pour y imprimer le logo de la marque, ce qui permet de renforcer le point de m\u00e9morisation de la marque \u00e0 partir des d\u00e9tails et d'am\u00e9liorer l'exposition.<\/p>\n<h2 id=\"-three-lining-technology-double-protection-\"><strong>3. Technologie de rev\u00eatement, double protection<\/strong><\/h2>\n<p>La bo\u00eete est doubl\u00e9e de velours noir, qui est d\u00e9licat et doux, antid\u00e9rapant et r\u00e9sistant aux chocs, et emp\u00eache les bijoux d'\u00eatre endommag\u00e9s par les frottements et les secousses pendant le transport ou l'exposition. Le fond noir profond fait ressortir l'\u00e9clat des bijoux et le niveau visuel est clair, ce qui met encore plus en valeur la texture haut de gamme du produit.<\/p>\n<h2 id=\"-fourth-light-and-environmentally-friendly-practical-and-convenient-\"><strong>4. L\u00e9ger et respectueux de l'environnement, pratique et commode<\/strong><\/h2>\n<p>Le corps de la bo\u00eete est fabriqu\u00e9 en carton l\u00e9ger et \u00e9cologique, qui allie fermet\u00e9 et portabilit\u00e9, pr\u00e9sente une excellente r\u00e9sistance \u00e0 la pression, peut \u00eatre r\u00e9utilis\u00e9 et est conforme au concept de durabilit\u00e9. Gr\u00e2ce \u00e0 sa taille exquise, il est facile de la transporter ou de la conserver comme bo\u00eete de rangement pendant longtemps, ce qui prolonge le cycle de vie de l'emballage et r\u00e9duit les d\u00e9chets de ressources.<\/p>\n<h2 id=\"-five-brand-empowerment-value-upgrade-\"><strong>5. Renforcement de la marque, am\u00e9lioration de la valeur<\/strong><\/h2>\n<p>La bo\u00eete d'emballage elle-m\u00eame peut \u00eatre offerte comme un cadeau ind\u00e9pendant afin d'am\u00e9liorer l'exp\u00e9rience de d\u00e9ballage du client et la popularit\u00e9 de la marque. Du logo du ruban au processus de marquage \u00e0 chaud de la bo\u00eete, chaque d\u00e9tail peut \u00eatre int\u00e9gr\u00e9 \u00e0 des \u00e9l\u00e9ments sp\u00e9cifiques \u00e0 la marque (tels que le marquage \u00e0 chaud du LOGO, l'argent chaud, la s\u00e9rigraphie, etc.) pour former des symboles visuels diff\u00e9renci\u00e9s et aider l'image de marque \u00e0 s'\u00e9tablir.<\/p>\n<h2 id=\"-six-customized-service-flexible-and-efficient-\"><strong>6. Service personnalis\u00e9, flexible et efficace<\/strong><\/h2>\n<p>Prendre en charge les commandes de petits lots (500 pi\u00e8ces pour un seul mod\u00e8le) et fournir des options de processus diversifi\u00e9es :<\/p>\n<ul>\n<li><strong>Personnalisation du LOGO<\/strong>Les produits de la marque sont disponibles en plusieurs versions : impression de rubans, marquage \u00e0 chaud de bo\u00eetes, gravure au laser et autres proc\u00e9d\u00e9s pour r\u00e9pondre aux besoins de personnalisation de la marque ;<\/li>\n<li><strong>\u00c9preuve rapide<\/strong>D\u00e9lai de production : 2 \u00e0 3 jours pour la production d'\u00e9chantillons, 7 \u00e0 14 jours pour la production de lots, rythme de vente flexible et adapt\u00e9 ;<\/li>\n<li><strong>Adaptation au niveau mondial<\/strong>: Conforme aux normes europ\u00e9ennes et am\u00e9ricaines de protection de l'environnement (pas de rev\u00eatement en m\u00e9taux lourds, mat\u00e9riaux recyclables), adapt\u00e9 \u00e0 l'exportation transfrontali\u00e8re.<\/li>\n<\/ul>\n<h2 id=\"-conclusion-\"><strong>Conclusion<\/strong><\/h2>\n<p>Cette bo\u00eete d'emballage pour bijoux \u00e0 couvercle sup\u00e9rieur et inf\u00e9rieur, dont l'esth\u00e9tique minimaliste et les fonctions pratiques constituent le c\u0153ur, am\u00e9liore consid\u00e9rablement la comp\u00e9titivit\u00e9 des produits de bijouterie sur le march\u00e9, de la vision \u00e0 la valeur de la marque en passant par le toucher. Qu'il s'agisse d'un emballage sp\u00e9cifique \u00e0 une marque ou d'un cadeau ind\u00e9pendant, il peut devenir synonyme d'\"exquisit\u00e9 et de qualit\u00e9\" dans le c\u0153ur des consommateurs. Nous vous invitons sinc\u00e8rement \u00e0 coop\u00e9rer et \u00e0 atteindre l'apog\u00e9e de la marque avec des d\u00e9tails !<\/p>","protected":false},"excerpt":{"rendered":"<p>Le corps de la bo\u00eete est beige et or clair avec un ruban rouge, ce qui est classique, \u00e9l\u00e9gant et accrocheur. La forme minimaliste convient \u00e0 diverses cat\u00e9gories de bijoux, tels que les colliers, les bracelets et les boucles d'oreilles.<\/p>","protected":false},"featured_media":653,"template":"","meta":{"_kad_post_transparent":"default","_kad_post_title":"","_kad_post_layout":"default","_kad_post_sidebar_id":"","_kad_post_content_style":"default","_kad_post_vertical_padding":"default","_kad_post_feature":"","_kad_post_feature_position":"","_kad_post_header":false,"_kad_post_footer":false,"_kad_post_classname":""},"product_brand":[],"product_cat":[15,19,17],"product_tag":[227,228,229],"class_list":{"0":"post-652","1":"product","2":"type-product","3":"status-publish","4":"has-post-thumbnail","6":"product_cat-red-light-therapy","7":"product_cat-red-light-therapy-stand","8":"product_cat-services","9":"product_tag-custom-bracelets-packaging-boxes","10":"product_tag-necklace-packaging-boxes-wholesale","11":"product_tag-ribbon-jewelry-boxes","13":"first","14":"instock","15":"shipping-taxable","16":"product-type-simple","17":"entry","18":"content-bg","19":"loop-entry"},"_links":{"self":[{"href":"https:\/\/red-lighttherapy.com\/fr_fr\/wp-json\/wp\/v2\/product\/652","targetHints":{"allow":["GET"]}}],"collection":[{"href":"https:\/\/red-lighttherapy.com\/fr_fr\/wp-json\/wp\/v2\/product"}],"about":[{"href":"https:\/\/red-lighttherapy.com\/fr_fr\/wp-json\/wp\/v2\/types\/product"}],"wp:featuredmedia":[{"embeddable":true,"href":"https:\/\/red-lighttherapy.com\/fr_fr\/wp-json\/wp\/v2\/media\/653"}],"wp:attachment":[{"href":"https:\/\/red-lighttherapy.com\/fr_fr\/wp-json\/wp\/v2\/media?parent=652"}],"wp:term":[{"taxonomy":"product_brand","embeddable":true,"href":"https:\/\/red-lighttherapy.com\/fr_fr\/wp-json\/wp\/v2\/product_brand?post=652"},{"taxonomy":"product_cat","embeddable":true,"href":"https:\/\/red-lighttherapy.com\/fr_fr\/wp-json\/wp\/v2\/product_cat?post=652"},{"taxonomy":"product_tag","embeddable":true,"href":"https:\/\/red-lighttherapy.com\/fr_fr\/wp-json\/wp\/v2\/product_tag?post=652"}],"curies":[{"name":"wp","href":"https:\/\/api.w.org\/{rel}","templated":true}]}}