{"id":646,"date":"2025-04-14T03:00:46","date_gmt":"2025-04-14T03:00:46","guid":{"rendered":"https:\/\/red-lighttherapy.com\/?post_type=product&#038;p=646"},"modified":"2025-04-14T03:14:46","modified_gmt":"2025-04-14T03:14:46","slug":"wholesale-custom-luxury-round-shaped-perfume-with-insert","status":"publish","type":"product","link":"https:\/\/red-lighttherapy.com\/fr_fr\/wholesale-custom-luxury-round-shaped-perfume-with-insert\/","title":{"rendered":"Vente en gros de parfums de luxe en forme ronde avec insert"},"content":{"rendered":"<h2 id=\"-product-description-of-customized-luxury-round-perfume-box-\"><strong>Description du produit de la bo\u00eete \u00e0 parfum ronde de luxe personnalis\u00e9e<\/strong><\/h2>\n<p>Combinant la tendance esth\u00e9tique et les besoins pratiques de l'emballage des parfums haut de gamme, voici une description d\u00e9taill\u00e9e de la conception d'une bo\u00eete \u00e0 parfum ronde personnalis\u00e9e, qui allie art et fonctionnalit\u00e9 pour r\u00e9pondre au positionnement diff\u00e9renci\u00e9 de la marque :<\/p>\n<h2 id=\"1-ingenious-structural-design-combination-of-geometric-aesthetics-and-ergonomics-\">1.\u00a0<strong>Conception structurelle ing\u00e9nieuse : Combinaison de l'esth\u00e9tique g\u00e9om\u00e9trique et de l'ergonomie<\/strong><\/h2>\n<ul>\n<li><strong>Forme cylindrique sym\u00e9trique<\/strong>: Le corps cylindrique et le couvercle rond adoptent la diff\u00e9rence de hauteur du nombre d'or (par exemple, hauteur du cylindre 12 cm \/ hauteur du couvercle 3 cm), formant un sens visuel d'\u00e9quilibre, la surface sup\u00e9rieure l\u00e9g\u00e8rement convexe en arc et l'\u00e9cho de la ligne inf\u00e9rieure vers l'int\u00e9rieur, refl\u00e9tant l'esth\u00e9tique minimaliste.<\/li>\n<li><strong>Confort de prise en main optimis\u00e9<\/strong>: Le corps cylindrique adopte un arc de 5,5 cm de diam\u00e8tre, qui s'adapte \u00e0 la courbe des paumes des femmes asiatiques. Il est stable \u00e0 tenir d'une seule main, et l'ouverture et la fermeture sont fluides et sans r\u00e9sistance, ce qui am\u00e9liore l'exp\u00e9rience de l'utilisateur.<\/li>\n<\/ul>\n<h2 id=\"2-inner-lining-material-and-protective-function-technology-empowers-quality-assurance-\">2.\u00a0<strong>Mat\u00e9riau de la doublure int\u00e9rieure et fonction de protection : La technologie renforce l'assurance qualit\u00e9<\/strong><\/h2>\n<ul>\n<li><strong>Couche int\u00e9rieure anti-p\u00e9n\u00e9tration<\/strong>: L'int\u00e9rieur du baril est recouvert d'un rev\u00eatement PE de qualit\u00e9 alimentaire gris clair (\u00e9paisseur 0,8 mm), lisse et sans couture, qui isole efficacement la p\u00e9n\u00e9tration des liquides et emp\u00eache le parfum de se volatiliser ou de fuir. En m\u00eame temps, la conception anti-ultraviolets prolonge la dur\u00e9e de conservation du parfum.<\/li>\n<li><strong>Paroi ext\u00e9rieure en papier couch\u00e9 respectueux de l'environnement<\/strong>: La couche ext\u00e9rieure utilise un papier couch\u00e9 haute densit\u00e9 de 450g\/m\u00b2, avec un film mat sur la surface, qui a un toucher d\u00e9licat et r\u00e9siste aux rayures. Il est conforme \u00e0 la certification environnementale FSC et peut \u00eatre ouvert et ferm\u00e9 plus de 500 fois sans d\u00e9formation.<\/li>\n<\/ul>\n<h2 id=\"3-artistic-design-language-floral-elements-interpret-the-brand-story-\">3.\u00a0<strong>Langage de conception artistique : Les \u00e9l\u00e9ments floraux interpr\u00e8tent l'histoire de la marque<\/strong><\/h2>\n<ul>\n<li><strong>Artisanat en relief tridimensionnel<\/strong>: Le corps de la bo\u00eete est bas\u00e9 sur le syst\u00e8me de couleurs et utilise la technologie de marquage \u00e0 chaud + relief UV pour pr\u00e9senter des branches florales et des motifs de fruits (tels que le muguet, la rose, etc.). La pr\u00e9cision des veines des branches et des feuilles atteint 0,1 mm, et le tout est assorti \u00e0 un fond de texture mate pour cr\u00e9er une atmosph\u00e8re fra\u00eeche et litt\u00e9raire.<\/li>\n<li><strong>Conception de th\u00e8mes \u00e0 versions multiples<\/strong>: Fournir des s\u00e9ries telles que \"Four Seasons Flower Language\" et \"Secret Garden\". La version printani\u00e8re est principalement bas\u00e9e sur les lignes dynamiques de la chute des fleurs de cerisier, et la version hivernale incorpore la technologie de la sculpture du cristal des flocons de neige pour am\u00e9liorer la valeur de la collection et l'adaptabilit\u00e9 de la sc\u00e8ne.<\/li>\n<\/ul>\n<h2 id=\"iv-brand-logo-system-strengthen-visual-unity-\">4. <strong>Syst\u00e8me de logo de marque : Renforcer l'unit\u00e9 visuelle<\/strong><\/h2>\n<ul>\n<li><strong>Logo int\u00e9gr\u00e9 de la marque<\/strong>: Le LOGO de la marque peut \u00eatre grav\u00e9 au laser au centre de la partie sup\u00e9rieure du bouchon (impression \u00e0 chaud sur feuille m\u00e9tallique ou impression 3D en relief), et une zone de logo de 10 cm \u00d7 3 cm est r\u00e9serv\u00e9e sur le c\u00f4t\u00e9 du baril, permettant la personnalisation du code QR\/du slogan de la marque pour associer l'image de la marque.<\/li>\n<li><strong>Soutenir l'extension visuelle<\/strong>: Fournir la m\u00eame s\u00e9rie de sacs cadeaux, de rubans et de cartes de v\u0153ux, les \u00e9l\u00e9ments du motif sont coh\u00e9rents avec la bo\u00eete principale, formant ainsi un syst\u00e8me visuel complet de la marque.<\/li>\n<\/ul>\n<h2 id=\"v-customized-production-service-advantages-of-china-s-source-factory-\">5. <strong>Service de production personnalis\u00e9 : Avantages de l'usine chinoise<\/strong><\/h2>\n<ul>\n<li><strong>Plan de personnalisation flexible<\/strong>: Nous prenons en charge les commandes \u00e0 partir de 500 pi\u00e8ces, nous fournissons des ajustements personnalis\u00e9s tels que la taille (diam\u00e8tre de 5 \u00e0 15 cm), la couleur (correspondance pr\u00e9cise avec la carte de couleurs Pantone), la partition de la doublure (couche de partition multi-bouteilles), etc., et nous fournissons une \u00e9preuve rapide et une livraison sous 15 jours.<\/li>\n<li><strong>Syst\u00e8me de contr\u00f4le de la qualit\u00e9<\/strong>: Certifi\u00e9 ISO 9001, il utilise des machines de d\u00e9coupe enti\u00e8rement automatiques et des lignes d'inspection de la qualit\u00e9 pour garantir que l'erreur du corps de la bo\u00eete est \u22640,2mm et que le taux de rupture est inf\u00e9rieur \u00e0 0,5%.<\/li>\n<\/ul>\n<h2 id=\"vi-application-scenarios-and-added-value-\">6. <strong>Sc\u00e9narios d'application et valeur ajout\u00e9e<\/strong><\/h2>\n<ul>\n<li><strong>Adaptation multi-sc\u00e9narios<\/strong>: La version classique convient aux pr\u00e9sentoirs de comptoir, l'\u00e9dition limit\u00e9e pour les f\u00eates de fin d'ann\u00e9e peut \u00eatre associ\u00e9e \u00e0 un coffret cadeau (comme la version dor\u00e9e \u00e0 chaud), et la version personnalis\u00e9e pour les entreprises peut incorporer des \u00e9l\u00e9ments de propri\u00e9t\u00e9 intellectuelle co-marqu\u00e9s afin d'\u00e9largir le march\u00e9 des cadeaux d'affaires.<\/li>\n<li><strong>Utilisation durable<\/strong>: La bo\u00eete vide peut \u00eatre utilis\u00e9e pour ranger des bijoux ou d\u00e9corer la maison, et la doublure peut \u00eatre remplac\u00e9e par une couche de flanelle pour prolonger le cycle de vie du produit et r\u00e9pondre \u00e0 la tendance d'une consommation respectueuse de l'environnement.<\/li>\n<\/ul>\n<p><strong>R\u00e9sum\u00e9<\/strong>: Ce coffret de parfum rond s'appuie sur le double principe de l'art et de la fonction. Gr\u00e2ce \u00e0 une structure pr\u00e9cise, \u00e0 des mat\u00e9riaux respectueux de l'environnement, \u00e0 un design personnalis\u00e9 et aux avantages de la Chine en mati\u00e8re de fabrication, il r\u00e9pond aux besoins des marques de parfum haut de gamme en mati\u00e8re d'esth\u00e9tique d'emballage, de qualit\u00e9 et de valeur de la marque. Le mod\u00e8le de fourniture directe \u00e0 l'usine r\u00e9duit encore les co\u00fbts et aide les clients \u00e0 s'emparer de la part de march\u00e9 du luxe.<\/p>","protected":false},"excerpt":{"rendered":"<p>La combinaison du corps cylindrique et du couvercle rond de cette bo\u00eete d'emballage cylindrique est simple et sym\u00e9trique, et la diff\u00e9rence de hauteur cr\u00e9e un \u00e9quilibre visuel. L'int\u00e9rieur du corps du cylindre est fait d'un mat\u00e9riau lisse gris clair pour prot\u00e9ger le parfum liquide de la p\u00e9n\u00e9tration. Le design de la bo\u00eete donne une impression de fra\u00eecheur et de litt\u00e9rature, ce qui correspond au positionnement des parfums haut de gamme.<\/p>","protected":false},"featured_media":647,"template":"","meta":{"_kad_post_transparent":"default","_kad_post_title":"","_kad_post_layout":"default","_kad_post_sidebar_id":"","_kad_post_content_style":"default","_kad_post_vertical_padding":"default","_kad_post_feature":"","_kad_post_feature_position":"","_kad_post_header":false,"_kad_post_footer":false,"_kad_post_classname":""},"product_brand":[],"product_cat":[15,17],"product_tag":[224,225,226],"class_list":{"0":"post-646","1":"product","2":"type-product","3":"status-publish","4":"has-post-thumbnail","6":"product_cat-red-light-therapy","7":"product_cat-services","8":"product_tag-custom-perfume-box","9":"product_tag-elegant-perfume-packaging-boxes","10":"product_tag-perfume-packaging-round-box","12":"first","13":"instock","14":"shipping-taxable","15":"product-type-simple","16":"entry","17":"content-bg","18":"loop-entry"},"_links":{"self":[{"href":"https:\/\/red-lighttherapy.com\/fr_fr\/wp-json\/wp\/v2\/product\/646","targetHints":{"allow":["GET"]}}],"collection":[{"href":"https:\/\/red-lighttherapy.com\/fr_fr\/wp-json\/wp\/v2\/product"}],"about":[{"href":"https:\/\/red-lighttherapy.com\/fr_fr\/wp-json\/wp\/v2\/types\/product"}],"wp:featuredmedia":[{"embeddable":true,"href":"https:\/\/red-lighttherapy.com\/fr_fr\/wp-json\/wp\/v2\/media\/647"}],"wp:attachment":[{"href":"https:\/\/red-lighttherapy.com\/fr_fr\/wp-json\/wp\/v2\/media?parent=646"}],"wp:term":[{"taxonomy":"product_brand","embeddable":true,"href":"https:\/\/red-lighttherapy.com\/fr_fr\/wp-json\/wp\/v2\/product_brand?post=646"},{"taxonomy":"product_cat","embeddable":true,"href":"https:\/\/red-lighttherapy.com\/fr_fr\/wp-json\/wp\/v2\/product_cat?post=646"},{"taxonomy":"product_tag","embeddable":true,"href":"https:\/\/red-lighttherapy.com\/fr_fr\/wp-json\/wp\/v2\/product_tag?post=646"}],"curies":[{"name":"wp","href":"https:\/\/api.w.org\/{rel}","templated":true}]}}