{"id":640,"date":"2025-04-13T08:49:20","date_gmt":"2025-04-13T08:49:20","guid":{"rendered":"https:\/\/red-lighttherapy.com\/?post_type=product&#038;p=640"},"modified":"2025-04-20T06:02:06","modified_gmt":"2025-04-20T06:02:06","slug":"custom-bath-soap-sleeve-slide-drawer-boxes-wholesale","status":"publish","type":"product","link":"https:\/\/red-lighttherapy.com\/fr_fr\/custom-bath-soap-sleeve-slide-drawer-boxes-wholesale\/","title":{"rendered":"Bo\u00eetes \u00e0 savon et bo\u00eetes \u00e0 tiroirs personnalis\u00e9es Wholesale"},"content":{"rendered":"<h2 id=\"customized-bath-soap-box-and-sliding-drawer-box-wholesale-product-description\">Bo\u00eete \u00e0 savon et bo\u00eete \u00e0 tiroirs coulissants personnalis\u00e9e Description du produit<\/h2>\n<h2 id=\"1-convenient-pull-out-opening-and-closing-\">1.\u00a0<strong>Ouverture et fermeture pratiques des bo\u00eetes \u00e0 papier \u00e0 tiroir<\/strong><\/h2>\n<p>La courroie des bo\u00eetes \u00e0 papier du tiroir est int\u00e9gr\u00e9e dans un mat\u00e9riau en silicone bleu fonc\u00e9 r\u00e9sistant \u00e0 l'usure, qui glisse en douceur sans se bloquer, ce qui convient aux environnements humides tels que les salles de bains et les cuisines. Le rail du tiroir adopte une technologie de glissement silencieuse pour garantir un processus de traction et d'extraction souple et durable.<\/p>\n<h2 id=\"2-internal-partition-and-buffer-protection-\">2.\u00a0<strong>Partition interne et protection de la m\u00e9moire tampon<\/strong><\/h2>\n<ul>\n<li><strong>Conception de la cloison anti-collision<\/strong>: Des cloisons r\u00e9glables sont plac\u00e9es \u00e0 l'int\u00e9rieur pour s'adapter aux savons ou articles de toilette de diff\u00e9rentes tailles afin d'\u00e9viter les collisions et l'usure des articles.<\/li>\n<li><strong>Papier d\u00e9chiquet\u00e9 + raphia double tampon<\/strong>: Le fond est recouvert d'une doublure en raphia naturel, souple et \u00e9lastique, qui absorbe efficacement les vibrations pendant le transport ou le d\u00e9placement ; du papier d\u00e9chiquet\u00e9 remplit les interstices pour renforcer la protection.<\/li>\n<\/ul>\n<h2 id=\"3-environmentally-friendly-materials-and-durability-\">3.\u00a0<strong>Mat\u00e9riaux respectueux de l'environnement et durabilit\u00e9<\/strong><\/h2>\n<ul>\n<li><strong>Corps de la bo\u00eete en papier couch\u00e9<\/strong>: Un papier couch\u00e9 \u00e9pais est utilis\u00e9, et la surface est recouverte d'un film mat respectueux de l'environnement, qui est imperm\u00e9able et r\u00e9sistant \u00e0 l'humidit\u00e9, avec une forte r\u00e9sistance \u00e0 la d\u00e9chirure, et peut \u00eatre r\u00e9utilis\u00e9 pour stocker des cosm\u00e9tiques, des articles de papeterie et d'autres sc\u00e8nes.<\/li>\n<li><strong>Structure de renforcement personnalisable<\/strong>: Pour les besoins de stockage d'objets lourds, il est possible de passer \u00e0 un processus composite de papier couch\u00e9 double couche pour augmenter la capacit\u00e9 de charge \u00e0 5 kg.<\/li>\n<\/ul>\n<h2 id=\"4-appearance-customization-\">4.\u00a0<strong>Personnalisation de l'apparence<\/strong><\/h2>\n<ul>\n<li><strong>Motifs et couleurs<\/strong>: Le motif paisley peut \u00eatre remplac\u00e9 par des motifs personnalis\u00e9s tels que la g\u00e9om\u00e9trie et les plantes.<\/li>\n<li><strong>Logo de la marque<\/strong>: Elle propose le marquage \u00e0 chaud, le gaufrage UV, la s\u00e9rigraphie et d'autres proc\u00e9d\u00e9s, et peut imprimer le LOGO de l'entreprise ou des slogans personnalis\u00e9s.<\/li>\n<\/ul>\n<h2 id=\"5-function-adjustment-\">5.\u00a0<strong>R\u00e9glage de la fonction<\/strong><\/h2>\n<ul>\n<li><strong>Taille flexible<\/strong>: Permet une personnalisation compl\u00e8te des mod\u00e8les portables miniatures (11,5<em>8cm) \u00e0 des combinaisons de tiroirs \u00e0 plusieurs niveaux (40<\/em>30cm).<\/li>\n<li><strong>S\u00e9lection de la doublure<\/strong>: En plus du raphia, il peut \u00eatre remplac\u00e9 par de l'EVA, du coton perl\u00e9 et d'autres mat\u00e9riaux pour r\u00e9pondre aux diff\u00e9rents besoins en mati\u00e8re de protection contre les chocs.<\/li>\n<\/ul>\n<h2 id=\"6-applicable-scenarios-and-advantages-\">6.\u00a0<strong>Sc\u00e9narios d'application et avantages<\/strong><\/h2>\n<ul>\n<li><strong>Sc\u00e9narios domestiques et commerciaux<\/strong>: Applicable aux bo\u00eetes \u00e0 savon pour la salle de bains, \u00e0 l'emballage des articles de toilette dans les h\u00f4tels, \u00e0 la personnalisation des bo\u00eetes-cadeaux, etc.<\/li>\n<li><strong>Protection de l'environnement et rentabilit\u00e9<\/strong>: Le mat\u00e9riau est conforme aux normes RoHS et SGS. Une seule bo\u00eete peut \u00eatre r\u00e9utilis\u00e9e pendant plus de trois ans, ce qui permet de r\u00e9duire les d\u00e9chets d'emballage.<\/li>\n<\/ul>","protected":false},"excerpt":{"rendered":"<p>Le corps de la bo\u00eete est de couleur vert clair et bleu-vert, avec un motif cachemire r\u00e9tro blanc, ce qui donne un effet visuel frais et \u00e9l\u00e9gant. L'anneau de traction bleu fonc\u00e9 forme un contraste de couleur avec le corps de la bo\u00eete, mettant en valeur la superposition du design.<\/p>","protected":false},"featured_media":643,"template":"","meta":{"_kad_post_transparent":"default","_kad_post_title":"","_kad_post_layout":"default","_kad_post_sidebar_id":"","_kad_post_content_style":"default","_kad_post_vertical_padding":"default","_kad_post_feature":"","_kad_post_feature_position":"","_kad_post_header":false,"_kad_post_footer":false,"_kad_post_classname":""},"product_brand":[],"product_cat":[15,28,20,17],"product_tag":[222,221,223],"class_list":{"0":"post-640","1":"product","2":"type-product","3":"status-publish","4":"has-post-thumbnail","6":"product_cat-red-light-therapy","7":"product_cat-customize","8":"product_cat-led-face-light-therapy","9":"product_cat-services","10":"product_tag-bath-soap-slide-drawer-boxes","11":"product_tag-custom-soap-boxes","12":"product_tag-soap-boxes-wholesale","14":"first","15":"instock","16":"shipping-taxable","17":"product-type-simple","18":"entry","19":"content-bg","20":"loop-entry"},"_links":{"self":[{"href":"https:\/\/red-lighttherapy.com\/fr_fr\/wp-json\/wp\/v2\/product\/640","targetHints":{"allow":["GET"]}}],"collection":[{"href":"https:\/\/red-lighttherapy.com\/fr_fr\/wp-json\/wp\/v2\/product"}],"about":[{"href":"https:\/\/red-lighttherapy.com\/fr_fr\/wp-json\/wp\/v2\/types\/product"}],"wp:featuredmedia":[{"embeddable":true,"href":"https:\/\/red-lighttherapy.com\/fr_fr\/wp-json\/wp\/v2\/media\/643"}],"wp:attachment":[{"href":"https:\/\/red-lighttherapy.com\/fr_fr\/wp-json\/wp\/v2\/media?parent=640"}],"wp:term":[{"taxonomy":"product_brand","embeddable":true,"href":"https:\/\/red-lighttherapy.com\/fr_fr\/wp-json\/wp\/v2\/product_brand?post=640"},{"taxonomy":"product_cat","embeddable":true,"href":"https:\/\/red-lighttherapy.com\/fr_fr\/wp-json\/wp\/v2\/product_cat?post=640"},{"taxonomy":"product_tag","embeddable":true,"href":"https:\/\/red-lighttherapy.com\/fr_fr\/wp-json\/wp\/v2\/product_tag?post=640"}],"curies":[{"name":"wp","href":"https:\/\/api.w.org\/{rel}","templated":true}]}}