{"id":634,"date":"2025-04-13T08:18:35","date_gmt":"2025-04-13T08:18:35","guid":{"rendered":"https:\/\/red-lighttherapy.com\/?post_type=product&#038;p=634"},"modified":"2025-04-13T08:47:17","modified_gmt":"2025-04-13T08:47:17","slug":"luxury-foldable-shopping-paper-bags-for-apparel-cosmetic","status":"publish","type":"product","link":"https:\/\/red-lighttherapy.com\/fr_fr\/luxury-foldable-shopping-paper-bags-for-apparel-cosmetic\/","title":{"rendered":"Sacs en papier pliables de luxe pour v\u00eatements et cosm\u00e9tiques"},"content":{"rendered":"<h2 id=\"1-shopping-paper-bags-\">1.\u00a0<strong>Sacs en papier pour les achats<\/strong><\/h2>\n<p>Con\u00e7us pour des sc\u00e9narios de vente au d\u00e9tail haut de gamme, les sacs en papier sont fabriqu\u00e9s en papier \u00e9pais respectueux de l'environnement et certifi\u00e9 FSC (poids de 200 \u00e0 450 g). Ils peuvent \u00eatre personnalis\u00e9s en structures rectangulaires, hexagonales ou de forme sp\u00e9ciale, adapt\u00e9es \u00e0 la pr\u00e9sentation de l'image de marque des v\u00eatements, des produits cosm\u00e9tiques et d'autres marchandises. La surface du sac en papier peut \u00eatre int\u00e9gr\u00e9e au logo de la marque par estampage \u00e0 chaud, gaufrage et autres proc\u00e9d\u00e9s, et prend en charge la technologie de codage anti-contrefa\u00e7on int\u00e9gr\u00e9e.<\/p>\n<h2 id=\"2-foldable-and-flat-shipping-\">2.\u00a0<strong>Exp\u00e9dition pliable et \u00e0 plat<\/strong><\/h2>\n<p>Adoptant une structure tubulaire pliante, l'\u00e9paisseur apr\u00e8s pliage n'est que de 1 \u00e0 2 mm, ce qui permet d'empiler des milliers de pi\u00e8ces d'emballage et de r\u00e9duire les co\u00fbts de transport de plus de 70%. Les principaux mod\u00e8les sont les suivants :<\/p>\n<h2 id=\"3-hot-stamping-process-\">3. Or h<strong>Processus d'estampage de la feuille d'aluminium<\/strong><\/h2>\n<p>L'adoption de la feuille d'or allemande Kurz pour l'estampage \u00e0 chaud, combin\u00e9e \u00e0 un moule de haute pr\u00e9cision de \u22640,1 mm, permet d'obtenir un effet de relief tridimensionnel. Les innovations technologiques comprennent :<\/p>\n<ul>\n<li><strong>Technologie de recouvrement double couleur<\/strong>: or miroir + or givr\u00e9 superpos\u00e9s en marquage \u00e0 chaud pour am\u00e9liorer l'aspect visuel de la superposition ;<\/li>\n<li><strong>Micro-gravure anti-contrefa\u00e7on<\/strong>Code de la micro-marque int\u00e9gr\u00e9 ;<\/li>\n<li><strong>Certification environnementale<\/strong>Les produits de l'UE sont conformes \u00e0 la directive REACH : ils utilisent des adh\u00e9sifs \u00e0 base d'eau et passent le test de migration des m\u00e9taux lourds de SGS, conform\u00e9ment aux normes REACH de l'UE.<\/li>\n<\/ul>\n<h2 id=\"4-ribbon-handle-\">4.\u00a0<strong>Poign\u00e9e en ruban<\/strong><\/h2>\n<p>La poign\u00e9e est fabriqu\u00e9e en polyester tiss\u00e9 haute densit\u00e9 ou en coton et lin m\u00e9lang\u00e9s, la largeur peut \u00eatre personnalis\u00e9e entre 8 et 15 mm, et la capacit\u00e9 de charge peut atteindre 8 kg. Les proc\u00e9d\u00e9s innovants sont les suivants :<\/p>\n<ul>\n<li><strong>Fixation par pressage \u00e0 chaud int\u00e9gr\u00e9e<\/strong>La structure pr\u00e9cise de la charni\u00e8re de l'\u00e9cran pliable Sanlipu permet d'\u00e9viter le probl\u00e8me de la d\u00e9chirure du poin\u00e7onnage traditionnel ;<\/li>\n<li><strong>Conception multifonctionnelle<\/strong>Les rubans peuvent \u00eatre utilis\u00e9s pour la r\u00e9alisation d'\u00e9tiquettes de marque, de glands ou d'attaches magn\u00e9tiques \u00e0 l'extr\u00e9mit\u00e9 du ruban, ce qui convient aux coffrets cadeaux de luxe. Par exemple, les marques de v\u00eatements utilisent souvent des rubans \u00e9largis pour am\u00e9liorer le confort de prise en main.<\/li>\n<\/ul>\n<h2 id=\"5-highly-customized-service-\">5.\u00a0<strong>Un service hautement personnalis\u00e9<\/strong><\/h2>\n<p>Fournir des solutions de personnalisation compl\u00e8tes et flexibles :<\/p>\n<ul>\n<li><strong>Adaptation fonctionnelle<\/strong>: Les sacs \u00e0 v\u00eatements sont dot\u00e9s de crochets de suspension int\u00e9gr\u00e9s et les bo\u00eetes \u00e0 cosm\u00e9tiques sont con\u00e7ues avec des fentes ind\u00e9pendantes pour la doublure ;<\/li>\n<li><strong>Combinaison de proc\u00e9d\u00e9s<\/strong>: Prise en charge de 12 processus tels que l'impression Pantone en tons directs + l'UV local + l'\u00e9vidage au laser, comme la conception de la surface AB des sacs en papier cobrand\u00e9s par Disney ;<\/li>\n<li><strong>R\u00e9ponse rapide<\/strong>Le syst\u00e8me de gestion de l'information de l'entreprise : cycle d'\u00e9preuvage de 72 heures, commande minimale de 500 pi\u00e8ces, adaptation aux besoins d'\u00e9dition limit\u00e9e des magasins \u00e9ph\u00e9m\u00e8res.<\/li>\n<\/ul>\n<h2 id=\"6-surface-lamination-\">6.\u00a0<strong>Stratification de la surface<\/strong><\/h2>\n<p>Adopter la technologie de pelliculage mat ou brillant \u00e0 base d'eau pour obtenir une triple am\u00e9lioration des performances :<\/p>\n<ul>\n<li><strong>Protection<\/strong>: Surface \u00e9tanche aux \u00e9claboussures de niveau IPX4, r\u00e9sistante \u00e0 une diff\u00e9rence de temp\u00e9rature de -20\u2103 \u00e0 50\u2103 ;<\/li>\n<li><strong>Optimisation du toucher<\/strong>: Rev\u00eatement mat semblable \u00e0 la peau, a pass\u00e9 avec succ\u00e8s le test d'usure de 5000 Martindale ;<\/li>\n<li><strong>Compatibilit\u00e9 avec l'environnement<\/strong>: Le mat\u00e9riau de stratification est recyclable et d\u00e9gradable, ce qui r\u00e9pond aux exigences du \"Plastic Restriction Order\" de la Chine.<\/li>\n<\/ul>\n<h2 id=\"7-pink-main-color-design-\">7.\u00a0<strong>Couleur principale rose<\/strong><\/h2>\n<p>Le choix s'est port\u00e9 sur le Pantone 13-2805 TCX ballet pink, dont la psychologie des couleurs a d\u00e9montr\u00e9 qu'il augmentait le d\u00e9sir d'achat de 73% des consommatrices. La palette de couleurs comprend :<\/p>\n<ul>\n<li><strong>Correspondance des couleurs<\/strong>: Marquage \u00e0 chaud or champagne + ruban blanc perle pour cr\u00e9er une atmosph\u00e8re l\u00e9g\u00e8re et luxueuse ;<\/li>\n<li><strong>Sch\u00e9ma de couleurs contrast\u00e9es<\/strong>: Les poign\u00e9es bleu brumeux\/vert menthe conviennent aux marques tendance de la g\u00e9n\u00e9ration Z. Par exemple, la s\u00e9rie printemps-\u00e9t\u00e9 2025 de Chanel utilise un satin rose glac\u00e9 et des bordures argent\u00e9es au design contrast\u00e9.<\/li>\n<\/ul>\n<h2 id=\"8-advantages-of-chinese-source-manufacturers-\">8.\u00a0<strong>Avantages des fabricants chinois<\/strong><\/h2>\n<p>Des entreprises de premier plan telles que Nanwang Technology et Mingdai Paper Products ont<\/p>\n<ul>\n<li><strong>Garantie de capacit\u00e9<\/strong>: 12 lignes de production enti\u00e8rement automatiques, si la capacit\u00e9 de production d\u00e9passe 20 millions de pi\u00e8ces ;<\/li>\n<li><strong>Certification de conformit\u00e9<\/strong>: D\u00e9tenir les certifications ISO 14001 et Sedex en mati\u00e8re de responsabilit\u00e9 sociale, conform\u00e9ment aux normes europ\u00e9ennes et am\u00e9ricaines d'acc\u00e8s aux marques ;<\/li>\n<li><strong>Obstacles techniques<\/strong>: D\u00e9veloppement ind\u00e9pendant d'une technologie de fabrication de sacs de tr\u00e8s grand format, monopolisant 30% du march\u00e9 cor\u00e9en des sacs en papier pour l'habillement.<\/li>\n<\/ul>","protected":false},"excerpt":{"rendered":"<p>Notre sac en papier d'emballage peut \u00eatre pli\u00e9 et mis \u00e0 plat pour l'exp\u00e9dition afin de r\u00e9duire les co\u00fbts de transport. Il est optimis\u00e9 par des lignes de pr\u00e9indentation pour garantir qu'il reste inchang\u00e9 apr\u00e8s le d\u00e9pliage, et le processus d'estampage \u00e0 chaud sur la surface am\u00e9liore l'aspect visuel de la stratification.<\/p>","protected":false},"featured_media":638,"template":"","meta":{"_kad_post_transparent":"default","_kad_post_title":"","_kad_post_layout":"default","_kad_post_sidebar_id":"","_kad_post_content_style":"default","_kad_post_vertical_padding":"default","_kad_post_feature":"","_kad_post_feature_position":"","_kad_post_header":false,"_kad_post_footer":false,"_kad_post_classname":""},"product_brand":[],"product_cat":[15,28,30,17],"product_tag":[220,218,219],"class_list":{"0":"post-634","1":"product","2":"type-product","3":"status-publish","4":"has-post-thumbnail","6":"product_cat-red-light-therapy","7":"product_cat-customize","8":"product_cat-dropshipping","9":"product_cat-services","10":"product_tag-luxury-apparel-cosmetic-paper-bags","11":"product_tag-shopping-paper-bags-for-apparel","12":"product_tag-shopping-paper-bags-for-cosmetic","14":"first","15":"instock","16":"shipping-taxable","17":"product-type-simple","18":"entry","19":"content-bg","20":"loop-entry"},"_links":{"self":[{"href":"https:\/\/red-lighttherapy.com\/fr_fr\/wp-json\/wp\/v2\/product\/634","targetHints":{"allow":["GET"]}}],"collection":[{"href":"https:\/\/red-lighttherapy.com\/fr_fr\/wp-json\/wp\/v2\/product"}],"about":[{"href":"https:\/\/red-lighttherapy.com\/fr_fr\/wp-json\/wp\/v2\/types\/product"}],"wp:featuredmedia":[{"embeddable":true,"href":"https:\/\/red-lighttherapy.com\/fr_fr\/wp-json\/wp\/v2\/media\/638"}],"wp:attachment":[{"href":"https:\/\/red-lighttherapy.com\/fr_fr\/wp-json\/wp\/v2\/media?parent=634"}],"wp:term":[{"taxonomy":"product_brand","embeddable":true,"href":"https:\/\/red-lighttherapy.com\/fr_fr\/wp-json\/wp\/v2\/product_brand?post=634"},{"taxonomy":"product_cat","embeddable":true,"href":"https:\/\/red-lighttherapy.com\/fr_fr\/wp-json\/wp\/v2\/product_cat?post=634"},{"taxonomy":"product_tag","embeddable":true,"href":"https:\/\/red-lighttherapy.com\/fr_fr\/wp-json\/wp\/v2\/product_tag?post=634"}],"curies":[{"name":"wp","href":"https:\/\/api.w.org\/{rel}","templated":true}]}}