{"id":628,"date":"2025-04-13T07:49:49","date_gmt":"2025-04-13T07:49:49","guid":{"rendered":"https:\/\/red-lighttherapy.com\/?post_type=product&#038;p=628"},"modified":"2025-04-13T08:18:26","modified_gmt":"2025-04-13T08:18:26","slug":"custom-printed-vape-pen-cartridge-packaging-box-manufacturer","status":"publish","type":"product","link":"https:\/\/red-lighttherapy.com\/fr_fr\/custom-printed-vape-pen-cartridge-packaging-box-manufacturer\/","title":{"rendered":"Bo\u00eete d'emballage de cartouches de stylo \u00e0 vapeur imprim\u00e9e sur mesure"},"content":{"rendered":"<h2 id=\"16-years-of-craftsmanship-to-create-a-child-resistant-child-resistant-e-cigarette-pen-ink-cartridge-packaging-solution\">Bo\u00eete d'emballage de cartouches de stylo \u00e0 vapeur imprim\u00e9e sur mesure Fabricant de solutions d'emballage<\/h2>\n<h2><strong>1. R\u00e9sistance aux enfants <\/strong><strong>Conception<\/strong><\/h2>\n<p>Adoptant une structure \u00e0 boucle innovante, elle n\u00e9cessite une force et un angle sp\u00e9cifiques pour s'ouvrir, ce qui pr\u00e9vient efficacement le risque que les enfants la touchent par erreur. Le trou ovale sur le c\u00f4t\u00e9 de la bo\u00eete d'emballage est combin\u00e9 avec le type de bo\u00eete extractible, ce qui r\u00e9pond non seulement aux besoins des adultes en mati\u00e8re d'acc\u00e8s pratique, mais aussi aux normes internationales d'emballage pour la s\u00e9curit\u00e9 des enfants gr\u00e2ce \u00e0 la conception d'une barri\u00e8re physique.<\/p>\n<h2 id=\"-2-drawer-paper-boxes-design-\"><strong>2. Bo\u00eetes \u00e0 papier \u00e0 tiroir Design<\/strong><\/h2>\n<p>Le type de bo\u00eete \u00e0 papier \u00e0 tiroir est ax\u00e9 sur une ouverture et une fermeture en douceur. La longue bande noire de l'ouverture est assortie \u00e0 la couleur de fond d\u00e9grad\u00e9e, ce qui lui conf\u00e8re \u00e0 la fois une beaut\u00e9 visuelle et des fonctions pratiques. La structure du corps de la bo\u00eete est stable, peut \u00eatre ouverte et ferm\u00e9e \u00e0 plusieurs reprises sans rel\u00e2chement, et est parfaitement adapt\u00e9e \u00e0 l'utilisation fr\u00e9quente des cartouches d'encre de stylo pour e-cigarette.<\/p>\n<h2 id=\"-3-premium-art-paper-\"><strong>3. Papier d'art de qualit\u00e9 sup\u00e9rieure<\/strong><\/h2>\n<p>Papier couch\u00e9 de 300 g ou plus, avec film mat\/brillant sur la surface, r\u00e9sistant \u00e0 l'usure et \u00e0 la pression, avec un rendu \u00e9lev\u00e9 des couleurs d'impression. Le mat\u00e9riau est respectueux de l'environnement et non toxique, et la certification ROHS est pass\u00e9e, garantissant qu'il ne se d\u00e9colorera pas et ne se d\u00e9formera pas pendant un stockage prolong\u00e9, am\u00e9liorant la texture haut de gamme du produit...<\/p>\n<h2 id=\"-4-360-customizable-printing-\"><strong>4. Impression personnalisable \u00e0 360<\/strong><\/h2>\n<p>Elle prend en charge l'impression multidirectionnelle sur la surface, le c\u00f4t\u00e9 et le fond de la bo\u00eete et peut remplacer librement les mots \"TEXTE\" et \"LOGO\", compatible avec les effets de d\u00e9grad\u00e9s monochromes ou multicolores. Qu'il s'agisse de logos de marque, d'avertissements ou de dessins anim\u00e9s, ils peuvent \u00eatre restaur\u00e9s avec pr\u00e9cision afin d'obtenir un degr\u00e9 \u00e9lev\u00e9 d'unit\u00e9 visuelle entre l'emballage et la marque.<\/p>\n<h2 id=\"-5-tailored-foam-insert-\"><strong>5. Insert en mousse sur mesure<\/strong><\/h2>\n<p>En fonction de la taille, de la forme et de la disposition de la cartouche\/du stylo, nous fournissons des services de personnalisation de la doublure EVA\/PEP. La pr\u00e9cision de d\u00e9coupe de la doublure est de \u00b10,5 mm, ce qui permet de fixer efficacement le produit pour \u00e9viter les chocs et les collisions, tout en optimisant l'utilisation de l'espace et en r\u00e9duisant le taux de perte lors du transport.<\/p>\n<h2 id=\"-6-cartoon-ip-empowerment-marketing-cartoon-visual-impact-\"><strong>6. Cartoon IP Empowerment Marketing (impact visuel des dessins anim\u00e9s)<\/strong><\/h2>\n<p>Conception originale ou autoris\u00e9e de dessins anim\u00e9s, tels que des animaux mignons, des illustrations \u00e0 la mode, etc., couvrant des d\u00e9grad\u00e9s de rose et de violet, de brun et de froid et d'autres combinaisons de couleurs. Les visuels vifs touchent directement les jeunes groupes de consommateurs, aidant les marques \u00e0 \u00e9tablir rapidement des points de m\u00e9morisation parmi les produits concurrents.<\/p>\n<p><em>##\u00a0<\/em>7. Endossement de l'usine source depuis 16 ans (expert OEM\/ODM)** Premier fabricant chinois dans le domaine de l'emballage des e-cigarettes, au service de plus de 300 marques dans le monde, et livrant plus de 50 millions de bo\u00eetes d'emballage personnalis\u00e9es au total. De la validation de la conception \u00e0 l'inspection de la qualit\u00e9 de la production de masse, l'ensemble de la cha\u00eene des usines appartenant \u00e0 l'entreprise est contr\u00f4l\u00e9 afin de garantir une r\u00e9ponse sous 48 heures et une livraison ultra-rapide sous 7 \u00e0 15 jours.<\/p>","protected":false},"excerpt":{"rendered":"<p>Cette bo\u00eete \u00e0 tiroirs \u00e0 l'\u00e9preuve des enfants est fabriqu\u00e9e en papier couch\u00e9 de haute qualit\u00e9 et lamin\u00e9, en tenant compte du rendu \u00e9lev\u00e9 des couleurs et de la protection de l'environnement. Elle prend en charge la personnalisation de l'ensemble de la sc\u00e8ne et est \u00e9quip\u00e9e d'une d\u00e9coupe pr\u00e9cise de la doublure pour \u00e9viter les chocs et la pression. Gr\u00e2ce \u00e0 l'innovation structurelle et \u00e0 l'optimisation des mat\u00e9riaux, elle atteint un triple \u00e9quilibre entre la protection de la s\u00e9curit\u00e9, l'attrait visuel et l'efficacit\u00e9 du transport.<\/p>","protected":false},"featured_media":631,"template":"","meta":{"_kad_post_transparent":"default","_kad_post_title":"","_kad_post_layout":"default","_kad_post_sidebar_id":"","_kad_post_content_style":"default","_kad_post_vertical_padding":"default","_kad_post_feature":"","_kad_post_feature_position":"","_kad_post_header":false,"_kad_post_footer":false,"_kad_post_classname":""},"product_brand":[],"product_cat":[15,40,17],"product_tag":[216,217,215],"class_list":{"0":"post-628","1":"product","2":"type-product","3":"status-publish","4":"has-post-thumbnail","6":"product_cat-red-light-therapy","7":"product_cat-red-light-therapy-panel","8":"product_cat-services","9":"product_tag-cartridge-packaging-manufacturer","10":"product_tag-custom-vape-packaging","11":"product_tag-vape-pen-cartridge-packaging","13":"first","14":"instock","15":"shipping-taxable","16":"product-type-simple","17":"entry","18":"content-bg","19":"loop-entry"},"_links":{"self":[{"href":"https:\/\/red-lighttherapy.com\/fr_fr\/wp-json\/wp\/v2\/product\/628","targetHints":{"allow":["GET"]}}],"collection":[{"href":"https:\/\/red-lighttherapy.com\/fr_fr\/wp-json\/wp\/v2\/product"}],"about":[{"href":"https:\/\/red-lighttherapy.com\/fr_fr\/wp-json\/wp\/v2\/types\/product"}],"wp:featuredmedia":[{"embeddable":true,"href":"https:\/\/red-lighttherapy.com\/fr_fr\/wp-json\/wp\/v2\/media\/631"}],"wp:attachment":[{"href":"https:\/\/red-lighttherapy.com\/fr_fr\/wp-json\/wp\/v2\/media?parent=628"}],"wp:term":[{"taxonomy":"product_brand","embeddable":true,"href":"https:\/\/red-lighttherapy.com\/fr_fr\/wp-json\/wp\/v2\/product_brand?post=628"},{"taxonomy":"product_cat","embeddable":true,"href":"https:\/\/red-lighttherapy.com\/fr_fr\/wp-json\/wp\/v2\/product_cat?post=628"},{"taxonomy":"product_tag","embeddable":true,"href":"https:\/\/red-lighttherapy.com\/fr_fr\/wp-json\/wp\/v2\/product_tag?post=628"}],"curies":[{"name":"wp","href":"https:\/\/api.w.org\/{rel}","templated":true}]}}