{"id":622,"date":"2025-04-13T07:31:16","date_gmt":"2025-04-13T07:31:16","guid":{"rendered":"https:\/\/red-lighttherapy.com\/?post_type=product&#038;p=622"},"modified":"2025-04-13T07:49:37","modified_gmt":"2025-04-13T07:49:37","slug":"food-grade-kraft-tea-coffee-paper-tube-boxes-manufacturer","status":"publish","type":"product","link":"https:\/\/red-lighttherapy.com\/fr_fr\/food-grade-kraft-tea-coffee-paper-tube-boxes-manufacturer\/","title":{"rendered":"Bo\u00eetes en papier kraft de qualit\u00e9 alimentaire pour le th\u00e9 et le caf\u00e9 Fabricant de bo\u00eetes en papier kraft de qualit\u00e9 alimentaire pour le th\u00e9 et le caf\u00e9"},"content":{"rendered":"<h2 id=\"fsc-iso-certified-food-grade-kraft-paper-tea-and-coffee-cylinder-packaging\">Emballage de bouteilles de th\u00e9 et de caf\u00e9 en papier kraft de qualit\u00e9 alimentaire certifi\u00e9 FSC ISO<\/h2>\n<h2 id=\"1-paper-tube-packaging\">1. Emballage en tube de papier<\/h2>\n<ul>\n<li>La surface d'affichage tridimensionnelle \u00e0 360\u00b0 renforce la vision de la marque, et la forme inclin\u00e9e r\u00e9pond aux exigences de fluidit\u00e9 des aliments granuleux tels que les amandes ou les feuilles de th\u00e9.<\/li>\n<li>Le couvercle d\u00e9tachable vert fonc\u00e9 permet d'ouvrir et de fermer l'appareil d'une seule main, et l'\u00e9tanch\u00e9it\u00e9 \u00e0 la poussi\u00e8re r\u00e9pond aux normes de stockage alimentaire.<\/li>\n<li>Le diam\u00e8tre du cylindre est adapt\u00e9 aux lignes de remplissage automatis\u00e9es, et la stabilit\u00e9 de l'empilage r\u00e9duit le taux de dommages dus au transport de 30%.<\/li>\n<\/ul>\n<h2 id=\"2-dual-value-of-food-grade-kraft-paper-material\">2. Double valeur du papier kraft de qualit\u00e9 alimentaire<\/h2>\n<ul>\n<li>La fibre de pulpe de bois originale a pass\u00e9 la certification de contact alimentaire de la FDA, et il n'y a pas de risque de migration de l'agent fluorescent.<\/li>\n<li>La couche centrale de 3,2 mm d'\u00e9paisseur offre une r\u00e9sistance \u00e0 la compression (5,5 kg sans d\u00e9formation), et la texture naturelle de la couche ext\u00e9rieure met en valeur la tonalit\u00e9 des produits biologiques.<\/li>\n<li>Le taux de d\u00e9gradabilit\u00e9 est sup\u00e9rieur \u00e0 98%, soit 65% de moins que l'empreinte carbone des emballages en plastique.<\/li>\n<\/ul>\n<h2 id=\"3-mirror-level-inner-wall-treatment-technology\">3. Technologie de traitement de la paroi int\u00e9rieure au niveau du miroir<\/h2>\n<ul>\n<li>Le processus de laminage du PE de qualit\u00e9 alimentaire forme une couche barri\u00e8re de 0,03 mm pour emp\u00eacher la p\u00e9n\u00e9tration de l'huile et la fuite des ar\u00f4mes.<\/li>\n<li>La technologie de polissage 1200 mesh permet d'obtenir une finition Ra\u22640,8\u03bcm pour \u00e9viter les r\u00e9sidus de miettes de noix\/th\u00e9.<\/li>\n<li>Test de fixation microbienne SGS r\u00e9ussi et conforme aux normes d'hygi\u00e8ne du syst\u00e8me HACCP<\/li>\n<\/ul>\n<h2 id=\"4-advantages-of-6-color-high-definition-printing-system\">4. Avantages du syst\u00e8me d'impression haute d\u00e9finition \u00e0 6 couleurs<\/h2>\n<ul>\n<li>Le processus CMYK+spot color+hot stamping restitue avec pr\u00e9cision la texture des branches et des feuilles (largeur de trait minimale de 0,1 mm).<\/li>\n<li>L'encre \u00e0 s\u00e9chage UV passe le test de s\u00e9curit\u00e9 EN71-3 de l'UE pour les m\u00e9taux lourds et ne s'efface pas lorsqu'elle est expos\u00e9e \u00e0 l'eau.<\/li>\n<li>Un syst\u00e8me de positionnement intelligent garantit l'absence de bavures sur les bords des textes multilingues.<\/li>\n<\/ul>\n<h2 id=\"5-triple-protection-of-water-based-laminating-process\">5. Triple protection du proc\u00e9d\u00e9 de stratification \u00e0 base d'eau<\/h2>\n<ul>\n<li>Un film de polypropyl\u00e8ne orient\u00e9 biaxialement de 12\u03bcm am\u00e9liore la r\u00e9sistance \u00e0 l'usure de la surface jusqu'\u00e0 une duret\u00e9 de crayon de 4H.<\/li>\n<li>La performance de r\u00e9sistance \u00e0 l'humidit\u00e9 permet de franchir le seuil d'humidit\u00e9 de 85%RH, taux de transmission de la vapeur d'eau &lt;5g\/m\u00b2-24h.<\/li>\n<li>La plage de r\u00e9sistance \u00e0 la temp\u00e9rature est \u00e9tendue \u00e0 -18\u2103~120\u2103, convenant aux sc\u00e9narios de stockage congel\u00e9 et de r\u00e9chauffage au micro-ondes.<\/li>\n<\/ul>\n<h2 id=\"6-manufacturing-advantages-of-shenzhen-source-factory\">6. Avantages de l'usine de Shenzhen en mati\u00e8re de fabrication<\/h2>\n<ul>\n<li>La production int\u00e9grale (d\u00e9pulpage \u2192 enroulement \u2192 impression \u2192 laminage) r\u00e9duit le d\u00e9lai de livraison \u00e0 7 jours ouvrables.<\/li>\n<li>Plus de 50 jeux de biblioth\u00e8ques de moules permettent de personnaliser le diam\u00e8tre des cylindres de \u03a660-\u03a6300mm, et la quantit\u00e9 minimale de commande est r\u00e9duite \u00e0 500 pi\u00e8ces.<\/li>\n<li>Adjacent au port de Yantian, il permet la livraison en 7 jours des commandes europ\u00e9ennes et am\u00e9ricaines et soutient les services de commerce international de DDP.<\/li>\n<\/ul>\n<h2 id=\"7-fsc-iso-dual-certification-strategic-value\">7. Valeur strat\u00e9gique de la double certification FSC+ISO<\/h2>\n<ul>\n<li>La certification FSC-COC garantit que 100% de la p\u00e2te \u00e0 papier provient de for\u00eats g\u00e9r\u00e9es durablement.<\/li>\n<li>Syst\u00e8me de gestion de la qualit\u00e9 ISO15378 pour les emballages pharmaceutiques, tra\u00e7abilit\u00e9 des lots \u00e0 la minute pr\u00e8s<\/li>\n<li>Le logo de certification peut \u00eatre imprim\u00e9 sur l'emballage, ce qui permet aux clients d'entrer dans des supermarch\u00e9s haut de gamme tels que Whole Foods.<\/li>\n<\/ul>","protected":false},"excerpt":{"rendered":"<p>Avec du papier kraft certifi\u00e9 FSC comme base et une technologie de laminage de qualit\u00e9 alimentaire, nous cr\u00e9ons un emballage en tube de papier biod\u00e9gradable et respectueux de l'environnement, adapt\u00e9 aux produits granuleux tels que le th\u00e9 et les grains de caf\u00e9. Le couvercle d\u00e9tachable permet d'ouvrir et de fermer l'emballage d'une seule main, ce qui renforce l'image de la marque.<\/p>","protected":false},"featured_media":623,"template":"","meta":{"_kad_post_transparent":"default","_kad_post_title":"","_kad_post_layout":"default","_kad_post_sidebar_id":"","_kad_post_content_style":"default","_kad_post_vertical_padding":"default","_kad_post_feature":"","_kad_post_feature_position":"","_kad_post_header":false,"_kad_post_footer":false,"_kad_post_classname":""},"product_brand":[],"product_cat":[15,17],"product_tag":[213,214,205],"class_list":{"0":"post-622","1":"product","2":"type-product","3":"status-publish","4":"has-post-thumbnail","6":"product_cat-red-light-therapy","7":"product_cat-services","8":"product_tag-coffee-boxes-manufacturer","9":"product_tag-custom-tea-coffee-paper-tube","10":"product_tag-tea-paper-tube","12":"first","13":"instock","14":"shipping-taxable","15":"product-type-simple","16":"entry","17":"content-bg","18":"loop-entry"},"_links":{"self":[{"href":"https:\/\/red-lighttherapy.com\/fr_fr\/wp-json\/wp\/v2\/product\/622","targetHints":{"allow":["GET"]}}],"collection":[{"href":"https:\/\/red-lighttherapy.com\/fr_fr\/wp-json\/wp\/v2\/product"}],"about":[{"href":"https:\/\/red-lighttherapy.com\/fr_fr\/wp-json\/wp\/v2\/types\/product"}],"wp:featuredmedia":[{"embeddable":true,"href":"https:\/\/red-lighttherapy.com\/fr_fr\/wp-json\/wp\/v2\/media\/623"}],"wp:attachment":[{"href":"https:\/\/red-lighttherapy.com\/fr_fr\/wp-json\/wp\/v2\/media?parent=622"}],"wp:term":[{"taxonomy":"product_brand","embeddable":true,"href":"https:\/\/red-lighttherapy.com\/fr_fr\/wp-json\/wp\/v2\/product_brand?post=622"},{"taxonomy":"product_cat","embeddable":true,"href":"https:\/\/red-lighttherapy.com\/fr_fr\/wp-json\/wp\/v2\/product_cat?post=622"},{"taxonomy":"product_tag","embeddable":true,"href":"https:\/\/red-lighttherapy.com\/fr_fr\/wp-json\/wp\/v2\/product_tag?post=622"}],"curies":[{"name":"wp","href":"https:\/\/api.w.org\/{rel}","templated":true}]}}