{"id":610,"date":"2025-04-13T07:04:49","date_gmt":"2025-04-13T07:04:49","guid":{"rendered":"https:\/\/red-lighttherapy.com\/?post_type=product&#038;p=610"},"modified":"2025-04-13T07:17:38","modified_gmt":"2025-04-13T07:17:38","slug":"custom-scarves-apparel-t-shirt-paper-tube-packaging-wholesale","status":"publish","type":"product","link":"https:\/\/red-lighttherapy.com\/fr_fr\/custom-scarves-apparel-t-shirt-paper-tube-packaging-wholesale\/","title":{"rendered":"Foulards personnalis\u00e9s Emballage en tube papier pour t-shirt Wholesale"},"content":{"rendered":"<h2 id=\"customized-scarf-clothing-t-shirt-paper-tube-packaging-product-description\">Description du produit d'emballage en tube papier pour foulard personnalis\u00e9 et v\u00eatements T-shirt<\/h2>\n<h2 id=\"1-fresh-visual-experience-\">1.\u00a0<strong>Une nouvelle exp\u00e9rience visuelle<\/strong><\/h2>\n<ul>\n<li>Le corps de la bo\u00eete adopte un design bleu clair, pr\u00e9sentant un effet visuel calme et transparent, qui correspond parfaitement au positionnement pur et doux des produits maternels et infantiles. La surface est recouverte de dessins anim\u00e9s denses (chatons, ours, nuages, \u00e9toiles, etc.) et la texture d\u00e9licate est obtenue gr\u00e2ce \u00e0 une technologie d'impression de haute pr\u00e9cision, transmettant un plaisir enfantin et une atmosph\u00e8re chaleureuse.<\/li>\n<li><strong>Conception de fen\u00eatres<\/strong>: Le corps de la bo\u00eete est en partie dot\u00e9 d'une fen\u00eatre transparente, de sorte que les consommateurs peuvent observer directement le mat\u00e9riau et les d\u00e9tails des \u00e9charpes, T-shirts et autres produits \u00e0 l'int\u00e9rieur de la bo\u00eete, ce qui renforce la confiance dans l'achat et l'exp\u00e9rience interactive.<\/li>\n<\/ul>\n<h2 id=\"2-environmentally-friendly-materials-and-high-quality-printing-\">2.\u00a0<strong>Mat\u00e9riaux respectueux de l'environnement et impression de haute qualit\u00e9<\/strong><\/h2>\n<ul>\n<li>Utilisation\u00a0<strong>Papier couch\u00e9 \u00e9cologique certifi\u00e9 FSC<\/strong>La surface est lisse et plate, l'absorption de l'encre est uniforme et le degr\u00e9 de reproduction des couleurs est sup\u00e9rieur \u00e0 95%, ce qui garantit la brillance et la durabilit\u00e9 du motif.<\/li>\n<li>Le mat\u00e9riel a pass\u00e9 le\u00a0<strong>Certification du syst\u00e8me de gestion de la qualit\u00e9 ISO<\/strong>Il r\u00e9pond aux normes de s\u00e9curit\u00e9 des produits maternels et infantiles, est non toxique et inoffensif, et peut \u00eatre recycl\u00e9 et d\u00e9grad\u00e9, ce qui permet \u00e0 la marque de cr\u00e9er un double label \"vert + qualit\u00e9\".<\/li>\n<\/ul>\n<h2 id=\"3-flexible-customization-solution-\">3.\u00a0<strong>Solution de personnalisation flexible<\/strong><\/h2>\n<ul>\n<li><strong>Type et taille de la bo\u00eete<\/strong>: Permet de personnaliser diff\u00e9rents types de bo\u00eetes, comme les bo\u00eetes cylindriques et les bo\u00eetes carr\u00e9es, avec des tailles allant de S \u00e0 XXL, adapt\u00e9es \u00e0 diff\u00e9rents types de produits tels que les \u00e9charpes, les T-shirts et les v\u00eatements pour b\u00e9b\u00e9s.<\/li>\n<li><strong>Impression et artisanat<\/strong>: Marquage \u00e0 chaud personnalisable, gaufrage UV, vernis local et autres proc\u00e9d\u00e9s pour r\u00e9pondre \u00e0 divers besoins tels que le LOGO de la marque, le co-branding IP et les th\u00e8mes de vacances.<\/li>\n<\/ul>\n<h2 id=\"4-direct-supply-from-chinese-source-factory-\">4.\u00a0<strong>Approvisionnement direct aupr\u00e8s de l'usine chinoise<\/strong><\/h2>\n<ul>\n<li>Les produits sont fabriqu\u00e9s dans notre propre usine, \u00e0 l'aide d'\u00e9quipements enti\u00e8rement automatis\u00e9s et de syst\u00e8mes d'entreposage intelligents, ce qui permet de raccourcir le cycle de livraison des commandes en gros de 30% et de r\u00e9duire les co\u00fbts de 20%.<\/li>\n<li>Fournir un service \u00e0 guichet unique, de l'\u00e9preuve de conception \u00e0 la distribution logistique, r\u00e9duire les interm\u00e9diaires, am\u00e9liorer l'efficacit\u00e9 de la communication et le contr\u00f4le des co\u00fbts.<\/li>\n<\/ul>\n<h2 id=\"-certification-and-brand-empowerment-\"><strong>5. Certification et renforcement de la marque<\/strong><\/h2>\n<ol>\n<li><strong>Double certification<\/strong><\/li>\n<li><strong>Certification foresti\u00e8re FSC<\/strong>: Veiller \u00e0 ce que les mat\u00e9riaux d'emballage proviennent de for\u00eats g\u00e9r\u00e9es durablement et v\u00e9hiculer le concept de responsabilit\u00e9 environnementale.<\/li>\n<li><strong>Certification de qualit\u00e9 ISO 9001<\/strong>: La normalisation de l'ensemble du processus, de l'approvisionnement en mati\u00e8res premi\u00e8res \u00e0 la production, garantit la durabilit\u00e9 et la coh\u00e9rence des produits.<\/li>\n<\/ol>\n<h2 id=\"-application-scenarios-and-customer-value-\"><strong>Sc\u00e9narios d'application et valeur pour le client<\/strong><\/h2>\n<ul>\n<li><strong>Marque de v\u00eatements pour m\u00e8res et b\u00e9b\u00e9s<\/strong>: Les \u00e9l\u00e9ments de dessins anim\u00e9s et les tons bleu clair correspondent au ton des produits pour nourrissons, et la conception de la fen\u00eatre facilite la pr\u00e9sentation des caract\u00e9ristiques douces et agr\u00e9ables \u00e0 la peau du produit.<\/li>\n<li><strong>Marque de v\u00eatements de mode<\/strong>: La personnalisation du type de bo\u00eete et du processus d'impression permet d'am\u00e9liorer la reconnaissance de la marque, par exemple dans le cas d'une \u00e9dition limit\u00e9e pour les f\u00eates ou d'un emballage IP co-marqu\u00e9.<\/li>\n<li><strong>Cadeaux et commerce \u00e9lectronique transfrontalier<\/strong>: Les mat\u00e9riaux respectueux de l'environnement et les labels de double certification r\u00e9pondent aux exigences d'acc\u00e8s au march\u00e9 en Europe et aux \u00c9tats-Unis, aidant ainsi les marques \u00e0 s'implanter \u00e0 l'\u00e9tranger.<\/li>\n<\/ul>","protected":false},"excerpt":{"rendered":"<p>Cet emballage en tube de papier utilise le bleu clair comme couleur principale, qui a un effet visuel frais et tranquille et peut rapidement cr\u00e9er une atmosph\u00e8re l\u00e9g\u00e8re et transparente. La surface de la bo\u00eete est recouverte de motifs de dessins anim\u00e9s denses (chatons, ours, nuages, \u00e9toiles, fleurs, etc.). Le style est frais et mignon, ce qui correspond au positionnement des produits destin\u00e9s \u00e0 la m\u00e8re et \u00e0 l'enfant.<\/p>","protected":false},"featured_media":612,"template":"","meta":{"_kad_post_transparent":"default","_kad_post_title":"","_kad_post_layout":"default","_kad_post_sidebar_id":"","_kad_post_content_style":"default","_kad_post_vertical_padding":"default","_kad_post_feature":"","_kad_post_feature_position":"","_kad_post_header":false,"_kad_post_footer":false,"_kad_post_classname":""},"product_brand":[],"product_cat":[15,30,17],"product_tag":[210,209,208],"class_list":{"0":"post-610","1":"product","2":"type-product","3":"status-publish","4":"has-post-thumbnail","6":"product_cat-red-light-therapy","7":"product_cat-dropshipping","8":"product_cat-services","9":"product_tag-apparel-paper-tube-wholesale","10":"product_tag-apparel-t-shirt-paper-tube","11":"product_tag-custom-scarves-packaging","13":"first","14":"instock","15":"shipping-taxable","16":"product-type-simple","17":"entry","18":"content-bg","19":"loop-entry"},"_links":{"self":[{"href":"https:\/\/red-lighttherapy.com\/fr_fr\/wp-json\/wp\/v2\/product\/610","targetHints":{"allow":["GET"]}}],"collection":[{"href":"https:\/\/red-lighttherapy.com\/fr_fr\/wp-json\/wp\/v2\/product"}],"about":[{"href":"https:\/\/red-lighttherapy.com\/fr_fr\/wp-json\/wp\/v2\/types\/product"}],"wp:featuredmedia":[{"embeddable":true,"href":"https:\/\/red-lighttherapy.com\/fr_fr\/wp-json\/wp\/v2\/media\/612"}],"wp:attachment":[{"href":"https:\/\/red-lighttherapy.com\/fr_fr\/wp-json\/wp\/v2\/media?parent=610"}],"wp:term":[{"taxonomy":"product_brand","embeddable":true,"href":"https:\/\/red-lighttherapy.com\/fr_fr\/wp-json\/wp\/v2\/product_brand?post=610"},{"taxonomy":"product_cat","embeddable":true,"href":"https:\/\/red-lighttherapy.com\/fr_fr\/wp-json\/wp\/v2\/product_cat?post=610"},{"taxonomy":"product_tag","embeddable":true,"href":"https:\/\/red-lighttherapy.com\/fr_fr\/wp-json\/wp\/v2\/product_tag?post=610"}],"curies":[{"name":"wp","href":"https:\/\/api.w.org\/{rel}","templated":true}]}}