{"id":602,"date":"2025-04-12T14:02:24","date_gmt":"2025-04-12T14:02:24","guid":{"rendered":"https:\/\/red-lighttherapy.com\/?post_type=product&#038;p=602"},"modified":"2025-04-12T18:07:09","modified_gmt":"2025-04-12T18:07:09","slug":"food-grade-tea-candle-kraft-paper-tube-packaging-supplier","status":"publish","type":"product","link":"https:\/\/red-lighttherapy.com\/fr_fr\/food-grade-tea-candle-kraft-paper-tube-packaging-supplier\/","title":{"rendered":"Emballage en tube de papier kraft pour bougie de th\u00e9 de qualit\u00e9 alimentaire Fournisseur d'emballages"},"content":{"rendered":"<h2 id=\"food-grade-tea-candle-kraft-paper-tube-packaging-product-description\">Tube en papier kraft pour bougie de th\u00e9 de qualit\u00e9 alimentaire Description du produit<\/h2>\n<h2 id=\"1-structural-design-split-buckle-structure-\">1.\u00a0<strong>Conception structurelle : structure \u00e0 boucle fendue<\/strong><\/h2>\n<ul>\n<li><strong>Conception s\u00e9par\u00e9e des couvercles sup\u00e9rieur et inf\u00e9rieur<\/strong>: Le couvercle et le corps de la bo\u00eete adoptent une structure ind\u00e9pendante, et le diam\u00e8tre du couvercle est l\u00e9g\u00e8rement sup\u00e9rieur \u00e0 celui du corps de la bo\u00eete (la tol\u00e9rance est contr\u00f4l\u00e9e \u00e0 0,5 mm pr\u00e8s). Le processus de d\u00e9coupage de pr\u00e9cision est utilis\u00e9 pour obtenir un bouclage sans couture afin de garantir qu'il n'y a pas de rel\u00e2chement ou d'ouverture accidentelle pendant le transport.<\/li>\n<li><strong>Syst\u00e8me de verrouillage des fentes de cartes peu profondes<\/strong>: Une fente circulaire peu profonde pour cartes (profondeur 1-2 mm) est plac\u00e9e \u00e0 l'int\u00e9rieur du couvercle, qui forme une fermeture avec le rebord sup\u00e9rieur du corps de la bo\u00eete. L'utilisateur peut l'ouvrir d'une l\u00e9g\u00e8re pression, et elle se referme et se verrouille automatiquement lorsqu'elle est ferm\u00e9e, alliant ainsi commodit\u00e9 et d\u00e9corativit\u00e9.<\/li>\n<\/ul>\n<h2 id=\"2-environmentally-friendly-material-degradable-food-grade-kraft-paper-\">2.\u00a0<strong>Mat\u00e9riau respectueux de l'environnement : papier kraft alimentaire d\u00e9gradable<\/strong><\/h2>\n<ul>\n<li><strong>Mati\u00e8res premi\u00e8res et artisanat<\/strong>: Fabriqu\u00e9 \u00e0 partir de pulpe de bois ou de fibres recycl\u00e9es certifi\u00e9es FSC, il a pass\u00e9 avec succ\u00e8s les tests de s\u00e9curit\u00e9 alimentaire (conform\u00e9ment aux normes GB 4806.8), ne contient pas d'agents fluorescents, de plastifiants et d'autres substances nocives, et peut entrer directement en contact avec le corps de la bougie.<\/li>\n<li><strong>Performance de d\u00e9gradation<\/strong>: Compl\u00e8tement d\u00e9grad\u00e9 en 6-12 mois dans l'environnement naturel, le produit de d\u00e9gradation est une fibre naturelle, et il n'y a pas de risque de pollution du sol.<\/li>\n<\/ul>\n<h2 id=\"3-function-optimization-inner-wall-reinforcement-and-protection-\">3.\u00a0<strong>Optimisation de la fonction : renforcement et protection de la paroi int\u00e9rieure<\/strong><\/h2>\n<ul>\n<li><strong>Traitement lisse de la paroi int\u00e9rieure<\/strong>: Un rev\u00eatement PE de qualit\u00e9 alimentaire de 0,05 mm d'\u00e9paisseur est form\u00e9 par un processus de laminage pour garantir que la paroi int\u00e9rieure est lisse et sans bavures, \u00e9viter les rayures sur la surface de la bougie et am\u00e9liorer la r\u00e9sistance \u00e0 la compression (capacit\u00e9 de charge jusqu'\u00e0 5 kg).<\/li>\n<li><strong>R\u00e9sistant \u00e0 l'humidit\u00e9<\/strong>: Le papier kraft d'un poids \u2265 250g\/m\u00b2, avec rev\u00eatement de la paroi int\u00e9rieure, peut bloquer l'impact des changements d'humidit\u00e9 sur la texture de la bougie.<\/li>\n<\/ul>\n<h2 id=\"4-visual-design-minimalist-natural-aesthetics-\">4.\u00a0<strong>Conception visuelle : esth\u00e9tique minimaliste et naturelle<\/strong><\/h2>\n<ul>\n<li><strong>Couleur et impression<\/strong>: Le corps de la bo\u00eete utilise une couleur de base de p\u00e2te originale brun clair (Pantone 16-1125 TPX), et la surface est imprim\u00e9e en monochrome avec une encre \u00e0 base d'eau. Le motif est principalement constitu\u00e9 de lignes v\u00e9g\u00e9tales telles que des foug\u00e8res et des feuilles d'olivier, et l'espace blanc local repr\u00e9sente \u226540%, cr\u00e9ant un \u00e9quilibre visuel de \"moins, c'est plus\".<\/li>\n<li><strong>Pr\u00e9sentation de la texture<\/strong>: La texture naturelle du papier kraft est conserv\u00e9e et le processus de pelliculage mat est utilis\u00e9 pour am\u00e9liorer la finesse tactile et la sensation haut de gamme.<\/li>\n<\/ul>\n<h2 id=\"-technical-parameters-\"><strong>5. Param\u00e8tres techniques<\/strong><\/h2>\n<table>\n<thead>\n<tr>\n<th>Projet<\/th>\n<th>Sp\u00e9cifications<\/th>\n<\/tr>\n<\/thead>\n<tbody>\n<tr>\n<td>Mat\u00e9riau<\/td>\n<td>Papier kraft de qualit\u00e9 alimentaire (p\u00e2te de bois\/fibres recycl\u00e9es)<\/td>\n<\/tr>\n<tr>\n<td>Gamme de diam\u00e8tres<\/td>\n<td>50-150mm (personnalisation possible)<\/td>\n<\/tr>\n<tr>\n<td>Plage de hauteur<\/td>\n<td>80-300 mm (personnalisation possible)<\/td>\n<\/tr>\n<tr>\n<td>Epaisseur de la paroi<\/td>\n<td>1,2-2,5 mm (r\u00e9glable)<\/td>\n<\/tr>\n<tr>\n<td>Capacit\u00e9 de charge<\/td>\n<td>\u22645kg<\/td>\n<\/tr>\n<tr>\n<td>Quantit\u00e9 minimale de commande<\/td>\n<td>500 pi\u00e8ces (possibilit\u00e9 d'\u00e9preuvage par petits lots)<\/td>\n<\/tr>\n<\/tbody>\n<\/table>\n<h2 id=\"-supplier-service-advantages-\"><strong>6. Avantages des services offerts par les fournisseurs<\/strong><\/h2>\n<ul>\n<li><strong>Aide \u00e0 la personnalisation<\/strong>: Fournir un service de personnalisation \u00e0 guichet unique pour la taille, le motif et le processus, et fournir une \u00e9preuve dans un d\u00e9lai de 3 \u00e0 5 jours ouvrables.<\/li>\n<li><strong>Certification environnementale<\/strong>: Certification ISO 14001 pour le syst\u00e8me de gestion de l'environnement et certification FDA pour les mat\u00e9riaux en contact avec les aliments.<\/li>\n<li><strong>Garantie de capacit\u00e9<\/strong>: Production journali\u00e8re \u2265 100 000 pi\u00e8ces, prise en charge de l'approvisionnement sp\u00e9cial transfrontalier et de la production acc\u00e9l\u00e9r\u00e9e des commandes urgentes.<\/li>\n<\/ul>\n<h2 id=\"-application-scenarios-\"><strong>Sc\u00e9narios d'application<\/strong><\/h2>\n<ul>\n<li><strong>Marques de bougies de th\u00e9 haut de gamme<\/strong>: Convient \u00e0 l'emballage des bougies \u00e9cologiques telles que la cire de soja naturelle et la cire d'abeille.<\/li>\n<li><strong>March\u00e9 aux cadeaux et aux f\u00eates<\/strong>: Peut \u00eatre associ\u00e9 \u00e0 des \u00e9l\u00e9ments d\u00e9coratifs tels que de la corde de chanvre et des fleurs s\u00e9ch\u00e9es pour renforcer la valeur ajout\u00e9e des cadeaux.<\/li>\n<li><strong>Commerce de d\u00e9tail durable<\/strong>: Conform\u00e9ment au concept \"z\u00e9ro d\u00e9chet\", il convient aux circuits tels que les magasins biologiques et les march\u00e9s environnementaux.<\/li>\n<\/ul>","protected":false},"excerpt":{"rendered":"<p>Ce produit est une bo\u00eete d'emballage cylindrique respectueuse de l'environnement con\u00e7ue pour les bougies \u00e0 th\u00e9. Elle est fabriqu\u00e9e en papier kraft de qualit\u00e9 alimentaire, combin\u00e9e \u00e0 une structure innovante et \u00e0 une esth\u00e9tique minimaliste, afin de r\u00e9aliser l'unit\u00e9 de la fonctionnalit\u00e9 et de la durabilit\u00e9. Elle convient aux bougies parfum\u00e9es, aux bougies artisanales, aux bougies cadeaux, etc., en tenant compte de la protection, de la commodit\u00e9 et de la beaut\u00e9 visuelle.<\/p>","protected":false},"featured_media":604,"template":"","meta":{"_kad_post_transparent":"default","_kad_post_title":"","_kad_post_layout":"default","_kad_post_sidebar_id":"","_kad_post_content_style":"default","_kad_post_vertical_padding":"default","_kad_post_feature":"","_kad_post_feature_position":"","_kad_post_header":false,"_kad_post_footer":false,"_kad_post_classname":""},"product_brand":[],"product_cat":[15,17],"product_tag":[206,207,205],"class_list":{"0":"post-602","1":"product","2":"type-product","3":"status-publish","4":"has-post-thumbnail","6":"product_cat-red-light-therapy","7":"product_cat-services","8":"product_tag-candle-paper-tube-packaging","9":"product_tag-food-grade-tea-supplier","10":"product_tag-tea-paper-tube","12":"first","13":"instock","14":"shipping-taxable","15":"product-type-simple","16":"entry","17":"content-bg","18":"loop-entry"},"_links":{"self":[{"href":"https:\/\/red-lighttherapy.com\/fr_fr\/wp-json\/wp\/v2\/product\/602","targetHints":{"allow":["GET"]}}],"collection":[{"href":"https:\/\/red-lighttherapy.com\/fr_fr\/wp-json\/wp\/v2\/product"}],"about":[{"href":"https:\/\/red-lighttherapy.com\/fr_fr\/wp-json\/wp\/v2\/types\/product"}],"wp:featuredmedia":[{"embeddable":true,"href":"https:\/\/red-lighttherapy.com\/fr_fr\/wp-json\/wp\/v2\/media\/604"}],"wp:attachment":[{"href":"https:\/\/red-lighttherapy.com\/fr_fr\/wp-json\/wp\/v2\/media?parent=602"}],"wp:term":[{"taxonomy":"product_brand","embeddable":true,"href":"https:\/\/red-lighttherapy.com\/fr_fr\/wp-json\/wp\/v2\/product_brand?post=602"},{"taxonomy":"product_cat","embeddable":true,"href":"https:\/\/red-lighttherapy.com\/fr_fr\/wp-json\/wp\/v2\/product_cat?post=602"},{"taxonomy":"product_tag","embeddable":true,"href":"https:\/\/red-lighttherapy.com\/fr_fr\/wp-json\/wp\/v2\/product_tag?post=602"}],"curies":[{"name":"wp","href":"https:\/\/api.w.org\/{rel}","templated":true}]}}